{"id":8335,"date":"2026-02-04T09:15:24","date_gmt":"2026-02-04T14:15:24","guid":{"rendered":"https:\/\/ascofame.org.co\/web\/catedra-de-humanismo-medico-2025-2\/"},"modified":"2026-04-08T12:22:03","modified_gmt":"2026-04-08T17:22:03","slug":"catedra-de-humanismo-medico-2026","status":"publish","type":"page","link":"https:\/\/ascofame.org.co\/web\/catedra-de-humanismo-medico-2026\/","title":{"rendered":"C\u00e1tedra de humanismo m\u00e9dico 2026"},"content":{"rendered":"<div class=\"nolwrap\"><p>[vc_row][vc_column][vc_tta_tour][vc_tta_section title=&#8221;Sobre la c\u00e1tedra&#8221; tab_id=&#8221;1710270584433-83e09527-f8a8&#8243;][vc_column_text]La Academia es un es un organismo consultor y asesor del Gobierno para todos los asuntos relacionados con la salud p\u00fablica del pueblo colombiano y la educaci\u00f3n m\u00e9dica. En consecuencia, la Academia intervendr\u00e1 activamente en el estudio, presentaci\u00f3n, discusi\u00f3n de las pol\u00edticas relacionadas con los campos de la salud, la educaci\u00f3n m\u00e9dica, la investigaci\u00f3n y propender\u00e1 por su pronta y adecuada realizaci\u00f3n.Velar\u00e1 por el desarrollo cient\u00edfico, tecnol\u00f3gico y la innovaci\u00f3n biom\u00e9dica.<\/p>\n<p>Esta c\u00e1tedra ofrecida por la Academia Nacional de Medicina es gratuita y tiene como objetivo socializar, compartir posiciones y discutir sobre lo qu\u00e9 es y para qu\u00e9 sirve el\u00a0<span class=\"il\">Humanismo<\/span>\u00a0<span class=\"il\">M\u00e9dico, la importancia de la \u00e9tica y la bio\u00e9tica y\u00a0proceso \u00e9tico-m\u00e9dico\u00a0disciplinario.<\/span>[\/vc_column_text][\/vc_tta_section][vc_tta_section title=&#8221;Programaci\u00f3n 2026&#8243; tab_id=&#8221;1710270697344-36c3dc62-a81e&#8221;][vc_column_text]<strong>Febrero 4<\/strong><br \/>\nEstudio cient\u00edfico de los milagros de Jesucristo<br \/>\nAcad. Dr. \u00c1lvaro Rodr\u00edguez Gama<\/p>\n<p><strong>Marzo 4<\/strong><br \/>\nHistoria de la medicina del sue\u00f1o<br \/>\nAcad. Dr. Franklin E. Escobar C\u00f3rdoba<\/p>\n<p><strong>Abril 8<\/strong><br \/>\nHistoria de los trasplantes en el mundo<br \/>\nAcad. Dr. Alejandro Ni\u00f1o Murcia[\/vc_column_text][\/vc_tta_section][vc_tta_section title=&#8221;Transmisi\u00f3n en vivo&#8221; tab_id=&#8221;1710270736359-d8ced0e3-c084&#8243;][vc_video link=&#8221;https:\/\/youtube.com\/live\/giSoVnbBqkY&#8221; align=&#8221;center&#8221;][\/vc_tta_section][\/vc_tta_tour][\/vc_column][\/vc_row]<\/p>\n<\/div>","protected":false},"excerpt":{"rendered":"<p>[vc_row][vc_column][vc_tta_tour][vc_tta_section title=&#8221;Sobre la c\u00e1tedra&#8221; tab_id=&#8221;1710270584433-83e09527-f8a8&#8243;][vc_column_text]La Academia es un es un organismo consultor y asesor del Gobierno para todos los asuntos relacionados con la salud p\u00fablica del pueblo colombiano y la educaci\u00f3n m\u00e9dica. En consecuencia, la Academia intervendr\u00e1 activamente en el estudio, presentaci\u00f3n, discusi\u00f3n de las pol\u00edticas relacionadas con los campos de la salud, la educaci\u00f3n m\u00e9dica, la investigaci\u00f3n y propender\u00e1 por su pronta y adecuada [&hellip;]<\/p>\n","protected":false},"author":3,"featured_media":8391,"parent":0,"menu_order":0,"comment_status":"closed","ping_status":"closed","template":"","meta":{"episode_type":"","audio_file":"","podmotor_file_id":"","podmotor_episode_id":"","cover_image":"","cover_image_id":"","duration":"","filesize":"","filesize_raw":"","date_recorded":"","explicit":"","block":"","footnotes":""},"class_list":["post-8335","page","type-page","status-publish","has-post-thumbnail","hentry"],"yoast_head":"<!-- This site is optimized with the Yoast SEO plugin v26.3 - https:\/\/yoast.com\/wordpress\/plugins\/seo\/ -->\n<title>C\u00e1tedra de humanismo m\u00e9dico 2026 -<\/title>\n<meta name=\"robots\" content=\"index, follow, max-snippet:-1, max-image-preview:large, max-video-preview:-1\" \/>\n<link rel=\"canonical\" href=\"https:\/\/ascofame.org.co\/web\/catedra-de-humanismo-medico-2026\/\" \/>\n<meta property=\"og:locale\" content=\"es_ES\" \/>\n<meta property=\"og:type\" content=\"article\" \/>\n<meta property=\"og:title\" content=\"C\u00e1tedra de humanismo m\u00e9dico 2026 -\" \/>\n<meta property=\"og:description\" content=\"[vc_row][vc_column][vc_tta_tour][vc_tta_section title=&#8221;Sobre la c\u00e1tedra&#8221; tab_id=&#8221;1710270584433-83e09527-f8a8&#8243;][vc_column_text]La Academia es un es un organismo consultor y asesor del Gobierno para todos los asuntos relacionados con la salud p\u00fablica del pueblo colombiano y la educaci\u00f3n m\u00e9dica. En consecuencia, la Academia intervendr\u00e1 activamente en el estudio, presentaci\u00f3n, discusi\u00f3n de las pol\u00edticas relacionadas con los campos de la salud, la educaci\u00f3n m\u00e9dica, la investigaci\u00f3n y propender\u00e1 por su pronta y adecuada [&hellip;]\" \/>\n<meta property=\"og:url\" content=\"https:\/\/ascofame.org.co\/web\/catedra-de-humanismo-medico-2026\/\" \/>\n<meta property=\"article:modified_time\" content=\"2026-04-08T17:22:03+00:00\" \/>\n<meta property=\"og:image\" content=\"https:\/\/ascofame.org.co\/web\/wp-content\/uploads\/2026\/04\/Catedra_Abril_2026.jpg\" \/>\n\t<meta property=\"og:image:width\" content=\"1600\" \/>\n\t<meta property=\"og:image:height\" content=\"1600\" \/>\n\t<meta property=\"og:image:type\" content=\"image\/jpeg\" \/>\n<meta name=\"twitter:card\" content=\"summary_large_image\" \/>\n<meta name=\"twitter:label1\" content=\"Tiempo de lectura\" \/>\n\t<meta name=\"twitter:data1\" content=\"1 minuto\" \/>\n<script type=\"application\/ld+json\" class=\"yoast-schema-graph\">{\"@context\":\"https:\/\/schema.org\",\"@graph\":[{\"@type\":\"WebPage\",\"@id\":\"https:\/\/ascofame.org.co\/web\/catedra-de-humanismo-medico-2026\/\",\"url\":\"https:\/\/ascofame.org.co\/web\/catedra-de-humanismo-medico-2026\/\",\"name\":\"C\u00e1tedra de humanismo m\u00e9dico 2026 -\",\"isPartOf\":{\"@id\":\"https:\/\/ascofame.org.co\/web\/#website\"},\"primaryImageOfPage\":{\"@id\":\"https:\/\/ascofame.org.co\/web\/catedra-de-humanismo-medico-2026\/#primaryimage\"},\"image\":{\"@id\":\"https:\/\/ascofame.org.co\/web\/catedra-de-humanismo-medico-2026\/#primaryimage\"},\"thumbnailUrl\":\"https:\/\/ascofame.org.co\/web\/wp-content\/uploads\/2026\/04\/Catedra_Abril_2026.jpg\",\"datePublished\":\"2026-02-04T14:15:24+00:00\",\"dateModified\":\"2026-04-08T17:22:03+00:00\",\"breadcrumb\":{\"@id\":\"https:\/\/ascofame.org.co\/web\/catedra-de-humanismo-medico-2026\/#breadcrumb\"},\"inLanguage\":\"es\",\"potentialAction\":[{\"@type\":\"ReadAction\",\"target\":[\"https:\/\/ascofame.org.co\/web\/catedra-de-humanismo-medico-2026\/\"]}]},{\"@type\":\"ImageObject\",\"inLanguage\":\"es\",\"@id\":\"https:\/\/ascofame.org.co\/web\/catedra-de-humanismo-medico-2026\/#primaryimage\",\"url\":\"https:\/\/ascofame.org.co\/web\/wp-content\/uploads\/2026\/04\/Catedra_Abril_2026.jpg\",\"contentUrl\":\"https:\/\/ascofame.org.co\/web\/wp-content\/uploads\/2026\/04\/Catedra_Abril_2026.jpg\",\"width\":1600,\"height\":1600},{\"@type\":\"BreadcrumbList\",\"@id\":\"https:\/\/ascofame.org.co\/web\/catedra-de-humanismo-medico-2026\/#breadcrumb\",\"itemListElement\":[{\"@type\":\"ListItem\",\"position\":1,\"name\":\"Portada\",\"item\":\"https:\/\/ascofame.org.co\/web\/\"},{\"@type\":\"ListItem\",\"position\":2,\"name\":\"C\u00e1tedra de humanismo m\u00e9dico 2026\"}]},{\"@type\":\"WebSite\",\"@id\":\"https:\/\/ascofame.org.co\/web\/#website\",\"url\":\"https:\/\/ascofame.org.co\/web\/\",\"name\":\"Ascofame\",\"description\":\"\",\"potentialAction\":[{\"@type\":\"SearchAction\",\"target\":{\"@type\":\"EntryPoint\",\"urlTemplate\":\"https:\/\/ascofame.org.co\/web\/?s={search_term_string}\"},\"query-input\":{\"@type\":\"PropertyValueSpecification\",\"valueRequired\":true,\"valueName\":\"search_term_string\"}}],\"inLanguage\":\"es\"}]}<\/script>\n<!-- \/ Yoast SEO plugin. -->","yoast_head_json":{"title":"C\u00e1tedra de humanismo m\u00e9dico 2026 -","robots":{"index":"index","follow":"follow","max-snippet":"max-snippet:-1","max-image-preview":"max-image-preview:large","max-video-preview":"max-video-preview:-1"},"canonical":"https:\/\/ascofame.org.co\/web\/catedra-de-humanismo-medico-2026\/","og_locale":"es_ES","og_type":"article","og_title":"C\u00e1tedra de humanismo m\u00e9dico 2026 -","og_description":"[vc_row][vc_column][vc_tta_tour][vc_tta_section title=&#8221;Sobre la c\u00e1tedra&#8221; tab_id=&#8221;1710270584433-83e09527-f8a8&#8243;][vc_column_text]La Academia es un es un organismo consultor y asesor del Gobierno para todos los asuntos relacionados con la salud p\u00fablica del pueblo colombiano y la educaci\u00f3n m\u00e9dica. En consecuencia, la Academia intervendr\u00e1 activamente en el estudio, presentaci\u00f3n, discusi\u00f3n de las pol\u00edticas relacionadas con los campos de la salud, la educaci\u00f3n m\u00e9dica, la investigaci\u00f3n y propender\u00e1 por su pronta y adecuada [&hellip;]","og_url":"https:\/\/ascofame.org.co\/web\/catedra-de-humanismo-medico-2026\/","article_modified_time":"2026-04-08T17:22:03+00:00","og_image":[{"width":1600,"height":1600,"url":"https:\/\/ascofame.org.co\/web\/wp-content\/uploads\/2026\/04\/Catedra_Abril_2026.jpg","type":"image\/jpeg"}],"twitter_card":"summary_large_image","twitter_misc":{"Tiempo de lectura":"1 minuto"},"schema":{"@context":"https:\/\/schema.org","@graph":[{"@type":"WebPage","@id":"https:\/\/ascofame.org.co\/web\/catedra-de-humanismo-medico-2026\/","url":"https:\/\/ascofame.org.co\/web\/catedra-de-humanismo-medico-2026\/","name":"C\u00e1tedra de humanismo m\u00e9dico 2026 -","isPartOf":{"@id":"https:\/\/ascofame.org.co\/web\/#website"},"primaryImageOfPage":{"@id":"https:\/\/ascofame.org.co\/web\/catedra-de-humanismo-medico-2026\/#primaryimage"},"image":{"@id":"https:\/\/ascofame.org.co\/web\/catedra-de-humanismo-medico-2026\/#primaryimage"},"thumbnailUrl":"https:\/\/ascofame.org.co\/web\/wp-content\/uploads\/2026\/04\/Catedra_Abril_2026.jpg","datePublished":"2026-02-04T14:15:24+00:00","dateModified":"2026-04-08T17:22:03+00:00","breadcrumb":{"@id":"https:\/\/ascofame.org.co\/web\/catedra-de-humanismo-medico-2026\/#breadcrumb"},"inLanguage":"es","potentialAction":[{"@type":"ReadAction","target":["https:\/\/ascofame.org.co\/web\/catedra-de-humanismo-medico-2026\/"]}]},{"@type":"ImageObject","inLanguage":"es","@id":"https:\/\/ascofame.org.co\/web\/catedra-de-humanismo-medico-2026\/#primaryimage","url":"https:\/\/ascofame.org.co\/web\/wp-content\/uploads\/2026\/04\/Catedra_Abril_2026.jpg","contentUrl":"https:\/\/ascofame.org.co\/web\/wp-content\/uploads\/2026\/04\/Catedra_Abril_2026.jpg","width":1600,"height":1600},{"@type":"BreadcrumbList","@id":"https:\/\/ascofame.org.co\/web\/catedra-de-humanismo-medico-2026\/#breadcrumb","itemListElement":[{"@type":"ListItem","position":1,"name":"Portada","item":"https:\/\/ascofame.org.co\/web\/"},{"@type":"ListItem","position":2,"name":"C\u00e1tedra de humanismo m\u00e9dico 2026"}]},{"@type":"WebSite","@id":"https:\/\/ascofame.org.co\/web\/#website","url":"https:\/\/ascofame.org.co\/web\/","name":"Ascofame","description":"","potentialAction":[{"@type":"SearchAction","target":{"@type":"EntryPoint","urlTemplate":"https:\/\/ascofame.org.co\/web\/?s={search_term_string}"},"query-input":{"@type":"PropertyValueSpecification","valueRequired":true,"valueName":"search_term_string"}}],"inLanguage":"es"}]}},"_links":{"self":[{"href":"https:\/\/ascofame.org.co\/web\/wp-json\/wp\/v2\/pages\/8335","targetHints":{"allow":["GET"]}}],"collection":[{"href":"https:\/\/ascofame.org.co\/web\/wp-json\/wp\/v2\/pages"}],"about":[{"href":"https:\/\/ascofame.org.co\/web\/wp-json\/wp\/v2\/types\/page"}],"author":[{"embeddable":true,"href":"https:\/\/ascofame.org.co\/web\/wp-json\/wp\/v2\/users\/3"}],"replies":[{"embeddable":true,"href":"https:\/\/ascofame.org.co\/web\/wp-json\/wp\/v2\/comments?post=8335"}],"version-history":[{"count":28,"href":"https:\/\/ascofame.org.co\/web\/wp-json\/wp\/v2\/pages\/8335\/revisions"}],"predecessor-version":[{"id":8392,"href":"https:\/\/ascofame.org.co\/web\/wp-json\/wp\/v2\/pages\/8335\/revisions\/8392"}],"wp:featuredmedia":[{"embeddable":true,"href":"https:\/\/ascofame.org.co\/web\/wp-json\/wp\/v2\/media\/8391"}],"wp:attachment":[{"href":"https:\/\/ascofame.org.co\/web\/wp-json\/wp\/v2\/media?parent=8335"}],"curies":[{"name":"wp","href":"https:\/\/api.w.org\/{rel}","templated":true}]}}