{"id":7752,"date":"2025-04-04T15:13:45","date_gmt":"2025-04-04T20:13:45","guid":{"rendered":"https:\/\/ascofame.org.co\/web\/?page_id=7752"},"modified":"2025-04-04T15:32:20","modified_gmt":"2025-04-04T20:32:20","slug":"convocatoria-abierta-a-especialistas-medico-quirurgicos","status":"publish","type":"page","link":"https:\/\/ascofame.org.co\/web\/convocatoria-abierta-a-especialistas-medico-quirurgicos\/","title":{"rendered":"Convocatoria Abierta a Especialistas M\u00e9dico-Quir\u00fargicos"},"content":{"rendered":"<div class=\"nolwrap\"><p>[vc_row][vc_column][vc_column_text]La Asociaci\u00f3n Colombiana de Facultades de Medicina (ASCOFAME), a trav\u00e9s del Consejo General de Educaci\u00f3n M\u00e9dica (CGEM), Sala de Posgrado, extiende una atenta invitaci\u00f3n a los especialistas m\u00e9dico-quir\u00fargicos de todas las \u00e1reas a postularse como expertos tem\u00e1ticos, con el prop\u00f3sito de contribuir en la formulaci\u00f3n de los lineamientos acad\u00e9micos para su respectiva especialidad, en un ejercicio de alcance e impacto nacional.[\/vc_column_text][vc_empty_space][vc_btn title=&#8221;M\u00e1s informaci\u00f3n&#8221; color=&#8221;blue&#8221; align=&#8221;center&#8221; link=&#8221;url:https%3A%2F%2Fforms.office.com%2Fr%2Fp4FqE1XDXE|target:_blank&#8221;][vc_empty_space][vc_column_text]<strong>Fecha l\u00edmite para el env\u00edo de postulaciones:<\/strong> mi\u00e9rcoles 30 de abril de 2025.<br \/>\n<strong>Periodo de trabajo:<\/strong> segundo semestre de 2025 (se establecer\u00e1 un cronograma de trabajo por especialidad).<\/p>\n<p>\u00a1Post\u00falate y haz parte de la transformaci\u00f3n de la educaci\u00f3n m\u00e9dica en Colombia![\/vc_column_text][vc_empty_space][vc_single_image image=&#8221;7753&#8243; img_size=&#8221;full&#8221;][\/vc_column][\/vc_row]<\/p>\n<\/div>","protected":false},"excerpt":{"rendered":"<p>[vc_row][vc_column][vc_column_text]La Asociaci\u00f3n Colombiana de Facultades de Medicina (ASCOFAME), a trav\u00e9s del Consejo General de Educaci\u00f3n M\u00e9dica (CGEM), Sala de Posgrado, extiende una atenta invitaci\u00f3n a los especialistas m\u00e9dico-quir\u00fargicos de todas las \u00e1reas a postularse como expertos tem\u00e1ticos, con el prop\u00f3sito de contribuir en la formulaci\u00f3n de los lineamientos acad\u00e9micos para su respectiva especialidad, en un ejercicio de alcance e impacto nacional.[\/vc_column_text][vc_empty_space][vc_btn title=&#8221;M\u00e1s informaci\u00f3n&#8221; color=&#8221;blue&#8221; align=&#8221;center&#8221; [&hellip;]<\/p>\n","protected":false},"author":1,"featured_media":7753,"parent":0,"menu_order":0,"comment_status":"closed","ping_status":"closed","template":"","meta":{"episode_type":"","audio_file":"","podmotor_file_id":"","podmotor_episode_id":"","cover_image":"","cover_image_id":"","duration":"","filesize":"","filesize_raw":"","date_recorded":"","explicit":"","block":"","footnotes":""},"class_list":["post-7752","page","type-page","status-publish","has-post-thumbnail","hentry"],"yoast_head":"<!-- This site is optimized with the Yoast SEO plugin v26.3 - https:\/\/yoast.com\/wordpress\/plugins\/seo\/ -->\n<title>Convocatoria Abierta a Especialistas M\u00e9dico-Quir\u00fargicos -<\/title>\n<meta name=\"robots\" content=\"index, follow, max-snippet:-1, max-image-preview:large, max-video-preview:-1\" \/>\n<link rel=\"canonical\" href=\"https:\/\/ascofame.org.co\/web\/convocatoria-abierta-a-especialistas-medico-quirurgicos\/\" \/>\n<meta property=\"og:locale\" content=\"es_ES\" \/>\n<meta property=\"og:type\" content=\"article\" \/>\n<meta property=\"og:title\" content=\"Convocatoria Abierta a Especialistas M\u00e9dico-Quir\u00fargicos -\" \/>\n<meta property=\"og:description\" content=\"[vc_row][vc_column][vc_column_text]La Asociaci\u00f3n Colombiana de Facultades de Medicina (ASCOFAME), a trav\u00e9s del Consejo General de Educaci\u00f3n M\u00e9dica (CGEM), Sala de Posgrado, extiende una atenta invitaci\u00f3n a los especialistas m\u00e9dico-quir\u00fargicos de todas las \u00e1reas a postularse como expertos tem\u00e1ticos, con el prop\u00f3sito de contribuir en la formulaci\u00f3n de los lineamientos acad\u00e9micos para su respectiva especialidad, en un ejercicio de alcance e impacto nacional.[\/vc_column_text][vc_empty_space][vc_btn title=&#8221;M\u00e1s informaci\u00f3n&#8221; color=&#8221;blue&#8221; align=&#8221;center&#8221; [&hellip;]\" \/>\n<meta property=\"og:url\" content=\"https:\/\/ascofame.org.co\/web\/convocatoria-abierta-a-especialistas-medico-quirurgicos\/\" \/>\n<meta property=\"article:modified_time\" content=\"2025-04-04T20:32:20+00:00\" \/>\n<meta property=\"og:image\" content=\"https:\/\/ascofame.org.co\/web\/wp-content\/uploads\/2025\/04\/PHOTO-2025-04-03-15-32-13.jpg\" \/>\n\t<meta property=\"og:image:width\" content=\"1080\" \/>\n\t<meta property=\"og:image:height\" content=\"1080\" \/>\n\t<meta property=\"og:image:type\" content=\"image\/jpeg\" \/>\n<meta name=\"twitter:card\" content=\"summary_large_image\" \/>\n<meta name=\"twitter:label1\" content=\"Tiempo de lectura\" \/>\n\t<meta name=\"twitter:data1\" content=\"1 minuto\" \/>\n<script type=\"application\/ld+json\" class=\"yoast-schema-graph\">{\"@context\":\"https:\/\/schema.org\",\"@graph\":[{\"@type\":\"WebPage\",\"@id\":\"https:\/\/ascofame.org.co\/web\/convocatoria-abierta-a-especialistas-medico-quirurgicos\/\",\"url\":\"https:\/\/ascofame.org.co\/web\/convocatoria-abierta-a-especialistas-medico-quirurgicos\/\",\"name\":\"Convocatoria Abierta a Especialistas M\u00e9dico-Quir\u00fargicos -\",\"isPartOf\":{\"@id\":\"https:\/\/ascofame.org.co\/web\/#website\"},\"primaryImageOfPage\":{\"@id\":\"https:\/\/ascofame.org.co\/web\/convocatoria-abierta-a-especialistas-medico-quirurgicos\/#primaryimage\"},\"image\":{\"@id\":\"https:\/\/ascofame.org.co\/web\/convocatoria-abierta-a-especialistas-medico-quirurgicos\/#primaryimage\"},\"thumbnailUrl\":\"https:\/\/ascofame.org.co\/web\/wp-content\/uploads\/2025\/04\/PHOTO-2025-04-03-15-32-13.jpg\",\"datePublished\":\"2025-04-04T20:13:45+00:00\",\"dateModified\":\"2025-04-04T20:32:20+00:00\",\"breadcrumb\":{\"@id\":\"https:\/\/ascofame.org.co\/web\/convocatoria-abierta-a-especialistas-medico-quirurgicos\/#breadcrumb\"},\"inLanguage\":\"es\",\"potentialAction\":[{\"@type\":\"ReadAction\",\"target\":[\"https:\/\/ascofame.org.co\/web\/convocatoria-abierta-a-especialistas-medico-quirurgicos\/\"]}]},{\"@type\":\"ImageObject\",\"inLanguage\":\"es\",\"@id\":\"https:\/\/ascofame.org.co\/web\/convocatoria-abierta-a-especialistas-medico-quirurgicos\/#primaryimage\",\"url\":\"https:\/\/ascofame.org.co\/web\/wp-content\/uploads\/2025\/04\/PHOTO-2025-04-03-15-32-13.jpg\",\"contentUrl\":\"https:\/\/ascofame.org.co\/web\/wp-content\/uploads\/2025\/04\/PHOTO-2025-04-03-15-32-13.jpg\",\"width\":1080,\"height\":1080},{\"@type\":\"BreadcrumbList\",\"@id\":\"https:\/\/ascofame.org.co\/web\/convocatoria-abierta-a-especialistas-medico-quirurgicos\/#breadcrumb\",\"itemListElement\":[{\"@type\":\"ListItem\",\"position\":1,\"name\":\"Portada\",\"item\":\"https:\/\/ascofame.org.co\/web\/\"},{\"@type\":\"ListItem\",\"position\":2,\"name\":\"Convocatoria Abierta a Especialistas M\u00e9dico-Quir\u00fargicos\"}]},{\"@type\":\"WebSite\",\"@id\":\"https:\/\/ascofame.org.co\/web\/#website\",\"url\":\"https:\/\/ascofame.org.co\/web\/\",\"name\":\"Ascofame\",\"description\":\"\",\"potentialAction\":[{\"@type\":\"SearchAction\",\"target\":{\"@type\":\"EntryPoint\",\"urlTemplate\":\"https:\/\/ascofame.org.co\/web\/?s={search_term_string}\"},\"query-input\":{\"@type\":\"PropertyValueSpecification\",\"valueRequired\":true,\"valueName\":\"search_term_string\"}}],\"inLanguage\":\"es\"}]}<\/script>\n<!-- \/ Yoast SEO plugin. -->","yoast_head_json":{"title":"Convocatoria Abierta a Especialistas M\u00e9dico-Quir\u00fargicos -","robots":{"index":"index","follow":"follow","max-snippet":"max-snippet:-1","max-image-preview":"max-image-preview:large","max-video-preview":"max-video-preview:-1"},"canonical":"https:\/\/ascofame.org.co\/web\/convocatoria-abierta-a-especialistas-medico-quirurgicos\/","og_locale":"es_ES","og_type":"article","og_title":"Convocatoria Abierta a Especialistas M\u00e9dico-Quir\u00fargicos -","og_description":"[vc_row][vc_column][vc_column_text]La Asociaci\u00f3n Colombiana de Facultades de Medicina (ASCOFAME), a trav\u00e9s del Consejo General de Educaci\u00f3n M\u00e9dica (CGEM), Sala de Posgrado, extiende una atenta invitaci\u00f3n a los especialistas m\u00e9dico-quir\u00fargicos de todas las \u00e1reas a postularse como expertos tem\u00e1ticos, con el prop\u00f3sito de contribuir en la formulaci\u00f3n de los lineamientos acad\u00e9micos para su respectiva especialidad, en un ejercicio de alcance e impacto nacional.[\/vc_column_text][vc_empty_space][vc_btn title=&#8221;M\u00e1s informaci\u00f3n&#8221; color=&#8221;blue&#8221; align=&#8221;center&#8221; [&hellip;]","og_url":"https:\/\/ascofame.org.co\/web\/convocatoria-abierta-a-especialistas-medico-quirurgicos\/","article_modified_time":"2025-04-04T20:32:20+00:00","og_image":[{"width":1080,"height":1080,"url":"https:\/\/ascofame.org.co\/web\/wp-content\/uploads\/2025\/04\/PHOTO-2025-04-03-15-32-13.jpg","type":"image\/jpeg"}],"twitter_card":"summary_large_image","twitter_misc":{"Tiempo de lectura":"1 minuto"},"schema":{"@context":"https:\/\/schema.org","@graph":[{"@type":"WebPage","@id":"https:\/\/ascofame.org.co\/web\/convocatoria-abierta-a-especialistas-medico-quirurgicos\/","url":"https:\/\/ascofame.org.co\/web\/convocatoria-abierta-a-especialistas-medico-quirurgicos\/","name":"Convocatoria Abierta a Especialistas M\u00e9dico-Quir\u00fargicos -","isPartOf":{"@id":"https:\/\/ascofame.org.co\/web\/#website"},"primaryImageOfPage":{"@id":"https:\/\/ascofame.org.co\/web\/convocatoria-abierta-a-especialistas-medico-quirurgicos\/#primaryimage"},"image":{"@id":"https:\/\/ascofame.org.co\/web\/convocatoria-abierta-a-especialistas-medico-quirurgicos\/#primaryimage"},"thumbnailUrl":"https:\/\/ascofame.org.co\/web\/wp-content\/uploads\/2025\/04\/PHOTO-2025-04-03-15-32-13.jpg","datePublished":"2025-04-04T20:13:45+00:00","dateModified":"2025-04-04T20:32:20+00:00","breadcrumb":{"@id":"https:\/\/ascofame.org.co\/web\/convocatoria-abierta-a-especialistas-medico-quirurgicos\/#breadcrumb"},"inLanguage":"es","potentialAction":[{"@type":"ReadAction","target":["https:\/\/ascofame.org.co\/web\/convocatoria-abierta-a-especialistas-medico-quirurgicos\/"]}]},{"@type":"ImageObject","inLanguage":"es","@id":"https:\/\/ascofame.org.co\/web\/convocatoria-abierta-a-especialistas-medico-quirurgicos\/#primaryimage","url":"https:\/\/ascofame.org.co\/web\/wp-content\/uploads\/2025\/04\/PHOTO-2025-04-03-15-32-13.jpg","contentUrl":"https:\/\/ascofame.org.co\/web\/wp-content\/uploads\/2025\/04\/PHOTO-2025-04-03-15-32-13.jpg","width":1080,"height":1080},{"@type":"BreadcrumbList","@id":"https:\/\/ascofame.org.co\/web\/convocatoria-abierta-a-especialistas-medico-quirurgicos\/#breadcrumb","itemListElement":[{"@type":"ListItem","position":1,"name":"Portada","item":"https:\/\/ascofame.org.co\/web\/"},{"@type":"ListItem","position":2,"name":"Convocatoria Abierta a Especialistas M\u00e9dico-Quir\u00fargicos"}]},{"@type":"WebSite","@id":"https:\/\/ascofame.org.co\/web\/#website","url":"https:\/\/ascofame.org.co\/web\/","name":"Ascofame","description":"","potentialAction":[{"@type":"SearchAction","target":{"@type":"EntryPoint","urlTemplate":"https:\/\/ascofame.org.co\/web\/?s={search_term_string}"},"query-input":{"@type":"PropertyValueSpecification","valueRequired":true,"valueName":"search_term_string"}}],"inLanguage":"es"}]}},"_links":{"self":[{"href":"https:\/\/ascofame.org.co\/web\/wp-json\/wp\/v2\/pages\/7752","targetHints":{"allow":["GET"]}}],"collection":[{"href":"https:\/\/ascofame.org.co\/web\/wp-json\/wp\/v2\/pages"}],"about":[{"href":"https:\/\/ascofame.org.co\/web\/wp-json\/wp\/v2\/types\/page"}],"author":[{"embeddable":true,"href":"https:\/\/ascofame.org.co\/web\/wp-json\/wp\/v2\/users\/1"}],"replies":[{"embeddable":true,"href":"https:\/\/ascofame.org.co\/web\/wp-json\/wp\/v2\/comments?post=7752"}],"version-history":[{"count":5,"href":"https:\/\/ascofame.org.co\/web\/wp-json\/wp\/v2\/pages\/7752\/revisions"}],"predecessor-version":[{"id":7759,"href":"https:\/\/ascofame.org.co\/web\/wp-json\/wp\/v2\/pages\/7752\/revisions\/7759"}],"wp:featuredmedia":[{"embeddable":true,"href":"https:\/\/ascofame.org.co\/web\/wp-json\/wp\/v2\/media\/7753"}],"wp:attachment":[{"href":"https:\/\/ascofame.org.co\/web\/wp-json\/wp\/v2\/media?parent=7752"}],"curies":[{"name":"wp","href":"https:\/\/api.w.org\/{rel}","templated":true}]}}