{"id":7658,"date":"2025-08-13T16:10:23","date_gmt":"2025-08-13T21:10:23","guid":{"rendered":"https:\/\/ascofame.org.co\/web\/webinar-salud-mental-en-la-formacion-medica-2\/"},"modified":"2025-09-30T11:15:31","modified_gmt":"2025-09-30T16:15:31","slug":"webinar-hablemos-sobre-educacion-medica","status":"publish","type":"page","link":"https:\/\/ascofame.org.co\/web\/webinar-hablemos-sobre-educacion-medica\/","title":{"rendered":"Webinar:  Hablemos sobre Educaci\u00f3n M\u00e9dica"},"content":{"rendered":"<div class=\"nolwrap\"><p>[vc_row][vc_column][vc_single_image image=&#8221;7679&#8243; img_size=&#8221;full&#8221; alignment=&#8221;center&#8221;][vc_empty_space height=&#8221;40px&#8221;][vc_tta_tour][vc_tta_section i_icon_fontawesome=&#8221;far fa-calendar-alt&#8221; add_icon=&#8221;true&#8221; title=&#8221;Informaci\u00f3n General&#8221; tab_id=&#8221;Informacion_General&#8221;][vc_column_text]<\/p>\n<h2 style=\"text-align: center;\">Seminarios virtuales: Hablemos sobre Educaci\u00f3n M\u00e9dica<\/h2>\n<p>\u201cEste espacio acad\u00e9mico busca analizar la relevancia de los ambientes de pr\u00e1ctica cl\u00ednica en la educaci\u00f3n m\u00e9dica, compartir experiencias institucionales en Colombia y Latinoam\u00e9rica, y resaltar la importancia de validar instrumentos de medici\u00f3n en diversos contextos. Se presentar\u00e1n fundamentos conceptuales, hallazgos emp\u00edricos y perspectivas de internacionalizaci\u00f3n, fomentando el di\u00e1logo y la construcci\u00f3n de redes colaborativas.\u201d<\/p>\n<p>&nbsp;<\/p>\n<h3 style=\"text-align: center;\"><b><span data-contrast=\"none\">Ambientes de Pr\u00e1ctica Cl\u00ednica en Educaci\u00f3n M\u00e9dica: experiencias y validaci\u00f3n transcultural<\/span><\/b><span data-ccp-props=\"{&quot;134245418&quot;:true,&quot;134245529&quot;:true,&quot;335559738&quot;:200,&quot;335559739&quot;:0}\">\u00a0<\/span><\/h3>\n<pre><strong>Fecha:<\/strong> Jueves 9 de octubre de 2025\r\n<strong>Hora:<\/strong> 6:00 p.m. \u2013 7:30 p.m. (Hora Colombia)\r\n<strong>Duraci\u00f3n:<\/strong> 90 minutos\r\n<strong>Modalidad:<\/strong> virtual sincr\u00f3nico\r\n<strong>Transmisi\u00f3n:<\/strong> Plataforma Microsoft Teams\r\n<strong>Grabaci\u00f3n:<\/strong>\u202fDisponible posteriormente en el canal oficial de YouTube de ASCOFAME\r\n<strong>Moderador:<\/strong> Dr. Luis Carlos Ortiz \u2013 Director Ejecutivo de ASCOFAME\r\n<strong>Conferencistas:\u00a0\r\n<\/strong>            - Dr. Luis Carlos Dom\u00ednguez \u2013 Decano, Facultad de Medicina, Unisanitas \r\n            - Dr. Edgar Camilo Barrera Garavito \u2013 Director de Educaci\u00f3n M\u00e9dica, Fundaci\u00f3n Cardioinfantil \u2013 LaCardio \r\n            - Dr. Cristhian Exequiel P\u00e9rez-Villalobos \u2013 Doctor en Ciencias de la Educaci\u00f3n, Universidad de la Frontera (Chile). Acad\u00e9mico de Postgrado, Universidad de Concepci\u00f3n<\/pre>\n<p>[\/vc_column_text][vc_empty_space height=&#8221;40px&#8221;][vc_btn title=&#8221;Registro&#8221; color=&#8221;primary&#8221; align=&#8221;center&#8221; link=&#8221;url:https%3A%2F%2Fevents.teams.microsoft.com%2Fevent%2F7534df84-20cc-48f3-8874-4594b4d131b9%408fb5ab33-e416-426a-8485-fdf1a966ad5c|title:Registro|target:_blank&#8221;][\/vc_tta_section][vc_tta_section i_icon_fontawesome=&#8221;fas fa-bullhorn&#8221; add_icon=&#8221;true&#8221; title=&#8221;Prop\u00f3sito&#8221; tab_id=&#8221;Proposito&#8221;][vc_column_text]<\/p>\n<h3>Prop\u00f3sito<\/h3>\n<ul>\n<li>Analizar la importancia, aplicaciones y procesos de validaci\u00f3n de los ambientes de pr\u00e1ctica cl\u00ednica en la educaci\u00f3n m\u00e9dica.<\/li>\n<li>Socializar experiencias institucionales y hallazgos derivados de la aplicaci\u00f3n de escalas de medici\u00f3n.<\/li>\n<li>Explorar los retos y beneficios de la validaci\u00f3n transcultural en Am\u00e9rica Latina.<\/li>\n<li>Promover la participaci\u00f3n de docentes, investigadores e instituciones en iniciativas colaborativas de investigaci\u00f3n.<\/li>\n<\/ul>\n<p>[\/vc_column_text][\/vc_tta_section][vc_tta_section i_icon_fontawesome=&#8221;fas fa-users&#8221; add_icon=&#8221;true&#8221; title=&#8221;\u00bfA qui\u00e9n est\u00e1 dirigido?&#8221; tab_id=&#8221;dirigido&#8221;][vc_column_text]<\/p>\n<h3>\u00bfA qui\u00e9n est\u00e1 dirigido?<\/h3>\n<ul>\n<li>Decanos, directores y coordinadores de programas de salud.<\/li>\n<li>Investigadores en educaci\u00f3n m\u00e9dica y ciencias sociales.<\/li>\n<li>Docentes cl\u00ednicos y acad\u00e9micos interesados en innovaci\u00f3n curricular.<\/li>\n<li>Estudiantes de posgrado y profesionales en formaci\u00f3n continua.<\/li>\n<li>Instituciones hospitalarias interesados en medir y mejorar su ambiente de pr\u00e1ctica cl\u00ednica.<\/li>\n<\/ul>\n<p>[\/vc_column_text][\/vc_tta_section][vc_tta_section i_icon_fontawesome=&#8221;fas fa-puzzle-piece&#8221; add_icon=&#8221;true&#8221; title=&#8221;Contenido Acad\u00e9mico&#8221; tab_id=&#8221;Contenido_Academico&#8221;][vc_column_text]<\/p>\n<h3><span class=\"TextRun SCXW170923796 BCX2\" lang=\"ES-CO\" xml:lang=\"ES-CO\" data-contrast=\"none\"><span class=\"NormalTextRun SCXW170923796 BCX2\" data-ccp-parastyle=\"heading 3\">Contenido Acad\u00e9mico del <\/span><span class=\"NormalTextRun SpellingErrorV2Themed SCXW170923796 BCX2\" data-ccp-parastyle=\"heading 3\">Webinar<\/span><\/span><\/h3>\n<ul>\n<li><strong>Conferencia 1:\u202f<\/strong>Contexto e impacto de los ambientes de pr\u00e1ctica cl\u00ednica<br \/>\nDr. Luis Carlos Dom\u00ednguez \u2013 Decano, Facultad de Medicina, Unisanitas<\/li>\n<li><strong>Conferencia 2:<\/strong>\u202fEscalas de medici\u00f3n de ambientes de pr\u00e1ctica cl\u00ednica: experiencia en LaCardio<br \/>\nDr. Edgar Camilo Barrera Garavito \u2013 Director de Educaci\u00f3n M\u00e9dica, Fundaci\u00f3n Cardioinfantil \u2013 LaCardio<\/li>\n<li><strong>Conferencia 3:\u202f<\/strong>Validaci\u00f3n transcultural de escalas en educaci\u00f3n m\u00e9dica<br \/>\nDr. Cristhian Exequiel P\u00e9rez-Villalobos \u2013 Universidad de la Frontera (Chile), Universidad de Concepci\u00f3n<\/li>\n<li><strong>Interacci\u00f3n con la Audiencia:\u202f<\/strong>Espacio de preguntas moderadas v\u00eda chat.<\/li>\n<\/ul>\n<p>[\/vc_column_text][\/vc_tta_section][vc_tta_section i_icon_fontawesome=&#8221;fas fa-lightbulb&#8221; add_icon=&#8221;true&#8221; title=&#8221;\u00bfPor qu\u00e9 asistir?&#8221; tab_id=&#8221;asistir&#8221;][vc_column_text]<\/p>\n<h3><span class=\"TextRun SCXW32001885 BCX2\" lang=\"ES-CO\" xml:lang=\"ES-CO\" data-contrast=\"none\"><span class=\"NormalTextRun SCXW32001885 BCX2\" data-ccp-parastyle=\"heading 3\">\u00bfPor qu\u00e9 asistir?<\/span><\/span><\/h3>\n<ul>\n<li>Conocer de primera mano experiencias institucionales y regionales sobre ambientes de pr\u00e1ctica cl\u00ednica.<\/li>\n<li>Comprender la relevancia de medir y validar los APC como estrategia de calidad y equidad en educaci\u00f3n m\u00e9dica.<\/li>\n<li>Acceder a recomendaciones pr\u00e1cticas y aplicables en programas de salud y escenarios cl\u00ednicos.<\/li>\n<li>Vincularse a redes de investigaci\u00f3n y colaboraci\u00f3n internacional.<\/li>\n<\/ul>\n<p>[\/vc_column_text][\/vc_tta_section][vc_tta_section i_icon_fontawesome=&#8221;fas fa-chalkboard-teacher&#8221; add_icon=&#8221;true&#8221; title=&#8221;Perfil del Experto&#8221; tab_id=&#8221;Experto&#8221;][vc_row_inner][vc_column_inner width=&#8221;1\/4&#8243;][vc_single_image image=&#8221;8230&#8243; img_size=&#8221;full&#8221; alignment=&#8221;center&#8221;][\/vc_column_inner][vc_column_inner width=&#8221;3\/4&#8243;][vc_column_text]<strong>Dr. Luis Carlos Dom\u00ednguez Torres<\/strong><\/p>\n<p>El Dr. <strong>Luis Carlos Dom\u00ednguez Torres<\/strong> es decano de la Escuela de Medicina en Unisanitas (Keralty), con una trayectoria que integra la gesti\u00f3n acad\u00e9mica, la docencia y la investigaci\u00f3n en educaci\u00f3n m\u00e9dica. Formado en la Universidad de Maastricht, dirige iniciativas orientadas a fortalecer los procesos formativos en los contextos cl\u00ednicos, supervisando programas de formaci\u00f3n m\u00e9dica con perspectiva internacional.<\/p>\n<p>Durante el webinar \u201cAmbientes de Pr\u00e1ctica Cl\u00ednica en Educaci\u00f3n M\u00e9dica: experiencias y validaci\u00f3n transcultural\u201d, el Dr. Dom\u00ednguez Torres fungir\u00e1 como conferencista principal, aportando su visi\u00f3n estrat\u00e9gica sobre el papel de los ambientes de pr\u00e1ctica cl\u00ednica en la formaci\u00f3n m\u00e9dica moderna y compartiendo experiencias institucionales de innovaci\u00f3n educativa que ha liderado en Unisanitas.[\/vc_column_text][\/vc_column_inner][\/vc_row_inner][vc_empty_space][vc_row_inner][vc_column_inner width=&#8221;1\/4&#8243;][vc_single_image image=&#8221;8229&#8243; img_size=&#8221;full&#8221; alignment=&#8221;center&#8221;][\/vc_column_inner][vc_column_inner width=&#8221;3\/4&#8243;][vc_column_text]<strong>Dr. Cristhian P\u00e9rez-Villalobos<\/strong><\/p>\n<p>El Dr. <strong>Cristhian P\u00e9rez-Villalobos<\/strong> es profesor asociado en el Departamento de Educaci\u00f3n M\u00e9dica de la Universidad de Concepci\u00f3n, Chile, con formaci\u00f3n en Ciencias de la Educaci\u00f3n (Universidad de La Frontera). Su labor acad\u00e9mica se centra en temas como pr\u00e1cticas de ense\u00f1anza en educaci\u00f3n superior, desarrollo docente universitario, bienestar estudiantil, investigaci\u00f3n cualitativa y psicometr\u00eda, con \u00e9nfasis en la evaluaci\u00f3n y mejora de contextos educativos en medicina.<\/p>\n<p>En el webinar \u201cAmbientes de Pr\u00e1ctica Cl\u00ednica en Educaci\u00f3n M\u00e9dica: experiencias y validaci\u00f3n transcultural\u201d, el Dr. P\u00e9rez explicar\u00e1 los procesos metodol\u00f3gicos y los principales desaf\u00edos de adaptar instrumentos de medici\u00f3n desde un contexto a otro, compartiendo su experiencia internacional en Am\u00e9rica Latina y su visi\u00f3n para futuras colaboraciones institucionales.[\/vc_column_text][\/vc_column_inner][\/vc_row_inner][vc_empty_space][vc_row_inner][vc_column_inner width=&#8221;1\/4&#8243;][vc_single_image image=&#8221;8228&#8243; img_size=&#8221;full&#8221; alignment=&#8221;center&#8221;][\/vc_column_inner][vc_column_inner width=&#8221;3\/4&#8243;][vc_column_text]<strong>Dr. Edgar Camilo Barrera Garavito<\/strong><\/p>\n<p>El Dr. <strong>Edgar Camilo Barrera Garavito<\/strong> es m\u00e9dico internista de la Universidad del Rosario y se desempe\u00f1a como Profesor Principal de Carrera en la Escuela de Medicina y Ciencias de la Salud de la misma instituci\u00f3n. Actualmente dirige procesos acad\u00e9micos y de investigaci\u00f3n en la Fundaci\u00f3n Cardioinfantil \u2013 LaCardio, donde ha liderado proyectos orientados a la innovaci\u00f3n educativa y a la evaluaci\u00f3n de ambientes de pr\u00e1ctica cl\u00ednica. Su trayectoria combina la pr\u00e1ctica asistencial con la docencia universitaria y la producci\u00f3n cient\u00edfica en \u00e1reas como salud p\u00fablica, redes de atenci\u00f3n y manejo de enfermedades cr\u00f3nicas, especialmente diabetes mellitus tipo 2 e hipertensi\u00f3n.<\/p>\n<p>En el marco del webinar \u201cAmbientes de Pr\u00e1ctica Cl\u00ednica en Educaci\u00f3n M\u00e9dica: experiencias y validaci\u00f3n transcultural\u201d, compartir\u00e1 hallazgos clave derivados de la aplicaci\u00f3n institucional de la Escala de Ambiente de Pr\u00e1ctica Cl\u00ednica (EAPRAC), resaltando las lecciones aprendidas y su potencial de r\u00e9plica en diferentes escenarios cl\u00ednicos del pa\u00eds y la regi\u00f3n.[\/vc_column_text][\/vc_column_inner][\/vc_row_inner][vc_empty_space][vc_row_inner][vc_column_inner width=&#8221;1\/4&#8243;][vc_single_image image=&#8221;4408&#8243; img_size=&#8221;full&#8221; alignment=&#8221;center&#8221;][\/vc_column_inner][vc_column_inner width=&#8221;3\/4&#8243;][vc_column_text]<strong>Dr. Lu\u00eds Carlos Ortiz Monsalve<\/strong><\/p>\n<p>Director Ejecutivo de Ascofame. Administrador P\u00fablica, Mag\u00edster en Econom\u00eda, Pol\u00edtica y Relaciones Internacionales. Fue Director de Desarrollo de Talento Humano del Ministerio de Salud (2008-2018). Ha sido asesor externo para el Ministerio de la Protecci\u00f3n Social y las Secretar\u00edas de Salud y Hacienda de Bogot\u00e1. Experto en evaluaci\u00f3n del desempe\u00f1o hospitalario y gesti\u00f3n de talento humano en salud.[\/vc_column_text][\/vc_column_inner][\/vc_row_inner][vc_empty_space][\/vc_tta_section][vc_tta_section i_icon_fontawesome=&#8221;fas fa-video&#8221; add_icon=&#8221;true&#8221; title=&#8221;Grabaci\u00f3n&#8221; tab_id=&#8221;1741883652369-570a11a5-3d5c&#8221;][vc_video link=&#8221;&#8221;][\/vc_tta_section][\/vc_tta_tour][\/vc_column][\/vc_row]<\/p>\n<\/div>","protected":false},"excerpt":{"rendered":"<p>[vc_row][vc_column][vc_single_image image=&#8221;7679&#8243; img_size=&#8221;full&#8221; alignment=&#8221;center&#8221;][vc_empty_space height=&#8221;40px&#8221;][vc_tta_tour][vc_tta_section i_icon_fontawesome=&#8221;far fa-calendar-alt&#8221; add_icon=&#8221;true&#8221; title=&#8221;Informaci\u00f3n General&#8221; tab_id=&#8221;Informacion_General&#8221;][vc_column_text] Seminarios virtuales: Hablemos sobre Educaci\u00f3n M\u00e9dica \u201cEste espacio acad\u00e9mico busca analizar la relevancia de los ambientes de pr\u00e1ctica cl\u00ednica en la educaci\u00f3n m\u00e9dica, compartir experiencias institucionales en Colombia y Latinoam\u00e9rica, y resaltar la importancia de validar instrumentos de medici\u00f3n en diversos contextos. Se presentar\u00e1n fundamentos conceptuales, hallazgos emp\u00edricos y perspectivas de internacionalizaci\u00f3n, fomentando el [&hellip;]<\/p>\n","protected":false},"author":1,"featured_media":8232,"parent":0,"menu_order":0,"comment_status":"closed","ping_status":"closed","template":"","meta":{"episode_type":"","audio_file":"","podmotor_file_id":"","podmotor_episode_id":"","cover_image":"","cover_image_id":"","duration":"","filesize":"","filesize_raw":"","date_recorded":"","explicit":"","block":"","footnotes":""},"class_list":["post-7658","page","type-page","status-publish","has-post-thumbnail","hentry"],"yoast_head":"<!-- This site is optimized with the Yoast SEO plugin v26.3 - https:\/\/yoast.com\/wordpress\/plugins\/seo\/ -->\n<title>Webinar: Hablemos sobre Educaci\u00f3n M\u00e9dica -<\/title>\n<meta name=\"robots\" content=\"index, follow, max-snippet:-1, max-image-preview:large, max-video-preview:-1\" \/>\n<link rel=\"canonical\" href=\"https:\/\/ascofame.org.co\/web\/webinar-hablemos-sobre-educacion-medica\/\" \/>\n<meta property=\"og:locale\" content=\"es_ES\" \/>\n<meta property=\"og:type\" content=\"article\" \/>\n<meta property=\"og:title\" content=\"Webinar: Hablemos sobre Educaci\u00f3n M\u00e9dica -\" \/>\n<meta property=\"og:description\" content=\"[vc_row][vc_column][vc_single_image image=&#8221;7679&#8243; img_size=&#8221;full&#8221; alignment=&#8221;center&#8221;][vc_empty_space height=&#8221;40px&#8221;][vc_tta_tour][vc_tta_section i_icon_fontawesome=&#8221;far fa-calendar-alt&#8221; add_icon=&#8221;true&#8221; title=&#8221;Informaci\u00f3n General&#8221; tab_id=&#8221;Informacion_General&#8221;][vc_column_text] Seminarios virtuales: Hablemos sobre Educaci\u00f3n M\u00e9dica \u201cEste espacio acad\u00e9mico busca analizar la relevancia de los ambientes de pr\u00e1ctica cl\u00ednica en la educaci\u00f3n m\u00e9dica, compartir experiencias institucionales en Colombia y Latinoam\u00e9rica, y resaltar la importancia de validar instrumentos de medici\u00f3n en diversos contextos. Se presentar\u00e1n fundamentos conceptuales, hallazgos emp\u00edricos y perspectivas de internacionalizaci\u00f3n, fomentando el [&hellip;]\" \/>\n<meta property=\"og:url\" content=\"https:\/\/ascofame.org.co\/web\/webinar-hablemos-sobre-educacion-medica\/\" \/>\n<meta property=\"article:modified_time\" content=\"2025-09-30T16:15:31+00:00\" \/>\n<meta property=\"og:image\" content=\"https:\/\/ascofame.org.co\/web\/wp-content\/uploads\/2025\/09\/ASCOFAME-WEBINAR-HABLEMOS-SOBRE-EDUCACION-MEDICA-2.png\" \/>\n\t<meta property=\"og:image:width\" content=\"1080\" \/>\n\t<meta property=\"og:image:height\" content=\"1350\" \/>\n\t<meta property=\"og:image:type\" content=\"image\/png\" \/>\n<meta name=\"twitter:card\" content=\"summary_large_image\" \/>\n<meta name=\"twitter:label1\" content=\"Tiempo de lectura\" \/>\n\t<meta name=\"twitter:data1\" content=\"7 minutos\" \/>\n<script type=\"application\/ld+json\" class=\"yoast-schema-graph\">{\"@context\":\"https:\/\/schema.org\",\"@graph\":[{\"@type\":\"WebPage\",\"@id\":\"https:\/\/ascofame.org.co\/web\/webinar-hablemos-sobre-educacion-medica\/\",\"url\":\"https:\/\/ascofame.org.co\/web\/webinar-hablemos-sobre-educacion-medica\/\",\"name\":\"Webinar: Hablemos sobre Educaci\u00f3n M\u00e9dica -\",\"isPartOf\":{\"@id\":\"https:\/\/ascofame.org.co\/web\/#website\"},\"primaryImageOfPage\":{\"@id\":\"https:\/\/ascofame.org.co\/web\/webinar-hablemos-sobre-educacion-medica\/#primaryimage\"},\"image\":{\"@id\":\"https:\/\/ascofame.org.co\/web\/webinar-hablemos-sobre-educacion-medica\/#primaryimage\"},\"thumbnailUrl\":\"https:\/\/ascofame.org.co\/web\/wp-content\/uploads\/2025\/09\/ASCOFAME-WEBINAR-HABLEMOS-SOBRE-EDUCACION-MEDICA-2.png\",\"datePublished\":\"2025-08-13T21:10:23+00:00\",\"dateModified\":\"2025-09-30T16:15:31+00:00\",\"breadcrumb\":{\"@id\":\"https:\/\/ascofame.org.co\/web\/webinar-hablemos-sobre-educacion-medica\/#breadcrumb\"},\"inLanguage\":\"es\",\"potentialAction\":[{\"@type\":\"ReadAction\",\"target\":[\"https:\/\/ascofame.org.co\/web\/webinar-hablemos-sobre-educacion-medica\/\"]}]},{\"@type\":\"ImageObject\",\"inLanguage\":\"es\",\"@id\":\"https:\/\/ascofame.org.co\/web\/webinar-hablemos-sobre-educacion-medica\/#primaryimage\",\"url\":\"https:\/\/ascofame.org.co\/web\/wp-content\/uploads\/2025\/09\/ASCOFAME-WEBINAR-HABLEMOS-SOBRE-EDUCACION-MEDICA-2.png\",\"contentUrl\":\"https:\/\/ascofame.org.co\/web\/wp-content\/uploads\/2025\/09\/ASCOFAME-WEBINAR-HABLEMOS-SOBRE-EDUCACION-MEDICA-2.png\",\"width\":1080,\"height\":1350},{\"@type\":\"BreadcrumbList\",\"@id\":\"https:\/\/ascofame.org.co\/web\/webinar-hablemos-sobre-educacion-medica\/#breadcrumb\",\"itemListElement\":[{\"@type\":\"ListItem\",\"position\":1,\"name\":\"Portada\",\"item\":\"https:\/\/ascofame.org.co\/web\/\"},{\"@type\":\"ListItem\",\"position\":2,\"name\":\"Webinar: Hablemos sobre Educaci\u00f3n M\u00e9dica\"}]},{\"@type\":\"WebSite\",\"@id\":\"https:\/\/ascofame.org.co\/web\/#website\",\"url\":\"https:\/\/ascofame.org.co\/web\/\",\"name\":\"Ascofame\",\"description\":\"\",\"potentialAction\":[{\"@type\":\"SearchAction\",\"target\":{\"@type\":\"EntryPoint\",\"urlTemplate\":\"https:\/\/ascofame.org.co\/web\/?s={search_term_string}\"},\"query-input\":{\"@type\":\"PropertyValueSpecification\",\"valueRequired\":true,\"valueName\":\"search_term_string\"}}],\"inLanguage\":\"es\"}]}<\/script>\n<!-- \/ Yoast SEO plugin. -->","yoast_head_json":{"title":"Webinar: Hablemos sobre Educaci\u00f3n M\u00e9dica -","robots":{"index":"index","follow":"follow","max-snippet":"max-snippet:-1","max-image-preview":"max-image-preview:large","max-video-preview":"max-video-preview:-1"},"canonical":"https:\/\/ascofame.org.co\/web\/webinar-hablemos-sobre-educacion-medica\/","og_locale":"es_ES","og_type":"article","og_title":"Webinar: Hablemos sobre Educaci\u00f3n M\u00e9dica -","og_description":"[vc_row][vc_column][vc_single_image image=&#8221;7679&#8243; img_size=&#8221;full&#8221; alignment=&#8221;center&#8221;][vc_empty_space height=&#8221;40px&#8221;][vc_tta_tour][vc_tta_section i_icon_fontawesome=&#8221;far fa-calendar-alt&#8221; add_icon=&#8221;true&#8221; title=&#8221;Informaci\u00f3n General&#8221; tab_id=&#8221;Informacion_General&#8221;][vc_column_text] Seminarios virtuales: Hablemos sobre Educaci\u00f3n M\u00e9dica \u201cEste espacio acad\u00e9mico busca analizar la relevancia de los ambientes de pr\u00e1ctica cl\u00ednica en la educaci\u00f3n m\u00e9dica, compartir experiencias institucionales en Colombia y Latinoam\u00e9rica, y resaltar la importancia de validar instrumentos de medici\u00f3n en diversos contextos. Se presentar\u00e1n fundamentos conceptuales, hallazgos emp\u00edricos y perspectivas de internacionalizaci\u00f3n, fomentando el [&hellip;]","og_url":"https:\/\/ascofame.org.co\/web\/webinar-hablemos-sobre-educacion-medica\/","article_modified_time":"2025-09-30T16:15:31+00:00","og_image":[{"width":1080,"height":1350,"url":"https:\/\/ascofame.org.co\/web\/wp-content\/uploads\/2025\/09\/ASCOFAME-WEBINAR-HABLEMOS-SOBRE-EDUCACION-MEDICA-2.png","type":"image\/png"}],"twitter_card":"summary_large_image","twitter_misc":{"Tiempo de lectura":"7 minutos"},"schema":{"@context":"https:\/\/schema.org","@graph":[{"@type":"WebPage","@id":"https:\/\/ascofame.org.co\/web\/webinar-hablemos-sobre-educacion-medica\/","url":"https:\/\/ascofame.org.co\/web\/webinar-hablemos-sobre-educacion-medica\/","name":"Webinar: Hablemos sobre Educaci\u00f3n M\u00e9dica -","isPartOf":{"@id":"https:\/\/ascofame.org.co\/web\/#website"},"primaryImageOfPage":{"@id":"https:\/\/ascofame.org.co\/web\/webinar-hablemos-sobre-educacion-medica\/#primaryimage"},"image":{"@id":"https:\/\/ascofame.org.co\/web\/webinar-hablemos-sobre-educacion-medica\/#primaryimage"},"thumbnailUrl":"https:\/\/ascofame.org.co\/web\/wp-content\/uploads\/2025\/09\/ASCOFAME-WEBINAR-HABLEMOS-SOBRE-EDUCACION-MEDICA-2.png","datePublished":"2025-08-13T21:10:23+00:00","dateModified":"2025-09-30T16:15:31+00:00","breadcrumb":{"@id":"https:\/\/ascofame.org.co\/web\/webinar-hablemos-sobre-educacion-medica\/#breadcrumb"},"inLanguage":"es","potentialAction":[{"@type":"ReadAction","target":["https:\/\/ascofame.org.co\/web\/webinar-hablemos-sobre-educacion-medica\/"]}]},{"@type":"ImageObject","inLanguage":"es","@id":"https:\/\/ascofame.org.co\/web\/webinar-hablemos-sobre-educacion-medica\/#primaryimage","url":"https:\/\/ascofame.org.co\/web\/wp-content\/uploads\/2025\/09\/ASCOFAME-WEBINAR-HABLEMOS-SOBRE-EDUCACION-MEDICA-2.png","contentUrl":"https:\/\/ascofame.org.co\/web\/wp-content\/uploads\/2025\/09\/ASCOFAME-WEBINAR-HABLEMOS-SOBRE-EDUCACION-MEDICA-2.png","width":1080,"height":1350},{"@type":"BreadcrumbList","@id":"https:\/\/ascofame.org.co\/web\/webinar-hablemos-sobre-educacion-medica\/#breadcrumb","itemListElement":[{"@type":"ListItem","position":1,"name":"Portada","item":"https:\/\/ascofame.org.co\/web\/"},{"@type":"ListItem","position":2,"name":"Webinar: Hablemos sobre Educaci\u00f3n M\u00e9dica"}]},{"@type":"WebSite","@id":"https:\/\/ascofame.org.co\/web\/#website","url":"https:\/\/ascofame.org.co\/web\/","name":"Ascofame","description":"","potentialAction":[{"@type":"SearchAction","target":{"@type":"EntryPoint","urlTemplate":"https:\/\/ascofame.org.co\/web\/?s={search_term_string}"},"query-input":{"@type":"PropertyValueSpecification","valueRequired":true,"valueName":"search_term_string"}}],"inLanguage":"es"}]}},"_links":{"self":[{"href":"https:\/\/ascofame.org.co\/web\/wp-json\/wp\/v2\/pages\/7658","targetHints":{"allow":["GET"]}}],"collection":[{"href":"https:\/\/ascofame.org.co\/web\/wp-json\/wp\/v2\/pages"}],"about":[{"href":"https:\/\/ascofame.org.co\/web\/wp-json\/wp\/v2\/types\/page"}],"author":[{"embeddable":true,"href":"https:\/\/ascofame.org.co\/web\/wp-json\/wp\/v2\/users\/1"}],"replies":[{"embeddable":true,"href":"https:\/\/ascofame.org.co\/web\/wp-json\/wp\/v2\/comments?post=7658"}],"version-history":[{"count":48,"href":"https:\/\/ascofame.org.co\/web\/wp-json\/wp\/v2\/pages\/7658\/revisions"}],"predecessor-version":[{"id":8231,"href":"https:\/\/ascofame.org.co\/web\/wp-json\/wp\/v2\/pages\/7658\/revisions\/8231"}],"wp:featuredmedia":[{"embeddable":true,"href":"https:\/\/ascofame.org.co\/web\/wp-json\/wp\/v2\/media\/8232"}],"wp:attachment":[{"href":"https:\/\/ascofame.org.co\/web\/wp-json\/wp\/v2\/media?parent=7658"}],"curies":[{"name":"wp","href":"https:\/\/api.w.org\/{rel}","templated":true}]}}