{"id":7526,"date":"2024-07-29T21:46:53","date_gmt":"2024-07-30T02:46:53","guid":{"rendered":"https:\/\/ascofame.org.co\/web\/posters-foro-norte-2024-2\/"},"modified":"2024-11-26T23:10:56","modified_gmt":"2024-11-27T04:10:56","slug":"posters-foro-centro-2024","status":"publish","type":"page","link":"https:\/\/ascofame.org.co\/web\/posters-foro-centro-2024\/","title":{"rendered":"Posters Foro Centro"},"content":{"rendered":"<div class=\"nolwrap\"><p>[vc_row css=&#8221;.vc_custom_1719031518699{margin-top: 20px !important;margin-bottom: 20px !important;}&#8221;][vc_column][vc_single_image image=&#8221;6331&#8243; img_size=&#8221;full&#8221;][vc_empty_space height=&#8221;20px&#8221;][\/vc_column][\/vc_row][vc_row css=&#8221;.vc_custom_1722396294938{margin-top: 10px !important;margin-bottom: 10px !important;padding-top: 10px !important;padding-bottom: 10px !important;}&#8221;][vc_column width=&#8221;1\/3&#8243;][vc_hoverbox image=&#8221;7575&#8243; primary_title=&#8221;&#8221; hover_title=&#8221;&#8221; hover_background_color=&#8221;white&#8221; hover_btn_title=&#8221;Ver Poster&#8221; hover_btn_color=&#8221;primary&#8221; hover_add_button=&#8221;true&#8221; hover_btn_link=&#8221;url:https%3A%2F%2Fascofame.org.co%2Fweb%2Fwp-content%2Fuploads%2F2024%2F11%2FHabilidades-procedimentales-en-cirugia-general-para-estudiantes-en-formacion-a-traves-de-simulacion-clinica%E2%80%8B.pdf|target:_blank&#8221;][\/vc_hoverbox][vc_separator border_width=&#8221;6&#8243; css=&#8221;.vc_custom_1722396156850{margin-top: 10px !important;}&#8221;][vc_column_text css=&#8221;.vc_custom_1732676199748{margin-top: 10px !important;}&#8221;]<\/p>\n<div class=\"ewa-rteLine\">\n<p data-ccp-props=\"{&quot;335551550&quot;:2,&quot;335551620&quot;:2,&quot;335559683&quot;:0,&quot;335559685&quot;:0,&quot;335559731&quot;:0,&quot;335559737&quot;:0,&quot;335562764&quot;:2,&quot;335562765&quot;:1.15,&quot;335562766&quot;:4,&quot;335562767&quot;:0,&quot;335562768&quot;:4,&quot;335562769&quot;:0}\">Habilidades procedimentales en cirug\u00eda general para estudiantes en formaci\u00f3n a trav\u00e9s de simulaci\u00f3n cl\u00ednica\u200b<\/p>\n<\/div>\n<p>[\/vc_column_text][\/vc_column][vc_column width=&#8221;1\/3&#8243;][vc_hoverbox image=&#8221;7573&#8243; primary_title=&#8221;&#8221; hover_title=&#8221;&#8221; hover_background_color=&#8221;white&#8221; hover_btn_title=&#8221;Ver Poster&#8221; hover_btn_color=&#8221;primary&#8221; hover_add_button=&#8221;true&#8221; hover_btn_link=&#8221;url:https%3A%2F%2Fascofame.org.co%2Fweb%2Fwp-content%2Fuploads%2F2024%2F11%2FSimulacion-Interprofesional.pdf|target:_blank&#8221;][\/vc_hoverbox][vc_separator border_width=&#8221;6&#8243; css=&#8221;.vc_custom_1722396176946{margin-top: 10px !important;}&#8221;][vc_column_text css=&#8221;.vc_custom_1732677720520{margin-top: 10px !important;}&#8221;]Simulaci\u00f3n Interprofesional: Innovando en Fracturas Expuestas[\/vc_column_text][\/vc_column][vc_column width=&#8221;1\/3&#8243;][vc_hoverbox image=&#8221;7578&#8243; primary_title=&#8221;&#8221; hover_title=&#8221;&#8221; hover_background_color=&#8221;white&#8221; hover_btn_title=&#8221;Ver Poster&#8221; hover_btn_color=&#8221;primary&#8221; hover_add_button=&#8221;true&#8221; hover_btn_link=&#8221;url:https%3A%2F%2Fascofame.org.co%2Fweb%2Fwp-content%2Fuploads%2F2024%2F11%2FUso-de-Simulacion-Clinica-en-la-Ensenanza-de-RCP-Pediatrica-para-Estudiantes-de-Pregrado-de-Decimo-Semestre_.pdf|target:_blank&#8221;][\/vc_hoverbox][vc_separator border_width=&#8221;6&#8243; css=&#8221;.vc_custom_1722396193809{margin-top: 10px !important;}&#8221;][vc_column_text css=&#8221;.vc_custom_1732676687295{margin-top: 10px !important;}&#8221;]Uso de Simulaci\u00f3n Cl\u00ednica en la Ense\u00f1anza de RCP Pedi\u00e1trica para Estudiantes de Pregrado de D\u00e9cimo Semestre\u200b[\/vc_column_text][\/vc_column][\/vc_row][vc_row css=&#8221;.vc_custom_1722396294938{margin-top: 10px !important;margin-bottom: 10px !important;padding-top: 10px !important;padding-bottom: 10px !important;}&#8221;][vc_column width=&#8221;1\/3&#8243;][vc_hoverbox image=&#8221;7576&#8243; primary_title=&#8221;&#8221; hover_title=&#8221;&#8221; hover_background_color=&#8221;white&#8221; hover_btn_title=&#8221;Ver Poster&#8221; hover_btn_color=&#8221;primary&#8221; hover_add_button=&#8221;true&#8221; hover_btn_link=&#8221;url:https%3A%2F%2Fascofame.org.co%2Fweb%2Fwp-content%2Fuploads%2F2024%2F11%2FImpacto-de-las-actividades-de-simulacion-clinica-en-el-nivel-de-ansiedad-medido-con-el-cuestionario-STAI-antes-y-despues-de-las-practicas-clinicas-en-estudiantes-de-Octavo-se.pdf|target:_blank&#8221;][\/vc_hoverbox][vc_separator border_width=&#8221;6&#8243; css=&#8221;.vc_custom_1722396156850{margin-top: 10px !important;}&#8221;][vc_column_text css=&#8221;.vc_custom_1732676787254{margin-top: 10px !important;}&#8221;]<\/p>\n<div class=\"ewa-rteLine\">\n<p data-ccp-props=\"{&quot;335551550&quot;:2,&quot;335551620&quot;:2,&quot;335559683&quot;:0,&quot;335559685&quot;:0,&quot;335559731&quot;:0,&quot;335559737&quot;:0,&quot;335562764&quot;:2,&quot;335562765&quot;:1.15,&quot;335562766&quot;:4,&quot;335562767&quot;:0,&quot;335562768&quot;:4,&quot;335562769&quot;:0}\">Impacto de las actividades de simulaci\u00f3n cl\u00ednica en el nivel de ansiedad medido con el cuestionario STAI antes y despu\u00e9s de las practicas cl\u00ednicas en estudiantes de Octavo semestre de Medicina de la Universidad El Bosque<\/p>\n<\/div>\n<p>[\/vc_column_text][\/vc_column][vc_column width=&#8221;1\/3&#8243;][vc_hoverbox image=&#8221;7577&#8243; primary_title=&#8221;&#8221; hover_title=&#8221;&#8221; hover_background_color=&#8221;white&#8221; hover_btn_title=&#8221;Ver Poster&#8221; hover_btn_color=&#8221;primary&#8221; hover_add_button=&#8221;true&#8221; hover_btn_link=&#8221;url:https%3A%2F%2Fascofame.org.co%2Fweb%2Fwp-content%2Fuploads%2F2024%2F11%2FRotacion-Interprofesional-la-experiencia.pdf|target:_blank&#8221;][\/vc_hoverbox][vc_separator border_width=&#8221;6&#8243; css=&#8221;.vc_custom_1722396176946{margin-top: 10px !important;}&#8221;][vc_column_text css=&#8221;.vc_custom_1732676847813{margin-top: 10px !important;}&#8221;]Rotaci\u00f3n Interprofesional: la experiencia[\/vc_column_text][\/vc_column][vc_column width=&#8221;1\/3&#8243;][vc_hoverbox image=&#8221;7574&#8243; primary_title=&#8221;&#8221; hover_title=&#8221;&#8221; hover_background_color=&#8221;white&#8221; hover_btn_title=&#8221;Ver Poster&#8221; hover_btn_color=&#8221;primary&#8221; hover_add_button=&#8221;true&#8221; hover_btn_link=&#8221;url:https%3A%2F%2Fascofame.org.co%2Fweb%2Fwp-content%2Fuploads%2F2024%2F11%2FFactores-favorecedores-y-obstaculizadores-para-la-ensenanza-y-aprendizaje-del-electrocardiograma-en-TAPH_.pdf|target:_blank&#8221;][\/vc_hoverbox][vc_separator border_width=&#8221;6&#8243; css=&#8221;.vc_custom_1722396193809{margin-top: 10px !important;}&#8221;][vc_column_text css=&#8221;.vc_custom_1732677023967{margin-top: 10px !important;}&#8221;]<\/p>\n<p data-ccp-props=\"{&quot;335551550&quot;:2,&quot;335551620&quot;:2,&quot;335559683&quot;:0,&quot;335559685&quot;:0,&quot;335559731&quot;:0,&quot;335559737&quot;:0,&quot;335562764&quot;:2,&quot;335562765&quot;:0.9,&quot;335562766&quot;:4,&quot;335562767&quot;:7.5,&quot;335562768&quot;:4,&quot;335562769&quot;:0}\">Factores favorecedores y obstaculizadores para la ense\u00f1anza y aprendizaje del electrocardiograma en TAPH\u200b<\/p>\n<p>[\/vc_column_text][\/vc_column][\/vc_row]<\/p>\n<\/div>","protected":false},"excerpt":{"rendered":"<p>[vc_row css=&#8221;.vc_custom_1719031518699{margin-top: 20px !important;margin-bottom: 20px !important;}&#8221;][vc_column][vc_single_image image=&#8221;6331&#8243; img_size=&#8221;full&#8221;][vc_empty_space height=&#8221;20px&#8221;][\/vc_column][\/vc_row][vc_row css=&#8221;.vc_custom_1722396294938{margin-top: 10px !important;margin-bottom: 10px !important;padding-top: 10px !important;padding-bottom: 10px !important;}&#8221;][vc_column width=&#8221;1\/3&#8243;][vc_hoverbox image=&#8221;7575&#8243; primary_title=&#8221;&#8221; hover_title=&#8221;&#8221; hover_background_color=&#8221;white&#8221; hover_btn_title=&#8221;Ver Poster&#8221; hover_btn_color=&#8221;primary&#8221; hover_add_button=&#8221;true&#8221; hover_btn_link=&#8221;url:https%3A%2F%2Fascofame.org.co%2Fweb%2Fwp-content%2Fuploads%2F2024%2F11%2FHabilidades-procedimentales-en-cirugia-general-para-estudiantes-en-formacion-a-traves-de-simulacion-clinica%E2%80%8B.pdf|target:_blank&#8221;][\/vc_hoverbox][vc_separator border_width=&#8221;6&#8243; css=&#8221;.vc_custom_1722396156850{margin-top: 10px !important;}&#8221;][vc_column_text css=&#8221;.vc_custom_1732676199748{margin-top: 10px !important;}&#8221;] Habilidades procedimentales en cirug\u00eda general para estudiantes en formaci\u00f3n a trav\u00e9s de simulaci\u00f3n cl\u00ednica\u200b [\/vc_column_text][\/vc_column][vc_column width=&#8221;1\/3&#8243;][vc_hoverbox image=&#8221;7573&#8243; primary_title=&#8221;&#8221; hover_title=&#8221;&#8221; hover_background_color=&#8221;white&#8221; hover_btn_title=&#8221;Ver Poster&#8221; hover_btn_color=&#8221;primary&#8221; hover_add_button=&#8221;true&#8221; hover_btn_link=&#8221;url:https%3A%2F%2Fascofame.org.co%2Fweb%2Fwp-content%2Fuploads%2F2024%2F11%2FSimulacion-Interprofesional.pdf|target:_blank&#8221;][\/vc_hoverbox][vc_separator border_width=&#8221;6&#8243; css=&#8221;.vc_custom_1722396176946{margin-top: 10px !important;}&#8221;][vc_column_text css=&#8221;.vc_custom_1732677720520{margin-top: [&hellip;]<\/p>\n","protected":false},"author":1,"featured_media":0,"parent":0,"menu_order":0,"comment_status":"closed","ping_status":"closed","template":"","meta":{"episode_type":"","audio_file":"","podmotor_file_id":"","podmotor_episode_id":"","cover_image":"","cover_image_id":"","duration":"","filesize":"","filesize_raw":"","date_recorded":"","explicit":"","block":"","footnotes":""},"class_list":["post-7526","page","type-page","status-publish","hentry"],"yoast_head":"<!-- This site is optimized with the Yoast SEO plugin v26.3 - https:\/\/yoast.com\/wordpress\/plugins\/seo\/ -->\n<title>Posters Foro Centro -<\/title>\n<meta name=\"robots\" content=\"index, follow, max-snippet:-1, max-image-preview:large, max-video-preview:-1\" \/>\n<link rel=\"canonical\" href=\"https:\/\/ascofame.org.co\/web\/posters-foro-centro-2024\/\" \/>\n<meta property=\"og:locale\" content=\"es_ES\" \/>\n<meta property=\"og:type\" content=\"article\" \/>\n<meta property=\"og:title\" content=\"Posters Foro Centro -\" \/>\n<meta property=\"og:description\" content=\"[vc_row css=&#8221;.vc_custom_1719031518699{margin-top: 20px !important;margin-bottom: 20px !important;}&#8221;][vc_column][vc_single_image image=&#8221;6331&#8243; img_size=&#8221;full&#8221;][vc_empty_space height=&#8221;20px&#8221;][\/vc_column][\/vc_row][vc_row css=&#8221;.vc_custom_1722396294938{margin-top: 10px !important;margin-bottom: 10px !important;padding-top: 10px !important;padding-bottom: 10px !important;}&#8221;][vc_column width=&#8221;1\/3&#8243;][vc_hoverbox image=&#8221;7575&#8243; primary_title=&#8221;&#8221; hover_title=&#8221;&#8221; hover_background_color=&#8221;white&#8221; hover_btn_title=&#8221;Ver Poster&#8221; hover_btn_color=&#8221;primary&#8221; hover_add_button=&#8221;true&#8221; hover_btn_link=&#8221;url:https%3A%2F%2Fascofame.org.co%2Fweb%2Fwp-content%2Fuploads%2F2024%2F11%2FHabilidades-procedimentales-en-cirugia-general-para-estudiantes-en-formacion-a-traves-de-simulacion-clinica%E2%80%8B.pdf|target:_blank&#8221;][\/vc_hoverbox][vc_separator border_width=&#8221;6&#8243; css=&#8221;.vc_custom_1722396156850{margin-top: 10px !important;}&#8221;][vc_column_text css=&#8221;.vc_custom_1732676199748{margin-top: 10px !important;}&#8221;] Habilidades procedimentales en cirug\u00eda general para estudiantes en formaci\u00f3n a trav\u00e9s de simulaci\u00f3n cl\u00ednica\u200b [\/vc_column_text][\/vc_column][vc_column width=&#8221;1\/3&#8243;][vc_hoverbox image=&#8221;7573&#8243; primary_title=&#8221;&#8221; hover_title=&#8221;&#8221; hover_background_color=&#8221;white&#8221; hover_btn_title=&#8221;Ver Poster&#8221; hover_btn_color=&#8221;primary&#8221; hover_add_button=&#8221;true&#8221; hover_btn_link=&#8221;url:https%3A%2F%2Fascofame.org.co%2Fweb%2Fwp-content%2Fuploads%2F2024%2F11%2FSimulacion-Interprofesional.pdf|target:_blank&#8221;][\/vc_hoverbox][vc_separator border_width=&#8221;6&#8243; css=&#8221;.vc_custom_1722396176946{margin-top: 10px !important;}&#8221;][vc_column_text css=&#8221;.vc_custom_1732677720520{margin-top: [&hellip;]\" \/>\n<meta property=\"og:url\" content=\"https:\/\/ascofame.org.co\/web\/posters-foro-centro-2024\/\" \/>\n<meta property=\"article:modified_time\" content=\"2024-11-27T04:10:56+00:00\" \/>\n<meta name=\"twitter:card\" content=\"summary_large_image\" \/>\n<meta name=\"twitter:label1\" content=\"Tiempo de lectura\" \/>\n\t<meta name=\"twitter:data1\" content=\"3 minutos\" \/>\n<script type=\"application\/ld+json\" class=\"yoast-schema-graph\">{\"@context\":\"https:\/\/schema.org\",\"@graph\":[{\"@type\":\"WebPage\",\"@id\":\"https:\/\/ascofame.org.co\/web\/posters-foro-centro-2024\/\",\"url\":\"https:\/\/ascofame.org.co\/web\/posters-foro-centro-2024\/\",\"name\":\"Posters Foro Centro -\",\"isPartOf\":{\"@id\":\"https:\/\/ascofame.org.co\/web\/#website\"},\"datePublished\":\"2024-07-30T02:46:53+00:00\",\"dateModified\":\"2024-11-27T04:10:56+00:00\",\"breadcrumb\":{\"@id\":\"https:\/\/ascofame.org.co\/web\/posters-foro-centro-2024\/#breadcrumb\"},\"inLanguage\":\"es\",\"potentialAction\":[{\"@type\":\"ReadAction\",\"target\":[\"https:\/\/ascofame.org.co\/web\/posters-foro-centro-2024\/\"]}]},{\"@type\":\"BreadcrumbList\",\"@id\":\"https:\/\/ascofame.org.co\/web\/posters-foro-centro-2024\/#breadcrumb\",\"itemListElement\":[{\"@type\":\"ListItem\",\"position\":1,\"name\":\"Portada\",\"item\":\"https:\/\/ascofame.org.co\/web\/\"},{\"@type\":\"ListItem\",\"position\":2,\"name\":\"Posters Foro Centro\"}]},{\"@type\":\"WebSite\",\"@id\":\"https:\/\/ascofame.org.co\/web\/#website\",\"url\":\"https:\/\/ascofame.org.co\/web\/\",\"name\":\"Ascofame\",\"description\":\"\",\"potentialAction\":[{\"@type\":\"SearchAction\",\"target\":{\"@type\":\"EntryPoint\",\"urlTemplate\":\"https:\/\/ascofame.org.co\/web\/?s={search_term_string}\"},\"query-input\":{\"@type\":\"PropertyValueSpecification\",\"valueRequired\":true,\"valueName\":\"search_term_string\"}}],\"inLanguage\":\"es\"}]}<\/script>\n<!-- \/ Yoast SEO plugin. -->","yoast_head_json":{"title":"Posters Foro Centro -","robots":{"index":"index","follow":"follow","max-snippet":"max-snippet:-1","max-image-preview":"max-image-preview:large","max-video-preview":"max-video-preview:-1"},"canonical":"https:\/\/ascofame.org.co\/web\/posters-foro-centro-2024\/","og_locale":"es_ES","og_type":"article","og_title":"Posters Foro Centro -","og_description":"[vc_row css=&#8221;.vc_custom_1719031518699{margin-top: 20px !important;margin-bottom: 20px !important;}&#8221;][vc_column][vc_single_image image=&#8221;6331&#8243; img_size=&#8221;full&#8221;][vc_empty_space height=&#8221;20px&#8221;][\/vc_column][\/vc_row][vc_row css=&#8221;.vc_custom_1722396294938{margin-top: 10px !important;margin-bottom: 10px !important;padding-top: 10px !important;padding-bottom: 10px !important;}&#8221;][vc_column width=&#8221;1\/3&#8243;][vc_hoverbox image=&#8221;7575&#8243; primary_title=&#8221;&#8221; hover_title=&#8221;&#8221; hover_background_color=&#8221;white&#8221; hover_btn_title=&#8221;Ver Poster&#8221; hover_btn_color=&#8221;primary&#8221; hover_add_button=&#8221;true&#8221; hover_btn_link=&#8221;url:https%3A%2F%2Fascofame.org.co%2Fweb%2Fwp-content%2Fuploads%2F2024%2F11%2FHabilidades-procedimentales-en-cirugia-general-para-estudiantes-en-formacion-a-traves-de-simulacion-clinica%E2%80%8B.pdf|target:_blank&#8221;][\/vc_hoverbox][vc_separator border_width=&#8221;6&#8243; css=&#8221;.vc_custom_1722396156850{margin-top: 10px !important;}&#8221;][vc_column_text css=&#8221;.vc_custom_1732676199748{margin-top: 10px !important;}&#8221;] Habilidades procedimentales en cirug\u00eda general para estudiantes en formaci\u00f3n a trav\u00e9s de simulaci\u00f3n cl\u00ednica\u200b [\/vc_column_text][\/vc_column][vc_column width=&#8221;1\/3&#8243;][vc_hoverbox image=&#8221;7573&#8243; primary_title=&#8221;&#8221; hover_title=&#8221;&#8221; hover_background_color=&#8221;white&#8221; hover_btn_title=&#8221;Ver Poster&#8221; hover_btn_color=&#8221;primary&#8221; hover_add_button=&#8221;true&#8221; hover_btn_link=&#8221;url:https%3A%2F%2Fascofame.org.co%2Fweb%2Fwp-content%2Fuploads%2F2024%2F11%2FSimulacion-Interprofesional.pdf|target:_blank&#8221;][\/vc_hoverbox][vc_separator border_width=&#8221;6&#8243; css=&#8221;.vc_custom_1722396176946{margin-top: 10px !important;}&#8221;][vc_column_text css=&#8221;.vc_custom_1732677720520{margin-top: [&hellip;]","og_url":"https:\/\/ascofame.org.co\/web\/posters-foro-centro-2024\/","article_modified_time":"2024-11-27T04:10:56+00:00","twitter_card":"summary_large_image","twitter_misc":{"Tiempo de lectura":"3 minutos"},"schema":{"@context":"https:\/\/schema.org","@graph":[{"@type":"WebPage","@id":"https:\/\/ascofame.org.co\/web\/posters-foro-centro-2024\/","url":"https:\/\/ascofame.org.co\/web\/posters-foro-centro-2024\/","name":"Posters Foro Centro -","isPartOf":{"@id":"https:\/\/ascofame.org.co\/web\/#website"},"datePublished":"2024-07-30T02:46:53+00:00","dateModified":"2024-11-27T04:10:56+00:00","breadcrumb":{"@id":"https:\/\/ascofame.org.co\/web\/posters-foro-centro-2024\/#breadcrumb"},"inLanguage":"es","potentialAction":[{"@type":"ReadAction","target":["https:\/\/ascofame.org.co\/web\/posters-foro-centro-2024\/"]}]},{"@type":"BreadcrumbList","@id":"https:\/\/ascofame.org.co\/web\/posters-foro-centro-2024\/#breadcrumb","itemListElement":[{"@type":"ListItem","position":1,"name":"Portada","item":"https:\/\/ascofame.org.co\/web\/"},{"@type":"ListItem","position":2,"name":"Posters Foro Centro"}]},{"@type":"WebSite","@id":"https:\/\/ascofame.org.co\/web\/#website","url":"https:\/\/ascofame.org.co\/web\/","name":"Ascofame","description":"","potentialAction":[{"@type":"SearchAction","target":{"@type":"EntryPoint","urlTemplate":"https:\/\/ascofame.org.co\/web\/?s={search_term_string}"},"query-input":{"@type":"PropertyValueSpecification","valueRequired":true,"valueName":"search_term_string"}}],"inLanguage":"es"}]}},"_links":{"self":[{"href":"https:\/\/ascofame.org.co\/web\/wp-json\/wp\/v2\/pages\/7526","targetHints":{"allow":["GET"]}}],"collection":[{"href":"https:\/\/ascofame.org.co\/web\/wp-json\/wp\/v2\/pages"}],"about":[{"href":"https:\/\/ascofame.org.co\/web\/wp-json\/wp\/v2\/types\/page"}],"author":[{"embeddable":true,"href":"https:\/\/ascofame.org.co\/web\/wp-json\/wp\/v2\/users\/1"}],"replies":[{"embeddable":true,"href":"https:\/\/ascofame.org.co\/web\/wp-json\/wp\/v2\/comments?post=7526"}],"version-history":[{"count":30,"href":"https:\/\/ascofame.org.co\/web\/wp-json\/wp\/v2\/pages\/7526\/revisions"}],"predecessor-version":[{"id":7579,"href":"https:\/\/ascofame.org.co\/web\/wp-json\/wp\/v2\/pages\/7526\/revisions\/7579"}],"wp:attachment":[{"href":"https:\/\/ascofame.org.co\/web\/wp-json\/wp\/v2\/media?parent=7526"}],"curies":[{"name":"wp","href":"https:\/\/api.w.org\/{rel}","templated":true}]}}