{"id":6373,"date":"2024-07-29T21:46:53","date_gmt":"2024-07-30T02:46:53","guid":{"rendered":"https:\/\/ascofame.org.co\/web\/posters-foro-oriente-2024-2\/"},"modified":"2024-08-01T11:29:27","modified_gmt":"2024-08-01T16:29:27","slug":"posters-foro-occidente-2024","status":"publish","type":"page","link":"https:\/\/ascofame.org.co\/web\/posters-foro-occidente-2024\/","title":{"rendered":"Posters Foro Occidente"},"content":{"rendered":"<div class=\"nolwrap\"><p>[vc_row css=&#8221;.vc_custom_1719031518699{margin-top: 20px !important;margin-bottom: 20px !important;}&#8221;][vc_column][vc_single_image image=&#8221;6331&#8243; img_size=&#8221;full&#8221;][vc_empty_space height=&#8221;20px&#8221;][\/vc_column][\/vc_row][vc_row css=&#8221;.vc_custom_1722396294938{margin-top: 10px !important;margin-bottom: 10px !important;padding-top: 10px !important;padding-bottom: 10px !important;}&#8221;][vc_column width=&#8221;1\/3&#8243;][vc_hoverbox image=&#8221;6410&#8243; primary_title=&#8221;&#8221; hover_title=&#8221;&#8221; hover_background_color=&#8221;white&#8221; hover_btn_title=&#8221;Ver Poster&#8221; hover_btn_color=&#8221;primary&#8221; hover_add_button=&#8221;true&#8221; hover_btn_link=&#8221;url:https%3A%2F%2Fascofame.org.co%2Fweb%2Fwp-content%2Fuploads%2F2024%2F08%2FPoster1.pdf|target:_blank&#8221;][\/vc_hoverbox][vc_separator border_width=&#8221;6&#8243; css=&#8221;.vc_custom_1722396156850{margin-top: 10px !important;}&#8221;][vc_column_text css=&#8221;.vc_custom_1722529410761{margin-top: 10px !important;}&#8221;]<\/p>\n<div class=\"ewa-rteLine\">Espacios Personales De Aprendizaje A Partir De Un Modelo Porcino Ex-Vivo Y Realidad Aumentada<\/div>\n<p>[\/vc_column_text][\/vc_column][vc_column width=&#8221;1\/3&#8243;][vc_hoverbox image=&#8221;6410&#8243; primary_title=&#8221;&#8221; hover_title=&#8221;&#8221; hover_background_color=&#8221;white&#8221; hover_btn_title=&#8221;Ver Poster&#8221; hover_btn_color=&#8221;primary&#8221; hover_add_button=&#8221;true&#8221; hover_btn_link=&#8221;url:https%3A%2F%2Fascofame.org.co%2Fweb%2Fwp-content%2Fuploads%2F2024%2F08%2FPoster2.pdf|target:_blank&#8221;][\/vc_hoverbox][vc_separator border_width=&#8221;6&#8243; css=&#8221;.vc_custom_1722396176946{margin-top: 10px !important;}&#8221;][vc_column_text css=&#8221;.vc_custom_1722529558059{margin-top: 10px !important;}&#8221;]<\/p>\n<div class=\"ewa-rteLine\">Simulaci\u00f3n con modelos ex vivo para la educaci\u00f3n en cirug\u00eda pedi\u00e1trica y urolog\u00eda pedi\u00e1trica<\/div>\n<p>[\/vc_column_text][\/vc_column][\/vc_row]<\/p>\n<\/div>","protected":false},"excerpt":{"rendered":"<p>[vc_row css=&#8221;.vc_custom_1719031518699{margin-top: 20px !important;margin-bottom: 20px !important;}&#8221;][vc_column][vc_single_image image=&#8221;6331&#8243; img_size=&#8221;full&#8221;][vc_empty_space height=&#8221;20px&#8221;][\/vc_column][\/vc_row][vc_row css=&#8221;.vc_custom_1722396294938{margin-top: 10px !important;margin-bottom: 10px !important;padding-top: 10px !important;padding-bottom: 10px !important;}&#8221;][vc_column width=&#8221;1\/3&#8243;][vc_hoverbox image=&#8221;6410&#8243; primary_title=&#8221;&#8221; hover_title=&#8221;&#8221; hover_background_color=&#8221;white&#8221; hover_btn_title=&#8221;Ver Poster&#8221; hover_btn_color=&#8221;primary&#8221; hover_add_button=&#8221;true&#8221; hover_btn_link=&#8221;url:https%3A%2F%2Fascofame.org.co%2Fweb%2Fwp-content%2Fuploads%2F2024%2F08%2FPoster1.pdf|target:_blank&#8221;][\/vc_hoverbox][vc_separator border_width=&#8221;6&#8243; css=&#8221;.vc_custom_1722396156850{margin-top: 10px !important;}&#8221;][vc_column_text css=&#8221;.vc_custom_1722529410761{margin-top: 10px !important;}&#8221;] Espacios Personales De Aprendizaje A Partir De Un Modelo Porcino Ex-Vivo Y Realidad Aumentada [\/vc_column_text][\/vc_column][vc_column width=&#8221;1\/3&#8243;][vc_hoverbox image=&#8221;6410&#8243; primary_title=&#8221;&#8221; hover_title=&#8221;&#8221; hover_background_color=&#8221;white&#8221; hover_btn_title=&#8221;Ver Poster&#8221; hover_btn_color=&#8221;primary&#8221; hover_add_button=&#8221;true&#8221; hover_btn_link=&#8221;url:https%3A%2F%2Fascofame.org.co%2Fweb%2Fwp-content%2Fuploads%2F2024%2F08%2FPoster2.pdf|target:_blank&#8221;][\/vc_hoverbox][vc_separator border_width=&#8221;6&#8243; css=&#8221;.vc_custom_1722396176946{margin-top: 10px !important;}&#8221;][vc_column_text css=&#8221;.vc_custom_1722529558059{margin-top: [&hellip;]<\/p>\n","protected":false},"author":1,"featured_media":0,"parent":0,"menu_order":0,"comment_status":"closed","ping_status":"closed","template":"","meta":{"episode_type":"","audio_file":"","podmotor_file_id":"","podmotor_episode_id":"","cover_image":"","cover_image_id":"","duration":"","filesize":"","filesize_raw":"","date_recorded":"","explicit":"","block":"","footnotes":""},"class_list":["post-6373","page","type-page","status-publish","hentry"],"yoast_head":"<!-- This site is optimized with the Yoast SEO plugin v26.3 - https:\/\/yoast.com\/wordpress\/plugins\/seo\/ -->\n<title>Posters Foro Occidente -<\/title>\n<meta name=\"robots\" content=\"index, follow, max-snippet:-1, max-image-preview:large, max-video-preview:-1\" \/>\n<link rel=\"canonical\" href=\"https:\/\/ascofame.org.co\/web\/posters-foro-occidente-2024\/\" \/>\n<meta property=\"og:locale\" content=\"es_ES\" \/>\n<meta property=\"og:type\" content=\"article\" \/>\n<meta property=\"og:title\" content=\"Posters Foro Occidente -\" \/>\n<meta property=\"og:description\" content=\"[vc_row css=&#8221;.vc_custom_1719031518699{margin-top: 20px !important;margin-bottom: 20px !important;}&#8221;][vc_column][vc_single_image image=&#8221;6331&#8243; img_size=&#8221;full&#8221;][vc_empty_space height=&#8221;20px&#8221;][\/vc_column][\/vc_row][vc_row css=&#8221;.vc_custom_1722396294938{margin-top: 10px !important;margin-bottom: 10px !important;padding-top: 10px !important;padding-bottom: 10px !important;}&#8221;][vc_column width=&#8221;1\/3&#8243;][vc_hoverbox image=&#8221;6410&#8243; primary_title=&#8221;&#8221; hover_title=&#8221;&#8221; hover_background_color=&#8221;white&#8221; hover_btn_title=&#8221;Ver Poster&#8221; hover_btn_color=&#8221;primary&#8221; hover_add_button=&#8221;true&#8221; hover_btn_link=&#8221;url:https%3A%2F%2Fascofame.org.co%2Fweb%2Fwp-content%2Fuploads%2F2024%2F08%2FPoster1.pdf|target:_blank&#8221;][\/vc_hoverbox][vc_separator border_width=&#8221;6&#8243; css=&#8221;.vc_custom_1722396156850{margin-top: 10px !important;}&#8221;][vc_column_text css=&#8221;.vc_custom_1722529410761{margin-top: 10px !important;}&#8221;] Espacios Personales De Aprendizaje A Partir De Un Modelo Porcino Ex-Vivo Y Realidad Aumentada [\/vc_column_text][\/vc_column][vc_column width=&#8221;1\/3&#8243;][vc_hoverbox image=&#8221;6410&#8243; primary_title=&#8221;&#8221; hover_title=&#8221;&#8221; hover_background_color=&#8221;white&#8221; hover_btn_title=&#8221;Ver Poster&#8221; hover_btn_color=&#8221;primary&#8221; hover_add_button=&#8221;true&#8221; hover_btn_link=&#8221;url:https%3A%2F%2Fascofame.org.co%2Fweb%2Fwp-content%2Fuploads%2F2024%2F08%2FPoster2.pdf|target:_blank&#8221;][\/vc_hoverbox][vc_separator border_width=&#8221;6&#8243; css=&#8221;.vc_custom_1722396176946{margin-top: 10px !important;}&#8221;][vc_column_text css=&#8221;.vc_custom_1722529558059{margin-top: [&hellip;]\" \/>\n<meta property=\"og:url\" content=\"https:\/\/ascofame.org.co\/web\/posters-foro-occidente-2024\/\" \/>\n<meta property=\"article:modified_time\" content=\"2024-08-01T16:29:27+00:00\" \/>\n<meta name=\"twitter:card\" content=\"summary_large_image\" \/>\n<meta name=\"twitter:label1\" content=\"Tiempo de lectura\" \/>\n\t<meta name=\"twitter:data1\" content=\"1 minuto\" \/>\n<script type=\"application\/ld+json\" class=\"yoast-schema-graph\">{\"@context\":\"https:\/\/schema.org\",\"@graph\":[{\"@type\":\"WebPage\",\"@id\":\"https:\/\/ascofame.org.co\/web\/posters-foro-occidente-2024\/\",\"url\":\"https:\/\/ascofame.org.co\/web\/posters-foro-occidente-2024\/\",\"name\":\"Posters Foro Occidente -\",\"isPartOf\":{\"@id\":\"https:\/\/ascofame.org.co\/web\/#website\"},\"datePublished\":\"2024-07-30T02:46:53+00:00\",\"dateModified\":\"2024-08-01T16:29:27+00:00\",\"breadcrumb\":{\"@id\":\"https:\/\/ascofame.org.co\/web\/posters-foro-occidente-2024\/#breadcrumb\"},\"inLanguage\":\"es\",\"potentialAction\":[{\"@type\":\"ReadAction\",\"target\":[\"https:\/\/ascofame.org.co\/web\/posters-foro-occidente-2024\/\"]}]},{\"@type\":\"BreadcrumbList\",\"@id\":\"https:\/\/ascofame.org.co\/web\/posters-foro-occidente-2024\/#breadcrumb\",\"itemListElement\":[{\"@type\":\"ListItem\",\"position\":1,\"name\":\"Portada\",\"item\":\"https:\/\/ascofame.org.co\/web\/\"},{\"@type\":\"ListItem\",\"position\":2,\"name\":\"Posters Foro Occidente\"}]},{\"@type\":\"WebSite\",\"@id\":\"https:\/\/ascofame.org.co\/web\/#website\",\"url\":\"https:\/\/ascofame.org.co\/web\/\",\"name\":\"Ascofame\",\"description\":\"\",\"potentialAction\":[{\"@type\":\"SearchAction\",\"target\":{\"@type\":\"EntryPoint\",\"urlTemplate\":\"https:\/\/ascofame.org.co\/web\/?s={search_term_string}\"},\"query-input\":{\"@type\":\"PropertyValueSpecification\",\"valueRequired\":true,\"valueName\":\"search_term_string\"}}],\"inLanguage\":\"es\"}]}<\/script>\n<!-- \/ Yoast SEO plugin. -->","yoast_head_json":{"title":"Posters Foro Occidente -","robots":{"index":"index","follow":"follow","max-snippet":"max-snippet:-1","max-image-preview":"max-image-preview:large","max-video-preview":"max-video-preview:-1"},"canonical":"https:\/\/ascofame.org.co\/web\/posters-foro-occidente-2024\/","og_locale":"es_ES","og_type":"article","og_title":"Posters Foro Occidente -","og_description":"[vc_row css=&#8221;.vc_custom_1719031518699{margin-top: 20px !important;margin-bottom: 20px !important;}&#8221;][vc_column][vc_single_image image=&#8221;6331&#8243; img_size=&#8221;full&#8221;][vc_empty_space height=&#8221;20px&#8221;][\/vc_column][\/vc_row][vc_row css=&#8221;.vc_custom_1722396294938{margin-top: 10px !important;margin-bottom: 10px !important;padding-top: 10px !important;padding-bottom: 10px !important;}&#8221;][vc_column width=&#8221;1\/3&#8243;][vc_hoverbox image=&#8221;6410&#8243; primary_title=&#8221;&#8221; hover_title=&#8221;&#8221; hover_background_color=&#8221;white&#8221; hover_btn_title=&#8221;Ver Poster&#8221; hover_btn_color=&#8221;primary&#8221; hover_add_button=&#8221;true&#8221; hover_btn_link=&#8221;url:https%3A%2F%2Fascofame.org.co%2Fweb%2Fwp-content%2Fuploads%2F2024%2F08%2FPoster1.pdf|target:_blank&#8221;][\/vc_hoverbox][vc_separator border_width=&#8221;6&#8243; css=&#8221;.vc_custom_1722396156850{margin-top: 10px !important;}&#8221;][vc_column_text css=&#8221;.vc_custom_1722529410761{margin-top: 10px !important;}&#8221;] Espacios Personales De Aprendizaje A Partir De Un Modelo Porcino Ex-Vivo Y Realidad Aumentada [\/vc_column_text][\/vc_column][vc_column width=&#8221;1\/3&#8243;][vc_hoverbox image=&#8221;6410&#8243; primary_title=&#8221;&#8221; hover_title=&#8221;&#8221; hover_background_color=&#8221;white&#8221; hover_btn_title=&#8221;Ver Poster&#8221; hover_btn_color=&#8221;primary&#8221; hover_add_button=&#8221;true&#8221; hover_btn_link=&#8221;url:https%3A%2F%2Fascofame.org.co%2Fweb%2Fwp-content%2Fuploads%2F2024%2F08%2FPoster2.pdf|target:_blank&#8221;][\/vc_hoverbox][vc_separator border_width=&#8221;6&#8243; css=&#8221;.vc_custom_1722396176946{margin-top: 10px !important;}&#8221;][vc_column_text css=&#8221;.vc_custom_1722529558059{margin-top: [&hellip;]","og_url":"https:\/\/ascofame.org.co\/web\/posters-foro-occidente-2024\/","article_modified_time":"2024-08-01T16:29:27+00:00","twitter_card":"summary_large_image","twitter_misc":{"Tiempo de lectura":"1 minuto"},"schema":{"@context":"https:\/\/schema.org","@graph":[{"@type":"WebPage","@id":"https:\/\/ascofame.org.co\/web\/posters-foro-occidente-2024\/","url":"https:\/\/ascofame.org.co\/web\/posters-foro-occidente-2024\/","name":"Posters Foro Occidente -","isPartOf":{"@id":"https:\/\/ascofame.org.co\/web\/#website"},"datePublished":"2024-07-30T02:46:53+00:00","dateModified":"2024-08-01T16:29:27+00:00","breadcrumb":{"@id":"https:\/\/ascofame.org.co\/web\/posters-foro-occidente-2024\/#breadcrumb"},"inLanguage":"es","potentialAction":[{"@type":"ReadAction","target":["https:\/\/ascofame.org.co\/web\/posters-foro-occidente-2024\/"]}]},{"@type":"BreadcrumbList","@id":"https:\/\/ascofame.org.co\/web\/posters-foro-occidente-2024\/#breadcrumb","itemListElement":[{"@type":"ListItem","position":1,"name":"Portada","item":"https:\/\/ascofame.org.co\/web\/"},{"@type":"ListItem","position":2,"name":"Posters Foro Occidente"}]},{"@type":"WebSite","@id":"https:\/\/ascofame.org.co\/web\/#website","url":"https:\/\/ascofame.org.co\/web\/","name":"Ascofame","description":"","potentialAction":[{"@type":"SearchAction","target":{"@type":"EntryPoint","urlTemplate":"https:\/\/ascofame.org.co\/web\/?s={search_term_string}"},"query-input":{"@type":"PropertyValueSpecification","valueRequired":true,"valueName":"search_term_string"}}],"inLanguage":"es"}]}},"_links":{"self":[{"href":"https:\/\/ascofame.org.co\/web\/wp-json\/wp\/v2\/pages\/6373","targetHints":{"allow":["GET"]}}],"collection":[{"href":"https:\/\/ascofame.org.co\/web\/wp-json\/wp\/v2\/pages"}],"about":[{"href":"https:\/\/ascofame.org.co\/web\/wp-json\/wp\/v2\/types\/page"}],"author":[{"embeddable":true,"href":"https:\/\/ascofame.org.co\/web\/wp-json\/wp\/v2\/users\/1"}],"replies":[{"embeddable":true,"href":"https:\/\/ascofame.org.co\/web\/wp-json\/wp\/v2\/comments?post=6373"}],"version-history":[{"count":27,"href":"https:\/\/ascofame.org.co\/web\/wp-json\/wp\/v2\/pages\/6373\/revisions"}],"predecessor-version":[{"id":6414,"href":"https:\/\/ascofame.org.co\/web\/wp-json\/wp\/v2\/pages\/6373\/revisions\/6414"}],"wp:attachment":[{"href":"https:\/\/ascofame.org.co\/web\/wp-json\/wp\/v2\/media?parent=6373"}],"curies":[{"name":"wp","href":"https:\/\/api.w.org\/{rel}","templated":true}]}}