{"id":6214,"date":"2021-01-21T20:44:33","date_gmt":"2021-01-22T01:44:33","guid":{"rendered":"https:\/\/ascofame.org.co\/web\/biblioteca\/publicaciones-ascofame-2\/"},"modified":"2024-07-31T00:17:33","modified_gmt":"2024-07-31T05:17:33","slug":"posiciones_propuestas_comunicados","status":"publish","type":"page","link":"https:\/\/ascofame.org.co\/web\/biblioteca\/posiciones_propuestas_comunicados\/","title":{"rendered":"Posiciones, propuestas y comunicados"},"content":{"rendered":"<div class=\"nolwrap\"><p>[vc_row][vc_column][vc_column_text]<table id=\"table_261344416\" width=\"100%\" class=\"display\"><thead><tr><th>Nombre<\/th><th>Fecha<\/th><th>Ver<\/th><\/tr>\r\n    <\/thead>\r\n    <tbody>\r\n\t\r\n\t<script type=\"text\/javascript\" charset=\"utf-8\">\r\n jQuery(document).ready(function() {\r\n    jQuery('#table_261344416').DataTable( {\"destroy\": true,\"bPaginate\": true,\"bLengthChange\": true,\"bFilter\": true,\"bSort\": true,\"bInfo\": true,\"bStateSave\": true,\"bAutoWidth\": true,\"sPaginationType\": \"full_numbers\",\"oLanguage\": {\r\n\t\t\t\"sLengthMenu\": \"Display _MENU_ records per page\",\r\n\t\t\t\"sZeroRecords\": \"Nothing found - sorry\",\r\n\t\t\t\"sInfo\": \"Showing _START_ to _END_ of _TOTAL_ records\",\r\n\t\t\t\"sInfoEmpty\": \"Showing 0 to 0 of 0 records\",\r\n                        \"sSearch\": \"Search: \",\r\n\t\t\t\"sInfoFiltered\": \"(filtered from _MAX_ total records)\"\r\n\t\t}} );\r\n});\r\n <\/script><tr><td>Salud, Sistema de Salud y Educaci\u00f3n M\u00e9dica<\/td><td>26\/02\/2024<\/td><td><a href=\"https:\/\/ascofame.org.co\/web\/Comunicados\/20240226_Salud_sistema_de_salud.pdf\" target=\"_blank\" rel=\"noopener\"><img loading=\"lazy\" decoding=\"async\" class=\"aligncenter  wp-image-1777\" src=\"https:\/\/ascofame.org.co\/web\/wp-content\/uploads\/2021\/03\/icono_enlace.png\" alt=\"\" width=\"23\" height=\"23\" \/><\/a><\/td><\/tr><tr><td>Ministros salud y educaci\u00f3n propuestas educaci\u00f3n m\u00e9dica<\/td><td>22\/02\/2024<\/td><td><a href=\"https:\/\/ascofame.org.co\/web\/Comunicados\/20240226_Ministros_salud_y_educacion.pdf\" target=\"_blank\" rel=\"noopener\"><img loading=\"lazy\" decoding=\"async\" class=\"aligncenter  wp-image-1777\" src=\"https:\/\/ascofame.org.co\/web\/wp-content\/uploads\/2021\/03\/icono_enlace.png\" alt=\"\" width=\"23\" height=\"23\" \/><\/a><\/td><\/tr><tr><td>Propuesta para fortalecer la formaci\u00f3n y disponibilidad de m\u00e9dicos especialistas<\/td><td>12\/12\/2023<\/td><td><a href=\"https:\/\/ascofame.org.co\/web\/Comunicados\/220231214_Propuesta_fortalecimiento_especialidades.pdf\" target=\"_blank\" rel=\"noopener\"><img loading=\"lazy\" decoding=\"async\" class=\"aligncenter  wp-image-1777\" src=\"https:\/\/ascofame.org.co\/web\/wp-content\/uploads\/2021\/03\/icono_enlace.png\" alt=\"\" width=\"23\" height=\"23\" \/><\/a><\/td><\/tr><tr><td>R\u00e9gimen tributario y renuncia docentes<\/td><td>27\/11\/2023<\/td><td><a href=\"https:\/\/ascofame.org.co\/web\/Comunicados\/20231128_Regimen_tributario_y_renuncia_docentes.pdf\" target=\"_blank\" rel=\"noopener\"><img loading=\"lazy\" decoding=\"async\" class=\"aligncenter  wp-image-1777\" src=\"https:\/\/ascofame.org.co\/web\/wp-content\/uploads\/2021\/03\/icono_enlace.png\" alt=\"\" width=\"23\" height=\"23\" \/><\/a><\/td><\/tr><tr><td>Popuesta art\u00edculo especialidades m\u00e9dicas ley educaci\u00f3n<\/td><td>08\/04\/2023<\/td><td><a href=\"https:\/\/ascofame.org.co\/web\/Comunicados\/20230408_Popuesta_articulo_especialidades_medicas_ley_educacion.pdf\" target=\"_blank\" rel=\"noopener\"><img loading=\"lazy\" decoding=\"async\" class=\"aligncenter  wp-image-1777\" src=\"https:\/\/ascofame.org.co\/web\/wp-content\/uploads\/2021\/03\/icono_enlace.png\" alt=\"\" width=\"23\" height=\"23\" \/><\/a><\/td><\/tr><tr><td>Conclusiones Foro reforma y eduaci\u00f3n m\u00e9dica<\/td><td>01\/03\/2023 <\/td><td><a href=\"https:\/\/ascofame.org.co\/web\/Comunicados\/20230301_Conclusiones_Foro_reforma_y eduacion_medica.pdf\" target=\"_blank\" rel=\"noopener\"><img loading=\"lazy\" decoding=\"async\" class=\"aligncenter  wp-image-1777\" src=\"https:\/\/ascofame.org.co\/web\/wp-content\/uploads\/2021\/03\/icono_enlace.png\" alt=\"\" width=\"23\" height=\"23\" \/><\/a><\/td><\/tr><tr><td>Creaci\u00f3n nuevos programas de medicina<\/td><td>15\/02\/2023<\/td><td><a href=\"https:\/\/ascofame.org.co\/web\/Comunicados\/20230215_Creacion_nuevos_programas_de_medicina.pdf\" target=\"_blank\" rel=\"noopener\"><img loading=\"lazy\" decoding=\"async\" class=\"aligncenter  wp-image-1777\" src=\"https:\/\/ascofame.org.co\/web\/wp-content\/uploads\/2021\/03\/icono_enlace.png\" alt=\"\" width=\"23\" height=\"23\" \/><\/a><\/td><\/tr><tr><td>Propuestas educaci\u00f3n m\u00e9dica Ministerio de Salud<\/td><td>22\/08\/2022<\/td><td><a href=\"https:\/\/ascofame.org.co\/web\/Comunicados\/20220822_Propuestas_educacion_medica_Ministerio_de_Salud.pdf\" target=\"_blank\" rel=\"noopener\"><img loading=\"lazy\" decoding=\"async\" class=\"aligncenter  wp-image-1777\" src=\"https:\/\/ascofame.org.co\/web\/wp-content\/uploads\/2021\/03\/icono_enlace.png\" alt=\"\" width=\"23\" height=\"23\" \/><\/a><\/td><\/tr><tr><td>Comentarios proyecto Manual Operativo Formaci\u00f3n Continua<\/td><td>28\/07\/2022 <\/td><td><a href=\"https:\/\/ascofame.org.co\/web\/Comunicados\/20220728_Comentarios_proyecto_Manual_Operativo_Formacion_Continua.pdf\" target=\"_blank\" rel=\"noopener\"><img loading=\"lazy\" decoding=\"async\" class=\"aligncenter  wp-image-1777\" src=\"https:\/\/ascofame.org.co\/web\/wp-content\/uploads\/2021\/03\/icono_enlace.png\" alt=\"\" width=\"23\" height=\"23\" \/><\/a><\/td><\/tr><tr><td>Nota consenso Especialidades M\u00e9dico Quir\u00fargicas<\/td><td>07\/072022<\/td><td><a href=\"https:\/\/ascofame.org.co\/web\/Comunicados\/20220706_Nota_consenso_Especialidades_Medico_Quirurgicas.pdf\" target=\"_blank\" rel=\"noopener\"><img loading=\"lazy\" decoding=\"async\" class=\"aligncenter  wp-image-1777\" src=\"https:\/\/ascofame.org.co\/web\/wp-content\/uploads\/2021\/03\/icono_enlace.png\" alt=\"\" width=\"23\" height=\"23\" \/><\/a><\/td><\/tr><tr><td>Certificaci\u00f3n internacional CNA<\/td><td>25\/05\/2022<\/td><td><a href=\"https:\/\/ascofame.org.co\/web\/Comunicados\/20220525_Certificacion_internacional_CNA.pdf\" target=\"_blank\" rel=\"noopener\"><img loading=\"lazy\" decoding=\"async\" class=\"aligncenter  wp-image-1777\" src=\"https:\/\/ascofame.org.co\/web\/wp-content\/uploads\/2021\/03\/icono_enlace.png\" alt=\"\" width=\"23\" height=\"23\" \/><\/a><\/td><\/tr><tr><td>Observaciones Decreto 376 de 2022 educaci\u00f3n continua<\/td><td>04\/04\/2022<\/td><td><a href=\"https:\/\/ascofame.org.co\/web\/Comunicados\/20220404_Observaciones_Decreto_376_de_2022_educacion_continua.pdf\" target=\"_blank\" rel=\"noopener\"><img loading=\"lazy\" decoding=\"async\" class=\"aligncenter  wp-image-1777\" src=\"https:\/\/ascofame.org.co\/web\/wp-content\/uploads\/2021\/03\/icono_enlace.png\" alt=\"\" width=\"23\" height=\"23\" \/><\/a><\/td><\/tr><tr><td>Temas prioritarios Ministerio de Educaci\u00f3n<\/td><td>23\/02\/2022<\/td><td><a href=\"https:\/\/ascofame.org.co\/web\/Comunicados\/20220223_Temas_prioritarios_Ministerio_de_Educacion.pdf\" target=\"_blank\" rel=\"noopener\"><img loading=\"lazy\" decoding=\"async\" class=\"aligncenter  wp-image-1777\" src=\"https:\/\/ascofame.org.co\/web\/wp-content\/uploads\/2021\/03\/icono_enlace.png\" alt=\"\" width=\"23\" height=\"23\" \/><\/a><\/td><\/tr><tr><td>Presidente Senado apertura de programas<\/td><td>23\/02\/2022<\/td><td><a href=\"https:\/\/ascofame.org.co\/web\/Comunicados\/20220223_Presidente_Senado_apertura_de_programas.pdf\" target=\"_blank\" rel=\"noopener\"><img loading=\"lazy\" decoding=\"async\" class=\"aligncenter  wp-image-1777\" src=\"https:\/\/ascofame.org.co\/web\/wp-content\/uploads\/2021\/03\/icono_enlace.png\" alt=\"\" width=\"23\" height=\"23\" \/><\/a><\/td><\/tr><tr><td>Rechazo Ley 2142 de 2021<\/td><td>13\/08\/2021<\/td><td><a href=\"https:\/\/ascofame.org.co\/web\/Comunicados\/20210813_Rechazo_Ley_2142_de_2021.pdf\" target=\"_blank\" rel=\"noopener\"><img loading=\"lazy\" decoding=\"async\" class=\"aligncenter  wp-image-1777\" src=\"https:\/\/ascofame.org.co\/web\/wp-content\/uploads\/2021\/03\/icono_enlace.png\" alt=\"\" width=\"23\" height=\"23\" \/><\/a><\/td><\/tr><tr><td>Apertura nuevos programas de medicina<\/td><td>21\/04\/2021<\/td><td><a href=\"https:\/\/ascofame.org.co\/web\/Comunicados\/20210421_Apertura_nuevos_programas_de_medicina.pdf\" target=\"_blank\" rel=\"noopener\"><img loading=\"lazy\" decoding=\"async\" class=\"aligncenter  wp-image-1777\" src=\"https:\/\/ascofame.org.co\/web\/wp-content\/uploads\/2021\/03\/icono_enlace.png\" alt=\"\" width=\"23\" height=\"23\" \/><\/a><\/td><\/tr><tr><td>Mesa denominaciones especialidades m\u00e9dico quir\u00fargicas<\/td><td>24\/02\/2021<\/td><td><a href=\"https:\/\/ascofame.org.co\/web\/Comunicados\/20210224_Mesa_denominaciones_especialidades_medico_quirurgicas.pdf\" target=\"_blank\" rel=\"noopener\"><img loading=\"lazy\" decoding=\"async\" class=\"aligncenter  wp-image-1777\" src=\"https:\/\/ascofame.org.co\/web\/wp-content\/uploads\/2021\/03\/icono_enlace.png\" alt=\"\" width=\"23\" height=\"23\" \/><\/a><\/td><\/tr><tr><td>Denominaciones especializaciones m\u00e9dico quir\u00fargicas<\/td><td>08\/02\/2021<\/td><td><a href=\"https:\/\/ascofame.org.co\/web\/Comunicados\/20210208_Denominaciones_especializaciones_medico_quirurgicas.pdf\" target=\"_blank\" rel=\"noopener\"><img loading=\"lazy\" decoding=\"async\" class=\"aligncenter  wp-image-1777\" src=\"https:\/\/ascofame.org.co\/web\/wp-content\/uploads\/2021\/03\/icono_enlace.png\" alt=\"\" width=\"23\" height=\"23\" \/><\/a><\/td><\/tr><tr><td>Negaciones registros calificados medicina<\/td><td>10\/12\/2020<\/td><td><a href=\"https:\/\/ascofame.org.co\/web\/Comunicados\/20201210_Negaciones_registros_calificados_medicina.pdf\" target=\"_blank\" rel=\"noopener\"><img loading=\"lazy\" decoding=\"async\" class=\"aligncenter  wp-image-1777\" src=\"https:\/\/ascofame.org.co\/web\/wp-content\/uploads\/2021\/03\/icono_enlace.png\" alt=\"\" width=\"23\" height=\"23\" \/><\/a><\/td><\/tr><tr><td>Denominaci\u00f3n t\u00edtulos pregrado medicina<\/td><td>07\/10\/2020<\/td><td><a href=\"https:\/\/ascofame.org.co\/web\/Comunicados\/20201007_Denominacion_titulos_pregrado_medicina.pdf\" target=\"_blank\" rel=\"noopener\"><img loading=\"lazy\" decoding=\"async\" class=\"aligncenter  wp-image-1777\" src=\"https:\/\/ascofame.org.co\/web\/wp-content\/uploads\/2021\/03\/icono_enlace.png\" alt=\"\" width=\"23\" height=\"23\" \/><\/a><\/td><\/tr><tr><td>Tramite Registros Calificados<\/td><td>30\/07\/2019<\/td><td><a href=\"https:\/\/ascofame.org.co\/web\/Comunicados\/20190730_Tramite_Registros_Calificados.pdf.pdf\" target=\"_blank\" rel=\"noopener\"><img loading=\"lazy\" decoding=\"async\" class=\"aligncenter  wp-image-1777\" src=\"https:\/\/ascofame.org.co\/web\/wp-content\/uploads\/2021\/03\/icono_enlace.png\" alt=\"\" width=\"23\" height=\"23\" \/><\/a><\/td><\/tr>\r\n    <\/tbody>\r\n<\/table>[\/vc_column_text][\/vc_column][\/vc_row]<\/p>\n<\/div>","protected":false},"excerpt":{"rendered":"<p>[vc_row][vc_column][vc_column_text]NombreFechaVer Salud, Sistema de Salud y Educaci\u00f3n M\u00e9dica26\/02\/2024Ministros salud y educaci\u00f3n propuestas educaci\u00f3n m\u00e9dica22\/02\/2024Propuesta para fortalecer la formaci\u00f3n y disponibilidad de m\u00e9dicos especialistas12\/12\/2023R\u00e9gimen tributario y renuncia docentes27\/11\/2023Popuesta art\u00edculo especialidades m\u00e9dicas ley educaci\u00f3n08\/04\/2023Conclusiones Foro reforma y eduaci\u00f3n m\u00e9dica01\/03\/2023 Creaci\u00f3n nuevos programas de medicina15\/02\/2023Propuestas educaci\u00f3n m\u00e9dica Ministerio de Salud22\/08\/2022Comentarios proyecto Manual Operativo Formaci\u00f3n Continua28\/07\/2022 Nota consenso Especialidades M\u00e9dico Quir\u00fargicas07\/072022Certificaci\u00f3n internacional CNA25\/05\/2022Observaciones Decreto 376 de 2022 educaci\u00f3n continua04\/04\/2022Temas [&hellip;]<\/p>\n","protected":false},"author":1,"featured_media":0,"parent":49,"menu_order":0,"comment_status":"closed","ping_status":"closed","template":"","meta":{"episode_type":"","audio_file":"","podmotor_file_id":"","podmotor_episode_id":"","cover_image":"","cover_image_id":"","duration":"","filesize":"","filesize_raw":"","date_recorded":"","explicit":"","block":"","footnotes":""},"class_list":["post-6214","page","type-page","status-publish","hentry"],"yoast_head":"<!-- This site is optimized with the Yoast SEO plugin v26.3 - https:\/\/yoast.com\/wordpress\/plugins\/seo\/ -->\n<title>Posiciones, propuestas y comunicados -<\/title>\n<meta name=\"robots\" content=\"index, follow, max-snippet:-1, max-image-preview:large, max-video-preview:-1\" \/>\n<link rel=\"canonical\" href=\"https:\/\/ascofame.org.co\/web\/biblioteca\/posiciones_propuestas_comunicados\/\" \/>\n<meta property=\"og:locale\" content=\"es_ES\" \/>\n<meta property=\"og:type\" content=\"article\" \/>\n<meta property=\"og:title\" content=\"Posiciones, propuestas y comunicados -\" \/>\n<meta property=\"og:description\" content=\"[vc_row][vc_column][vc_column_text]NombreFechaVer Salud, Sistema de Salud y Educaci\u00f3n M\u00e9dica26\/02\/2024Ministros salud y educaci\u00f3n propuestas educaci\u00f3n m\u00e9dica22\/02\/2024Propuesta para fortalecer la formaci\u00f3n y disponibilidad de m\u00e9dicos especialistas12\/12\/2023R\u00e9gimen tributario y renuncia docentes27\/11\/2023Popuesta art\u00edculo especialidades m\u00e9dicas ley educaci\u00f3n08\/04\/2023Conclusiones Foro reforma y eduaci\u00f3n m\u00e9dica01\/03\/2023 Creaci\u00f3n nuevos programas de medicina15\/02\/2023Propuestas educaci\u00f3n m\u00e9dica Ministerio de Salud22\/08\/2022Comentarios proyecto Manual Operativo Formaci\u00f3n Continua28\/07\/2022 Nota consenso Especialidades M\u00e9dico Quir\u00fargicas07\/072022Certificaci\u00f3n internacional CNA25\/05\/2022Observaciones Decreto 376 de 2022 educaci\u00f3n continua04\/04\/2022Temas [&hellip;]\" \/>\n<meta property=\"og:url\" content=\"https:\/\/ascofame.org.co\/web\/biblioteca\/posiciones_propuestas_comunicados\/\" \/>\n<meta property=\"article:modified_time\" content=\"2024-07-31T05:17:33+00:00\" \/>\n<meta name=\"twitter:card\" content=\"summary_large_image\" \/>\n<script type=\"application\/ld+json\" class=\"yoast-schema-graph\">{\"@context\":\"https:\/\/schema.org\",\"@graph\":[{\"@type\":\"WebPage\",\"@id\":\"https:\/\/ascofame.org.co\/web\/biblioteca\/posiciones_propuestas_comunicados\/\",\"url\":\"https:\/\/ascofame.org.co\/web\/biblioteca\/posiciones_propuestas_comunicados\/\",\"name\":\"Posiciones, propuestas y comunicados -\",\"isPartOf\":{\"@id\":\"https:\/\/ascofame.org.co\/web\/#website\"},\"datePublished\":\"2021-01-22T01:44:33+00:00\",\"dateModified\":\"2024-07-31T05:17:33+00:00\",\"breadcrumb\":{\"@id\":\"https:\/\/ascofame.org.co\/web\/biblioteca\/posiciones_propuestas_comunicados\/#breadcrumb\"},\"inLanguage\":\"es\",\"potentialAction\":[{\"@type\":\"ReadAction\",\"target\":[\"https:\/\/ascofame.org.co\/web\/biblioteca\/posiciones_propuestas_comunicados\/\"]}]},{\"@type\":\"BreadcrumbList\",\"@id\":\"https:\/\/ascofame.org.co\/web\/biblioteca\/posiciones_propuestas_comunicados\/#breadcrumb\",\"itemListElement\":[{\"@type\":\"ListItem\",\"position\":1,\"name\":\"Portada\",\"item\":\"https:\/\/ascofame.org.co\/web\/\"},{\"@type\":\"ListItem\",\"position\":2,\"name\":\"Biblioteca\",\"item\":\"https:\/\/ascofame.org.co\/web\/biblioteca\/\"},{\"@type\":\"ListItem\",\"position\":3,\"name\":\"Posiciones, propuestas y comunicados\"}]},{\"@type\":\"WebSite\",\"@id\":\"https:\/\/ascofame.org.co\/web\/#website\",\"url\":\"https:\/\/ascofame.org.co\/web\/\",\"name\":\"Ascofame\",\"description\":\"\",\"potentialAction\":[{\"@type\":\"SearchAction\",\"target\":{\"@type\":\"EntryPoint\",\"urlTemplate\":\"https:\/\/ascofame.org.co\/web\/?s={search_term_string}\"},\"query-input\":{\"@type\":\"PropertyValueSpecification\",\"valueRequired\":true,\"valueName\":\"search_term_string\"}}],\"inLanguage\":\"es\"}]}<\/script>\n<!-- \/ Yoast SEO plugin. -->","yoast_head_json":{"title":"Posiciones, propuestas y comunicados -","robots":{"index":"index","follow":"follow","max-snippet":"max-snippet:-1","max-image-preview":"max-image-preview:large","max-video-preview":"max-video-preview:-1"},"canonical":"https:\/\/ascofame.org.co\/web\/biblioteca\/posiciones_propuestas_comunicados\/","og_locale":"es_ES","og_type":"article","og_title":"Posiciones, propuestas y comunicados -","og_description":"[vc_row][vc_column][vc_column_text]NombreFechaVer Salud, Sistema de Salud y Educaci\u00f3n M\u00e9dica26\/02\/2024Ministros salud y educaci\u00f3n propuestas educaci\u00f3n m\u00e9dica22\/02\/2024Propuesta para fortalecer la formaci\u00f3n y disponibilidad de m\u00e9dicos especialistas12\/12\/2023R\u00e9gimen tributario y renuncia docentes27\/11\/2023Popuesta art\u00edculo especialidades m\u00e9dicas ley educaci\u00f3n08\/04\/2023Conclusiones Foro reforma y eduaci\u00f3n m\u00e9dica01\/03\/2023 Creaci\u00f3n nuevos programas de medicina15\/02\/2023Propuestas educaci\u00f3n m\u00e9dica Ministerio de Salud22\/08\/2022Comentarios proyecto Manual Operativo Formaci\u00f3n Continua28\/07\/2022 Nota consenso Especialidades M\u00e9dico Quir\u00fargicas07\/072022Certificaci\u00f3n internacional CNA25\/05\/2022Observaciones Decreto 376 de 2022 educaci\u00f3n continua04\/04\/2022Temas [&hellip;]","og_url":"https:\/\/ascofame.org.co\/web\/biblioteca\/posiciones_propuestas_comunicados\/","article_modified_time":"2024-07-31T05:17:33+00:00","twitter_card":"summary_large_image","schema":{"@context":"https:\/\/schema.org","@graph":[{"@type":"WebPage","@id":"https:\/\/ascofame.org.co\/web\/biblioteca\/posiciones_propuestas_comunicados\/","url":"https:\/\/ascofame.org.co\/web\/biblioteca\/posiciones_propuestas_comunicados\/","name":"Posiciones, propuestas y comunicados -","isPartOf":{"@id":"https:\/\/ascofame.org.co\/web\/#website"},"datePublished":"2021-01-22T01:44:33+00:00","dateModified":"2024-07-31T05:17:33+00:00","breadcrumb":{"@id":"https:\/\/ascofame.org.co\/web\/biblioteca\/posiciones_propuestas_comunicados\/#breadcrumb"},"inLanguage":"es","potentialAction":[{"@type":"ReadAction","target":["https:\/\/ascofame.org.co\/web\/biblioteca\/posiciones_propuestas_comunicados\/"]}]},{"@type":"BreadcrumbList","@id":"https:\/\/ascofame.org.co\/web\/biblioteca\/posiciones_propuestas_comunicados\/#breadcrumb","itemListElement":[{"@type":"ListItem","position":1,"name":"Portada","item":"https:\/\/ascofame.org.co\/web\/"},{"@type":"ListItem","position":2,"name":"Biblioteca","item":"https:\/\/ascofame.org.co\/web\/biblioteca\/"},{"@type":"ListItem","position":3,"name":"Posiciones, propuestas y comunicados"}]},{"@type":"WebSite","@id":"https:\/\/ascofame.org.co\/web\/#website","url":"https:\/\/ascofame.org.co\/web\/","name":"Ascofame","description":"","potentialAction":[{"@type":"SearchAction","target":{"@type":"EntryPoint","urlTemplate":"https:\/\/ascofame.org.co\/web\/?s={search_term_string}"},"query-input":{"@type":"PropertyValueSpecification","valueRequired":true,"valueName":"search_term_string"}}],"inLanguage":"es"}]}},"_links":{"self":[{"href":"https:\/\/ascofame.org.co\/web\/wp-json\/wp\/v2\/pages\/6214","targetHints":{"allow":["GET"]}}],"collection":[{"href":"https:\/\/ascofame.org.co\/web\/wp-json\/wp\/v2\/pages"}],"about":[{"href":"https:\/\/ascofame.org.co\/web\/wp-json\/wp\/v2\/types\/page"}],"author":[{"embeddable":true,"href":"https:\/\/ascofame.org.co\/web\/wp-json\/wp\/v2\/users\/1"}],"replies":[{"embeddable":true,"href":"https:\/\/ascofame.org.co\/web\/wp-json\/wp\/v2\/comments?post=6214"}],"version-history":[{"count":80,"href":"https:\/\/ascofame.org.co\/web\/wp-json\/wp\/v2\/pages\/6214\/revisions"}],"predecessor-version":[{"id":6369,"href":"https:\/\/ascofame.org.co\/web\/wp-json\/wp\/v2\/pages\/6214\/revisions\/6369"}],"up":[{"embeddable":true,"href":"https:\/\/ascofame.org.co\/web\/wp-json\/wp\/v2\/pages\/49"}],"wp:attachment":[{"href":"https:\/\/ascofame.org.co\/web\/wp-json\/wp\/v2\/media?parent=6214"}],"curies":[{"name":"wp","href":"https:\/\/api.w.org\/{rel}","templated":true}]}}