{"id":6117,"date":"2024-06-27T21:27:08","date_gmt":"2024-06-28T02:27:08","guid":{"rendered":"https:\/\/ascofame.org.co\/web\/?page_id=6117"},"modified":"2025-03-08T09:28:13","modified_gmt":"2025-03-08T14:28:13","slug":"mejor-interno-2023","status":"publish","type":"page","link":"https:\/\/ascofame.org.co\/web\/mejor-interno-2023\/","title":{"rendered":"Mejor Interno 2023"},"content":{"rendered":"<div class=\"nolwrap\"><p>[vc_row][vc_column][\/vc_column][\/vc_row][vc_row][vc_column][vc_empty_space][vc_tta_tour][vc_tta_section title=&#8221;Sobre el premio&#8221; tab_id=&#8221;1538425685761-56e42450-0658&#8243;][vc_column_text]<\/p>\n<h4>\u00bfQu\u00e9 es el premio al mejor interno ASCOFAME?<\/h4>\n<p>Es un reconocimiento otorgado por la Asociaci\u00f3n Colombiana de Facultades de Medicina ASCOFAME desde 1990 a los estudiantes de \u00faltimo a\u00f1o de la carrera de medicina (internos) que demuestran, a trav\u00e9s de la presentaci\u00f3n de un examen escrito y, desde este a\u00f1o, otro pr\u00e1ctico y el reconocimiento de competencias profesionales, que son los mejores internos del a\u00f1o.<\/p>\n<p>Las evaluaciones, elaboradas con la participaci\u00f3n de la comunidad acad\u00e9mica, est\u00e1n orientadas a proveer informaci\u00f3n y propiciar cambios positivos en la calidad de la formaci\u00f3n m\u00e9dica en pregrado al dar a conocer fortalezas y debilidades a cada facultad, permitir la comparaci\u00f3n con pares a nivel nacional y promover la incorporaci\u00f3n de contenidos relevantes para el pa\u00eds en las propuestas curriculares de pregrado.<\/p>\n<p>De esta manera el premio al mejor interno ASCOFAME est\u00e1 alineado con el eje de Excelencia de la educaci\u00f3n m\u00e9dica del plan estrat\u00e9gico de la Asociaci\u00f3n, entendiendo que la evaluaci\u00f3n aporta elementos para determinar en qu\u00e9 medida se est\u00e1n cumpliendo las metas de calidad que se fijan, con base en criterios preestablecidos y reconocidos por la comunidad acad\u00e9mica y la sociedad. La evaluaci\u00f3n es un instrumento para el mejoramiento, que permite obtener informaci\u00f3n v\u00e1lida y confiable sobre las consecuencias de acciones espec\u00edficas, para as\u00ed optimizar los esfuerzos.[\/vc_column_text][vc_empty_space][\/vc_tta_section][vc_tta_section title=&#8221;Caracter\u00edsticas&#8221; tab_id=&#8221;1538425685762-4d863af6-ec11&#8243;][vc_column_text]<\/p>\n<h4><strong>\u00bfQu\u00e9 hay de nuevo en el Premio al mejor interno ASCOFAME 2023?<\/strong><\/h4>\n<p>[\/vc_column_text][vc_empty_space][\/vc_tta_section][vc_tta_section title=&#8221;Metodolog\u00eda&#8221; tab_id=&#8221;1538426238705-d267792b-a8c8&#8243;][vc_column_text]<\/p>\n<h4><strong>Metodolog\u00eda<\/strong><\/h4>\n<p>Hemos dise\u00f1ado una evaluaci\u00f3n que supere la prueba de conocimiento. Habr\u00e1 valoraci\u00f3n de competencias actitudinales a trav\u00e9s de autoevaluaci\u00f3n (hoja de vida), informaci\u00f3n de la facultad y competencias gen\u00e9ricas en una prueba de habilidades. En el formulario de postulaci\u00f3n debe aceptar t\u00e9rminos y condiciones del premio al finalizar encuentra el enlace respectivo.[\/vc_column_text][vc_empty_space][vc_btn title=&#8221;Ver reglamento Premio&#8221; link=&#8221;url:https%3A%2F%2Fascofame.org.co%2Fweb%2Freglas_mejor-interno2023%2F||target:%20_blank|&#8221;][\/vc_tta_section][vc_tta_section title=&#8221;Cronograma&#8221; tab_id=&#8221;1538426686626-e8f03e68-b248&#8243;][vc_column_text]<\/p>\n<h4>Cronograma<\/h4>\n<p>[\/vc_column_text][\/vc_tta_section][vc_tta_section title=&#8221;Est\u00edmulos&#8221; tab_id=&#8221;1538449429764-eeb8af37-4955&#8243;][vc_column_text]<\/p>\n<h4>Premiaci\u00f3n y est\u00edmulos:<\/h4>\n<p>El reconocimiento a la excelencia en la educaci\u00f3n m\u00e9dica, versi\u00f3n mejor interno 2023, lleva impl\u00edcito un est\u00edmulo econ\u00f3mico en dinero y en especie, distribuido de la siguiente manera.<\/p>\n<ul>\n<li><strong>Mejor interno de Colombia:<\/strong> Est\u00edmulo econ\u00f3mico de dos millones quinientos mil pesos ($2.500.000)* + traslados, hospedaje y alimentaci\u00f3n en Cartagena al lugar de la premiaci\u00f3n e ingreso al Congreso Mundial sobre Educaci\u00f3n M\u00e9dica**.<\/li>\n<li><strong>Mejor interno Regi\u00f3n Centro:<\/strong> Est\u00edmulo econ\u00f3mico de dos millones quinientos mil pesos ($2.500.000)* + traslados, hospedaje y alimentaci\u00f3n en Cartagena al lugar de la premiaci\u00f3n e ingreso al Congreso Mundial sobre Educaci\u00f3n M\u00e9dica*.<\/li>\n<li><strong>Mejor interno Regi\u00f3n Eje Cafetero:<\/strong> Est\u00edmulo econ\u00f3mico de dos millones quinientos mil pesos ($2.500.000)* + traslados, hospedaje y alimentaci\u00f3n en Cartagena al lugar de la premiaci\u00f3n e ingreso al Congreso Mundial sobre Educaci\u00f3n M\u00e9dica*.<\/li>\n<li><strong>Mejor interno Regi\u00f3n Antioquia:<\/strong> Est\u00edmulo econ\u00f3mico de dos millones quinientos mil pesos ($2.500.000)* + traslados, hospedaje y alimentaci\u00f3n en Cartagena al lugar de la premiaci\u00f3n e ingreso al Congreso Mundial sobre Educaci\u00f3n M\u00e9dica*.<\/li>\n<li><strong>Mejor interno Regi\u00f3n Norte:<\/strong> Est\u00edmulo econ\u00f3mico de dos millones quinientos mil pesos ($2.500.000)* + traslados, hospedaje y alimentaci\u00f3n en Cartagena al lugar de la premiaci\u00f3n e ingreso al Congreso Mundial sobre Educaci\u00f3n M\u00e9dica*.<\/li>\n<li><strong>Mejor interno Regi\u00f3n Oriente:<\/strong> Est\u00edmulo econ\u00f3mico de dos millones quinientos mil pesos ($2.500.000)* + traslados, hospedaje y alimentaci\u00f3n en Cartagena al lugar de la premiaci\u00f3n e ingreso al Congreso Mundial sobre Educaci\u00f3n M\u00e9dica*.<\/li>\n<li><strong>Mejor interno Regi\u00f3n Sur occidente:<\/strong> Est\u00edmulo econ\u00f3mico de dos millones quinientos mil pesos ($2.500.000)* + traslados, hospedaje y alimentaci\u00f3n en Cartagena al lugar de la premiaci\u00f3n e ingreso al Congreso Mundial sobre Educaci\u00f3n M\u00e9dica*.<\/li>\n<\/ul>\n<p><strong>Notas:<\/strong><\/p>\n<p>*Los est\u00edmulos en dinero y en especie son \u00fanica y exclusivamente para los internos que tuvieron los mejores resultados; no pueden cederse ni transferirse.\u00a0Los est\u00edmulos en dinero est\u00e1n sujetos a los grav\u00e1menes de ley. En caso de coincidir el mejor interno regional con el mejor interno nacional, el premio regional ser\u00e1 entregado al segundo puesto de la regi\u00f3n. Los premios no son acumulables.<\/p>\n<p>**La entrega de los reconocimientos a la excelencia en la educaci\u00f3n m\u00e9dica al mejor interno 2023 se llevar\u00e1 a cabo en el marco del Congreso Mundial de educaci\u00f3n M\u00e9dica. Ascofame asume los costos de tiquetes nacionales, traslados internos, hospedaje y alimentaci\u00f3n de los 12 mejores internos regionales y del Mejor Interno Nacional.[\/vc_column_text][\/vc_tta_section][\/vc_tta_tour][\/vc_column][\/vc_row][vc_row][vc_column][\/vc_column][\/vc_row]<\/p>\n<\/div>","protected":false},"excerpt":{"rendered":"<p>[vc_row][vc_column][\/vc_column][\/vc_row][vc_row][vc_column][vc_empty_space][vc_tta_tour][vc_tta_section title=&#8221;Sobre el premio&#8221; tab_id=&#8221;1538425685761-56e42450-0658&#8243;][vc_column_text] \u00bfQu\u00e9 es el premio al mejor interno ASCOFAME? Es un reconocimiento otorgado por la Asociaci\u00f3n Colombiana de Facultades de Medicina ASCOFAME desde 1990 a los estudiantes de \u00faltimo a\u00f1o de la carrera de medicina (internos) que demuestran, a trav\u00e9s de la presentaci\u00f3n de un examen escrito y, desde este a\u00f1o, otro pr\u00e1ctico y el reconocimiento de competencias profesionales, que son [&hellip;]<\/p>\n","protected":false},"author":1,"featured_media":0,"parent":0,"menu_order":0,"comment_status":"closed","ping_status":"closed","template":"","meta":{"episode_type":"","audio_file":"","podmotor_file_id":"","podmotor_episode_id":"","cover_image":"","cover_image_id":"","duration":"","filesize":"","filesize_raw":"","date_recorded":"","explicit":"","block":"","footnotes":""},"class_list":["post-6117","page","type-page","status-publish","hentry"],"yoast_head":"<!-- This site is optimized with the Yoast SEO plugin v26.3 - https:\/\/yoast.com\/wordpress\/plugins\/seo\/ -->\n<title>Mejor Interno 2023 -<\/title>\n<meta name=\"robots\" content=\"index, follow, max-snippet:-1, max-image-preview:large, max-video-preview:-1\" \/>\n<link rel=\"canonical\" href=\"https:\/\/ascofame.org.co\/web\/mejor-interno-2023\/\" \/>\n<meta property=\"og:locale\" content=\"es_ES\" \/>\n<meta property=\"og:type\" content=\"article\" \/>\n<meta property=\"og:title\" content=\"Mejor Interno 2023 -\" \/>\n<meta property=\"og:description\" content=\"[vc_row][vc_column][\/vc_column][\/vc_row][vc_row][vc_column][vc_empty_space][vc_tta_tour][vc_tta_section title=&#8221;Sobre el premio&#8221; tab_id=&#8221;1538425685761-56e42450-0658&#8243;][vc_column_text] \u00bfQu\u00e9 es el premio al mejor interno ASCOFAME? Es un reconocimiento otorgado por la Asociaci\u00f3n Colombiana de Facultades de Medicina ASCOFAME desde 1990 a los estudiantes de \u00faltimo a\u00f1o de la carrera de medicina (internos) que demuestran, a trav\u00e9s de la presentaci\u00f3n de un examen escrito y, desde este a\u00f1o, otro pr\u00e1ctico y el reconocimiento de competencias profesionales, que son [&hellip;]\" \/>\n<meta property=\"og:url\" content=\"https:\/\/ascofame.org.co\/web\/mejor-interno-2023\/\" \/>\n<meta property=\"article:modified_time\" content=\"2025-03-08T14:28:13+00:00\" \/>\n<meta name=\"twitter:card\" content=\"summary_large_image\" \/>\n<meta name=\"twitter:label1\" content=\"Tiempo de lectura\" \/>\n\t<meta name=\"twitter:data1\" content=\"5 minutos\" \/>\n<script type=\"application\/ld+json\" class=\"yoast-schema-graph\">{\"@context\":\"https:\/\/schema.org\",\"@graph\":[{\"@type\":\"WebPage\",\"@id\":\"https:\/\/ascofame.org.co\/web\/mejor-interno-2023\/\",\"url\":\"https:\/\/ascofame.org.co\/web\/mejor-interno-2023\/\",\"name\":\"Mejor Interno 2023 -\",\"isPartOf\":{\"@id\":\"https:\/\/ascofame.org.co\/web\/#website\"},\"datePublished\":\"2024-06-28T02:27:08+00:00\",\"dateModified\":\"2025-03-08T14:28:13+00:00\",\"breadcrumb\":{\"@id\":\"https:\/\/ascofame.org.co\/web\/mejor-interno-2023\/#breadcrumb\"},\"inLanguage\":\"es\",\"potentialAction\":[{\"@type\":\"ReadAction\",\"target\":[\"https:\/\/ascofame.org.co\/web\/mejor-interno-2023\/\"]}]},{\"@type\":\"BreadcrumbList\",\"@id\":\"https:\/\/ascofame.org.co\/web\/mejor-interno-2023\/#breadcrumb\",\"itemListElement\":[{\"@type\":\"ListItem\",\"position\":1,\"name\":\"Portada\",\"item\":\"https:\/\/ascofame.org.co\/web\/\"},{\"@type\":\"ListItem\",\"position\":2,\"name\":\"Mejor Interno 2023\"}]},{\"@type\":\"WebSite\",\"@id\":\"https:\/\/ascofame.org.co\/web\/#website\",\"url\":\"https:\/\/ascofame.org.co\/web\/\",\"name\":\"Ascofame\",\"description\":\"\",\"potentialAction\":[{\"@type\":\"SearchAction\",\"target\":{\"@type\":\"EntryPoint\",\"urlTemplate\":\"https:\/\/ascofame.org.co\/web\/?s={search_term_string}\"},\"query-input\":{\"@type\":\"PropertyValueSpecification\",\"valueRequired\":true,\"valueName\":\"search_term_string\"}}],\"inLanguage\":\"es\"}]}<\/script>\n<!-- \/ Yoast SEO plugin. -->","yoast_head_json":{"title":"Mejor Interno 2023 -","robots":{"index":"index","follow":"follow","max-snippet":"max-snippet:-1","max-image-preview":"max-image-preview:large","max-video-preview":"max-video-preview:-1"},"canonical":"https:\/\/ascofame.org.co\/web\/mejor-interno-2023\/","og_locale":"es_ES","og_type":"article","og_title":"Mejor Interno 2023 -","og_description":"[vc_row][vc_column][\/vc_column][\/vc_row][vc_row][vc_column][vc_empty_space][vc_tta_tour][vc_tta_section title=&#8221;Sobre el premio&#8221; tab_id=&#8221;1538425685761-56e42450-0658&#8243;][vc_column_text] \u00bfQu\u00e9 es el premio al mejor interno ASCOFAME? Es un reconocimiento otorgado por la Asociaci\u00f3n Colombiana de Facultades de Medicina ASCOFAME desde 1990 a los estudiantes de \u00faltimo a\u00f1o de la carrera de medicina (internos) que demuestran, a trav\u00e9s de la presentaci\u00f3n de un examen escrito y, desde este a\u00f1o, otro pr\u00e1ctico y el reconocimiento de competencias profesionales, que son [&hellip;]","og_url":"https:\/\/ascofame.org.co\/web\/mejor-interno-2023\/","article_modified_time":"2025-03-08T14:28:13+00:00","twitter_card":"summary_large_image","twitter_misc":{"Tiempo de lectura":"5 minutos"},"schema":{"@context":"https:\/\/schema.org","@graph":[{"@type":"WebPage","@id":"https:\/\/ascofame.org.co\/web\/mejor-interno-2023\/","url":"https:\/\/ascofame.org.co\/web\/mejor-interno-2023\/","name":"Mejor Interno 2023 -","isPartOf":{"@id":"https:\/\/ascofame.org.co\/web\/#website"},"datePublished":"2024-06-28T02:27:08+00:00","dateModified":"2025-03-08T14:28:13+00:00","breadcrumb":{"@id":"https:\/\/ascofame.org.co\/web\/mejor-interno-2023\/#breadcrumb"},"inLanguage":"es","potentialAction":[{"@type":"ReadAction","target":["https:\/\/ascofame.org.co\/web\/mejor-interno-2023\/"]}]},{"@type":"BreadcrumbList","@id":"https:\/\/ascofame.org.co\/web\/mejor-interno-2023\/#breadcrumb","itemListElement":[{"@type":"ListItem","position":1,"name":"Portada","item":"https:\/\/ascofame.org.co\/web\/"},{"@type":"ListItem","position":2,"name":"Mejor Interno 2023"}]},{"@type":"WebSite","@id":"https:\/\/ascofame.org.co\/web\/#website","url":"https:\/\/ascofame.org.co\/web\/","name":"Ascofame","description":"","potentialAction":[{"@type":"SearchAction","target":{"@type":"EntryPoint","urlTemplate":"https:\/\/ascofame.org.co\/web\/?s={search_term_string}"},"query-input":{"@type":"PropertyValueSpecification","valueRequired":true,"valueName":"search_term_string"}}],"inLanguage":"es"}]}},"_links":{"self":[{"href":"https:\/\/ascofame.org.co\/web\/wp-json\/wp\/v2\/pages\/6117","targetHints":{"allow":["GET"]}}],"collection":[{"href":"https:\/\/ascofame.org.co\/web\/wp-json\/wp\/v2\/pages"}],"about":[{"href":"https:\/\/ascofame.org.co\/web\/wp-json\/wp\/v2\/types\/page"}],"author":[{"embeddable":true,"href":"https:\/\/ascofame.org.co\/web\/wp-json\/wp\/v2\/users\/1"}],"replies":[{"embeddable":true,"href":"https:\/\/ascofame.org.co\/web\/wp-json\/wp\/v2\/comments?post=6117"}],"version-history":[{"count":4,"href":"https:\/\/ascofame.org.co\/web\/wp-json\/wp\/v2\/pages\/6117\/revisions"}],"predecessor-version":[{"id":7684,"href":"https:\/\/ascofame.org.co\/web\/wp-json\/wp\/v2\/pages\/6117\/revisions\/7684"}],"wp:attachment":[{"href":"https:\/\/ascofame.org.co\/web\/wp-json\/wp\/v2\/media?parent=6117"}],"curies":[{"name":"wp","href":"https:\/\/api.w.org\/{rel}","templated":true}]}}