{"id":5853,"date":"2024-04-05T16:42:24","date_gmt":"2024-04-05T21:42:24","guid":{"rendered":"https:\/\/ascofame.org.co\/web\/?page_id=5853"},"modified":"2024-04-05T18:23:22","modified_gmt":"2024-04-05T23:23:22","slug":"quien-es-hernando-baquero","status":"publish","type":"page","link":"https:\/\/ascofame.org.co\/web\/quien-es-hernando-baquero\/","title":{"rendered":"Qui\u00e9n es Hernando Baquero?"},"content":{"rendered":"<div class=\"nolwrap\"><p>[vc_row][vc_column][vc_tta_accordion][vc_tta_section title=&#8221;1. \u00bfQui\u00e9n es Hernando Baquero? (En aspectos humanos, familiares, acad\u00e9micos, etc.)&#8221; tab_id=&#8221;1712352514573-78cd3e00-b813&#8243;][vc_column_text]Un hijo, un esposo, un padre, un amigo, un profesor, un alumno, que ha intentado con el ejemplo retribuir la gratitud como virtud. Un profesional de la medicina que trabaja d\u00eda a d\u00eda en compaginar la pasi\u00f3n por la ciencia, con el placer de servir a sus semejantes.[\/vc_column_text][\/vc_tta_section][vc_tta_section title=&#8221;2. \u00bfQu\u00e9 lo llev\u00f3 a decidirse por la carrera m\u00e9dica?&#8221; tab_id=&#8221;1712352514589-e0d14d72-c6f1&#8243;][vc_column_text]El estereotipo que representaron en mi \u00e9poca juvenil tres t\u00edos m\u00e9dicos, y la vocaci\u00f3n, que sent\u00ed precozmente de trabajar por el bienestar social de la comunidad.[\/vc_column_text][\/vc_tta_section][vc_tta_section title=&#8221;3. Con su vasta experiencia en \u00e1mbitos acad\u00e9micos, cl\u00ednicos y administrativos\/liderazgo, \u00bfqu\u00e9 consejo dar\u00eda a alguien que desea estudiar medicina en Colombia?&#8221; tab_id=&#8221;1712352629901-e657405c-7688&#8243;][vc_column_text]M\u00e1s que un consejo, le dar\u00eda un afectuoso saludo, pues es el deseo, la motivaci\u00f3n m\u00e1s grande que se puede tener como ser humano. Ahora, bien , en medio del saludo, le pedir\u00eda que acompa\u00f1e ese deseo con trabajo para que pueda verlo materializado en un logro. Ser m\u00e9dico lo convierte a uno en cient\u00edfico y artista, lo primero se consigue con esfuerzo, lo segundo puliendo el talento inmerso en la vocaci\u00f3n.[\/vc_column_text][\/vc_tta_section][vc_tta_section title=&#8221;4. \u00bfPodr\u00eda compartir con nosotros uno o dos docentes o personas que apoyaron significativamente su formaci\u00f3n y que considera clave en su trayectoria?&#8221; tab_id=&#8221;1712352709756-a10dc3be-00fa&#8221;][vc_column_text]Toda lista corre el peligro de ser excluyente. Agradezco a cada uno de mis docentes, compa\u00f1eros de estudio y pacientes, incluidas sus familias, por las ense\u00f1anzas que me transmitieron. Dicho lo anterior, citar\u00e9 a tres por considerar, fueron determinantes en momentos en los cuales decid\u00eda opciones en mi vida profesional. El Dr. Juan Ignacio Fajardo, Pediatra, profesor de pediatr\u00eda en el Hospital de San Jos\u00e9 en Bogot\u00e1 en mi \u00e9poca de residente. El Dr. Carlos Malabet Santoro, mi jefe, mi maestro cuando me iniciaba en la docencia y administraci\u00f3n universitaria en la Universidad del Norte en Barranquilla, y el Dr. Augusto Sola, neonat\u00f3logo argentino-estadunidense, con quien, ya neonat\u00f3logo, dimension\u00e9 el inmenso valor de la honestidad en la investigaci\u00f3n cl\u00ednica.[\/vc_column_text][\/vc_tta_section][vc_tta_section title=&#8221;5. \u00bfQu\u00e9 aspectos le preocupan o le mantienen despierto en relaci\u00f3n con el futuro de la educaci\u00f3n m\u00e9dica en Colombia?&#8221; tab_id=&#8221;1712352750630-80f3d191-ff1c&#8221;][vc_column_text]La inquietante tendencia pol\u00edtica de sacrificar la calidad por la cantidad. Apoyados en la posverdad, se intenta crear la narrativa que para formar m\u00e9dicos basta con salones y escenarios de pr\u00e1cticas formativas en salud, desconociendo, creo que por ignorancia, el papel fundamental que las humanidades desempe\u00f1an en la construcci\u00f3n de m\u00e9dicos que deber\u00e1n ejercer con profesionalismo y calidad.[\/vc_column_text][\/vc_tta_section][vc_tta_section title=&#8221;6. \u00bfPodr\u00eda recomendarnos algunos libros o autores que le apasionen y que considere relevantes para la educaci\u00f3n m\u00e9dica?&#8221; tab_id=&#8221;1712352782285-96cf768a-bfd8&#8243;][vc_column_text]Nuevamente el tema de las listas, y para esta respuesta prefiero citar solo a autores, advirtiendo que su cita obedece a con quien me inicie en estas lecturas y el que m\u00e1s reciente he le\u00eddo. El Dr. Jos\u00e9 F\u00e9lix Pati\u00f1o y sus libros relacionados con el humanismo y la medicina , y la educaci\u00f3n m\u00e9dica en Colombia. Sus libros fueron mi gu\u00eda cuando empezaba mi vida de educador.<\/p>\n<p>Y la obra m\u00e1s reciente, es la del Dr. Arnoldo Kraus, con interesantes t\u00edtulos de bio\u00e9tica y su relaci\u00f3n con la educaci\u00f3n m\u00e9dica.<\/p>\n<p>Una fuente muy grande de conocimiento que recomiendo en educaci\u00f3n m\u00e9dica son las revistas indexadas especializadas, como por ejemplo: <em>BMC Medical Education, Journal of Medical Education and Curricular Development, JAMA ( Medical education) , <\/em>entre otras.[\/vc_column_text][\/vc_tta_section][vc_tta_section title=&#8221;7. \u00bfDesde su experiencia como decano, \u00bfcu\u00e1l considera que es el aspecto m\u00e1s desafiante de esta posici\u00f3n?&#8221; tab_id=&#8221;1712352879408-b1325f59-913e&#8221;][vc_column_text]En nuestro pa\u00eds tal vez el desaf\u00edo m\u00e1s grande que se enfrenta al ser directivo universitario es mantener un balance entre lo posible y lo conveniente. Entender el contexto, especialmente complejo desde lo legislativo en la \u00faltima d\u00e9cada, hace que, por ejemplo, en la agenda de un d\u00eda como decano se deba conversar y dar respuestas a las inquietudes de las familias de los j\u00f3venes de primer ingreso y unas horas despu\u00e9s estar participando en un debate legislativo en el Senado de la rep\u00fablica. Esa multifuncionalidad impone cargas emotivas y laborales, que solo gracias a los maravillosos equipos que nos acompa\u00f1an, podemos asumir y sacar adelante con \u00e9xito. En mi caso, a lo anterior deb\u00eda sumar, que por la posici\u00f3n de decano deb\u00eda participar en la alta direcci\u00f3n de nuestro hospital. Vivir la complejidad de nuestro sistema de salud tambi\u00e9n desde la prestaci\u00f3n termina siendo profesionalmente enriquecedor, pero humanamente muy desafiante.[\/vc_column_text][\/vc_tta_section][vc_tta_section title=&#8221;8. \u00bfY cu\u00e1l es la faceta m\u00e1s gratificante de haber sido decano?&#8221; tab_id=&#8221;1712353012407-efdbd5b0-6948&#8243;][vc_column_text]Sin duda, ser testigo del crecimiento personal e individual de m\u00e1s de 30 cohortes de m\u00e9dicos Uninorte\u00f1os que tuve el placer de recibir el primer d\u00eda de clases y 6 a\u00f1os despu\u00e9s, entregarles en solemne ceremonia el t\u00edtulo que los convert\u00eda en nuestros colegas. Sentir su gratitud y la de sus familias para con la instituci\u00f3n, era cada 6 meses, la mejor evaluaci\u00f3n de la gesti\u00f3n realizada. Imposible dejar de anotar, la satisfacci\u00f3n que experiment\u00e9 cada vez que recib\u00ed como profesor de nuestra instituci\u00f3n a egresados de la Divisi\u00f3n Salud que retornaban a vincularse en la planta docente.[\/vc_column_text][\/vc_tta_section][vc_tta_section title=&#8221;9. &#8230;Y cu\u00e1l es la m\u00e1s desafiante y dif\u00edcil?&#8221; tab_id=&#8221;1712353071894-1b9b44ad-f58f&#8221;][vc_column_text]Se respondi\u00f3 atr\u00e1s[\/vc_column_text][\/vc_tta_section][vc_tta_section title=&#8221;10. En cuanto a su relaci\u00f3n con Ascofame, \u00bfpodr\u00eda compartir su experiencia con nuestra Asociaci\u00f3n?&#8221; tab_id=&#8221;1712353101801-d67eacfd-6f27&#8243;][vc_column_text]Por generosidad y visi\u00f3n del anterior decano, empec\u00e9 a asistir a las reuniones administrativas y acad\u00e9micas de ASCOFAME desde que era jefe de departamento, de esto hace m\u00e1s de 20 a\u00f1os. Vi la modernizaci\u00f3n de la asociaci\u00f3n. La vi renacer y adaptarse a desempe\u00f1ar nuevos roles en \u00e9pocas de virtualidad, redes sociales y pandemia. Tuve la fortuna de aprender compartiendo con los grandes educadores m\u00e9dicos de nuestro pa\u00eds, tanto los que fueron mis maestros en mis tiempos de estudiante y con quienes me toco interactuar en mis primeras reuniones en la asociaci\u00f3n , como los que fueron mis compa\u00f1eros de comit\u00e9s, juntas y salas en el consejo general de educaci\u00f3n m\u00e9dica. La misi\u00f3n de ASCOFAME ha sido, es y seguir\u00e1 siendo vital para la educaci\u00f3n m\u00e9dica de nuestro pa\u00eds: velar por la calidad de ella.[\/vc_column_text][\/vc_tta_section][vc_tta_section title=&#8221;11. \u00bfQu\u00e9 consejos dar\u00eda a aquellos docentes que aspiran a ser decanos en el futuro?&#8221; tab_id=&#8221;1712353140807-3fa486fa-f6da&#8221;][vc_column_text]No me siento c\u00f3modo aconsejando, no me parece intelectualmente honesto. Mi experiencia es, que para poder desempe\u00f1arse como decano, se debe tener claridad absoluta del papel tan determinante que desde el cargo se ejerce sobre el futuro de cada uno de los estudiantes y sus familias. M\u00e1s que gerenciar un proyecto o liderar un grupo, la vivencia desde la posici\u00f3n debe ser inspiradora, coherente entre lo que se dice y lo que se hace, y ejemplarmente transparente. Haberme podido desempe\u00f1ar como decano de Ciencias de la Salud de la Universidad del Norte es para m\u00ed el orgullo m\u00e1s grande que profesionalmente he experimentado[\/vc_column_text][\/vc_tta_section][vc_tta_section title=&#8221;12. Reflexionando sobre la afirmaci\u00f3n &#8220;Podemos ser buenos m\u00e9dicos pero malos educadores&#8220;, \u00bfqu\u00e9 consejos ofrece para aquellos que desean convertirse en educadores m\u00e9dicos efectivos?&#8221; tab_id=&#8221;1712353192639-35afdfca-4b1b&#8221;][vc_column_text]La educaci\u00f3n m\u00e9dica del siglo XXI exige que para poder ser desarrollada con efectividad y eficiencia se haga por personal de salud, incluidos por supuesto los m\u00e9dicos, en especial lo cl\u00ednicos, formados en educaci\u00f3n. Entender que nuestro papel como educadores va m\u00e1s all\u00e1 de transmisores de conocimiento o entrenadores de habilidades y destrezas, nos garantizar\u00e1 la formaci\u00f3n de buenos m\u00e9dicos que adem\u00e1s ser\u00e1n buenos seres humanos y buenos ciudadanos. El paternalismo que se evidenciaba en la interacci\u00f3n del docente con sus alumnos debe ser remplazado por una relaci\u00f3n de respeto y crecimiento mutuo, donde se gu\u00eda y acompa\u00f1a , pero se tiene claro que es el estudiante es quien debe gestionar su aprendizaje.[\/vc_column_text][\/vc_tta_section][vc_tta_section title=&#8221;13. \u00bfCu\u00e1l es su opini\u00f3n sobre el papel de la inteligencia artificial en la formaci\u00f3n de la educaci\u00f3n m\u00e9dica?&#8221; tab_id=&#8221;1712353228408-01604dc0-0af9&#8243;][vc_column_text]De IA se ha escrito y hablado mucho en los \u00faltimos meses por la masificaci\u00f3n de herramientas como ChatGPT. La IA est\u00e1 presente desde hace muchos a\u00f1os en la educaci\u00f3n, y la m\u00e9dica no es la excepci\u00f3n. Debemos entender estas herramientas y usarlas para nuestro beneficio. Con ellas, tal vez podamos volver a concentrarnos en los que realmente importa en la educaci\u00f3n m\u00e9dica, los seres humanos. Si aprendemos a usarlas con responsabilidad, muy seguramente las tareas repetitivas como hacer presentaciones, construir bases de datos o hacer b\u00fasquedas relevantes quedar\u00e1n en segundo plano, entreg\u00e1ndonos tiempo para los debates, el an\u00e1lisis y la construcci\u00f3n y validaci\u00f3n de nuevo conocimiento. La IA \u201cestrecha\u201d ya est\u00e1 con nosotros, el reto ser\u00e1 encontrar nuestro papel en la IA \u201cgeneral\u201d.[\/vc_column_text][\/vc_tta_section][vc_tta_section title=&#8221;14. De los art\u00edculos que ha publicado en diversos medios de comunicaci\u00f3n, \u00bfpodr\u00eda recomendar uno en particular para nuestros lectores del bolet\u00edn de Ascofame?&#8221; tab_id=&#8221;1712353286205-f4ab0c8b-774e&#8221;][vc_column_text]Uno que escrib\u00ed para esta bolet\u00edn y que creo toma actualidad en tiempos en que la calidad parece perder importancia ante la cantidad.<\/p>\n<p><a href=\"https:\/\/ascofame.org.co\/web\/la-indispensable-acreditacion\/\">https:\/\/ascofame.org.co\/web\/la-indispensable-acreditacion\/<\/a>[\/vc_column_text][\/vc_tta_section][\/vc_tta_accordion][\/vc_column][\/vc_row]<\/p>\n<\/div>","protected":false},"excerpt":{"rendered":"<p>[vc_row][vc_column][vc_tta_accordion][vc_tta_section title=&#8221;1. \u00bfQui\u00e9n es Hernando Baquero? (En aspectos humanos, familiares, acad\u00e9micos, etc.)&#8221; tab_id=&#8221;1712352514573-78cd3e00-b813&#8243;][vc_column_text]Un hijo, un esposo, un padre, un amigo, un profesor, un alumno, que ha intentado con el ejemplo retribuir la gratitud como virtud. Un profesional de la medicina que trabaja d\u00eda a d\u00eda en compaginar la pasi\u00f3n por la ciencia, con el placer de servir a sus semejantes.[\/vc_column_text][\/vc_tta_section][vc_tta_section title=&#8221;2. \u00bfQu\u00e9 lo llev\u00f3 a [&hellip;]<\/p>\n","protected":false},"author":2,"featured_media":0,"parent":0,"menu_order":0,"comment_status":"closed","ping_status":"closed","template":"","meta":{"episode_type":"","audio_file":"","podmotor_file_id":"","podmotor_episode_id":"","cover_image":"","cover_image_id":"","duration":"","filesize":"","filesize_raw":"","date_recorded":"","explicit":"","block":"","footnotes":""},"class_list":["post-5853","page","type-page","status-publish","hentry"],"yoast_head":"<!-- This site is optimized with the Yoast SEO plugin v26.3 - https:\/\/yoast.com\/wordpress\/plugins\/seo\/ -->\n<title>Qui\u00e9n es Hernando Baquero? -<\/title>\n<meta name=\"robots\" content=\"index, follow, max-snippet:-1, max-image-preview:large, max-video-preview:-1\" \/>\n<link rel=\"canonical\" href=\"https:\/\/ascofame.org.co\/web\/quien-es-hernando-baquero\/\" \/>\n<meta property=\"og:locale\" content=\"es_ES\" \/>\n<meta property=\"og:type\" content=\"article\" \/>\n<meta property=\"og:title\" content=\"Qui\u00e9n es Hernando Baquero? -\" \/>\n<meta property=\"og:description\" content=\"[vc_row][vc_column][vc_tta_accordion][vc_tta_section title=&#8221;1. \u00bfQui\u00e9n es Hernando Baquero? (En aspectos humanos, familiares, acad\u00e9micos, etc.)&#8221; tab_id=&#8221;1712352514573-78cd3e00-b813&#8243;][vc_column_text]Un hijo, un esposo, un padre, un amigo, un profesor, un alumno, que ha intentado con el ejemplo retribuir la gratitud como virtud. Un profesional de la medicina que trabaja d\u00eda a d\u00eda en compaginar la pasi\u00f3n por la ciencia, con el placer de servir a sus semejantes.[\/vc_column_text][\/vc_tta_section][vc_tta_section title=&#8221;2. \u00bfQu\u00e9 lo llev\u00f3 a [&hellip;]\" \/>\n<meta property=\"og:url\" content=\"https:\/\/ascofame.org.co\/web\/quien-es-hernando-baquero\/\" \/>\n<meta property=\"article:modified_time\" content=\"2024-04-05T23:23:22+00:00\" \/>\n<meta name=\"twitter:card\" content=\"summary_large_image\" \/>\n<meta name=\"twitter:label1\" content=\"Tiempo de lectura\" \/>\n\t<meta name=\"twitter:data1\" content=\"9 minutos\" \/>\n<script type=\"application\/ld+json\" class=\"yoast-schema-graph\">{\"@context\":\"https:\/\/schema.org\",\"@graph\":[{\"@type\":\"WebPage\",\"@id\":\"https:\/\/ascofame.org.co\/web\/quien-es-hernando-baquero\/\",\"url\":\"https:\/\/ascofame.org.co\/web\/quien-es-hernando-baquero\/\",\"name\":\"Qui\u00e9n es Hernando Baquero? -\",\"isPartOf\":{\"@id\":\"https:\/\/ascofame.org.co\/web\/#website\"},\"datePublished\":\"2024-04-05T21:42:24+00:00\",\"dateModified\":\"2024-04-05T23:23:22+00:00\",\"breadcrumb\":{\"@id\":\"https:\/\/ascofame.org.co\/web\/quien-es-hernando-baquero\/#breadcrumb\"},\"inLanguage\":\"es\",\"potentialAction\":[{\"@type\":\"ReadAction\",\"target\":[\"https:\/\/ascofame.org.co\/web\/quien-es-hernando-baquero\/\"]}]},{\"@type\":\"BreadcrumbList\",\"@id\":\"https:\/\/ascofame.org.co\/web\/quien-es-hernando-baquero\/#breadcrumb\",\"itemListElement\":[{\"@type\":\"ListItem\",\"position\":1,\"name\":\"Portada\",\"item\":\"https:\/\/ascofame.org.co\/web\/\"},{\"@type\":\"ListItem\",\"position\":2,\"name\":\"Qui\u00e9n es Hernando Baquero?\"}]},{\"@type\":\"WebSite\",\"@id\":\"https:\/\/ascofame.org.co\/web\/#website\",\"url\":\"https:\/\/ascofame.org.co\/web\/\",\"name\":\"Ascofame\",\"description\":\"\",\"potentialAction\":[{\"@type\":\"SearchAction\",\"target\":{\"@type\":\"EntryPoint\",\"urlTemplate\":\"https:\/\/ascofame.org.co\/web\/?s={search_term_string}\"},\"query-input\":{\"@type\":\"PropertyValueSpecification\",\"valueRequired\":true,\"valueName\":\"search_term_string\"}}],\"inLanguage\":\"es\"}]}<\/script>\n<!-- \/ Yoast SEO plugin. -->","yoast_head_json":{"title":"Qui\u00e9n es Hernando Baquero? -","robots":{"index":"index","follow":"follow","max-snippet":"max-snippet:-1","max-image-preview":"max-image-preview:large","max-video-preview":"max-video-preview:-1"},"canonical":"https:\/\/ascofame.org.co\/web\/quien-es-hernando-baquero\/","og_locale":"es_ES","og_type":"article","og_title":"Qui\u00e9n es Hernando Baquero? -","og_description":"[vc_row][vc_column][vc_tta_accordion][vc_tta_section title=&#8221;1. \u00bfQui\u00e9n es Hernando Baquero? (En aspectos humanos, familiares, acad\u00e9micos, etc.)&#8221; tab_id=&#8221;1712352514573-78cd3e00-b813&#8243;][vc_column_text]Un hijo, un esposo, un padre, un amigo, un profesor, un alumno, que ha intentado con el ejemplo retribuir la gratitud como virtud. Un profesional de la medicina que trabaja d\u00eda a d\u00eda en compaginar la pasi\u00f3n por la ciencia, con el placer de servir a sus semejantes.[\/vc_column_text][\/vc_tta_section][vc_tta_section title=&#8221;2. \u00bfQu\u00e9 lo llev\u00f3 a [&hellip;]","og_url":"https:\/\/ascofame.org.co\/web\/quien-es-hernando-baquero\/","article_modified_time":"2024-04-05T23:23:22+00:00","twitter_card":"summary_large_image","twitter_misc":{"Tiempo de lectura":"9 minutos"},"schema":{"@context":"https:\/\/schema.org","@graph":[{"@type":"WebPage","@id":"https:\/\/ascofame.org.co\/web\/quien-es-hernando-baquero\/","url":"https:\/\/ascofame.org.co\/web\/quien-es-hernando-baquero\/","name":"Qui\u00e9n es Hernando Baquero? -","isPartOf":{"@id":"https:\/\/ascofame.org.co\/web\/#website"},"datePublished":"2024-04-05T21:42:24+00:00","dateModified":"2024-04-05T23:23:22+00:00","breadcrumb":{"@id":"https:\/\/ascofame.org.co\/web\/quien-es-hernando-baquero\/#breadcrumb"},"inLanguage":"es","potentialAction":[{"@type":"ReadAction","target":["https:\/\/ascofame.org.co\/web\/quien-es-hernando-baquero\/"]}]},{"@type":"BreadcrumbList","@id":"https:\/\/ascofame.org.co\/web\/quien-es-hernando-baquero\/#breadcrumb","itemListElement":[{"@type":"ListItem","position":1,"name":"Portada","item":"https:\/\/ascofame.org.co\/web\/"},{"@type":"ListItem","position":2,"name":"Qui\u00e9n es Hernando Baquero?"}]},{"@type":"WebSite","@id":"https:\/\/ascofame.org.co\/web\/#website","url":"https:\/\/ascofame.org.co\/web\/","name":"Ascofame","description":"","potentialAction":[{"@type":"SearchAction","target":{"@type":"EntryPoint","urlTemplate":"https:\/\/ascofame.org.co\/web\/?s={search_term_string}"},"query-input":{"@type":"PropertyValueSpecification","valueRequired":true,"valueName":"search_term_string"}}],"inLanguage":"es"}]}},"_links":{"self":[{"href":"https:\/\/ascofame.org.co\/web\/wp-json\/wp\/v2\/pages\/5853","targetHints":{"allow":["GET"]}}],"collection":[{"href":"https:\/\/ascofame.org.co\/web\/wp-json\/wp\/v2\/pages"}],"about":[{"href":"https:\/\/ascofame.org.co\/web\/wp-json\/wp\/v2\/types\/page"}],"author":[{"embeddable":true,"href":"https:\/\/ascofame.org.co\/web\/wp-json\/wp\/v2\/users\/2"}],"replies":[{"embeddable":true,"href":"https:\/\/ascofame.org.co\/web\/wp-json\/wp\/v2\/comments?post=5853"}],"version-history":[{"count":1,"href":"https:\/\/ascofame.org.co\/web\/wp-json\/wp\/v2\/pages\/5853\/revisions"}],"predecessor-version":[{"id":5854,"href":"https:\/\/ascofame.org.co\/web\/wp-json\/wp\/v2\/pages\/5853\/revisions\/5854"}],"wp:attachment":[{"href":"https:\/\/ascofame.org.co\/web\/wp-json\/wp\/v2\/media?parent=5853"}],"curies":[{"name":"wp","href":"https:\/\/api.w.org\/{rel}","templated":true}]}}