{"id":5565,"date":"2024-03-19T19:56:10","date_gmt":"2024-03-20T00:56:10","guid":{"rendered":"https:\/\/ascofame.org.co\/web\/?page_id=5565"},"modified":"2024-03-19T23:09:29","modified_gmt":"2024-03-20T04:09:29","slug":"extranet","status":"publish","type":"page","link":"https:\/\/ascofame.org.co\/web\/extranet\/","title":{"rendered":"Extranet"},"content":{"rendered":"<div class=\"nolwrap\"><p>[vc_row][vc_column][vc_column_text]<\/p>\n<h1>Bienvenido<\/h1>\n<p>Este espacio busca centralizar los accesos a los sistemas de informaci\u00f3n de la Asociaci\u00f3n Colombiana de Facultades de Medicina \u2013 Ascofame y tiene como objetivo mantener a los funcionarios informados e involucrados gracias a un espacio compartido en el que podr\u00e1n visualizar contenido y colaborar en el mismo de manera segura, as\u00ed como conectarse y comunicarse con compa\u00f1eros.<\/p>\n<p>Cuyo objetivo es asistir a los trabajadores en la generaci\u00f3n de valor para Ascofame, poniendo a su disposici\u00f3n activos como contenidos, archivos, procesos de negocio y herramientas; facilitando la colaboraci\u00f3n y comunicaci\u00f3n entre las personas y los equipos.[\/vc_column_text][\/vc_column][\/vc_row][vc_row][vc_column][vc_empty_space][vc_column_text]<\/p>\n<h4><span style=\"color: #000000;\"><b>Enlaces directos recursos<\/b><\/span><\/h4>\n<p>[\/vc_column_text][vc_empty_space][\/vc_column][\/vc_row][vc_row full_width=&#8221;stretch_row&#8221; equal_height=&#8221;yes&#8221; content_placement=&#8221;top&#8221;][vc_column width=&#8221;1\/6&#8243;][vc_single_image image=&#8221;5586&#8243; alignment=&#8221;center&#8221; onclick=&#8221;custom_link&#8221;][vc_column_text]<\/p>\n<p style=\"text-align: center;\">Biblioteca<\/p>\n<p>[\/vc_column_text][\/vc_column][vc_column width=&#8221;1\/6&#8243;][vc_single_image image=&#8221;5587&#8243; alignment=&#8221;center&#8221; onclick=&#8221;custom_link&#8221;][vc_column_text]<\/p>\n<p style=\"text-align: center;\">Observatorio<\/p>\n<p>[\/vc_column_text][\/vc_column][vc_column width=&#8221;1\/6&#8243;][vc_single_image image=&#8221;5588&#8243; alignment=&#8221;center&#8221; onclick=&#8221;custom_link&#8221;][vc_column_text]<\/p>\n<p style=\"text-align: center;\">Universidad<\/p>\n<p>[\/vc_column_text][\/vc_column][vc_column width=&#8221;1\/6&#8243;][vc_single_image image=&#8221;5589&#8243; alignment=&#8221;center&#8221; onclick=&#8221;custom_link&#8221;][vc_column_text]<\/p>\n<p style=\"text-align: center;\">Aula Virtual<\/p>\n<p>[\/vc_column_text][\/vc_column][vc_column width=&#8221;1\/6&#8243;][vc_single_image image=&#8221;5590&#8243; alignment=&#8221;center&#8221; onclick=&#8221;custom_link&#8221;][vc_column_text]<\/p>\n<p style=\"text-align: center;\">Educaci\u00f3n continuada<\/p>\n<p>[\/vc_column_text][\/vc_column][\/vc_row][vc_row][vc_column][vc_empty_space][vc_separator][vc_empty_space][vc_column_text]<\/p>\n<h4><span style=\"color: #000000;\"><b>Gesti\u00f3n<\/b><\/span><\/h4>\n<p>[\/vc_column_text][vc_empty_space][\/vc_column][\/vc_row][vc_row full_width=&#8221;stretch_row&#8221; equal_height=&#8221;yes&#8221; content_placement=&#8221;top&#8221;][vc_column width=&#8221;1\/6&#8243;][vc_single_image image=&#8221;5576&#8243; alignment=&#8221;center&#8221; onclick=&#8221;custom_link&#8221;][vc_column_text]<\/p>\n<p style=\"text-align: center;\">CRM<\/p>\n<p>[\/vc_column_text][\/vc_column][vc_column width=&#8221;1\/6&#8243;][vc_single_image image=&#8221;5577&#8243; alignment=&#8221;center&#8221; onclick=&#8221;custom_link&#8221;][vc_column_text]<\/p>\n<p style=\"text-align: center;\">Correo<\/p>\n<p>[\/vc_column_text][\/vc_column][vc_column width=&#8221;1\/6&#8243;][vc_single_image image=&#8221;5578&#8243; alignment=&#8221;center&#8221; onclick=&#8221;custom_link&#8221;][vc_column_text]<\/p>\n<p style=\"text-align: center;\">Imagen corporativa<\/p>\n<p>[\/vc_column_text][\/vc_column][vc_column width=&#8221;1\/6&#8243;][vc_single_image image=&#8221;5579&#8243; alignment=&#8221;center&#8221; onclick=&#8221;custom_link&#8221;][vc_column_text]<\/p>\n<p style=\"text-align: center;\">Aula Virtual<\/p>\n<p>[\/vc_column_text][\/vc_column][vc_column width=&#8221;1\/6&#8243;][vc_single_image image=&#8221;5580&#8243; alignment=&#8221;center&#8221; onclick=&#8221;custom_link&#8221;][vc_column_text]<\/p>\n<p style=\"text-align: center;\">Personal Ascofame<\/p>\n<p>[\/vc_column_text][\/vc_column][\/vc_row][vc_row][vc_column][vc_empty_space][vc_separator][vc_empty_space][vc_column_text]<\/p>\n<h4><span style=\"color: #000000;\"><b>Comit\u00e9s<\/b><\/span><\/h4>\n<p>[\/vc_column_text][vc_empty_space][\/vc_column][\/vc_row][vc_row full_width=&#8221;stretch_row&#8221; equal_height=&#8221;yes&#8221; content_placement=&#8221;top&#8221;][vc_column width=&#8221;1\/6&#8243;][vc_single_image image=&#8221;5566&#8243; alignment=&#8221;center&#8221; onclick=&#8221;custom_link&#8221;][vc_column_text]<\/p>\n<p style=\"text-align: center;\">Directivo<\/p>\n<p>[\/vc_column_text][\/vc_column][vc_column width=&#8221;1\/6&#8243;][vc_single_image image=&#8221;5567&#8243; alignment=&#8221;center&#8221; onclick=&#8221;custom_link&#8221;][vc_column_text]<\/p>\n<p style=\"text-align: center;\">Correo<\/p>\n<p>[\/vc_column_text][\/vc_column][vc_column width=&#8221;1\/6&#8243;][vc_single_image image=&#8221;5568&#8243; alignment=&#8221;center&#8221; onclick=&#8221;custom_link&#8221;][vc_column_text]<\/p>\n<p style=\"text-align: center;\">Tecnolog\u00eda<\/p>\n<p>[\/vc_column_text][\/vc_column][vc_column width=&#8221;1\/6&#8243;][vc_single_image image=&#8221;5569&#8243; alignment=&#8221;center&#8221; onclick=&#8221;custom_link&#8221;][vc_column_text]<\/p>\n<p style=\"text-align: center;\">COPASST<\/p>\n<p>[\/vc_column_text][\/vc_column][vc_column width=&#8221;1\/6&#8243;][vc_single_image image=&#8221;5570&#8243; alignment=&#8221;center&#8221; onclick=&#8221;custom_link&#8221;][vc_column_text]<\/p>\n<p style=\"text-align: center;\">Convivencia<\/p>\n<p>[\/vc_column_text][\/vc_column][\/vc_row][vc_row][vc_column][vc_empty_space][vc_separator][vc_empty_space][vc_column_text]<\/p>\n<h4><span style=\"color: #000000;\"><b> Gobernanza <\/b><\/span><\/h4>\n<p>[\/vc_column_text][vc_empty_space][\/vc_column][\/vc_row][vc_row full_width=&#8221;stretch_row&#8221; equal_height=&#8221;yes&#8221; content_placement=&#8221;top&#8221;][vc_column width=&#8221;1\/6&#8243;][vc_single_image image=&#8221;5581&#8243; alignment=&#8221;center&#8221; onclick=&#8221;custom_link&#8221;][vc_column_text]<\/p>\n<p style=\"text-align: center;\">Junta directiva<\/p>\n<p>[\/vc_column_text][\/vc_column][vc_column width=&#8221;1\/6&#8243;][vc_single_image image=&#8221;5582&#8243; alignment=&#8221;center&#8221; onclick=&#8221;custom_link&#8221;][vc_column_text]<\/p>\n<p style=\"text-align: center;\">Asamblea<\/p>\n<p>[\/vc_column_text][\/vc_column][vc_column width=&#8221;1\/6&#8243;][vc_single_image image=&#8221;5583&#8243; alignment=&#8221;center&#8221; onclick=&#8221;custom_link&#8221;][vc_column_text]<\/p>\n<p style=\"text-align: center;\">CGEM<\/p>\n<p>[\/vc_column_text][\/vc_column][vc_column width=&#8221;1\/6&#8243;][vc_single_image image=&#8221;5584&#8243; alignment=&#8221;center&#8221; onclick=&#8221;custom_link&#8221;][vc_column_text]<\/p>\n<p style=\"text-align: center;\">Estatutos y reglamentos<\/p>\n<p>[\/vc_column_text][\/vc_column][vc_column width=&#8221;1\/6&#8243;][vc_single_image image=&#8221;5585&#8243; alignment=&#8221;center&#8221; onclick=&#8221;custom_link&#8221;][vc_column_text]<\/p>\n<p style=\"text-align: center;\">Informes de gesti\u00f3n<\/p>\n<p>[\/vc_column_text][\/vc_column][\/vc_row][vc_row][vc_column][vc_empty_space][vc_separator][vc_empty_space][vc_column_text]<\/p>\n<h4><span style=\"color: #000000;\"><b> Direcciones y unidades <\/b><\/span><\/h4>\n<p>[\/vc_column_text][vc_empty_space][\/vc_column][\/vc_row][vc_row full_width=&#8221;stretch_row&#8221; equal_height=&#8221;yes&#8221; content_placement=&#8221;top&#8221;][vc_column width=&#8221;1\/6&#8243;][vc_single_image image=&#8221;5571&#8243; alignment=&#8221;center&#8221; onclick=&#8221;custom_link&#8221;][vc_column_text]<\/p>\n<p style=\"text-align: center;\">Direcci\u00f3n ejecutiva<\/p>\n<p>[\/vc_column_text][\/vc_column][vc_column width=&#8221;1\/6&#8243;][vc_single_image image=&#8221;5572&#8243; alignment=&#8221;center&#8221; onclick=&#8221;custom_link&#8221;][vc_column_text]<\/p>\n<p style=\"text-align: center;\">Direcci\u00f3n Administrativa<\/p>\n<p>[\/vc_column_text][\/vc_column][vc_column width=&#8221;1\/6&#8243;][vc_single_image image=&#8221;5573&#8243; alignment=&#8221;center&#8221; onclick=&#8221;custom_link&#8221;][vc_column_text]<\/p>\n<p style=\"text-align: center;\">Educaci\u00f3n e investiga<\/p>\n<p>[\/vc_column_text][\/vc_column][vc_column width=&#8221;1\/6&#8243;][vc_single_image image=&#8221;5574&#8243; alignment=&#8221;center&#8221; onclick=&#8221;custom_link&#8221;][vc_column_text]<\/p>\n<p style=\"text-align: center;\">Evaluaci\u00f3n y tecnolog\u00edas<\/p>\n<p>[\/vc_column_text][\/vc_column][vc_column width=&#8221;1\/6&#8243;][vc_single_image image=&#8221;5575&#8243; alignment=&#8221;center&#8221; onclick=&#8221;custom_link&#8221;][vc_column_text]<\/p>\n<p style=\"text-align: center;\">Gesti\u00f3n de proyectos<\/p>\n<p>[\/vc_column_text][\/vc_column][\/vc_row]<\/p>\n<\/div>","protected":false},"excerpt":{"rendered":"<p>[vc_row][vc_column][vc_column_text] Bienvenido Este espacio busca centralizar los accesos a los sistemas de informaci\u00f3n de la Asociaci\u00f3n Colombiana de Facultades de Medicina \u2013 Ascofame y tiene como objetivo mantener a los funcionarios informados e involucrados gracias a un espacio compartido en el que podr\u00e1n visualizar contenido y colaborar en el mismo de manera segura, as\u00ed como conectarse y comunicarse con compa\u00f1eros. Cuyo objetivo es asistir a [&hellip;]<\/p>\n","protected":false},"author":2,"featured_media":0,"parent":0,"menu_order":0,"comment_status":"closed","ping_status":"closed","template":"","meta":{"episode_type":"","audio_file":"","podmotor_file_id":"","podmotor_episode_id":"","cover_image":"","cover_image_id":"","duration":"","filesize":"","filesize_raw":"","date_recorded":"","explicit":"","block":"","footnotes":""},"class_list":["post-5565","page","type-page","status-publish","hentry"],"yoast_head":"<!-- This site is optimized with the Yoast SEO plugin v26.3 - https:\/\/yoast.com\/wordpress\/plugins\/seo\/ -->\n<title>Extranet -<\/title>\n<meta name=\"robots\" content=\"index, follow, max-snippet:-1, max-image-preview:large, max-video-preview:-1\" \/>\n<link rel=\"canonical\" href=\"https:\/\/ascofame.org.co\/web\/extranet\/\" \/>\n<meta property=\"og:locale\" content=\"es_ES\" \/>\n<meta property=\"og:type\" content=\"article\" \/>\n<meta property=\"og:title\" content=\"Extranet -\" \/>\n<meta property=\"og:description\" content=\"[vc_row][vc_column][vc_column_text] Bienvenido Este espacio busca centralizar los accesos a los sistemas de informaci\u00f3n de la Asociaci\u00f3n Colombiana de Facultades de Medicina \u2013 Ascofame y tiene como objetivo mantener a los funcionarios informados e involucrados gracias a un espacio compartido en el que podr\u00e1n visualizar contenido y colaborar en el mismo de manera segura, as\u00ed como conectarse y comunicarse con compa\u00f1eros. Cuyo objetivo es asistir a [&hellip;]\" \/>\n<meta property=\"og:url\" content=\"https:\/\/ascofame.org.co\/web\/extranet\/\" \/>\n<meta property=\"article:modified_time\" content=\"2024-03-20T04:09:29+00:00\" \/>\n<meta name=\"twitter:card\" content=\"summary_large_image\" \/>\n<meta name=\"twitter:label1\" content=\"Tiempo de lectura\" \/>\n\t<meta name=\"twitter:data1\" content=\"4 minutos\" \/>\n<script type=\"application\/ld+json\" class=\"yoast-schema-graph\">{\"@context\":\"https:\/\/schema.org\",\"@graph\":[{\"@type\":\"WebPage\",\"@id\":\"https:\/\/ascofame.org.co\/web\/extranet\/\",\"url\":\"https:\/\/ascofame.org.co\/web\/extranet\/\",\"name\":\"Extranet -\",\"isPartOf\":{\"@id\":\"https:\/\/ascofame.org.co\/web\/#website\"},\"datePublished\":\"2024-03-20T00:56:10+00:00\",\"dateModified\":\"2024-03-20T04:09:29+00:00\",\"breadcrumb\":{\"@id\":\"https:\/\/ascofame.org.co\/web\/extranet\/#breadcrumb\"},\"inLanguage\":\"es\",\"potentialAction\":[{\"@type\":\"ReadAction\",\"target\":[\"https:\/\/ascofame.org.co\/web\/extranet\/\"]}]},{\"@type\":\"BreadcrumbList\",\"@id\":\"https:\/\/ascofame.org.co\/web\/extranet\/#breadcrumb\",\"itemListElement\":[{\"@type\":\"ListItem\",\"position\":1,\"name\":\"Portada\",\"item\":\"https:\/\/ascofame.org.co\/web\/\"},{\"@type\":\"ListItem\",\"position\":2,\"name\":\"Extranet\"}]},{\"@type\":\"WebSite\",\"@id\":\"https:\/\/ascofame.org.co\/web\/#website\",\"url\":\"https:\/\/ascofame.org.co\/web\/\",\"name\":\"Ascofame\",\"description\":\"\",\"potentialAction\":[{\"@type\":\"SearchAction\",\"target\":{\"@type\":\"EntryPoint\",\"urlTemplate\":\"https:\/\/ascofame.org.co\/web\/?s={search_term_string}\"},\"query-input\":{\"@type\":\"PropertyValueSpecification\",\"valueRequired\":true,\"valueName\":\"search_term_string\"}}],\"inLanguage\":\"es\"}]}<\/script>\n<!-- \/ Yoast SEO plugin. -->","yoast_head_json":{"title":"Extranet -","robots":{"index":"index","follow":"follow","max-snippet":"max-snippet:-1","max-image-preview":"max-image-preview:large","max-video-preview":"max-video-preview:-1"},"canonical":"https:\/\/ascofame.org.co\/web\/extranet\/","og_locale":"es_ES","og_type":"article","og_title":"Extranet -","og_description":"[vc_row][vc_column][vc_column_text] Bienvenido Este espacio busca centralizar los accesos a los sistemas de informaci\u00f3n de la Asociaci\u00f3n Colombiana de Facultades de Medicina \u2013 Ascofame y tiene como objetivo mantener a los funcionarios informados e involucrados gracias a un espacio compartido en el que podr\u00e1n visualizar contenido y colaborar en el mismo de manera segura, as\u00ed como conectarse y comunicarse con compa\u00f1eros. Cuyo objetivo es asistir a [&hellip;]","og_url":"https:\/\/ascofame.org.co\/web\/extranet\/","article_modified_time":"2024-03-20T04:09:29+00:00","twitter_card":"summary_large_image","twitter_misc":{"Tiempo de lectura":"4 minutos"},"schema":{"@context":"https:\/\/schema.org","@graph":[{"@type":"WebPage","@id":"https:\/\/ascofame.org.co\/web\/extranet\/","url":"https:\/\/ascofame.org.co\/web\/extranet\/","name":"Extranet -","isPartOf":{"@id":"https:\/\/ascofame.org.co\/web\/#website"},"datePublished":"2024-03-20T00:56:10+00:00","dateModified":"2024-03-20T04:09:29+00:00","breadcrumb":{"@id":"https:\/\/ascofame.org.co\/web\/extranet\/#breadcrumb"},"inLanguage":"es","potentialAction":[{"@type":"ReadAction","target":["https:\/\/ascofame.org.co\/web\/extranet\/"]}]},{"@type":"BreadcrumbList","@id":"https:\/\/ascofame.org.co\/web\/extranet\/#breadcrumb","itemListElement":[{"@type":"ListItem","position":1,"name":"Portada","item":"https:\/\/ascofame.org.co\/web\/"},{"@type":"ListItem","position":2,"name":"Extranet"}]},{"@type":"WebSite","@id":"https:\/\/ascofame.org.co\/web\/#website","url":"https:\/\/ascofame.org.co\/web\/","name":"Ascofame","description":"","potentialAction":[{"@type":"SearchAction","target":{"@type":"EntryPoint","urlTemplate":"https:\/\/ascofame.org.co\/web\/?s={search_term_string}"},"query-input":{"@type":"PropertyValueSpecification","valueRequired":true,"valueName":"search_term_string"}}],"inLanguage":"es"}]}},"_links":{"self":[{"href":"https:\/\/ascofame.org.co\/web\/wp-json\/wp\/v2\/pages\/5565","targetHints":{"allow":["GET"]}}],"collection":[{"href":"https:\/\/ascofame.org.co\/web\/wp-json\/wp\/v2\/pages"}],"about":[{"href":"https:\/\/ascofame.org.co\/web\/wp-json\/wp\/v2\/types\/page"}],"author":[{"embeddable":true,"href":"https:\/\/ascofame.org.co\/web\/wp-json\/wp\/v2\/users\/2"}],"replies":[{"embeddable":true,"href":"https:\/\/ascofame.org.co\/web\/wp-json\/wp\/v2\/comments?post=5565"}],"version-history":[{"count":15,"href":"https:\/\/ascofame.org.co\/web\/wp-json\/wp\/v2\/pages\/5565\/revisions"}],"predecessor-version":[{"id":5605,"href":"https:\/\/ascofame.org.co\/web\/wp-json\/wp\/v2\/pages\/5565\/revisions\/5605"}],"wp:attachment":[{"href":"https:\/\/ascofame.org.co\/web\/wp-json\/wp\/v2\/media?parent=5565"}],"curies":[{"name":"wp","href":"https:\/\/api.w.org\/{rel}","templated":true}]}}