{"id":5248,"date":"2021-01-21T20:29:10","date_gmt":"2021-01-21T20:29:10","guid":{"rendered":"https:\/\/beta.ascofame.org.co\/quienes-somos\/convenios-2\/"},"modified":"2023-11-15T17:37:17","modified_gmt":"2023-11-15T17:37:17","slug":"portafolio-servicios","status":"publish","type":"page","link":"https:\/\/ascofame.org.co\/web\/quienes-somos\/portafolio-servicios\/","title":{"rendered":"Portafolio de servicios"},"content":{"rendered":"<div class=\"nolwrap\"><p>[vc_row][vc_column][vc_tta_tour active_section=&#8221;&#8221;][vc_tta_section title=&#8221;L\u00ednea 1: Desarrollo profesional&#8221; tab_id=&#8221;1700069800075-9546c013-68ce&#8221;][vc_column_text]<\/p>\n<h4 style=\"text-align: center;\">Desarrollo profesional continuo y autorregulacio\u0301n<\/h4>\n<p>Nuestros productos y servicios est\u00e1n dise\u00f1ados para establecer de manera efectiva un puente entre la formaci\u00f3n m\u00e9dica y la pr\u00e1ctica cl\u00ednica. Nuestro enfoque principal es respaldar el aprendizaje continuo a lo largo de toda la carrera de los m\u00e9dicos.<\/p>\n<p>Nuestros servicios incluyen:<\/p>\n<div class=\"page\" title=\"Page 1\">\n<div class=\"section\">\n<div class=\"layoutArea\">\n<div class=\"column\">\n<ul>\n<li>Hoja de vida acade\u0301mica y registro voluntario de actividades de educacio\u0301n continua.<\/li>\n<li>Asignacio\u0301n de cre\u0301ditos a actividades de Desarrollo Profesional Permanente (DPP).<\/li>\n<li>Evaluacio\u0301n de calidad para el mejoramiento de actividades de educacio\u0301n continua y asignacio\u0301n de cre\u0301ditos de DPP.<\/li>\n<li>Desarrollo y oferta de cursos y diplomados de actualizacio\u0301n me\u0301dica asociados con nuestras 48 facultades miembro.<\/li>\n<\/ul>\n<\/div>\n<\/div>\n<\/div>\n<\/div>\n<p>[\/vc_column_text][vc_row_inner][vc_column_inner width=&#8221;1\/2&#8243;][vc_single_image image=&#8221;2236&#8243; img_size=&#8221;full&#8221; alignment=&#8221;center&#8221;][\/vc_column_inner][vc_column_inner width=&#8221;1\/2&#8243;][vc_column_text]El beneficio es para miembros de Ascofame y hospitales universitarios asociados[\/vc_column_text][\/vc_column_inner][\/vc_row_inner][vc_separator][vc_separator][vc_separator][vc_column_text]<\/p>\n<h4 style=\"text-align: center;\"><strong>ESTA INTERESADO EN RECIBIR UNA COTIZACI\u00d3N\u00a0<\/strong><\/h4>\n<p>[\/vc_column_text][vc_column_text]<\/p>\n<p style=\"text-align: center;\"><b>Comun\u00edquese con nosotros al correo: info@ascofame.org.co<\/b><\/p>\n<p>[\/vc_column_text][\/vc_tta_section][vc_tta_section title=&#8221;Linea 2. Gesti\u00f3n curricular&#8221; tab_id=&#8221;1700069800259-2d3d36a6-c7be&#8221;][vc_column_text css=&#8221;.vc_custom_1699571886097{padding-bottom: 20px !important;}&#8221;]<\/p>\n<h4 style=\"text-align: center;\">Gestio\u0301n curricular y desarrollo profesoral<\/h4>\n<div class=\"page\" title=\"Page 1\">\n<div class=\"section\">\n<div class=\"layoutArea\">\n<div class=\"column\">\n<p>Desarrollo de competencias de educacio\u0301n me\u0301dica en los docentes y directivos de las facultades de medicina y servicios de acompan\u0303amiento para la gestio\u0301n curricular.<\/p>\n<ul>\n<li>Diplomado en Educacio\u0301n me\u0301dica (modular).<\/li>\n<li>Educacio\u0301n me\u0301dica con e\u0301nfasis en educacio\u0301n en la pra\u0301ctica cli\u0301nica.<\/li>\n<li>Desarrollo de diplomados virtuales y presenciales a la medida.<\/li>\n<li>Tecnologi\u0301as educativas para el aprendizaje y el conocimiento.<\/li>\n<li>Gestio\u0301n de aulas virtuales y creacio\u0301n de materiales educativos en salud.<\/li>\n<li>Curso de actualizacio\u0301n en bu\u0301squeda y recuperacio\u0301n de informacio\u0301n cienti\u0301fica en salud. Evaluacio\u0301n para el aprendizaje.<\/li>\n<li>Desarrollo de cursos virtuales y presenciales a la medida.<\/li>\n<li>Aprendizaje Basado en Problemas (ABP).<\/li>\n<li>Dida\u0301ctica en laboratorios de simulacio\u0301n.<\/li>\n<li>Microensen\u0303anza.<\/li>\n<li>Competencias en educacio\u0301n en ciencias de la salud.<\/li>\n<li>Desarrollo, aplicacio\u0301n y ana\u0301lisis de pruebas de seleccio\u0301n mu\u0301ltiple para evaluar el aprendizaje de los estudiantes.<\/li>\n<li>Disen\u0303o y gestio\u0301n curricular.<\/li>\n<li>Dise\u00f1o y ejecuci\u00f3n de procesos de ingreso para pregrado y posgrado.<\/li>\n<li>Pruebas complementarias, exa\u0301menes y entrevistas estructuradas para ingreso a residencias cli\u0301nicas<\/li>\n<\/ul>\n<\/div>\n<\/div>\n<\/div>\n<\/div>\n<p>[\/vc_column_text][vc_column_text css=&#8221;.vc_custom_1699572101476{padding-top: 20px !important;}&#8221;]<\/p>\n<h4 style=\"text-align: center;\"><strong>ESTA INTERESADO EN RECIBIR UNA COTIZACI\u00d3N\u00a0<\/strong><\/h4>\n<p style=\"text-align: center;\"><b>Comun\u00edquese con nosotros al correo: info@ascofame.org.co<\/b><\/p>\n<p>[\/vc_column_text][\/vc_tta_section][vc_tta_section title=&#8221;L\u00ednea 3: Calidad y mejoramiento&#8221; tab_id=&#8221;1700069800298-7b04261a-d926&#8243;][vc_column_text]<\/p>\n<h4 style=\"text-align: center;\"><strong>ESTA INTERESADO EN RECIBIR UNA COTIZACI\u00d3N\u00a0<\/strong><\/h4>\n<p style=\"text-align: center;\"><b>Comun\u00edquese con nosotros al correo: info@ascofame.org.co<\/b><\/p>\n<p>[\/vc_column_text][vc_column_text]<\/p>\n<h4 style=\"text-align: center;\">De la calidad y la acreditacio\u0301n en educacio\u0301n me\u0301dica<\/h4>\n<ul>\n<li>Jornadas Internacionales de Educacio\u0301n Me\u0301dica de ASCOFAME.<\/li>\n<li>Procesos de revisio\u0301n y actualizacio\u0301n de los curri\u0301culos y los planes de estudio en los programas del a\u0301rea de la salud.<\/li>\n<li>Acompan\u0303amiento en el proceso de implementaci\u00f3n del las Recomendaciones del Consejo General de Educaci\u00f3n M\u00e9dica.<\/li>\n<li>Proceso de evaluaci\u00f3n como oferentes de Educaci\u00f3n M\u00e9dica Continuada<\/li>\n<li>Proceso de evaluaci\u00f3n de Entrenamientos Avanzados en Medicina.<\/li>\n<\/ul>\n<p>[\/vc_column_text][\/vc_tta_section][\/vc_tta_tour][\/vc_column][\/vc_row]<\/p>\n<\/div>","protected":false},"excerpt":{"rendered":"<p>[vc_row][vc_column][vc_tta_tour active_section=&#8221;&#8221;][vc_tta_section title=&#8221;L\u00ednea 1: Desarrollo profesional&#8221; tab_id=&#8221;1700069800075-9546c013-68ce&#8221;][vc_column_text] Desarrollo profesional continuo y autorregulacio\u0301n Nuestros productos y servicios est\u00e1n dise\u00f1ados para establecer de manera efectiva un puente entre la formaci\u00f3n m\u00e9dica y la pr\u00e1ctica cl\u00ednica. Nuestro enfoque principal es respaldar el aprendizaje continuo a lo largo de toda la carrera de los m\u00e9dicos. Nuestros servicios incluyen: Hoja de vida acade\u0301mica y registro voluntario de actividades de educacio\u0301n [&hellip;]<\/p>\n","protected":false},"author":1,"featured_media":0,"parent":7,"menu_order":6,"comment_status":"closed","ping_status":"closed","template":"","meta":{"episode_type":"","audio_file":"","podmotor_file_id":"","podmotor_episode_id":"","cover_image":"","cover_image_id":"","duration":"","filesize":"","filesize_raw":"","date_recorded":"","explicit":"","block":"","footnotes":""},"class_list":["post-5248","page","type-page","status-publish","hentry"],"yoast_head":"<!-- This site is optimized with the Yoast SEO plugin v26.3 - https:\/\/yoast.com\/wordpress\/plugins\/seo\/ -->\n<title>Portafolio de servicios -<\/title>\n<meta name=\"robots\" content=\"index, follow, max-snippet:-1, max-image-preview:large, max-video-preview:-1\" \/>\n<link rel=\"canonical\" href=\"https:\/\/ascofame.org.co\/web\/quienes-somos\/portafolio-servicios\/\" \/>\n<meta property=\"og:locale\" content=\"es_ES\" \/>\n<meta property=\"og:type\" content=\"article\" \/>\n<meta property=\"og:title\" content=\"Portafolio de servicios -\" \/>\n<meta property=\"og:description\" content=\"[vc_row][vc_column][vc_tta_tour active_section=&#8221;&#8221;][vc_tta_section title=&#8221;L\u00ednea 1: Desarrollo profesional&#8221; tab_id=&#8221;1700069800075-9546c013-68ce&#8221;][vc_column_text] Desarrollo profesional continuo y autorregulacio\u0301n Nuestros productos y servicios est\u00e1n dise\u00f1ados para establecer de manera efectiva un puente entre la formaci\u00f3n m\u00e9dica y la pr\u00e1ctica cl\u00ednica. Nuestro enfoque principal es respaldar el aprendizaje continuo a lo largo de toda la carrera de los m\u00e9dicos. Nuestros servicios incluyen: Hoja de vida acade\u0301mica y registro voluntario de actividades de educacio\u0301n [&hellip;]\" \/>\n<meta property=\"og:url\" content=\"https:\/\/ascofame.org.co\/web\/quienes-somos\/portafolio-servicios\/\" \/>\n<meta property=\"article:modified_time\" content=\"2023-11-15T17:37:17+00:00\" \/>\n<meta name=\"twitter:card\" content=\"summary_large_image\" \/>\n<meta name=\"twitter:label1\" content=\"Tiempo de lectura\" \/>\n\t<meta name=\"twitter:data1\" content=\"3 minutos\" \/>\n<script type=\"application\/ld+json\" class=\"yoast-schema-graph\">{\"@context\":\"https:\/\/schema.org\",\"@graph\":[{\"@type\":\"WebPage\",\"@id\":\"https:\/\/ascofame.org.co\/web\/quienes-somos\/portafolio-servicios\/\",\"url\":\"https:\/\/ascofame.org.co\/web\/quienes-somos\/portafolio-servicios\/\",\"name\":\"Portafolio de servicios -\",\"isPartOf\":{\"@id\":\"https:\/\/ascofame.org.co\/web\/#website\"},\"datePublished\":\"2021-01-21T20:29:10+00:00\",\"dateModified\":\"2023-11-15T17:37:17+00:00\",\"breadcrumb\":{\"@id\":\"https:\/\/ascofame.org.co\/web\/quienes-somos\/portafolio-servicios\/#breadcrumb\"},\"inLanguage\":\"es\",\"potentialAction\":[{\"@type\":\"ReadAction\",\"target\":[\"https:\/\/ascofame.org.co\/web\/quienes-somos\/portafolio-servicios\/\"]}]},{\"@type\":\"BreadcrumbList\",\"@id\":\"https:\/\/ascofame.org.co\/web\/quienes-somos\/portafolio-servicios\/#breadcrumb\",\"itemListElement\":[{\"@type\":\"ListItem\",\"position\":1,\"name\":\"Portada\",\"item\":\"https:\/\/ascofame.org.co\/web\/\"},{\"@type\":\"ListItem\",\"position\":2,\"name\":\"Quienes somos\",\"item\":\"https:\/\/ascofame.org.co\/web\/quienes-somos\/\"},{\"@type\":\"ListItem\",\"position\":3,\"name\":\"Portafolio de servicios\"}]},{\"@type\":\"WebSite\",\"@id\":\"https:\/\/ascofame.org.co\/web\/#website\",\"url\":\"https:\/\/ascofame.org.co\/web\/\",\"name\":\"Ascofame\",\"description\":\"\",\"potentialAction\":[{\"@type\":\"SearchAction\",\"target\":{\"@type\":\"EntryPoint\",\"urlTemplate\":\"https:\/\/ascofame.org.co\/web\/?s={search_term_string}\"},\"query-input\":{\"@type\":\"PropertyValueSpecification\",\"valueRequired\":true,\"valueName\":\"search_term_string\"}}],\"inLanguage\":\"es\"}]}<\/script>\n<!-- \/ Yoast SEO plugin. -->","yoast_head_json":{"title":"Portafolio de servicios -","robots":{"index":"index","follow":"follow","max-snippet":"max-snippet:-1","max-image-preview":"max-image-preview:large","max-video-preview":"max-video-preview:-1"},"canonical":"https:\/\/ascofame.org.co\/web\/quienes-somos\/portafolio-servicios\/","og_locale":"es_ES","og_type":"article","og_title":"Portafolio de servicios -","og_description":"[vc_row][vc_column][vc_tta_tour active_section=&#8221;&#8221;][vc_tta_section title=&#8221;L\u00ednea 1: Desarrollo profesional&#8221; tab_id=&#8221;1700069800075-9546c013-68ce&#8221;][vc_column_text] Desarrollo profesional continuo y autorregulacio\u0301n Nuestros productos y servicios est\u00e1n dise\u00f1ados para establecer de manera efectiva un puente entre la formaci\u00f3n m\u00e9dica y la pr\u00e1ctica cl\u00ednica. Nuestro enfoque principal es respaldar el aprendizaje continuo a lo largo de toda la carrera de los m\u00e9dicos. Nuestros servicios incluyen: Hoja de vida acade\u0301mica y registro voluntario de actividades de educacio\u0301n [&hellip;]","og_url":"https:\/\/ascofame.org.co\/web\/quienes-somos\/portafolio-servicios\/","article_modified_time":"2023-11-15T17:37:17+00:00","twitter_card":"summary_large_image","twitter_misc":{"Tiempo de lectura":"3 minutos"},"schema":{"@context":"https:\/\/schema.org","@graph":[{"@type":"WebPage","@id":"https:\/\/ascofame.org.co\/web\/quienes-somos\/portafolio-servicios\/","url":"https:\/\/ascofame.org.co\/web\/quienes-somos\/portafolio-servicios\/","name":"Portafolio de servicios -","isPartOf":{"@id":"https:\/\/ascofame.org.co\/web\/#website"},"datePublished":"2021-01-21T20:29:10+00:00","dateModified":"2023-11-15T17:37:17+00:00","breadcrumb":{"@id":"https:\/\/ascofame.org.co\/web\/quienes-somos\/portafolio-servicios\/#breadcrumb"},"inLanguage":"es","potentialAction":[{"@type":"ReadAction","target":["https:\/\/ascofame.org.co\/web\/quienes-somos\/portafolio-servicios\/"]}]},{"@type":"BreadcrumbList","@id":"https:\/\/ascofame.org.co\/web\/quienes-somos\/portafolio-servicios\/#breadcrumb","itemListElement":[{"@type":"ListItem","position":1,"name":"Portada","item":"https:\/\/ascofame.org.co\/web\/"},{"@type":"ListItem","position":2,"name":"Quienes somos","item":"https:\/\/ascofame.org.co\/web\/quienes-somos\/"},{"@type":"ListItem","position":3,"name":"Portafolio de servicios"}]},{"@type":"WebSite","@id":"https:\/\/ascofame.org.co\/web\/#website","url":"https:\/\/ascofame.org.co\/web\/","name":"Ascofame","description":"","potentialAction":[{"@type":"SearchAction","target":{"@type":"EntryPoint","urlTemplate":"https:\/\/ascofame.org.co\/web\/?s={search_term_string}"},"query-input":{"@type":"PropertyValueSpecification","valueRequired":true,"valueName":"search_term_string"}}],"inLanguage":"es"}]}},"_links":{"self":[{"href":"https:\/\/ascofame.org.co\/web\/wp-json\/wp\/v2\/pages\/5248","targetHints":{"allow":["GET"]}}],"collection":[{"href":"https:\/\/ascofame.org.co\/web\/wp-json\/wp\/v2\/pages"}],"about":[{"href":"https:\/\/ascofame.org.co\/web\/wp-json\/wp\/v2\/types\/page"}],"author":[{"embeddable":true,"href":"https:\/\/ascofame.org.co\/web\/wp-json\/wp\/v2\/users\/1"}],"replies":[{"embeddable":true,"href":"https:\/\/ascofame.org.co\/web\/wp-json\/wp\/v2\/comments?post=5248"}],"version-history":[{"count":12,"href":"https:\/\/ascofame.org.co\/web\/wp-json\/wp\/v2\/pages\/5248\/revisions"}],"predecessor-version":[{"id":5470,"href":"https:\/\/ascofame.org.co\/web\/wp-json\/wp\/v2\/pages\/5248\/revisions\/5470"}],"up":[{"embeddable":true,"href":"https:\/\/ascofame.org.co\/web\/wp-json\/wp\/v2\/pages\/7"}],"wp:attachment":[{"href":"https:\/\/ascofame.org.co\/web\/wp-json\/wp\/v2\/media?parent=5248"}],"curies":[{"name":"wp","href":"https:\/\/api.w.org\/{rel}","templated":true}]}}