{"id":5220,"date":"2022-06-13T09:24:14","date_gmt":"2022-06-13T09:24:14","guid":{"rendered":"https:\/\/beta.ascofame.org.co\/?page_id=5220"},"modified":"2022-06-13T09:30:26","modified_gmt":"2022-06-13T09:30:26","slug":"mejor-interno-2022","status":"publish","type":"page","link":"https:\/\/ascofame.org.co\/web\/mejor-interno-2022\/","title":{"rendered":"Mejor Interno 2022"},"content":{"rendered":"<div class=\"nolwrap\"><p>[vc_row][vc_column][vc_single_image image=&#8221;5227&#8243; title=&#8221;Cabezote Mejor Interno 2022&#8243;][\/vc_column][\/vc_row][vc_row][vc_column][vc_empty_space][\/vc_column][\/vc_row][vc_row][vc_column][vc_tta_tour][vc_tta_section title=&#8221;Sobre el premio&#8221; tab_id=&#8221;1654897721145-430c5438-8606&#8243;][vc_column_text]<\/p>\n<h4>\u00bfQu\u00e9 es el premio al mejor interno ASCOFAME?<\/h4>\n<p>Es un reconocimiento otorgado por la Asociaci\u00f3n Colombiana de Facultades de Medicina Ascofame desde 1990 a los estudiantes de \u00faltimo a\u00f1o de la carrera de medicina (internos) que demuestran, a trav\u00e9s de la presentaci\u00f3n y an\u00e1lisis de su hoja de vida, de un examen escrito y otro para el reconocimiento de competencias profesionales, que son los mejores internos del a\u00f1o.<\/p>\n<p>Las evaluaciones, elaboradas con la participaci\u00f3n de la comunidad acad\u00e9mica, est\u00e1n orientadas a proveer informaci\u00f3n y propiciar cambios positivos en la calidad de la formaci\u00f3n m\u00e9dica en pregrado al dar a conocer fortalezas y debilidades a cada facultad, permitir la comparaci\u00f3n con pares a nivel nacional y promover la incorporaci\u00f3n de contenidos relevantes para el pa\u00eds en las propuestas curriculares de pregrado.<\/p>\n<p>De esta manera el premio al mejor interno ASCOFAME est\u00e1 alineado con el eje de Excelencia de la educaci\u00f3n m\u00e9dica del plan estrat\u00e9gico de la Asociaci\u00f3n, entendiendo que la evaluaci\u00f3n aporta elementos para determinar en qu\u00e9 medida se est\u00e1n cumpliendo las metas de calidad que se fijan, con base en criterios preestablecidos y reconocidos por la comunidad acad\u00e9mica y la sociedad. La evaluaci\u00f3n es un instrumento para el mejoramiento, que permite obtener informaci\u00f3n v\u00e1lida y confiable sobre las consecuencias de acciones espec\u00edficas, para as\u00ed optimizar los esfuerzos.<\/p>\n<p>[\/vc_column_text][vc_raw_html]JTNDaDQlM0VPYmpldGl2b3MlM0MlMkZoNCUzRSUwQSUzQ3VsJTNFJTBBJTIwJTA5JTNDbGklM0VFdmFsdWFyJTIwbG9zJTIwY29ub2NpbWllbnRvcyUyMGVuJTIwbGFzJTIwZGlmZXJlbnRlcyUyMCVDMyVBMXJlYXMlMjBkZSUyMGZvcm1hY2klQzMlQjNuJTJDJTIwYSUyMGFxdWVsbG9zJTIwZXN0dWRpYW50ZXMlMjBxdWUlMjBlc3QlQzMlQTFuJTIwdGVybWluYW5kbyUyMHN1JTIwY2FycmVyYSUyMGRlJTIwbWVkaWNpbmElM0MlMkZsaSUzRSUwQSUyMCUwOSUzQ2xpJTNFU29jaWFsaXphciUyMGVzdHJhdGVnaWFzJTIwaW50ZWdyYWxlcyUyMGUlMjBpbm5vdmFkb3JhcyUyMGRlJTIwZXZhbHVhY2klQzMlQjNuJTIwcGFyYSUyMHNlciUyMGltcGxlbWVudGFkYSUyMGVuJTIwZGlmZXJlbnRlcyUyMGVzY2VuYXJpb3MlMjBkZSUyMGxhJTIwZm9ybWFjaSVDMyVCM24lMjBtJUMzJUE5ZGljYSUzQyUyRmxpJTNFJTBBJTIwJTA5JTNDbGklM0VQcmVzZW50YXIlMjBsb3MlMjByZXN1bHRhZG9zJTIwb2J0ZW5pZG9zJTIwYSUyMGxhJTIwY29tdW5pZGFkJTIwZWR1Y2F0aXZhJTIwcGFyYSUyMHByb2N1cmFyJTIwZWxlbWVudG9zJTIwZGUlMjBtZWpvcmFtaWVudG8lMjBlbiUyMGxhJTIwZm9ybWFjaSVDMyVCM24lMjBkZWwlMjBtJUMzJUE5ZGljbyUzQyUyRmxpJTNFJTBBJTIwJTA5JTNDbGklM0VSZWNvbm9jZXIlMjBhY2FkJUMzJUE5bWljYW1lbnRlJTIwYSUyMGxvcyUyMG1lam9yZXMlMjBtJUMzJUE5ZGljb3MlMjBpbnRlcm5vcyUyMGRlbCUyMHBhJUMzJUFEcyUzQyUyRmxpJTNFJTBBJTIwJTA5JTNDbGklM0VSZWNvbm9jZXIlMjBsYSUyMG1lam9yJTIwZmFjdWx0YWQlMjBkZSUyMG1lZGljaW5hJTJDJTIwc2VnJUMzJUJBbiUyMGVsJTIwcHJvbWVkaW8lMjBkZSUyMGxvcyUyMHB1bnRhamVzJTIwb2J0ZW5pZG9zJTIwcG9yJTIwc3VzJTIwZXN0dWRpYW50ZXMlM0MlMkZsaSUzRSUwQSUzQyUyRnVsJTNF[\/vc_raw_html][\/vc_tta_section][vc_tta_section title=&#8221;Lo nuevo del premio&#8221; tab_id=&#8221;1654897721156-5d68460d-e1d6&#8243;][vc_column_text]<\/p>\n<h4><strong>\u00bfQu\u00e9 hay de nuevo en el Premio al mejor interno Ascofame 2022?<\/strong><\/h4>\n<p>[\/vc_column_text][vc_raw_html]JTNDdWwlM0UlMEElMjAlMDklM0NsaSUzRSUzQ3N0cm9uZyUzRVByZW1pYWNpJUMzJUIzbiUyMHJlZ2lvbmFsJTNBJTNDJTJGc3Ryb25nJTNFJUMyJUEwRW4lMjBlc3RhJTIwdmVyc2klQzMlQjNuJTIwZGVsJTIwUHJlbWlvJTJDJTIwc2UlMjByZWNvbm9jZXIlQzMlQTFuJTIwbG9zJTIwbWVqb3JlcyUyMGludGVybm9zJTIwZGUlMjBjYWRhJTIwcmVnaSVDMyVCM24lMjBkZWwlMjBwYSVDMyVBRHMlMjB5JTIwc2UlMjBnYWxhcmRvbmFyJUMzJUExJTIwZWwlMjBtZWpvciUyMGludGVybm8lMjBhJTIwbml2ZWwlMjBuYWNpb25hbC4lM0MlMkZsaSUzRSUwQSUyMCUwOSUzQ2xpJTNFJTNDc3Ryb25nJTNFRXhhbWVuJTIwZW4lMjBwbGF0YWZvcm1hJTIwZGUlMjBzaW11bGFjaSVDMyVCM24lM0ElM0MlMkZzdHJvbmclM0UlQzIlQTBMb3MlMjA2MCUyMHNlbWlmaW5hbGlzdGFzJTIwJTI4ZGlleiUyMHBvciUyMHJlZ2klQzMlQjNuJTI5JTIwYWNjZWRlciVDMyVBMW4lMjBhbCUyMHNvZnR3YXJlJTIwZGUlMjBzaW11bGFjaSVDMyVCM24lMjBkZSUyMHBhY2llbnRlcyUyMCVFMiU4MCU5MyUyMEktSHVtYW4lMjBQYXRpZW50cyUyQyUyMHVuYSUyMHBsYXRhZm9ybWElMjBlbiUyMGlkaW9tYSUyMGluZ2wlQzMlQTlzJTIwZW4lMjBsYSUyMGN1YWwlMjBkZWJlbiUyMHJlc29sdmVyJTIwY2Fzb3MlMjBjbCVDMyVBRG5pY29zJTIwc2VsZWNjaW9uYWRvcyUyMHBvciUyMGVsJTIwY29taXQlQzMlQTklMjBhY2FkJUMzJUE5bWljbyUyMGRlbCUyMFByZW1pby4lM0MlMkZsaSUzRSUwQSUzQyUyRnVsJTNF[\/vc_raw_html][vc_column_text]<\/p>\n<h4>Fuera de estas dos novedades, el Premio continuar\u00e1 con las siguientes premisas:<\/h4>\n<p>[\/vc_column_text][vc_raw_html]JTNDdWwlM0UlMEElMjAlMDklM0NsaSUzRSUzQ3N0cm9uZyUzRUV2YWx1YWNpJUMzJUIzbiUyMGludGVncmFsJTNBJTNDJTJGc3Ryb25nJTNFJUMyJUEwTGElMjBob2phJTIwZGUlMjB2aWRhJTIwZGVsJTIwYXNwaXJhbnRlJTJDJTIwbGElMjBjYWxpZmljYWNpJUMzJUIzbiUyMHBvciUyMHBhcnRlJTIwZGUlMjBsYSUyMGZhY3VsdGFkJTIweSUyMGxhJTIwcHJ1ZWJhJTIwZXNjcml0YSUyMHRlbmRyJUMzJUExbiUyMHVuJTIwcGVzbyUyMHBvcmNlbnR1YWwlMjBlbiUyMHRvZG8lMjBlbCUyMGRlc2VtcGUlQzMlQjFvJTIwZGVsJTIwUHJlbWlvLiUyMERlJTIwZXN0YSUyMGZvcm1hJTIwc2UlMjB0ZW5kciVDMyVBMW4lMjBlbiUyMGN1ZW50YSUyMGN1YWxpZGFkZXMlMjBwZXJzb25hbGVzJTIwZGUlMjBsb3MlMjBpbnRlcm5vcyUyMHF1ZSUyMHBhcnRpY2lwZW4lMkMlMjBhZGVtJUMzJUExcyUyMGRlJTIwbG9zJTIwcmVzdWx0YWRvcyUyMGRlJTIwdW4lMjBleGFtZW4lMjBlc2NyaXRvJTIwcGFyYSUyMGV2YWx1YXIlMjBjb25vY2ltaWVudG9zJTIweSUyMGNhcGFjaWRhZCUyMGRlJTIwYW4lQzMlQTFsaXNpcy4lMjBMb3MlMjBkaWV6JTIwbWVqb3JlcyUyMGludGVybm9zJTIwZGUlMjBjYWRhJTIwcmVnaSVDMyVCM24lMjBkZSUyMENvbG9tYmlhJTIwcHJlc2VudGFyJUMzJUExbiUyMGFkZW0lQzMlQTFzJTIwdW4lMjBleGFtZW4lMjBkZSUyMGhhYmlsaWRhZGVzJTIwZW4lMjBsYSUyMHBsYXRhZm9ybWElMjBJSHVtYW4lMjBwYXRpZW50cy4lM0MlMkZsaSUzRSUwQSUyMCUwOSUzQ2xpJTNFJTNDc3Ryb25nJTNFQXV0b2RldGVybWluYWNpJUMzJUIzbiUyMGRlbCUyMGludGVybm8lM0ElM0MlMkZzdHJvbmclM0UlQzIlQTBsYSUyMHBvc3R1bGFjaSVDMyVCM24lMjBhbCUyMFByZW1pbyUyMGxhJTIwZGViZSUyMGhhY2VyJTIwZGlyZWN0YW1lbnRlJTIwZWwlMjBlc3R1ZGlhbnRlJTJDJTIwZGVtb3N0cmFuZG8lMjBhcyVDMyVBRCUyMHN1JTIwaW50ZW5jaSVDMyVCM24lMjBkZSUyMHBhcnRpY2lwYXIlMjB5JTIwc3UlMjBjb21wcm9taXNvJTIwcG9yJTIwaGFjZXJsby4lMjBFbiUyMGVsJTIwZm9ybXVsYXJpbyUyMGRlJTIwaW5zY3JpcGNpJUMzJUIzbiUyMGhhYnIlQzMlQTElMjBwcmVndW50YXMlMjBkZSUyMGF1dG9ldmFsdWFjaSVDMyVCM24lMjBkZSUyMGNvbXBldGVuY2lhcyUyMHByb2Zlc2lvbmFsZXMuJTNDJTJGbGklM0UlMEElMjAlMDklM0NsaSUzRSUzQ3N0cm9uZyUzRUNvbXByb21pc28lMjBkZSUyMGxhJTIwZmFjdWx0YWQlMjBjb24lMjBzdXMlMjBlc3R1ZGlhbnRlcyUzQSUzQyUyRnN0cm9uZyUzRSVDMiVBMGxhcyUyMGRpcmVjdGl2YXMlMjBkZSUyMGNhZGElMjBmYWN1bHRhZCUyMGRlYmVuJTIwZW50cmVnYXIlMjB1bmElMjBicmV2ZSUyMGV2YWx1YWNpJUMzJUIzbiUyMGRlJTIwbGFzJTIwY29tcGV0ZW5jaWFzJTIwYWN0aXR1ZGluYWxlcyUyMGRlJTIwbG9zJTIwaW50ZXJub3MlMjBxdWUlMjBzZSUyMGluc2NyaWJhbiUyMGFsJTIwZXhhbWVuLiUzQyUyRmxpJTNFJTBBJTIwJTA5JTNDbGklM0UlM0NzdHJvbmclM0VEaXNlJUMzJUIxbyUyMGRlbCUyMGV4YW1lbiUyMGVzY3JpdG8lM0ElM0MlMkZzdHJvbmclM0UlQzIlQTBkZSUyMGFjdWVyZG8lMjBjb24lMjBsYSUyMHJldHJvYWxpbWVudGFjaSVDMyVCM24lMjByZWNpYmlkYSUyMHklMjBsb3MlMjBhdmFuY2VzJTIwcXVlJTIwc2UlMjBoYW4lMjByZWFsaXphZG8lMjBlbiUyMG1hdGVyaWElMjBkZSUyMGxhJTIwZWR1Y2FjaSVDMyVCM24lMjBtJUMzJUE5ZGljYSUyMGNvbG9tYmlhbmElMjBlbiUyMGVsJTIwJUMzJUJBbHRpbW8lMjBhJUMzJUIxbyUyQyUyMHNlJTIwcmV2aXMlQzMlQjMlMjB5JTIwYWp1c3QlQzMlQjMlMjBsYSUyMGVzdHJ1Y3R1cmElMjBkZWwlMjBleGFtZW4lMjBwYXJhJTIwcXVlJTIwcmVmbGVqZSUyMGxvcyUyMHJlcXVlcmltaWVudG9zJTIwYWN0dWFsZXMlMjBkZWwlMjBtb2RlbG8lMjBpbnRlZ3JhbCUyMGRlJTIwYXRlbmNpJUMzJUIzbiUyMGVuJTIwc2FsdWQuJTIwRXN0ZSUyMGV4YW1lbiUyMHNlZ3VpciVDMyVBMSUyMHNpZW5kbyUyMGVuJTIwbW9kYWxpZGFkJTIwb24tbGluZS4lM0MlMkZsaSUzRSUwQSUzQyUyRnVsJTNF[\/vc_raw_html][\/vc_tta_section][vc_tta_section title=&#8221;Metodolog\u00eda&#8221; tab_id=&#8221;1655110975093-8f028ce6-afef&#8221;][vc_column_text]<\/p>\n<h4><strong>Metodolog\u00eda<\/strong><\/h4>\n<p>&nbsp;<\/p>\n<div class=\"wpb_text_column wpb_content_element \">\n<div class=\"wpb_wrapper\">\n<p>En esta versi\u00f3n 2022, hemos dise\u00f1ado una evaluaci\u00f3n que supere la prueba de conocimiento. Habr\u00e1 valoraci\u00f3n de competencias actitudinales a trav\u00e9s de\u00a0<strong>autoevaluaci\u00f3n (hoja de vida)<\/strong>,\u00a0<strong>informaci\u00f3n de la facultad<\/strong>\u00a0y\u00a0<strong>competencias cl\u00ednicas<\/strong>\u00a0en una prueba de habilidades en plataforma simulada.<\/p>\n<p>[\/vc_column_text][vc_raw_html]JTI2bmJzcCUzQiUwQSUzQ3VsJTNFJTBBJTIwJTA5JTNDbGklM0VMb3MlMjBlc3R1ZGlhbnRlcyUyMGRlJTIwZmFjdWx0YWRlcyUyMGNvbiUyMG1lbWJyZXMlQzMlQURhJTIwYWN0aXZhJTIwZGUlMjBBc2NvZmFtZSUyMHF1ZSUyMGVzdCVDMyVBOW4lMjBjdXJzYW5kbyUyMGVsJTIwaW50ZXJuYWRvJTIwYSUyMGxhJTIwZmVjaGElMjBkZSUyMHByZXNlbnRhY2klQzMlQjNuJTIwZGUlMjBsYXMlMjBldmFsdWFjaW9uZXMlMjAlMjhlbnRyZSUyMGFicmlsJTIweSUyMG1heW8lMjBkZSUyMDIwMjIlMjklMjBzZSUyMGRlYmVuJTIwaW5zY3JpYmlyJTIwaGFzdGElMjBlbCUyMDI1JTIwZGUlMjBtYXJ6byUyMGRlJTIwMjAyMiUyMGElMjBsYXMlMjAyMyUzQTU5LiUzQyUyRmxpJTNFJTBBJTIwJTA5JTNDbGklM0VFbCUyMGxpc3RhZG8lMjBkZSUyMGluc2NyaXRvcyUyMGRlJTIwY2FkYSUyMGZhY3VsdGFkJTIwc2UlMjBlbnYlQzMlQURhJTIwYSUyMGxhJTIwaW5zdGl0dWNpJUMzJUIzbiUyMGNvcnJlc3BvbmRpZW50ZSUyMHBhcmElMjBxdWUlMjBzZSUyMHZhbGlkZW4lMjBsb3MlMjBkYXRvcyUyMHklMjBzZSUyMGRpbGlnZW5jaWUlMjBsYSUyMGluZm9ybWFjaSVDMyVCM24lMjBjb3JyZXNwb25kaWVudGUlMjBhJTIwY29tcGV0ZW5jaWFzJTIwcHJvZmVzaW9uYWxlcyUyMGRlbCUyMGludGVybm8lMjBwb3IlMjBwYXJ0ZSUyMGRlJTIwbGElMjBmYWN1bHRhZC4lMjBJbnRlcm5vJTIwbm8lMjB2YWxpZGFkbyUyQyUyMG5vJTIwcG9kciVDMyVBMSUyMGluaWNpYXIlMjBlbCUyMHByb2Nlc28uJTNDJTJGbGklM0UlMEElMjAlMDklM0NsaSUzRVVuYSUyMHZleiUyMHJlYWxpemFkYSUyMGxhJTIwdmFsaWRhY2klQzMlQjNuJTJDJTIwZWwlMjBlc3R1ZGlhbnRlJTIwcmVjaWJpciVDMyVBMSUyMGxhJTIwaW5mb3JtYWNpJUMzJUIzbiUyMGRlJTIwcmVnaXN0cm8lMjBpbmRpdmlkdWFsJTIwYSUyMGxhJTIwcGxhdGFmb3JtYSUyMGRlbCUyMGV4YW1lbi4lM0MlMkZsaSUzRSUwQSUyMCUwOSUzQ2xpJTNFRWwlMjBzJUMzJUExYmFkbyUyMDA5JTIwZGUlMjBhYnJpbCUyMHNlJTIwaGFyJUMzJUExJTIwdW4lMjBzaW11bGFjcm8lMjBwYXJhJTIwcXVlJTIwbG9zJTIwaW50ZXJub3MlMjBzZSUyMGZhbWlsaWFyaWNlbiUyMGNvbiUyMGxhJTIwcGxhdGFmb3JtYSUyMGRlbCUyMGV4YW1lbi4lMjBMYXMlMjBwcmVndW50YXMlMjBkZWwlMjBzaW11bGFjcm8lMjBubyUyMGVzdGFyJUMzJUExbiUyMGluY2x1aWRhcyUyMGVuJTIwZWwlMjBleGFtZW4lMjBmb3JtYWwlM0MlMkZsaSUzRSUwQSUyMCUwOSUzQ2xpJTNFRWwlMjBzJUMzJUExYmFkbyUyMDIzJTIwZGUlMjBhYnJpbCUyMHNlciVDMyVBMSUyMGxhJTIwYXBsaWNhY2klQzMlQjNuJTIwZGVsJTIwZXhhbWVuJTIwZW4lMjBtb2RhbGlkYWQlQzIlQTAlM0NlbSUzRW9uLWxpbmUlM0MlMkZlbSUzRSUyQyUyMHF1ZSUyMHB1ZWRlJTIwc2VyJTIwcHJlc2VudGFkbyUyMGRlc2RlJTIwY3VhbHF1aWVyJTIwbHVnYXIuJTNDJTJGbGklM0UlMEElMjAlMDklM0NsaSUzRVNlJTIwc2VsZWNjaW9uYXJhbiUyMGxvcyUyMDYwJTIwaW50ZXJub3MlMkMlQzIlQTBsb3MlMjBkaWV6JTIwbWVqb3JlcyUyMGludGVybm9zJTIwcG9yJTIwcmVnaSVDMyVCM24lMkMlMjB5JTIwc2UlMjBwdWJsaWNhciVDMyVBMW4lMjBlbiUyMGxhJTIwcCVDMyVBMWdpbmElMjB3ZWIlMjBkZSUyMEFzY29mYW1lLiUyMEVzdG9zJTIwNjAlMjBpbnRlcm5vcyUyMHNlciVDMyVBMW4lMjBzZWxlY2Npb25hZG9zJTIwZGUlMjByZXN1bHRhZG9zJTIwcHJvZHVjdG8lMjBkZSUyMGxhJTIwcG9uZGVyYWNpJUMzJUIzbiUyMGRlJTNBJUMyJUEwSG9qYSUyMGRlJTIwdmlkYSUyMDIwJTI1JTJDJTIwY2FsaWZpY2FjaSVDMyVCM24lMjBkZSUyMGxhJTIwZmFjdWx0YWQlMjAyMCUyNSUyMHklMjBleGFtZW4lMjA2MCUyNSUyMCVFMiU4MCU5MyUyMFZhbG9yJTIwcG9yY2VudHVhbCUyMHNvYnJlJTIwdG9kYSUyMGxhJTIwcHJ1ZWJhJTNBJTIwNDAlMjUlM0MlMkZsaSUzRSUwQSUyMCUwOSUzQ2xpJTNFTG9zJTIwNjAlMjBpbnRlcm5vcyUyMCUyOGRpZXolMjBtZWpvcmVzJTIwaW50ZXJub3MlMjBwb3IlMjByZWdpJUMzJUIzbiUyOSUyMHByZXNlbnRhbiUyMHVuJTIwZXhhbWVuJTIwZW4lMjBsYSUyMHBsYXRhZm9ybWElMjBkZSUyMHNpbXVsYWNpJUMzJUIzbiUyMGlIdW1hbiUyQyUyMHF1ZSUyMHNlciVDMyVBMSUyMGVsJTIwMTQlMjBkZSUyMG1heW8lMjBkZSUyMDIwMjIuJTIwJUUyJTgwJTkzJTIwVmFsb3IlMjBwb3JjZW50dWFsJTIwc29icmUlMjB0b2RhJTIwbGElMjBwcnVlYmElM0ElMjA2MCUyNSUzQyUyRmxpJTNFJTBBJTIwJTA5JTNDbGklM0VFbCUyMDIwJTIwZGUlMjBtYXlvJTIwc2UlMjBwdWJsaWNhcmFuJTIwbG9zJTIwcmVzdWx0YWRvcyUyQyUyMGRlZmluaWVuZG8lMjBlbCUyME1lam9yJTIwaW50ZXJubyUyMHBvciUyMGNhZGElMjByZWdpJUMzJUIzbiUyMGRlbCUyMHBhJUMzJUFEcyUyMHklMjBlbCUyMG1lam9yJTIwaW50ZXJubyUyMGElMjBuaXZlbCUyMG5hY2lvbmFsLiUzQyUyRmxpJTNFJTBBJTNDJTJGdWwlM0UlMEElMjZuYnNwJTNC[\/vc_raw_html][vc_single_image image=&#8221;5223&#8243; title=&#8221;Metodologia Mejor Interno 2022&#8243;][\/vc_tta_section][vc_tta_section title=&#8221;Cronograma&#8221; tab_id=&#8221;1655111121446-e723f77b-3f99&#8243;][vc_column_text]<\/p>\n<h4>Cronograma<\/h4>\n<p>[\/vc_column_text][vc_raw_html]JTNDdWwlM0UlMEElMjAlMDklM0NsaSUzRVBvc3R1bGFjaSVDMyVCM24lMjBkZSUyMGludGVybm9zJTNBJTNDc3Ryb25nJTNFJUMyJUEwMTUlMjBkZSUyMGZlYnJlcm8lMjBhbCUyMDI1JTIwZGUlMjBtYXJ6byUyMGRlJTIwMjAyMiUzQyUyRnN0cm9uZyUzRSUzQyUyRmxpJTNFJTBBJTIwJTA5JTNDbGklM0VWYWxpZGFjaSVDMyVCM24lMjBkZSUyMGludGVybm9zJTIweSUyMGV2YWx1YWNpJUMzJUIzbiUyMHBvciUyMHBhcnRlJTIwZGUlMjBsYSUyMGZhY3VsdGFkJTNBJUMyJUEwJTNDc3Ryb25nJTNFaGFzdGElMjBlbCVDMiVBMHZpZXJuZXMlMjAwOCUyMGRlJTIwYWJyaWwlMjBkZSUyMDIwMjIlM0MlMkZzdHJvbmclM0UlM0MlMkZsaSUzRSUwQSUyMCUwOSUzQ2xpJTNFU2ltdWxhY3JvJTIwb24tbGluZSUyMGRlJTIwbGElMjBwcnVlYmElMjBkZSUyMGNvbm9jaW1pZW50byUzQSVDMiVBMCUzQ3N0cm9uZyUzRXMlQzMlQTFiYWRvJTIwMDklMjBkZSUyMGFicmlsJTIwZGUlMjAyMDIyJTNDJTJGc3Ryb25nJTNFJTNDJTJGbGklM0UlMEElMjAlMDklM0NsaSUzRVByZXNlbnRhY2klQzMlQjNuJTIwZGVsJTIwZXhhbWVuJTIwb24tbGluZSUzQSVDMiVBMCUzQ3N0cm9uZyUzRXMlQzMlQTFiYWRvJTIwMjMlMjBkZSUyMGFicmlsJTIwZGUlMjAyMDIyJTNDJTJGc3Ryb25nJTNFJTNDJTJGbGklM0UlMEElMjAlMDklM0NsaSUzRVB1YmxpY2FjaSVDMyVCM24lMjBkZSUyMGxvcyUyMGRpZXolMjBtZWpvcmVzJTIwaW50ZXJub3MlMjBwb3IlMjByZWdpJUMzJUIzbiUyMCUyODYwJTIwZW4lMjB0b3RhbCUyOSUzQSVDMiVBMCUzQ3N0cm9uZyUzRUx1bmVzJTIwMjYlMjBkZSUyMGFicmlsJTIwZGUlMjAyMDIyJTNDJTJGc3Ryb25nJTNFJTNDJTJGbGklM0UlMEElMjAlMDklM0NsaSUzRUV4YW1lbiUyMGRlJTIwaGFiaWxpZGFkZXMlMjBjbCVDMyVBRG5pY2FzJTIwZW4lMjBwbGF0YWZvcm1hJTIwaUh1bWFuJTIwJTI4ZW4lMjBpbmdsJUMzJUE5cyUyOSUzQSUzQ3N0cm9uZyUzRSVDMiVBMDE0JTIwZGUlMjBtYXlvJTIwZGUlMjAyMDIyJTNDJTJGc3Ryb25nJTNFJTNDJTJGbGklM0UlMEElMjAlMDklM0NsaSUzRVB1YmxpY2FjaSVDMyVCM24lQzIlQTBkZSUyMGxvcyUyMG1lam9yZXMlMjBpbnRlcm5vcyUyMHBvciUyMHJlZ2klQzMlQjNuJTIweSUyMGVsJTIwTWVqb3IlMjBJbnRlcm5vJTIwZGUlMjBDb2xvbWJpYSUzQSVDMiVBMCUzQ3N0cm9uZyUzRTIwJUMyJUEwZGUlMjBtYXlvJTIwZGUlMjAyMDIyJTNDJTJGc3Ryb25nJTNFJTNDJTJGbGklM0UlMEElMjAlMDklM0NsaSUzRUNlcmVtb25pYSUyMGRlJTIwcHJlbWlhY2klQzMlQjNuJTNBJUMyJUEwJTNDc3Ryb25nJTNFMjclQzIlQTBkZSUyMG1heW8lMjBkZSUyMDIwMjIlM0MlMkZzdHJvbmclM0UlM0MlMkZsaSUzRSUwQSUzQyUyRnVsJTNF[\/vc_raw_html][\/vc_tta_section][vc_tta_section title=&#8221;Premiaci\u00f3n y Est\u00edmulos&#8221; tab_id=&#8221;1655111236665-9817d9cf-6ba0&#8243;][vc_column_text]<\/p>\n<h3>Premiaci\u00f3n y est\u00edmulos:<\/h3>\n<p>El reconocimiento a la excelencia en la educaci\u00f3n m\u00e9dica, versi\u00f3n mejor interno 2022, lleva impl\u00edcito un est\u00edmulo econ\u00f3mico en dinero y en especie, distribuido de la siguiente manera.<\/p>\n<h4><strong>Mejor interno de Colombia<\/strong><\/h4>\n<ul>\n<li>Est\u00edmulo econ\u00f3mico de seis millones de pesos (<strong>$6.000.000<\/strong>)* + traslados y alimentaci\u00f3n al lugar de la premiaci\u00f3n**.<\/li>\n<\/ul>\n<h4><strong>Mejor interno Regi\u00f3n Centro<\/strong><\/h4>\n<ul>\n<li>Est\u00edmulo econ\u00f3mico de tres millones de pesos (<strong>$3.000.000<\/strong>)\u00a0+ traslados y alimentaci\u00f3n al lugar de la premiaci\u00f3n*.<\/li>\n<\/ul>\n<h4><strong>Mejor interno Regi\u00f3n Eje Cafetero<\/strong><\/h4>\n<ul>\n<li>Est\u00edmulo econ\u00f3mico de tres millones de pesos (<strong>$3.000.000<\/strong>)\u00a0+ traslados y alimentaci\u00f3n al lugar de la premiaci\u00f3n*.<\/li>\n<\/ul>\n<h4><strong>Mejor interno Regi\u00f3n Antioquia<\/strong><\/h4>\n<ul>\n<li>Est\u00edmulo econ\u00f3mico de tres millones de pesos (<strong>$3.000.000<\/strong>)\u00a0+ traslados y alimentaci\u00f3n al lugar de la premiaci\u00f3n*.<\/li>\n<\/ul>\n<h4><strong>Mejor interno Regi\u00f3n Norte<\/strong><\/h4>\n<ul>\n<li>Est\u00edmulo econ\u00f3mico de tres millones de pesos (<strong>$3.000.000<\/strong>)\u00a0+ traslados y alimentaci\u00f3n al lugar de la premiaci\u00f3n*.<\/li>\n<\/ul>\n<h4><strong>Mejor interno Regi\u00f3n Oriente<\/strong><\/h4>\n<ul>\n<li>Est\u00edmulo econ\u00f3mico de tres millones de pesos (<strong>$3.000.000<\/strong>)\u00a0+ traslados y alimentaci\u00f3n al lugar de la premiaci\u00f3n*.<\/li>\n<\/ul>\n<h4><strong>Mejor interno Regi\u00f3n Sur occidente<\/strong><\/h4>\n<ul>\n<li>Est\u00edmulo econ\u00f3mico de tres millones de pesos (<strong>$3.000.000<\/strong>)\u00a0+ traslados y alimentaci\u00f3n al lugar de la premiaci\u00f3n*.<\/li>\n<\/ul>\n<p><strong>Notas:<\/strong><\/p>\n<ul>\n<li>* Los est\u00edmulos en dinero y en especie son \u00fanica y exclusivamente para los internos que tuvieron los mejores resultados; no pueden cederse ni transferirse. Los est\u00edmulos en dinero est\u00e1n sujetos a los grav\u00e1menes de ley. En caso de coincidir el mejor interno regional con el mejor interno nacional, el premio regional ser\u00e1 entregado al segundo puesto de la regi\u00f3n. Los premios no son acumulables.<\/li>\n<li>** La entrega de los reconocimientos a la excelencia en la educaci\u00f3n m\u00e9dica al mejor interno 2022 se llevar\u00e1 a cabo en el marco de los foros regionales que Ascofame ejecutar\u00e1 en 2022. Ascofame asume los costos de tiquetes nacionales, traslados internos y alimentaci\u00f3n de los 6 mejores internos regionales y del Mejor Interno Nacional.<\/li>\n<\/ul>\n<p>[\/vc_column_text][\/vc_tta_section][vc_tta_section title=&#8221;Ganadores 2022&#8243; tab_id=&#8221;1655111521260-58d96d3f-eb33&#8243;][vc_single_image image=&#8221;5224&#8243; title=&#8221;Ganadores 2022&#8243;][\/vc_tta_section][vc_tta_section title=&#8221;Inscripci\u00f3n&#8221; tab_id=&#8221;1655111629101-30784044-e6fc&#8221;][vc_raw_html]JTNDaWZyYW1lJTIwc3JjJTNEJTIyaHR0cHMlM0ElMkYlMkZkb2NzLmdvb2dsZS5jb20lMkZmb3JtcyUyRmQlMkZlJTJGMUZBSXBRTFNkYVFLMFBHandmeGJnV19ROTVYYTFfd1o3MUNfR25acDZ5SnZxWWY0TnNxOEpDWHclMkZ2aWV3Zm9ybSUzRmVtYmVkZGVkJTNEdHJ1ZSUyMiUyMHdpZHRoJTNEJTIyODAwJTIyJTIwaGVpZ2h0JTNEJTIyODAwJTIyJTIwZnJhbWVib3JkZXIlM0QlMjIwJTIyJTIwbWFyZ2luaGVpZ2h0JTNEJTIyMCUyMiUyMG1hcmdpbndpZHRoJTNEJTIyMCUyMiUzRUNhcmdhbmRvJUUyJTgwJUE2JTNDJTJGaWZyYW1lJTNF[\/vc_raw_html][\/vc_tta_section][\/vc_tta_tour][vc_single_image image=&#8221;5228&#8243; title=&#8221;Pie Mejor Interno 2022&#8243;][\/vc_column][\/vc_row][vc_row][vc_column][vc_column_text]<\/p><\/div>\n<\/div>\n<p>[\/vc_column_text][\/vc_column][\/vc_row]<\/p>\n<\/div>","protected":false},"excerpt":{"rendered":"<p>[vc_row][vc_column][vc_single_image image=&#8221;5227&#8243; title=&#8221;Cabezote Mejor Interno 2022&#8243;][\/vc_column][\/vc_row][vc_row][vc_column][vc_empty_space][\/vc_column][\/vc_row][vc_row][vc_column][vc_tta_tour][vc_tta_section title=&#8221;Sobre el premio&#8221; tab_id=&#8221;1654897721145-430c5438-8606&#8243;][vc_column_text] \u00bfQu\u00e9 es el premio al mejor interno ASCOFAME? Es un reconocimiento otorgado por la Asociaci\u00f3n Colombiana de Facultades de Medicina Ascofame desde 1990 a los estudiantes de \u00faltimo a\u00f1o de la carrera de medicina (internos) que demuestran, a trav\u00e9s de la presentaci\u00f3n y an\u00e1lisis de su hoja de vida, de un examen escrito y otro [&hellip;]<\/p>\n","protected":false},"author":3,"featured_media":0,"parent":0,"menu_order":0,"comment_status":"closed","ping_status":"closed","template":"","meta":{"episode_type":"","audio_file":"","podmotor_file_id":"","podmotor_episode_id":"","cover_image":"","cover_image_id":"","duration":"","filesize":"","filesize_raw":"","date_recorded":"","explicit":"","block":"","footnotes":""},"class_list":["post-5220","page","type-page","status-publish","hentry"],"yoast_head":"<!-- This site is optimized with the Yoast SEO plugin v26.3 - https:\/\/yoast.com\/wordpress\/plugins\/seo\/ -->\n<title>Mejor Interno 2022 -<\/title>\n<meta name=\"robots\" content=\"index, follow, max-snippet:-1, max-image-preview:large, max-video-preview:-1\" \/>\n<link rel=\"canonical\" href=\"https:\/\/ascofame.org.co\/web\/mejor-interno-2022\/\" \/>\n<meta property=\"og:locale\" content=\"es_ES\" \/>\n<meta property=\"og:type\" content=\"article\" \/>\n<meta property=\"og:title\" content=\"Mejor Interno 2022 -\" \/>\n<meta property=\"og:description\" content=\"[vc_row][vc_column][vc_single_image image=&#8221;5227&#8243; title=&#8221;Cabezote Mejor Interno 2022&#8243;][\/vc_column][\/vc_row][vc_row][vc_column][vc_empty_space][\/vc_column][\/vc_row][vc_row][vc_column][vc_tta_tour][vc_tta_section title=&#8221;Sobre el premio&#8221; tab_id=&#8221;1654897721145-430c5438-8606&#8243;][vc_column_text] \u00bfQu\u00e9 es el premio al mejor interno ASCOFAME? Es un reconocimiento otorgado por la Asociaci\u00f3n Colombiana de Facultades de Medicina Ascofame desde 1990 a los estudiantes de \u00faltimo a\u00f1o de la carrera de medicina (internos) que demuestran, a trav\u00e9s de la presentaci\u00f3n y an\u00e1lisis de su hoja de vida, de un examen escrito y otro [&hellip;]\" \/>\n<meta property=\"og:url\" content=\"https:\/\/ascofame.org.co\/web\/mejor-interno-2022\/\" \/>\n<meta property=\"article:modified_time\" content=\"2022-06-13T09:30:26+00:00\" \/>\n<meta name=\"twitter:card\" content=\"summary_large_image\" \/>\n<meta name=\"twitter:label1\" content=\"Tiempo de lectura\" \/>\n\t<meta name=\"twitter:data1\" content=\"3 minutos\" \/>\n<script type=\"application\/ld+json\" class=\"yoast-schema-graph\">{\"@context\":\"https:\/\/schema.org\",\"@graph\":[{\"@type\":\"WebPage\",\"@id\":\"https:\/\/ascofame.org.co\/web\/mejor-interno-2022\/\",\"url\":\"https:\/\/ascofame.org.co\/web\/mejor-interno-2022\/\",\"name\":\"Mejor Interno 2022 -\",\"isPartOf\":{\"@id\":\"https:\/\/ascofame.org.co\/web\/#website\"},\"datePublished\":\"2022-06-13T09:24:14+00:00\",\"dateModified\":\"2022-06-13T09:30:26+00:00\",\"breadcrumb\":{\"@id\":\"https:\/\/ascofame.org.co\/web\/mejor-interno-2022\/#breadcrumb\"},\"inLanguage\":\"es\",\"potentialAction\":[{\"@type\":\"ReadAction\",\"target\":[\"https:\/\/ascofame.org.co\/web\/mejor-interno-2022\/\"]}]},{\"@type\":\"BreadcrumbList\",\"@id\":\"https:\/\/ascofame.org.co\/web\/mejor-interno-2022\/#breadcrumb\",\"itemListElement\":[{\"@type\":\"ListItem\",\"position\":1,\"name\":\"Portada\",\"item\":\"https:\/\/ascofame.org.co\/web\/\"},{\"@type\":\"ListItem\",\"position\":2,\"name\":\"Mejor Interno 2022\"}]},{\"@type\":\"WebSite\",\"@id\":\"https:\/\/ascofame.org.co\/web\/#website\",\"url\":\"https:\/\/ascofame.org.co\/web\/\",\"name\":\"Ascofame\",\"description\":\"\",\"potentialAction\":[{\"@type\":\"SearchAction\",\"target\":{\"@type\":\"EntryPoint\",\"urlTemplate\":\"https:\/\/ascofame.org.co\/web\/?s={search_term_string}\"},\"query-input\":{\"@type\":\"PropertyValueSpecification\",\"valueRequired\":true,\"valueName\":\"search_term_string\"}}],\"inLanguage\":\"es\"}]}<\/script>\n<!-- \/ Yoast SEO plugin. -->","yoast_head_json":{"title":"Mejor Interno 2022 -","robots":{"index":"index","follow":"follow","max-snippet":"max-snippet:-1","max-image-preview":"max-image-preview:large","max-video-preview":"max-video-preview:-1"},"canonical":"https:\/\/ascofame.org.co\/web\/mejor-interno-2022\/","og_locale":"es_ES","og_type":"article","og_title":"Mejor Interno 2022 -","og_description":"[vc_row][vc_column][vc_single_image image=&#8221;5227&#8243; title=&#8221;Cabezote Mejor Interno 2022&#8243;][\/vc_column][\/vc_row][vc_row][vc_column][vc_empty_space][\/vc_column][\/vc_row][vc_row][vc_column][vc_tta_tour][vc_tta_section title=&#8221;Sobre el premio&#8221; tab_id=&#8221;1654897721145-430c5438-8606&#8243;][vc_column_text] \u00bfQu\u00e9 es el premio al mejor interno ASCOFAME? Es un reconocimiento otorgado por la Asociaci\u00f3n Colombiana de Facultades de Medicina Ascofame desde 1990 a los estudiantes de \u00faltimo a\u00f1o de la carrera de medicina (internos) que demuestran, a trav\u00e9s de la presentaci\u00f3n y an\u00e1lisis de su hoja de vida, de un examen escrito y otro [&hellip;]","og_url":"https:\/\/ascofame.org.co\/web\/mejor-interno-2022\/","article_modified_time":"2022-06-13T09:30:26+00:00","twitter_card":"summary_large_image","twitter_misc":{"Tiempo de lectura":"3 minutos"},"schema":{"@context":"https:\/\/schema.org","@graph":[{"@type":"WebPage","@id":"https:\/\/ascofame.org.co\/web\/mejor-interno-2022\/","url":"https:\/\/ascofame.org.co\/web\/mejor-interno-2022\/","name":"Mejor Interno 2022 -","isPartOf":{"@id":"https:\/\/ascofame.org.co\/web\/#website"},"datePublished":"2022-06-13T09:24:14+00:00","dateModified":"2022-06-13T09:30:26+00:00","breadcrumb":{"@id":"https:\/\/ascofame.org.co\/web\/mejor-interno-2022\/#breadcrumb"},"inLanguage":"es","potentialAction":[{"@type":"ReadAction","target":["https:\/\/ascofame.org.co\/web\/mejor-interno-2022\/"]}]},{"@type":"BreadcrumbList","@id":"https:\/\/ascofame.org.co\/web\/mejor-interno-2022\/#breadcrumb","itemListElement":[{"@type":"ListItem","position":1,"name":"Portada","item":"https:\/\/ascofame.org.co\/web\/"},{"@type":"ListItem","position":2,"name":"Mejor Interno 2022"}]},{"@type":"WebSite","@id":"https:\/\/ascofame.org.co\/web\/#website","url":"https:\/\/ascofame.org.co\/web\/","name":"Ascofame","description":"","potentialAction":[{"@type":"SearchAction","target":{"@type":"EntryPoint","urlTemplate":"https:\/\/ascofame.org.co\/web\/?s={search_term_string}"},"query-input":{"@type":"PropertyValueSpecification","valueRequired":true,"valueName":"search_term_string"}}],"inLanguage":"es"}]}},"_links":{"self":[{"href":"https:\/\/ascofame.org.co\/web\/wp-json\/wp\/v2\/pages\/5220","targetHints":{"allow":["GET"]}}],"collection":[{"href":"https:\/\/ascofame.org.co\/web\/wp-json\/wp\/v2\/pages"}],"about":[{"href":"https:\/\/ascofame.org.co\/web\/wp-json\/wp\/v2\/types\/page"}],"author":[{"embeddable":true,"href":"https:\/\/ascofame.org.co\/web\/wp-json\/wp\/v2\/users\/3"}],"replies":[{"embeddable":true,"href":"https:\/\/ascofame.org.co\/web\/wp-json\/wp\/v2\/comments?post=5220"}],"version-history":[{"count":5,"href":"https:\/\/ascofame.org.co\/web\/wp-json\/wp\/v2\/pages\/5220\/revisions"}],"predecessor-version":[{"id":5229,"href":"https:\/\/ascofame.org.co\/web\/wp-json\/wp\/v2\/pages\/5220\/revisions\/5229"}],"wp:attachment":[{"href":"https:\/\/ascofame.org.co\/web\/wp-json\/wp\/v2\/media?parent=5220"}],"curies":[{"name":"wp","href":"https:\/\/api.w.org\/{rel}","templated":true}]}}