{"id":4172,"date":"2021-06-15T03:26:40","date_gmt":"2021-06-15T03:26:40","guid":{"rendered":"https:\/\/beta.ascofame.org.co\/?page_id=4172"},"modified":"2021-06-16T01:27:08","modified_gmt":"2021-06-16T01:27:08","slug":"mapasitio","status":"publish","type":"page","link":"https:\/\/ascofame.org.co\/web\/mapasitio\/","title":{"rendered":"MapaSitio"},"content":{"rendered":"<div class=\"nolwrap\"><p>&nbsp;<\/p>\n<p style=\"padding-left: 80px;\"><a href=\"\/quienes-somos\/\">QUIENES SOMOS<\/a><\/p>\n<p style=\"padding-left: 120px;\"><a href=\"\/quienes-somos\/la-asociacion\/\">La Asociaci\u00f3n<\/a><br \/>\n<a href=\"\/quienes-somos\/junta-directiva\/\">Junta directiva<\/a><br \/>\n<a href=\"\/quienes-somos\/nuestro-equipo\/\">Nuestro equipo<\/a><br \/>\n<a href=\"\/quienes-somos\/nuestras-facultades\/\">Nuestras facultades<\/a><br \/>\n<a href=\"\/quienes-somos\/cgem\/\">Consejo General de Educaci\u00f3n M\u00e9dica<\/a><br \/>\n<a href=\"\/quienes-somos\/convenios\/\">Convenios<\/a><\/p>\n<p style=\"padding-left: 80px;\"><a href=\"\/lineas-de-accion\/\">L\u00cdNEAS DE ACCI\u00d3N<\/a><\/p>\n<p style=\"padding-left: 120px;\"><a href=\"\/lineas-de-accion\/desarrollo-profesional-continuo\/\">Desarrollo profesional continuo<\/a><br \/>\n<a href=\"\/lineas-de-accion\/gestion-curricular\/\">Gesti\u00f3n curricular<\/a><br \/>\n<a href=\"\/lineas-de-accion\/tecnologias-educativas-en-salud\/\">Tecnolog\u00edas educativas<\/a><br \/>\n<a href=\"\/lineas-de-accion\/evaluacion\/\">Evaluaci\u00f3n<\/a><br \/>\n<a href=\"\/lineas-de-accion\/calidad-y-acreditacion\/\">Calidad y acreditaci\u00f3n<\/a><br \/>\n<a href=\"\/lineas-de-accion\/observatorio-educacion-medica\/\">Observatorio Educaci\u00f3n M\u00e9dica<\/a><\/p>\n<p style=\"padding-left: 80px;\"><a href=\"\/desarrollo-profesional\/\">DESARROLLO PROFESIONAL<\/a><\/p>\n<p style=\"padding-left: 120px;\"><a href=\"\/desarrollo-profesional\/oferta-educativa\/\">Oferta Educativa<\/a><br \/>\n<a href=\"\/desarrollo-profesional\/certificacion-periodica-voluntaria\/\">Certificaci\u00f3n peri\u00f3dica voluntaria<\/a><br \/>\n<a href=\"\/consulta-certificados\/\">Consulta certificados<\/a><br \/>\n<a href=\"\/consulta-registro\/\">Consulta de registro<\/a><br \/>\n<a href=\"\/registro-de-especialistas\/\">Registro de especialistas<\/a><br \/>\n<a href=\"\/desarrollo-profesional\/directorio-de-medicos-certificados\/\">Directorio de m\u00e9dicos certificados<\/a><\/p>\n<p style=\"padding-left: 80px;\"><a href=\"\/biblioteca\/\">BIBLIOTECA<\/a><\/p>\n<p style=\"padding-left: 120px;\"><a href=\"\/biblioteca\/publicaciones-ascofame\/\">Publicaciones Ascofame<\/a><br \/>\n<a href=\"\/openmedschool\/\">OpenMedSchool<\/a><br \/>\n<a href=\"\/biblioteca\/revista-aula-virtual\/\">Revista Aula Virtual<\/a><br \/>\n<a href=\"\/eboletines\/\">e-Boletines<\/a><br \/>\n<a href=\"\/biblioteca\/servicio-de-diseminacion\/\">Servicio de Diseminaci\u00f3n<\/a><br \/>\n<a href=\"\/catalogo-online\/\">Cat\u00e1logo Online<\/a><\/p>\n<p style=\"padding-left: 80px;\"><a href=\"\/e-ascofame\/\">e- ASCOFAME<\/a><\/p>\n<p style=\"padding-left: 120px;\"><a href=\"https:\/\/ascofame.org.co\/moodle\/\" target=\"_blank\" rel=\"noopener\">Aula Virtual<\/a><br \/>\n<a href=\"\/e-ascofame\/e-tools\/\" rel=\"noopener\">e-Tools<\/a><br \/>\n<a href=\"\/series\/ascofame\/\" rel=\"noopener\">Podcast<\/a><br \/>\n<a href=\"\/category\/videocast\/\" rel=\"noopener\">Videocast<\/a><\/p>\n<p style=\"padding-left: 80px;\"><a href=\"\/contacto\/\" rel=\"noopener\">CONTACTO<\/a><\/p>\n<p style=\"padding-left: 80px;\">Sala de Prensa<br \/>\n<a href=\"\/suscribirse-al-e-boletin\/\" rel=\"noopener\">Suscripci\u00f3n e- Bolet\u00edn<\/a><br \/>\n<a href=\"\/tratamiento-de-datos\/\" rel=\"noopener\">Pol\u00edtica de privacidad<\/a><\/p>\n<p>&nbsp;<\/p>\n<\/div>","protected":false},"excerpt":{"rendered":"<p>&nbsp; QUIENES SOMOS La Asociaci\u00f3n Junta directiva Nuestro equipo Nuestras facultades Consejo General de Educaci\u00f3n M\u00e9dica Convenios L\u00cdNEAS DE ACCI\u00d3N Desarrollo profesional continuo Gesti\u00f3n curricular Tecnolog\u00edas educativas Evaluaci\u00f3n Calidad y acreditaci\u00f3n Observatorio Educaci\u00f3n M\u00e9dica DESARROLLO PROFESIONAL Oferta Educativa Certificaci\u00f3n peri\u00f3dica voluntaria Consulta certificados Consulta de registro Registro de especialistas Directorio de m\u00e9dicos certificados BIBLIOTECA Publicaciones Ascofame OpenMedSchool Revista Aula Virtual e-Boletines Servicio de Diseminaci\u00f3n Cat\u00e1logo [&hellip;]<\/p>\n","protected":false},"author":4,"featured_media":0,"parent":0,"menu_order":0,"comment_status":"closed","ping_status":"closed","template":"","meta":{"episode_type":"","audio_file":"","podmotor_file_id":"","podmotor_episode_id":"","cover_image":"","cover_image_id":"","duration":"","filesize":"","filesize_raw":"","date_recorded":"","explicit":"","block":"","footnotes":""},"class_list":["post-4172","page","type-page","status-publish","hentry"],"yoast_head":"<!-- This site is optimized with the Yoast SEO plugin v26.3 - https:\/\/yoast.com\/wordpress\/plugins\/seo\/ -->\n<title>MapaSitio -<\/title>\n<meta name=\"robots\" content=\"index, follow, max-snippet:-1, max-image-preview:large, max-video-preview:-1\" \/>\n<link rel=\"canonical\" href=\"https:\/\/ascofame.org.co\/web\/mapasitio\/\" \/>\n<meta property=\"og:locale\" content=\"es_ES\" \/>\n<meta property=\"og:type\" content=\"article\" \/>\n<meta property=\"og:title\" content=\"MapaSitio -\" \/>\n<meta property=\"og:description\" content=\"&nbsp; QUIENES SOMOS La Asociaci\u00f3n Junta directiva Nuestro equipo Nuestras facultades Consejo General de Educaci\u00f3n M\u00e9dica Convenios L\u00cdNEAS DE ACCI\u00d3N Desarrollo profesional continuo Gesti\u00f3n curricular Tecnolog\u00edas educativas Evaluaci\u00f3n Calidad y acreditaci\u00f3n Observatorio Educaci\u00f3n M\u00e9dica DESARROLLO PROFESIONAL Oferta Educativa Certificaci\u00f3n peri\u00f3dica voluntaria Consulta certificados Consulta de registro Registro de especialistas Directorio de m\u00e9dicos certificados BIBLIOTECA Publicaciones Ascofame OpenMedSchool Revista Aula Virtual e-Boletines Servicio de Diseminaci\u00f3n Cat\u00e1logo [&hellip;]\" \/>\n<meta property=\"og:url\" content=\"https:\/\/ascofame.org.co\/web\/mapasitio\/\" \/>\n<meta property=\"article:modified_time\" content=\"2021-06-16T01:27:08+00:00\" \/>\n<meta name=\"twitter:card\" content=\"summary_large_image\" \/>\n<meta name=\"twitter:label1\" content=\"Tiempo de lectura\" \/>\n\t<meta name=\"twitter:data1\" content=\"1 minuto\" \/>\n<script type=\"application\/ld+json\" class=\"yoast-schema-graph\">{\"@context\":\"https:\/\/schema.org\",\"@graph\":[{\"@type\":\"WebPage\",\"@id\":\"https:\/\/ascofame.org.co\/web\/mapasitio\/\",\"url\":\"https:\/\/ascofame.org.co\/web\/mapasitio\/\",\"name\":\"MapaSitio -\",\"isPartOf\":{\"@id\":\"https:\/\/ascofame.org.co\/web\/#website\"},\"datePublished\":\"2021-06-15T03:26:40+00:00\",\"dateModified\":\"2021-06-16T01:27:08+00:00\",\"breadcrumb\":{\"@id\":\"https:\/\/ascofame.org.co\/web\/mapasitio\/#breadcrumb\"},\"inLanguage\":\"es\",\"potentialAction\":[{\"@type\":\"ReadAction\",\"target\":[\"https:\/\/ascofame.org.co\/web\/mapasitio\/\"]}]},{\"@type\":\"BreadcrumbList\",\"@id\":\"https:\/\/ascofame.org.co\/web\/mapasitio\/#breadcrumb\",\"itemListElement\":[{\"@type\":\"ListItem\",\"position\":1,\"name\":\"Portada\",\"item\":\"https:\/\/ascofame.org.co\/web\/\"},{\"@type\":\"ListItem\",\"position\":2,\"name\":\"MapaSitio\"}]},{\"@type\":\"WebSite\",\"@id\":\"https:\/\/ascofame.org.co\/web\/#website\",\"url\":\"https:\/\/ascofame.org.co\/web\/\",\"name\":\"Ascofame\",\"description\":\"\",\"potentialAction\":[{\"@type\":\"SearchAction\",\"target\":{\"@type\":\"EntryPoint\",\"urlTemplate\":\"https:\/\/ascofame.org.co\/web\/?s={search_term_string}\"},\"query-input\":{\"@type\":\"PropertyValueSpecification\",\"valueRequired\":true,\"valueName\":\"search_term_string\"}}],\"inLanguage\":\"es\"}]}<\/script>\n<!-- \/ Yoast SEO plugin. -->","yoast_head_json":{"title":"MapaSitio -","robots":{"index":"index","follow":"follow","max-snippet":"max-snippet:-1","max-image-preview":"max-image-preview:large","max-video-preview":"max-video-preview:-1"},"canonical":"https:\/\/ascofame.org.co\/web\/mapasitio\/","og_locale":"es_ES","og_type":"article","og_title":"MapaSitio -","og_description":"&nbsp; QUIENES SOMOS La Asociaci\u00f3n Junta directiva Nuestro equipo Nuestras facultades Consejo General de Educaci\u00f3n M\u00e9dica Convenios L\u00cdNEAS DE ACCI\u00d3N Desarrollo profesional continuo Gesti\u00f3n curricular Tecnolog\u00edas educativas Evaluaci\u00f3n Calidad y acreditaci\u00f3n Observatorio Educaci\u00f3n M\u00e9dica DESARROLLO PROFESIONAL Oferta Educativa Certificaci\u00f3n peri\u00f3dica voluntaria Consulta certificados Consulta de registro Registro de especialistas Directorio de m\u00e9dicos certificados BIBLIOTECA Publicaciones Ascofame OpenMedSchool Revista Aula Virtual e-Boletines Servicio de Diseminaci\u00f3n Cat\u00e1logo [&hellip;]","og_url":"https:\/\/ascofame.org.co\/web\/mapasitio\/","article_modified_time":"2021-06-16T01:27:08+00:00","twitter_card":"summary_large_image","twitter_misc":{"Tiempo de lectura":"1 minuto"},"schema":{"@context":"https:\/\/schema.org","@graph":[{"@type":"WebPage","@id":"https:\/\/ascofame.org.co\/web\/mapasitio\/","url":"https:\/\/ascofame.org.co\/web\/mapasitio\/","name":"MapaSitio -","isPartOf":{"@id":"https:\/\/ascofame.org.co\/web\/#website"},"datePublished":"2021-06-15T03:26:40+00:00","dateModified":"2021-06-16T01:27:08+00:00","breadcrumb":{"@id":"https:\/\/ascofame.org.co\/web\/mapasitio\/#breadcrumb"},"inLanguage":"es","potentialAction":[{"@type":"ReadAction","target":["https:\/\/ascofame.org.co\/web\/mapasitio\/"]}]},{"@type":"BreadcrumbList","@id":"https:\/\/ascofame.org.co\/web\/mapasitio\/#breadcrumb","itemListElement":[{"@type":"ListItem","position":1,"name":"Portada","item":"https:\/\/ascofame.org.co\/web\/"},{"@type":"ListItem","position":2,"name":"MapaSitio"}]},{"@type":"WebSite","@id":"https:\/\/ascofame.org.co\/web\/#website","url":"https:\/\/ascofame.org.co\/web\/","name":"Ascofame","description":"","potentialAction":[{"@type":"SearchAction","target":{"@type":"EntryPoint","urlTemplate":"https:\/\/ascofame.org.co\/web\/?s={search_term_string}"},"query-input":{"@type":"PropertyValueSpecification","valueRequired":true,"valueName":"search_term_string"}}],"inLanguage":"es"}]}},"_links":{"self":[{"href":"https:\/\/ascofame.org.co\/web\/wp-json\/wp\/v2\/pages\/4172","targetHints":{"allow":["GET"]}}],"collection":[{"href":"https:\/\/ascofame.org.co\/web\/wp-json\/wp\/v2\/pages"}],"about":[{"href":"https:\/\/ascofame.org.co\/web\/wp-json\/wp\/v2\/types\/page"}],"author":[{"embeddable":true,"href":"https:\/\/ascofame.org.co\/web\/wp-json\/wp\/v2\/users\/4"}],"replies":[{"embeddable":true,"href":"https:\/\/ascofame.org.co\/web\/wp-json\/wp\/v2\/comments?post=4172"}],"version-history":[{"count":7,"href":"https:\/\/ascofame.org.co\/web\/wp-json\/wp\/v2\/pages\/4172\/revisions"}],"predecessor-version":[{"id":4202,"href":"https:\/\/ascofame.org.co\/web\/wp-json\/wp\/v2\/pages\/4172\/revisions\/4202"}],"wp:attachment":[{"href":"https:\/\/ascofame.org.co\/web\/wp-json\/wp\/v2\/media?parent=4172"}],"curies":[{"name":"wp","href":"https:\/\/api.w.org\/{rel}","templated":true}]}}