{"id":35,"date":"2021-01-21T20:36:21","date_gmt":"2021-01-21T20:36:21","guid":{"rendered":"https:\/\/beta.ascofame.org.co\/?page_id=35"},"modified":"2021-06-09T18:56:53","modified_gmt":"2021-06-09T18:56:53","slug":"observatorio-educacion-medica","status":"publish","type":"page","link":"https:\/\/ascofame.org.co\/web\/lineas-de-accion\/observatorio-educacion-medica\/","title":{"rendered":"Observatorio Educaci\u00f3n M\u00e9dica"},"content":{"rendered":"<div class=\"nolwrap\"><p>[vc_row][vc_column][vc_tta_tour][vc_tta_section title=&#8221;Sobre el Observatorio&#8221; tab_id=&#8221;sobre-el-observatorio&#8221;][vc_row_inner][vc_column_inner width=&#8221;1\/2&#8243; css=&#8221;.vc_custom_1622835503975{padding-bottom: 20px !important;}&#8221;][vc_single_image image=&#8221;3227&#8243; img_size=&#8221;full&#8221;][\/vc_column_inner][vc_column_inner width=&#8221;1\/2&#8243;][vc_column_text]<\/p>\n<h4 style=\"text-align: center;\"><strong>Sobre el observatorio<\/strong><\/h4>\n<p>&nbsp;<\/p>\n<p>En 1981 Ascofame crea el\u00a0Centro de Estad\u00edstica e Inform\u00e1tica en Educaci\u00f3n M\u00e9dica (CEIEM), divisi\u00f3n encargada de recolectar, procesar y analizar los datos regionales sobre temas de salud p\u00fablica, educaci\u00f3n, epidemiolog\u00eda educativa y salud.[\/vc_column_text][\/vc_column_inner][\/vc_row_inner][vc_column_text]En noviembre de 2016, la junta directiva de la Asociaci\u00f3n Colombiana de Facultades de Medicina, ASCOFAME decide actualizar y modificar los objetivos prop\u00f3sitos de este CEIEM y poner en marcha la propuesta hecha por los directores de proyectos especiales, educaci\u00f3n y evaluaci\u00f3n, para la creaci\u00f3n de un\u00a0Observatorio\u00a0de Educaci\u00f3n M\u00e9dica de ASCOFAME como una estrategia de gran importancia que contribuye al desarrollo de la Educaci\u00f3n M\u00e9dica del pa\u00eds en la medida en que integre informaci\u00f3n relevante de los principales actores de este campo, tanto desde el punto de vista cualitativo como cuantitativo, dando respuesta a una necesidad manifiesta para conocer el comportamiento de las variables e indicadores m\u00e1s importantes en pregrado, posgrado y educaci\u00f3n continua, y en los \u00e1mbitos de la investigaci\u00f3n, la docencia y la proyecci\u00f3n social realizada por las facultades\/programas de medicina; as\u00ed como el papel de otros actores sociales, gubernamentales o no, sobre la educaci\u00f3n m\u00e9dica del pa\u00eds.<\/p>\n<p>Un\u00a0observatorio\u00a0puede definirse como un sistema conformado por conjuntos din\u00e1micos de actividades y productos que toman diferentes modalidades y dimensiones, dependiendo de los objetivos y necesidades de la entidad que lo desarrolle y patrocine. Las actividades que debe cumplir son fundamentalmente:<\/p>\n<p style=\"padding-left: 40px;\"><img loading=\"lazy\" decoding=\"async\" class=\"alignnone wp-image-2256 \" src=\"https:\/\/beta.ascofame.org.co\/wp-content\/uploads\/2021\/03\/vineta.png\" alt=\"\" width=\"18\" height=\"18\" \/>\u00a0 La recolecci\u00f3n y manejo de la informaci\u00f3n de inter\u00e9s,<\/p>\n<p style=\"padding-left: 40px;\"><img loading=\"lazy\" decoding=\"async\" class=\"alignnone wp-image-2256 \" src=\"https:\/\/beta.ascofame.org.co\/wp-content\/uploads\/2021\/03\/vineta.png\" alt=\"\" width=\"18\" height=\"18\" \/>\u00a0 El monitoreo de la misma,<\/p>\n<p style=\"padding-left: 40px;\"><img loading=\"lazy\" decoding=\"async\" class=\"alignnone wp-image-2256 \" src=\"https:\/\/beta.ascofame.org.co\/wp-content\/uploads\/2021\/03\/vineta.png\" alt=\"\" width=\"18\" height=\"18\" \/>\u00a0 La investigaci\u00f3n en temas asociados,<\/p>\n<p style=\"padding-left: 40px;\"><img loading=\"lazy\" decoding=\"async\" class=\"alignnone wp-image-2256 \" src=\"https:\/\/beta.ascofame.org.co\/wp-content\/uploads\/2021\/03\/vineta.png\" alt=\"\" width=\"18\" height=\"18\" \/>\u00a0 La difusi\u00f3n de los productos elaborados.<\/p>\n<p>En este contexto, la creaci\u00f3n del\u00a0Observatorio\u00a0de Educaci\u00f3n M\u00e9dica de ASCOFAME como unidad de apoyo a la\u00a0 misi\u00f3n de ASCOFAME permitir\u00e1 realizar seguimiento, monitoreo, evaluaci\u00f3n y reflexi\u00f3n sobre diversos aspectos de la educaci\u00f3n\u00a0en medicina en el pa\u00eds, en especial las relacionadas con investigaci\u00f3n, docencia, extensi\u00f3n y proyecci\u00f3n social, como pilares de la misi\u00f3n de las facultades del pa\u00eds permitiendo \u00a0normalizar de inter\u00e9s en el sector y\/o en \u00e1reas afines.[\/vc_column_text][\/vc_tta_section][vc_tta_section title=&#8221;Objetivos e indicadores&#8221; tab_id=&#8221;objetivos-e-indicadores&#8221;][vc_column_text]<\/p>\n<h4 style=\"text-align: center;\"><strong>Objetivo<\/strong><\/h4>\n<p>&nbsp;<\/p>\n<p>Contribuir al conocimiento del estado y la din\u00e1mica de desarrollo de la Educaci\u00f3n M\u00e9dica en el pa\u00eds en los aspectos de investigaci\u00f3n, docencia, extensi\u00f3n, proyecci\u00f3n social, oferta y demanda mediante el permanente trabajo colaborativo de las facultades de medicina y otros actores en el desarrollo de instrumentos, metodolog\u00edas y estrategias para apoyarla a partir de la sistematizaci\u00f3n, an\u00e1lisis y difusi\u00f3n de informaci\u00f3n pertinente.<\/p>\n<p>&nbsp;<\/p>\n<h4><strong>Objetivos espec\u00edficos e Indicadores<\/strong><\/h4>\n<p>&nbsp;<\/p>\n<p style=\"padding-left: 40px;\"><img loading=\"lazy\" decoding=\"async\" class=\"alignnone wp-image-2256 \" src=\"https:\/\/beta.ascofame.org.co\/wp-content\/uploads\/2021\/03\/vineta.png\" alt=\"\" width=\"18\" height=\"18\" \/>\u00a0 Actualizar y centralizar informaci\u00f3n dispersa, elaborar estad\u00edsticas, formular an\u00e1lisis y proyecciones sobre la educaci\u00f3n m\u00e9dica y retroalimentar en forma peri\u00f3dica informaci\u00f3n y estad\u00edsticas a organismos e instituciones que toman decisiones.<\/p>\n<p style=\"padding-left: 40px;\"><img loading=\"lazy\" decoding=\"async\" class=\"alignnone wp-image-2256 \" src=\"https:\/\/beta.ascofame.org.co\/wp-content\/uploads\/2021\/03\/vineta.png\" alt=\"\" width=\"18\" height=\"18\" \/>\u00a0 Generar informaci\u00f3n que permita contribuir al an\u00e1lisis de pol\u00edticas en el desarrollo de la educaci\u00f3n m\u00e9dica.<\/p>\n<p style=\"padding-left: 40px;\"><img loading=\"lazy\" decoding=\"async\" class=\"alignnone wp-image-2256 \" src=\"https:\/\/beta.ascofame.org.co\/wp-content\/uploads\/2021\/03\/vineta.png\" alt=\"\" width=\"18\" height=\"18\" \/>\u00a0 Generar y mantener informaci\u00f3n actualizada sobre educaci\u00f3n m\u00e9dica en pregrado, posgrados (no s\u00f3lo m\u00e9dico quir\u00fargicos) y educaci\u00f3n continua<\/p>\n<p style=\"padding-left: 40px;\"><img loading=\"lazy\" decoding=\"async\" class=\"alignnone wp-image-2256 \" src=\"https:\/\/beta.ascofame.org.co\/wp-content\/uploads\/2021\/03\/vineta.png\" alt=\"\" width=\"18\" height=\"18\" \/>\u00a0 Realizar evaluaciones de las necesidades de las facultades de medicina del pa\u00eds, en especial en lo referente al desarrollo de la investigaci\u00f3n, aspectos curriculares, evaluaci\u00f3n de programas, proyectos de extensi\u00f3n y proyecci\u00f3n social incluyendo las relaciones docencia-servicio (lo pertinente a Hospitales Universitarios y escenarios de pr\u00e1ctica.<\/p>\n<p style=\"padding-left: 40px;\"><img loading=\"lazy\" decoding=\"async\" class=\"alignnone wp-image-2256 \" src=\"https:\/\/beta.ascofame.org.co\/wp-content\/uploads\/2021\/03\/vineta.png\" alt=\"\" width=\"18\" height=\"18\" \/>\u00a0 Proveer informaci\u00f3n que permita asistir a las facultades en el desarrollo de capacidades a trav\u00e9s de capacitaci\u00f3n, formaci\u00f3n, asesor\u00eda y consultas t\u00e9cnicas sobre educaci\u00f3n m\u00e9dica.<\/p>\n<p style=\"padding-left: 40px;\"><img loading=\"lazy\" decoding=\"async\" class=\"alignnone wp-image-2256 \" src=\"https:\/\/beta.ascofame.org.co\/wp-content\/uploads\/2021\/03\/vineta.png\" alt=\"\" width=\"18\" height=\"18\" \/>\u00a0 Constituir un lugar de consulta sobre posibilidades de investigaci\u00f3n colaborativa.<\/p>\n<p style=\"padding-left: 40px;\"><img loading=\"lazy\" decoding=\"async\" class=\"alignnone wp-image-2256 \" src=\"https:\/\/beta.ascofame.org.co\/wp-content\/uploads\/2021\/03\/vineta.png\" alt=\"\" width=\"18\" height=\"18\" \/>\u00a0 Hacer seguimiento a los procesos de acreditaci\u00f3n de alta calidad de los programas de pregrado y posgrado ante el CNA y otras organizaciones<\/p>\n<p style=\"padding-left: 40px;\"><img loading=\"lazy\" decoding=\"async\" class=\"alignnone wp-image-2256 \" src=\"https:\/\/beta.ascofame.org.co\/wp-content\/uploads\/2021\/03\/vineta.png\" alt=\"\" width=\"18\" height=\"18\" \/>\u00a0 Generar informaci\u00f3n sobre el impacto de la educaci\u00f3n continua que se ofrece desde las facultades y otras organizaciones en la pr\u00e1ctica profesional.<\/p>\n<p style=\"padding-left: 40px;\"><img loading=\"lazy\" decoding=\"async\" class=\"alignnone wp-image-2256 \" src=\"https:\/\/beta.ascofame.org.co\/wp-content\/uploads\/2021\/03\/vineta.png\" alt=\"\" width=\"18\" height=\"18\" \/>\u00a0 Establecer un sistema de seguimiento a la vinculaci\u00f3n y desarrollo profesoral de docentes adscritos a las facultades de medicina.<\/p>\n<p style=\"padding-left: 40px;\"><img loading=\"lazy\" decoding=\"async\" class=\"alignnone wp-image-2256 \" src=\"https:\/\/beta.ascofame.org.co\/wp-content\/uploads\/2021\/03\/vineta.png\" alt=\"\" width=\"18\" height=\"18\" \/>\u00a0 Conocer las din\u00e1micas de movilidad del personal directivo: acad\u00e9mico y administrativo, docente, investigativo y estudiantil entre las facultades de medicina nacionales y a nivel internacional.<\/p>\n<p style=\"padding-left: 40px;\"><img loading=\"lazy\" decoding=\"async\" class=\"alignnone wp-image-2256 \" src=\"https:\/\/beta.ascofame.org.co\/wp-content\/uploads\/2021\/03\/vineta.png\" alt=\"\" width=\"18\" height=\"18\" \/>\u00a0 Establecer informaci\u00f3n pertinente cualitativa y cuantitativa sobre escenarios de pr\u00e1ctica<\/p>\n<p>[\/vc_column_text][\/vc_tta_section][vc_tta_section title=&#8221;Material de consulta&#8221; tab_id=&#8221;material-de-consulta&#8221;][vc_column_text]<\/p>\n<h4 style=\"text-align: center;\"><strong>Informes y reportes<\/strong><\/h4>\n<p>&nbsp;<\/p>\n<p>Se presenta a continuaci\u00f3n un breve an\u00e1lisis de la evoluci\u00f3n de la oferta y la demanda de los programas de educaci\u00f3n m\u00e9dica de pregrado en Colombia, para diferentes per\u00edodos, con base en la informaci\u00f3n disponible en el Sistema Nacional de Informaci\u00f3n de la Educaci\u00f3n Superior, SNIES, del Ministerio de Educaci\u00f3n Nacional.<\/p>\n<p>Estos documentos inicia con la descripci\u00f3n de algunos eventos clave que configuraron el contexto nacional y sectorial del per\u00edodo de an\u00e1lisis, luego hace un recuento sucinto de la evoluci\u00f3n de la oferta de programas de educaci\u00f3n m\u00e9dica en el pa\u00eds, para terminar con el an\u00e1lisis descriptivo de la informaci\u00f3n sobre las matr\u00edculas y los egresados de estos programas, visto como un consolidado nacional y teniendo como referencia comparativa la evoluci\u00f3n de los mismos factores para el conjunto de programas universitarios de todas las \u00e1reas del conocimiento que se ofrecen el pa\u00eds.[\/vc_column_text][vc_column_text]<table id=\"table_173597111\" width=\"100%\" class=\"display\"><thead><tr><th>T\u00edtulo del informe<\/th><th>Fecha en A\u00f1o(s)    <\/th><th>Enlace de consulta<\/th><\/tr>\r\n    <\/thead>\r\n    <tbody>\r\n\t\r\n\t<script type=\"text\/javascript\" charset=\"utf-8\">\r\n jQuery(document).ready(function() {\r\n    jQuery('#table_173597111').DataTable( {\"destroy\": true,\"bPaginate\": true,\"bLengthChange\": true,\"bFilter\": true,\"bSort\": true,\"bInfo\": true,\"bStateSave\": true,\"bAutoWidth\": true,\"sPaginationType\": \"full_numbers\",\"oLanguage\": {\r\n\t\t\t\"sLengthMenu\": \"Display _MENU_ records per page\",\r\n\t\t\t\"sZeroRecords\": \"Nothing found - sorry\",\r\n\t\t\t\"sInfo\": \"Showing _START_ to _END_ of _TOTAL_ records\",\r\n\t\t\t\"sInfoEmpty\": \"Showing 0 to 0 of 0 records\",\r\n                        \"sSearch\": \"Search: \",\r\n\t\t\t\"sInfoFiltered\": \"(filtered from _MAX_ total records)\"\r\n\t\t}} );\r\n});\r\n <\/script><tr><td>Estad\u00edsticas Regionales de Facultades de Medicina \u2013 <span style=\"color: #ff9900\"><strong>\u00a1Nueva publicaci\u00f3n!<\/strong><\/span><\/td><td><p style=\"text-align: center\">2014 - 2018<\/p><\/td><td><a href=\"https:\/\/ascofame.org.co\/web\/wp-content\/uploads\/2020\/08\/Informe-estadi%CC%81stico-pregrado-regional-18-de-agosto.pdf\" target=\"_blank\" rel=\"noopener\"><img loading=\"lazy\" decoding=\"async\" class=\"aligncenter  wp-image-1777\" src=\"https:\/\/beta.ascofame.org.co\/wp-content\/uploads\/2021\/03\/icono_enlace.png\" alt=\"\" width=\"23\" height=\"23\" \/><\/a><\/td><\/tr><tr><td>Estad\u00edsticas B\u00e1sicas de la Educaci\u00f3n M\u00e9dica en Colombia<\/td><td><p style=\"text-align: center\">2014 - 2018<\/p><\/td><td><a href=\"https:\/\/ascofame.org.co\/biblioteca\/Documentos\/Informe%20estadi%CC%81stico%20pregrado%20consolidado.pdf\" target=\"_blank\" rel=\"noopener\"><img loading=\"lazy\" decoding=\"async\" class=\"aligncenter  wp-image-1777\" src=\"https:\/\/beta.ascofame.org.co\/wp-content\/uploads\/2021\/03\/icono_enlace.png\" alt=\"\" width=\"23\" height=\"23\" \/><\/a><\/td><\/tr><tr><td>Estad\u00edsticas en Educaci\u00f3n Continuada en salud en Colombia<\/td><td><p style=\"text-align: center\">2017 - 2018<\/p><\/td><td><a href=\"https:\/\/ascofame.org.co\/biblioteca\/Documentos\/Informe%20estadi%CC%81stico%20educacion%20continuada.pdf\" target=\"_blank\" rel=\"noopener\"><img loading=\"lazy\" decoding=\"async\" class=\"aligncenter  wp-image-1777\" src=\"https:\/\/beta.ascofame.org.co\/wp-content\/uploads\/2021\/03\/icono_enlace.png\" alt=\"\" width=\"23\" height=\"23\" \/><\/a><\/td><\/tr><tr><td>Estad\u00edsticas B\u00e1sicas de la Educaci\u00f3n M\u00e9dica en Colombia<\/td><td><p style=\"text-align: center\">2016 - 2017<\/p><\/td><td><a href=\"https:\/\/ascofame.org.co\/biblioteca\/Documentos\/Estadi%CC%81sticasFacultades2016.pdf\" target=\"_blank\" rel=\"noopener\"><img loading=\"lazy\" decoding=\"async\" class=\"aligncenter  wp-image-1777\" src=\"https:\/\/beta.ascofame.org.co\/wp-content\/uploads\/2021\/03\/icono_enlace.png\" alt=\"\" width=\"23\" height=\"23\" \/><\/a><\/td><\/tr><tr><td>Estad\u00edsticas B\u00e1sicas de la Educaci\u00f3n M\u00e9dica en Colombia<\/td><td><p style=\"text-align: center\">2014 - 2015<\/p><\/td><td><a href=\"http:\/\/ascofame.org.co\/web\/wp-content\/uploads\/2016\/08\/Descriptores_b%C3%A1sico_2015.pdf\" target=\"_blank\" rel=\"noopener\"><img loading=\"lazy\" decoding=\"async\" class=\"aligncenter  wp-image-1777\" src=\"https:\/\/beta.ascofame.org.co\/wp-content\/uploads\/2021\/03\/icono_enlace.png\" alt=\"\" width=\"23\" height=\"23\" \/><\/a><\/td><\/tr><tr><td>Estad\u00edsticas de las facultades y escuelas de medicina del pa\u00eds<\/td><td><p style=\"text-align: center\">1994<\/p><\/td><td><a href=\"https:\/\/ascofame.org.co\/biblioteca\/Documentos\/ESTADISTICAS%20DE%20LAS%20FACULTADES%20Y%20ESCUELAS%20DE%20MEDICINA%20DEL%20PAIS%201994.pdf\" target=\"_blank\" rel=\"noopener\"><img loading=\"lazy\" decoding=\"async\" class=\"aligncenter  wp-image-1777\" src=\"https:\/\/beta.ascofame.org.co\/wp-content\/uploads\/2021\/03\/icono_enlace.png\" alt=\"\" width=\"23\" height=\"23\" \/><\/a><\/td><\/tr><tr><td>La oferta y la demanda medica en Colombia an\u00e1lisis estad\u00edstico<\/td><td><p style=\"text-align: center\">1987<\/p><\/td><td><a href=\"https:\/\/ascofame.org.co\/biblioteca\/Documentos\/La%20oferta%20y%20la%20demanda%20laboral%20m%C3%A9dica%20en%20Colombia%20an%C3%A1lisis%20estad%C3%ADstico.pdf\" target=\"_blank\" rel=\"noopener\"><img loading=\"lazy\" decoding=\"async\" class=\"aligncenter  wp-image-1777\" src=\"https:\/\/beta.ascofame.org.co\/wp-content\/uploads\/2021\/03\/icono_enlace.png\" alt=\"\" width=\"23\" height=\"23\" \/><\/a><\/td><\/tr>\r\n    <\/tbody>\r\n<\/table>[\/vc_column_text][\/vc_tta_section][\/vc_tta_tour][\/vc_column][\/vc_row]<\/p>\n<\/div>","protected":false},"excerpt":{"rendered":"<p>[vc_row][vc_column][vc_tta_tour][vc_tta_section title=&#8221;Sobre el Observatorio&#8221; tab_id=&#8221;sobre-el-observatorio&#8221;][vc_row_inner][vc_column_inner width=&#8221;1\/2&#8243; css=&#8221;.vc_custom_1622835503975{padding-bottom: 20px !important;}&#8221;][vc_single_image image=&#8221;3227&#8243; img_size=&#8221;full&#8221;][\/vc_column_inner][vc_column_inner width=&#8221;1\/2&#8243;][vc_column_text] Sobre el observatorio &nbsp; En 1981 Ascofame crea el\u00a0Centro de Estad\u00edstica e Inform\u00e1tica en Educaci\u00f3n M\u00e9dica (CEIEM), divisi\u00f3n encargada de recolectar, procesar y analizar los datos regionales sobre temas de salud p\u00fablica, educaci\u00f3n, epidemiolog\u00eda educativa y salud.[\/vc_column_text][\/vc_column_inner][\/vc_row_inner][vc_column_text]En noviembre de 2016, la junta directiva de la Asociaci\u00f3n Colombiana de Facultades de Medicina, ASCOFAME decide [&hellip;]<\/p>\n","protected":false},"author":1,"featured_media":4142,"parent":23,"menu_order":0,"comment_status":"closed","ping_status":"closed","template":"","meta":{"episode_type":"","audio_file":"","podmotor_file_id":"","podmotor_episode_id":"","cover_image":"","cover_image_id":"","duration":"","filesize":"","filesize_raw":"","date_recorded":"","explicit":"","block":"","footnotes":""},"class_list":["post-35","page","type-page","status-publish","has-post-thumbnail","hentry"],"yoast_head":"<!-- This site is optimized with the Yoast SEO plugin v26.3 - https:\/\/yoast.com\/wordpress\/plugins\/seo\/ -->\n<title>Observatorio Educaci\u00f3n M\u00e9dica -<\/title>\n<meta name=\"robots\" content=\"index, follow, max-snippet:-1, max-image-preview:large, max-video-preview:-1\" \/>\n<link rel=\"canonical\" href=\"https:\/\/ascofame.org.co\/web\/lineas-de-accion\/observatorio-educacion-medica\/\" \/>\n<meta property=\"og:locale\" content=\"es_ES\" \/>\n<meta property=\"og:type\" content=\"article\" \/>\n<meta property=\"og:title\" content=\"Observatorio Educaci\u00f3n M\u00e9dica -\" \/>\n<meta property=\"og:description\" content=\"[vc_row][vc_column][vc_tta_tour][vc_tta_section title=&#8221;Sobre el Observatorio&#8221; tab_id=&#8221;sobre-el-observatorio&#8221;][vc_row_inner][vc_column_inner width=&#8221;1\/2&#8243; css=&#8221;.vc_custom_1622835503975{padding-bottom: 20px !important;}&#8221;][vc_single_image image=&#8221;3227&#8243; img_size=&#8221;full&#8221;][\/vc_column_inner][vc_column_inner width=&#8221;1\/2&#8243;][vc_column_text] Sobre el observatorio &nbsp; En 1981 Ascofame crea el\u00a0Centro de Estad\u00edstica e Inform\u00e1tica en Educaci\u00f3n M\u00e9dica (CEIEM), divisi\u00f3n encargada de recolectar, procesar y analizar los datos regionales sobre temas de salud p\u00fablica, educaci\u00f3n, epidemiolog\u00eda educativa y salud.[\/vc_column_text][\/vc_column_inner][\/vc_row_inner][vc_column_text]En noviembre de 2016, la junta directiva de la Asociaci\u00f3n Colombiana de Facultades de Medicina, ASCOFAME decide [&hellip;]\" \/>\n<meta property=\"og:url\" content=\"https:\/\/ascofame.org.co\/web\/lineas-de-accion\/observatorio-educacion-medica\/\" \/>\n<meta property=\"article:modified_time\" content=\"2021-06-09T18:56:53+00:00\" \/>\n<meta property=\"og:image\" content=\"https:\/\/ascofame.org.co\/web\/wp-content\/uploads\/2021\/06\/banner01opcionB.jpg\" \/>\n\t<meta property=\"og:image:width\" content=\"1000\" \/>\n\t<meta property=\"og:image:height\" content=\"720\" \/>\n\t<meta property=\"og:image:type\" content=\"image\/jpeg\" \/>\n<meta name=\"twitter:card\" content=\"summary_large_image\" \/>\n<meta name=\"twitter:label1\" content=\"Tiempo de lectura\" \/>\n\t<meta name=\"twitter:data1\" content=\"5 minutos\" \/>\n<script type=\"application\/ld+json\" class=\"yoast-schema-graph\">{\"@context\":\"https:\/\/schema.org\",\"@graph\":[{\"@type\":\"WebPage\",\"@id\":\"https:\/\/ascofame.org.co\/web\/lineas-de-accion\/observatorio-educacion-medica\/\",\"url\":\"https:\/\/ascofame.org.co\/web\/lineas-de-accion\/observatorio-educacion-medica\/\",\"name\":\"Observatorio Educaci\u00f3n M\u00e9dica -\",\"isPartOf\":{\"@id\":\"https:\/\/ascofame.org.co\/web\/#website\"},\"primaryImageOfPage\":{\"@id\":\"https:\/\/ascofame.org.co\/web\/lineas-de-accion\/observatorio-educacion-medica\/#primaryimage\"},\"image\":{\"@id\":\"https:\/\/ascofame.org.co\/web\/lineas-de-accion\/observatorio-educacion-medica\/#primaryimage\"},\"thumbnailUrl\":\"https:\/\/ascofame.org.co\/web\/wp-content\/uploads\/2021\/06\/banner01opcionB.jpg\",\"datePublished\":\"2021-01-21T20:36:21+00:00\",\"dateModified\":\"2021-06-09T18:56:53+00:00\",\"breadcrumb\":{\"@id\":\"https:\/\/ascofame.org.co\/web\/lineas-de-accion\/observatorio-educacion-medica\/#breadcrumb\"},\"inLanguage\":\"es\",\"potentialAction\":[{\"@type\":\"ReadAction\",\"target\":[\"https:\/\/ascofame.org.co\/web\/lineas-de-accion\/observatorio-educacion-medica\/\"]}]},{\"@type\":\"ImageObject\",\"inLanguage\":\"es\",\"@id\":\"https:\/\/ascofame.org.co\/web\/lineas-de-accion\/observatorio-educacion-medica\/#primaryimage\",\"url\":\"https:\/\/ascofame.org.co\/web\/wp-content\/uploads\/2021\/06\/banner01opcionB.jpg\",\"contentUrl\":\"https:\/\/ascofame.org.co\/web\/wp-content\/uploads\/2021\/06\/banner01opcionB.jpg\",\"width\":1000,\"height\":720},{\"@type\":\"BreadcrumbList\",\"@id\":\"https:\/\/ascofame.org.co\/web\/lineas-de-accion\/observatorio-educacion-medica\/#breadcrumb\",\"itemListElement\":[{\"@type\":\"ListItem\",\"position\":1,\"name\":\"Portada\",\"item\":\"https:\/\/ascofame.org.co\/web\/\"},{\"@type\":\"ListItem\",\"position\":2,\"name\":\"L\u00edneas de acci\u00f3n\",\"item\":\"https:\/\/ascofame.org.co\/web\/lineas-de-accion\/\"},{\"@type\":\"ListItem\",\"position\":3,\"name\":\"Observatorio Educaci\u00f3n M\u00e9dica\"}]},{\"@type\":\"WebSite\",\"@id\":\"https:\/\/ascofame.org.co\/web\/#website\",\"url\":\"https:\/\/ascofame.org.co\/web\/\",\"name\":\"Ascofame\",\"description\":\"\",\"potentialAction\":[{\"@type\":\"SearchAction\",\"target\":{\"@type\":\"EntryPoint\",\"urlTemplate\":\"https:\/\/ascofame.org.co\/web\/?s={search_term_string}\"},\"query-input\":{\"@type\":\"PropertyValueSpecification\",\"valueRequired\":true,\"valueName\":\"search_term_string\"}}],\"inLanguage\":\"es\"}]}<\/script>\n<!-- \/ Yoast SEO plugin. -->","yoast_head_json":{"title":"Observatorio Educaci\u00f3n M\u00e9dica -","robots":{"index":"index","follow":"follow","max-snippet":"max-snippet:-1","max-image-preview":"max-image-preview:large","max-video-preview":"max-video-preview:-1"},"canonical":"https:\/\/ascofame.org.co\/web\/lineas-de-accion\/observatorio-educacion-medica\/","og_locale":"es_ES","og_type":"article","og_title":"Observatorio Educaci\u00f3n M\u00e9dica -","og_description":"[vc_row][vc_column][vc_tta_tour][vc_tta_section title=&#8221;Sobre el Observatorio&#8221; tab_id=&#8221;sobre-el-observatorio&#8221;][vc_row_inner][vc_column_inner width=&#8221;1\/2&#8243; css=&#8221;.vc_custom_1622835503975{padding-bottom: 20px !important;}&#8221;][vc_single_image image=&#8221;3227&#8243; img_size=&#8221;full&#8221;][\/vc_column_inner][vc_column_inner width=&#8221;1\/2&#8243;][vc_column_text] Sobre el observatorio &nbsp; En 1981 Ascofame crea el\u00a0Centro de Estad\u00edstica e Inform\u00e1tica en Educaci\u00f3n M\u00e9dica (CEIEM), divisi\u00f3n encargada de recolectar, procesar y analizar los datos regionales sobre temas de salud p\u00fablica, educaci\u00f3n, epidemiolog\u00eda educativa y salud.[\/vc_column_text][\/vc_column_inner][\/vc_row_inner][vc_column_text]En noviembre de 2016, la junta directiva de la Asociaci\u00f3n Colombiana de Facultades de Medicina, ASCOFAME decide [&hellip;]","og_url":"https:\/\/ascofame.org.co\/web\/lineas-de-accion\/observatorio-educacion-medica\/","article_modified_time":"2021-06-09T18:56:53+00:00","og_image":[{"width":1000,"height":720,"url":"https:\/\/ascofame.org.co\/web\/wp-content\/uploads\/2021\/06\/banner01opcionB.jpg","type":"image\/jpeg"}],"twitter_card":"summary_large_image","twitter_misc":{"Tiempo de lectura":"5 minutos"},"schema":{"@context":"https:\/\/schema.org","@graph":[{"@type":"WebPage","@id":"https:\/\/ascofame.org.co\/web\/lineas-de-accion\/observatorio-educacion-medica\/","url":"https:\/\/ascofame.org.co\/web\/lineas-de-accion\/observatorio-educacion-medica\/","name":"Observatorio Educaci\u00f3n M\u00e9dica -","isPartOf":{"@id":"https:\/\/ascofame.org.co\/web\/#website"},"primaryImageOfPage":{"@id":"https:\/\/ascofame.org.co\/web\/lineas-de-accion\/observatorio-educacion-medica\/#primaryimage"},"image":{"@id":"https:\/\/ascofame.org.co\/web\/lineas-de-accion\/observatorio-educacion-medica\/#primaryimage"},"thumbnailUrl":"https:\/\/ascofame.org.co\/web\/wp-content\/uploads\/2021\/06\/banner01opcionB.jpg","datePublished":"2021-01-21T20:36:21+00:00","dateModified":"2021-06-09T18:56:53+00:00","breadcrumb":{"@id":"https:\/\/ascofame.org.co\/web\/lineas-de-accion\/observatorio-educacion-medica\/#breadcrumb"},"inLanguage":"es","potentialAction":[{"@type":"ReadAction","target":["https:\/\/ascofame.org.co\/web\/lineas-de-accion\/observatorio-educacion-medica\/"]}]},{"@type":"ImageObject","inLanguage":"es","@id":"https:\/\/ascofame.org.co\/web\/lineas-de-accion\/observatorio-educacion-medica\/#primaryimage","url":"https:\/\/ascofame.org.co\/web\/wp-content\/uploads\/2021\/06\/banner01opcionB.jpg","contentUrl":"https:\/\/ascofame.org.co\/web\/wp-content\/uploads\/2021\/06\/banner01opcionB.jpg","width":1000,"height":720},{"@type":"BreadcrumbList","@id":"https:\/\/ascofame.org.co\/web\/lineas-de-accion\/observatorio-educacion-medica\/#breadcrumb","itemListElement":[{"@type":"ListItem","position":1,"name":"Portada","item":"https:\/\/ascofame.org.co\/web\/"},{"@type":"ListItem","position":2,"name":"L\u00edneas de acci\u00f3n","item":"https:\/\/ascofame.org.co\/web\/lineas-de-accion\/"},{"@type":"ListItem","position":3,"name":"Observatorio Educaci\u00f3n M\u00e9dica"}]},{"@type":"WebSite","@id":"https:\/\/ascofame.org.co\/web\/#website","url":"https:\/\/ascofame.org.co\/web\/","name":"Ascofame","description":"","potentialAction":[{"@type":"SearchAction","target":{"@type":"EntryPoint","urlTemplate":"https:\/\/ascofame.org.co\/web\/?s={search_term_string}"},"query-input":{"@type":"PropertyValueSpecification","valueRequired":true,"valueName":"search_term_string"}}],"inLanguage":"es"}]}},"_links":{"self":[{"href":"https:\/\/ascofame.org.co\/web\/wp-json\/wp\/v2\/pages\/35","targetHints":{"allow":["GET"]}}],"collection":[{"href":"https:\/\/ascofame.org.co\/web\/wp-json\/wp\/v2\/pages"}],"about":[{"href":"https:\/\/ascofame.org.co\/web\/wp-json\/wp\/v2\/types\/page"}],"author":[{"embeddable":true,"href":"https:\/\/ascofame.org.co\/web\/wp-json\/wp\/v2\/users\/1"}],"replies":[{"embeddable":true,"href":"https:\/\/ascofame.org.co\/web\/wp-json\/wp\/v2\/comments?post=35"}],"version-history":[{"count":23,"href":"https:\/\/ascofame.org.co\/web\/wp-json\/wp\/v2\/pages\/35\/revisions"}],"predecessor-version":[{"id":4112,"href":"https:\/\/ascofame.org.co\/web\/wp-json\/wp\/v2\/pages\/35\/revisions\/4112"}],"up":[{"embeddable":true,"href":"https:\/\/ascofame.org.co\/web\/wp-json\/wp\/v2\/pages\/23"}],"wp:featuredmedia":[{"embeddable":true,"href":"https:\/\/ascofame.org.co\/web\/wp-json\/wp\/v2\/media\/4142"}],"wp:attachment":[{"href":"https:\/\/ascofame.org.co\/web\/wp-json\/wp\/v2\/media?parent=35"}],"curies":[{"name":"wp","href":"https:\/\/api.w.org\/{rel}","templated":true}]}}