{"id":33,"date":"2021-01-21T20:35:33","date_gmt":"2021-01-21T20:35:33","guid":{"rendered":"https:\/\/beta.ascofame.org.co\/?page_id=33"},"modified":"2024-03-13T12:00:47","modified_gmt":"2024-03-13T17:00:47","slug":"calidad-y-acreditacion","status":"publish","type":"page","link":"https:\/\/ascofame.org.co\/web\/lineas-de-accion\/calidad-y-acreditacion\/","title":{"rendered":"Calidad y Acreditaci\u00f3n"},"content":{"rendered":"<div class=\"nolwrap\"><p>[vc_row][vc_column width=&#8221;1\/2&#8243;][vc_single_image image=&#8221;2880&#8243; img_size=&#8221;full&#8221;][\/vc_column][vc_column width=&#8221;1\/2&#8243;][vc_column_text]<\/p>\n<h4><strong>Calidad y Acreditaci\u00f3n<\/strong><\/h4>\n<p>&nbsp;<\/p>\n<p style=\"padding-left: 40px;\"><img loading=\"lazy\" decoding=\"async\" class=\"alignnone wp-image-2256 \" src=\"https:\/\/beta.ascofame.org.co\/wp-content\/uploads\/2021\/03\/vineta.png\" alt=\"\" width=\"18\" height=\"18\" \/>\u00a0 Jornadas Internacionales de Educaci\u00f3n M\u00e9dica de ASCOFAME.<\/p>\n<p style=\"padding-left: 40px;\"><img loading=\"lazy\" decoding=\"async\" class=\"alignnone wp-image-2256 \" src=\"https:\/\/beta.ascofame.org.co\/wp-content\/uploads\/2021\/03\/vineta.png\" alt=\"\" width=\"18\" height=\"18\" \/>\u00a0 Procesos de revisi\u00f3n y actualizaci\u00f3n de los curr\u00edculos y los planes de estudio en los programas del \u00e1rea de la salud.<\/p>\n<p style=\"padding-left: 40px;\"><img loading=\"lazy\" decoding=\"async\" class=\"alignnone wp-image-2256 \" src=\"https:\/\/beta.ascofame.org.co\/wp-content\/uploads\/2021\/03\/vineta.png\" alt=\"\" width=\"18\" height=\"18\" \/>\u00a0 Acompa\u00f1amiento en el proceso de registro cali\u00adficado de especialidades m\u00e9dico &#8211; quir\u00fargicas.<\/p>\n<p style=\"padding-left: 40px;\"><img loading=\"lazy\" decoding=\"async\" class=\"alignnone wp-image-2256 \" src=\"https:\/\/beta.ascofame.org.co\/wp-content\/uploads\/2021\/03\/vineta.png\" alt=\"\" width=\"18\" height=\"18\" \/>\u00a0 Estrategia de aseguramiento de calidad para los programas de medicina no acreditados mediante una ruta de acompa\u00f1amiento y la implementaci\u00f3n del programa de \u201cplan padrino\u201d<\/p>\n<p style=\"padding-left: 40px;\"><img loading=\"lazy\" decoding=\"async\" class=\"alignnone wp-image-2256 \" src=\"https:\/\/beta.ascofame.org.co\/wp-content\/uploads\/2021\/03\/vineta.png\" alt=\"\" width=\"18\" height=\"18\" \/>\u00a0 Acompa\u00f1amiento en proceso de apropiaci\u00f3n.<\/p>\n<p>[\/vc_column_text][\/vc_column][\/vc_row]<\/p>\n<\/div>","protected":false},"excerpt":{"rendered":"<p>[vc_row][vc_column width=&#8221;1\/2&#8243;][vc_single_image image=&#8221;2880&#8243; img_size=&#8221;full&#8221;][\/vc_column][vc_column width=&#8221;1\/2&#8243;][vc_column_text] Calidad y Acreditaci\u00f3n &nbsp; \u00a0 Jornadas Internacionales de Educaci\u00f3n M\u00e9dica de ASCOFAME. \u00a0 Procesos de revisi\u00f3n y actualizaci\u00f3n de los curr\u00edculos y los planes de estudio en los programas del \u00e1rea de la salud. \u00a0 Acompa\u00f1amiento en el proceso de registro cali\u00adficado de especialidades m\u00e9dico &#8211; quir\u00fargicas. \u00a0 Estrategia de aseguramiento de calidad para los programas de medicina no acreditados [&hellip;]<\/p>\n","protected":false},"author":1,"featured_media":0,"parent":23,"menu_order":0,"comment_status":"closed","ping_status":"closed","template":"","meta":{"episode_type":"","audio_file":"","podmotor_file_id":"","podmotor_episode_id":"","cover_image":"","cover_image_id":"","duration":"","filesize":"","filesize_raw":"","date_recorded":"","explicit":"","block":"","footnotes":""},"class_list":["post-33","page","type-page","status-publish","hentry"],"yoast_head":"<!-- This site is optimized with the Yoast SEO plugin v26.3 - https:\/\/yoast.com\/wordpress\/plugins\/seo\/ -->\n<title>Calidad y Acreditaci\u00f3n -<\/title>\n<meta name=\"robots\" content=\"index, follow, max-snippet:-1, max-image-preview:large, max-video-preview:-1\" \/>\n<link rel=\"canonical\" href=\"https:\/\/ascofame.org.co\/web\/lineas-de-accion\/calidad-y-acreditacion\/\" \/>\n<meta property=\"og:locale\" content=\"es_ES\" \/>\n<meta property=\"og:type\" content=\"article\" \/>\n<meta property=\"og:title\" content=\"Calidad y Acreditaci\u00f3n -\" \/>\n<meta property=\"og:description\" content=\"[vc_row][vc_column width=&#8221;1\/2&#8243;][vc_single_image image=&#8221;2880&#8243; img_size=&#8221;full&#8221;][\/vc_column][vc_column width=&#8221;1\/2&#8243;][vc_column_text] Calidad y Acreditaci\u00f3n &nbsp; \u00a0 Jornadas Internacionales de Educaci\u00f3n M\u00e9dica de ASCOFAME. \u00a0 Procesos de revisi\u00f3n y actualizaci\u00f3n de los curr\u00edculos y los planes de estudio en los programas del \u00e1rea de la salud. \u00a0 Acompa\u00f1amiento en el proceso de registro cali\u00adficado de especialidades m\u00e9dico &#8211; quir\u00fargicas. \u00a0 Estrategia de aseguramiento de calidad para los programas de medicina no acreditados [&hellip;]\" \/>\n<meta property=\"og:url\" content=\"https:\/\/ascofame.org.co\/web\/lineas-de-accion\/calidad-y-acreditacion\/\" \/>\n<meta property=\"article:modified_time\" content=\"2024-03-13T17:00:47+00:00\" \/>\n<meta property=\"og:image\" content=\"https:\/\/beta.ascofame.org.co\/wp-content\/uploads\/2021\/03\/vineta.png\" \/>\n<meta name=\"twitter:card\" content=\"summary_large_image\" \/>\n<meta name=\"twitter:label1\" content=\"Tiempo de lectura\" \/>\n\t<meta name=\"twitter:data1\" content=\"1 minuto\" \/>\n<script type=\"application\/ld+json\" class=\"yoast-schema-graph\">{\"@context\":\"https:\/\/schema.org\",\"@graph\":[{\"@type\":\"WebPage\",\"@id\":\"https:\/\/ascofame.org.co\/web\/lineas-de-accion\/calidad-y-acreditacion\/\",\"url\":\"https:\/\/ascofame.org.co\/web\/lineas-de-accion\/calidad-y-acreditacion\/\",\"name\":\"Calidad y Acreditaci\u00f3n -\",\"isPartOf\":{\"@id\":\"https:\/\/ascofame.org.co\/web\/#website\"},\"primaryImageOfPage\":{\"@id\":\"https:\/\/ascofame.org.co\/web\/lineas-de-accion\/calidad-y-acreditacion\/#primaryimage\"},\"image\":{\"@id\":\"https:\/\/ascofame.org.co\/web\/lineas-de-accion\/calidad-y-acreditacion\/#primaryimage\"},\"thumbnailUrl\":\"https:\/\/beta.ascofame.org.co\/wp-content\/uploads\/2021\/03\/vineta.png\",\"datePublished\":\"2021-01-21T20:35:33+00:00\",\"dateModified\":\"2024-03-13T17:00:47+00:00\",\"breadcrumb\":{\"@id\":\"https:\/\/ascofame.org.co\/web\/lineas-de-accion\/calidad-y-acreditacion\/#breadcrumb\"},\"inLanguage\":\"es\",\"potentialAction\":[{\"@type\":\"ReadAction\",\"target\":[\"https:\/\/ascofame.org.co\/web\/lineas-de-accion\/calidad-y-acreditacion\/\"]}]},{\"@type\":\"ImageObject\",\"inLanguage\":\"es\",\"@id\":\"https:\/\/ascofame.org.co\/web\/lineas-de-accion\/calidad-y-acreditacion\/#primaryimage\",\"url\":\"https:\/\/beta.ascofame.org.co\/wp-content\/uploads\/2021\/03\/vineta.png\",\"contentUrl\":\"https:\/\/beta.ascofame.org.co\/wp-content\/uploads\/2021\/03\/vineta.png\"},{\"@type\":\"BreadcrumbList\",\"@id\":\"https:\/\/ascofame.org.co\/web\/lineas-de-accion\/calidad-y-acreditacion\/#breadcrumb\",\"itemListElement\":[{\"@type\":\"ListItem\",\"position\":1,\"name\":\"Portada\",\"item\":\"https:\/\/ascofame.org.co\/web\/\"},{\"@type\":\"ListItem\",\"position\":2,\"name\":\"L\u00edneas de acci\u00f3n\",\"item\":\"https:\/\/ascofame.org.co\/web\/lineas-de-accion\/\"},{\"@type\":\"ListItem\",\"position\":3,\"name\":\"Calidad y Acreditaci\u00f3n\"}]},{\"@type\":\"WebSite\",\"@id\":\"https:\/\/ascofame.org.co\/web\/#website\",\"url\":\"https:\/\/ascofame.org.co\/web\/\",\"name\":\"Ascofame\",\"description\":\"\",\"potentialAction\":[{\"@type\":\"SearchAction\",\"target\":{\"@type\":\"EntryPoint\",\"urlTemplate\":\"https:\/\/ascofame.org.co\/web\/?s={search_term_string}\"},\"query-input\":{\"@type\":\"PropertyValueSpecification\",\"valueRequired\":true,\"valueName\":\"search_term_string\"}}],\"inLanguage\":\"es\"}]}<\/script>\n<!-- \/ Yoast SEO plugin. -->","yoast_head_json":{"title":"Calidad y Acreditaci\u00f3n -","robots":{"index":"index","follow":"follow","max-snippet":"max-snippet:-1","max-image-preview":"max-image-preview:large","max-video-preview":"max-video-preview:-1"},"canonical":"https:\/\/ascofame.org.co\/web\/lineas-de-accion\/calidad-y-acreditacion\/","og_locale":"es_ES","og_type":"article","og_title":"Calidad y Acreditaci\u00f3n -","og_description":"[vc_row][vc_column width=&#8221;1\/2&#8243;][vc_single_image image=&#8221;2880&#8243; img_size=&#8221;full&#8221;][\/vc_column][vc_column width=&#8221;1\/2&#8243;][vc_column_text] Calidad y Acreditaci\u00f3n &nbsp; \u00a0 Jornadas Internacionales de Educaci\u00f3n M\u00e9dica de ASCOFAME. \u00a0 Procesos de revisi\u00f3n y actualizaci\u00f3n de los curr\u00edculos y los planes de estudio en los programas del \u00e1rea de la salud. \u00a0 Acompa\u00f1amiento en el proceso de registro cali\u00adficado de especialidades m\u00e9dico &#8211; quir\u00fargicas. \u00a0 Estrategia de aseguramiento de calidad para los programas de medicina no acreditados [&hellip;]","og_url":"https:\/\/ascofame.org.co\/web\/lineas-de-accion\/calidad-y-acreditacion\/","article_modified_time":"2024-03-13T17:00:47+00:00","og_image":[{"url":"https:\/\/beta.ascofame.org.co\/wp-content\/uploads\/2021\/03\/vineta.png","type":"","width":"","height":""}],"twitter_card":"summary_large_image","twitter_misc":{"Tiempo de lectura":"1 minuto"},"schema":{"@context":"https:\/\/schema.org","@graph":[{"@type":"WebPage","@id":"https:\/\/ascofame.org.co\/web\/lineas-de-accion\/calidad-y-acreditacion\/","url":"https:\/\/ascofame.org.co\/web\/lineas-de-accion\/calidad-y-acreditacion\/","name":"Calidad y Acreditaci\u00f3n -","isPartOf":{"@id":"https:\/\/ascofame.org.co\/web\/#website"},"primaryImageOfPage":{"@id":"https:\/\/ascofame.org.co\/web\/lineas-de-accion\/calidad-y-acreditacion\/#primaryimage"},"image":{"@id":"https:\/\/ascofame.org.co\/web\/lineas-de-accion\/calidad-y-acreditacion\/#primaryimage"},"thumbnailUrl":"https:\/\/beta.ascofame.org.co\/wp-content\/uploads\/2021\/03\/vineta.png","datePublished":"2021-01-21T20:35:33+00:00","dateModified":"2024-03-13T17:00:47+00:00","breadcrumb":{"@id":"https:\/\/ascofame.org.co\/web\/lineas-de-accion\/calidad-y-acreditacion\/#breadcrumb"},"inLanguage":"es","potentialAction":[{"@type":"ReadAction","target":["https:\/\/ascofame.org.co\/web\/lineas-de-accion\/calidad-y-acreditacion\/"]}]},{"@type":"ImageObject","inLanguage":"es","@id":"https:\/\/ascofame.org.co\/web\/lineas-de-accion\/calidad-y-acreditacion\/#primaryimage","url":"https:\/\/beta.ascofame.org.co\/wp-content\/uploads\/2021\/03\/vineta.png","contentUrl":"https:\/\/beta.ascofame.org.co\/wp-content\/uploads\/2021\/03\/vineta.png"},{"@type":"BreadcrumbList","@id":"https:\/\/ascofame.org.co\/web\/lineas-de-accion\/calidad-y-acreditacion\/#breadcrumb","itemListElement":[{"@type":"ListItem","position":1,"name":"Portada","item":"https:\/\/ascofame.org.co\/web\/"},{"@type":"ListItem","position":2,"name":"L\u00edneas de acci\u00f3n","item":"https:\/\/ascofame.org.co\/web\/lineas-de-accion\/"},{"@type":"ListItem","position":3,"name":"Calidad y Acreditaci\u00f3n"}]},{"@type":"WebSite","@id":"https:\/\/ascofame.org.co\/web\/#website","url":"https:\/\/ascofame.org.co\/web\/","name":"Ascofame","description":"","potentialAction":[{"@type":"SearchAction","target":{"@type":"EntryPoint","urlTemplate":"https:\/\/ascofame.org.co\/web\/?s={search_term_string}"},"query-input":{"@type":"PropertyValueSpecification","valueRequired":true,"valueName":"search_term_string"}}],"inLanguage":"es"}]}},"_links":{"self":[{"href":"https:\/\/ascofame.org.co\/web\/wp-json\/wp\/v2\/pages\/33","targetHints":{"allow":["GET"]}}],"collection":[{"href":"https:\/\/ascofame.org.co\/web\/wp-json\/wp\/v2\/pages"}],"about":[{"href":"https:\/\/ascofame.org.co\/web\/wp-json\/wp\/v2\/types\/page"}],"author":[{"embeddable":true,"href":"https:\/\/ascofame.org.co\/web\/wp-json\/wp\/v2\/users\/1"}],"replies":[{"embeddable":true,"href":"https:\/\/ascofame.org.co\/web\/wp-json\/wp\/v2\/comments?post=33"}],"version-history":[{"count":12,"href":"https:\/\/ascofame.org.co\/web\/wp-json\/wp\/v2\/pages\/33\/revisions"}],"predecessor-version":[{"id":5548,"href":"https:\/\/ascofame.org.co\/web\/wp-json\/wp\/v2\/pages\/33\/revisions\/5548"}],"up":[{"embeddable":true,"href":"https:\/\/ascofame.org.co\/web\/wp-json\/wp\/v2\/pages\/23"}],"wp:attachment":[{"href":"https:\/\/ascofame.org.co\/web\/wp-json\/wp\/v2\/media?parent=33"}],"curies":[{"name":"wp","href":"https:\/\/api.w.org\/{rel}","templated":true}]}}