{"id":3087,"date":"2021-04-06T02:49:01","date_gmt":"2021-04-06T02:49:01","guid":{"rendered":"https:\/\/beta.ascofame.org.co\/?page_id=3087"},"modified":"2021-04-08T03:51:35","modified_gmt":"2021-04-08T03:51:35","slug":"diseno-programas-a-la-medida","status":"publish","type":"page","link":"https:\/\/ascofame.org.co\/web\/desarrollo-profesional\/oferta-educativa\/diseno-programas-a-la-medida\/","title":{"rendered":"dise\u00f1o programas a la medida"},"content":{"rendered":"<div class=\"nolwrap\"><p>[vc_row][vc_column][vc_column_text]Las acciones formativas de educaci\u00f3n continuada de ASCOFAME pueden ser ajustadas y dise\u00f1adas a los requerimientos formativos de su facultad, asociaci\u00f3n e instituci\u00f3n.[\/vc_column_text][vc_tta_tabs][vc_tta_section i_icon_fontawesome=&#8221;fas fa-book-reader&#8221; add_icon=&#8221;true&#8221; tab_id=&#8221;1617677545626-e154541f-474a&#8221;][vc_row_inner][vc_column_inner][vc_column_text]<\/p>\n<p><img loading=\"lazy\" decoding=\"async\" class=\"alignnone wp-image-2251\" src=\"https:\/\/beta.ascofame.org.co\/wp-content\/uploads\/2021\/03\/punto2.png\" alt=\"\" width=\"17\" height=\"17\" \/> <strong>Educaci\u00f3n m\u00e9dica<br \/>\n<\/strong><br \/>\n<strong><img loading=\"lazy\" decoding=\"async\" class=\"alignnone wp-image-2251\" src=\"https:\/\/beta.ascofame.org.co\/wp-content\/uploads\/2021\/03\/punto2.png\" alt=\"\" width=\"17\" height=\"17\" \/> Calidad<br \/>\n<\/strong><br \/>\n<strong><img loading=\"lazy\" decoding=\"async\" class=\"alignnone wp-image-2251\" src=\"https:\/\/beta.ascofame.org.co\/wp-content\/uploads\/2021\/03\/punto2.png\" alt=\"\" width=\"17\" height=\"17\" \/> Evaluaci\u00f3n<br \/>\n<\/strong><br \/>\n<strong><img loading=\"lazy\" decoding=\"async\" class=\"alignnone wp-image-2251\" src=\"https:\/\/beta.ascofame.org.co\/wp-content\/uploads\/2021\/03\/punto2.png\" alt=\"\" width=\"17\" height=\"17\" \/> Cualificaci\u00f3n docente en salud<br \/>\n<\/strong><br \/>\n<strong><img loading=\"lazy\" decoding=\"async\" class=\"alignnone wp-image-2251\" src=\"https:\/\/beta.ascofame.org.co\/wp-content\/uploads\/2021\/03\/punto2.png\" alt=\"\" width=\"17\" height=\"17\" \/> Tecnolog\u00edas educativas<br \/>\n<\/strong><br \/>\n<strong><img loading=\"lazy\" decoding=\"async\" class=\"alignnone wp-image-2251\" src=\"https:\/\/beta.ascofame.org.co\/wp-content\/uploads\/2021\/03\/punto2.png\" alt=\"\" width=\"17\" height=\"17\" \/> Investigaci\u00f3n<\/strong>[\/vc_column_text][\/vc_column_inner][\/vc_row_inner][\/vc_tta_section][vc_tta_section i_icon_fontawesome=&#8221;fas fa-laptop-code&#8221; add_icon=&#8221;true&#8221; tab_id=&#8221;1617677545661-be0714ac-b842&#8243;][vc_row_inner][vc_column_inner][vc_column_text]<\/p>\n<p><strong><img loading=\"lazy\" decoding=\"async\" class=\"alignnone wp-image-2251\" src=\"https:\/\/beta.ascofame.org.co\/wp-content\/uploads\/2021\/03\/punto2.png\" alt=\"\" width=\"17\" height=\"17\" \/> Cursos<br \/>\n<\/strong><br \/>\n<strong><img loading=\"lazy\" decoding=\"async\" class=\"alignnone wp-image-2251\" src=\"https:\/\/beta.ascofame.org.co\/wp-content\/uploads\/2021\/03\/punto2.png\" alt=\"\" width=\"17\" height=\"17\" \/> Talleres<br \/>\n<\/strong><br \/>\n<strong><img loading=\"lazy\" decoding=\"async\" class=\"alignnone wp-image-2251\" src=\"https:\/\/beta.ascofame.org.co\/wp-content\/uploads\/2021\/03\/punto2.png\" alt=\"\" width=\"17\" height=\"17\" \/> Diplomados<br \/>\n<\/strong><br \/>\n<strong><img loading=\"lazy\" decoding=\"async\" class=\"alignnone wp-image-2251\" src=\"https:\/\/beta.ascofame.org.co\/wp-content\/uploads\/2021\/03\/punto2.png\" alt=\"\" width=\"17\" height=\"17\" \/> Conversatorios<br \/>\n<\/strong><br \/>\n<strong><img loading=\"lazy\" decoding=\"async\" class=\"alignnone wp-image-2251\" src=\"https:\/\/beta.ascofame.org.co\/wp-content\/uploads\/2021\/03\/punto2.png\" alt=\"\" width=\"17\" height=\"17\" \/> Simposios<br \/>\n<\/strong><br \/>\n<strong><img loading=\"lazy\" decoding=\"async\" class=\"alignnone wp-image-2251\" src=\"https:\/\/beta.ascofame.org.co\/wp-content\/uploads\/2021\/03\/punto2.png\" alt=\"\" width=\"17\" height=\"17\" \/> Congresos<br \/>\n<\/strong><br \/>\n<strong><img loading=\"lazy\" decoding=\"async\" class=\"alignnone wp-image-2251\" src=\"https:\/\/beta.ascofame.org.co\/wp-content\/uploads\/2021\/03\/punto2.png\" alt=\"\" width=\"17\" height=\"17\" \/> Foros<\/strong>[\/vc_column_text][\/vc_column_inner][\/vc_row_inner][\/vc_tta_section][vc_tta_section i_icon_fontawesome=&#8221;fas fa-chalkboard-teacher&#8221; add_icon=&#8221;true&#8221; tab_id=&#8221;1617677691930-322690f0-d75c&#8221;][vc_row_inner][vc_column_inner][vc_column_text]<\/p>\n<p><strong><img loading=\"lazy\" decoding=\"async\" class=\"alignnone wp-image-2251\" src=\"https:\/\/beta.ascofame.org.co\/wp-content\/uploads\/2021\/03\/punto2.png\" alt=\"\" width=\"17\" height=\"17\" \/> Presencial<br \/>\n<\/strong><br \/>\n<strong><img loading=\"lazy\" decoding=\"async\" class=\"alignnone wp-image-2251\" src=\"https:\/\/beta.ascofame.org.co\/wp-content\/uploads\/2021\/03\/punto2.png\" alt=\"\" width=\"17\" height=\"17\" \/> Virtual<br \/>\n<\/strong><br \/>\n<strong><img loading=\"lazy\" decoding=\"async\" class=\"alignnone wp-image-2251\" src=\"https:\/\/beta.ascofame.org.co\/wp-content\/uploads\/2021\/03\/punto2.png\" alt=\"\" width=\"17\" height=\"17\" \/> Combinado (b-learning)<br \/>\n<\/strong><br \/>\n<strong><img loading=\"lazy\" decoding=\"async\" class=\"alignnone wp-image-2251\" src=\"https:\/\/beta.ascofame.org.co\/wp-content\/uploads\/2021\/03\/punto2.png\" alt=\"\" width=\"17\" height=\"17\" \/> Educaci\u00f3n m\u00f3vil (m-learning)<\/strong>[\/vc_column_text][\/vc_column_inner][\/vc_row_inner][\/vc_tta_section][\/vc_tta_tabs][\/vc_column][\/vc_row]<\/p>\n<\/div>","protected":false},"excerpt":{"rendered":"<p>[vc_row][vc_column][vc_column_text]Las acciones formativas de educaci\u00f3n continuada de ASCOFAME pueden ser ajustadas y dise\u00f1adas a los requerimientos formativos de su facultad, asociaci\u00f3n e instituci\u00f3n.[\/vc_column_text][vc_tta_tabs][vc_tta_section i_icon_fontawesome=&#8221;fas fa-book-reader&#8221; add_icon=&#8221;true&#8221; tab_id=&#8221;1617677545626-e154541f-474a&#8221;][vc_row_inner][vc_column_inner][vc_column_text] Educaci\u00f3n m\u00e9dica Calidad Evaluaci\u00f3n Cualificaci\u00f3n docente en salud Tecnolog\u00edas educativas Investigaci\u00f3n[\/vc_column_text][\/vc_column_inner][\/vc_row_inner][\/vc_tta_section][vc_tta_section i_icon_fontawesome=&#8221;fas fa-laptop-code&#8221; add_icon=&#8221;true&#8221; tab_id=&#8221;1617677545661-be0714ac-b842&#8243;][vc_row_inner][vc_column_inner][vc_column_text] Cursos Talleres Diplomados Conversatorios Simposios Congresos Foros[\/vc_column_text][\/vc_column_inner][\/vc_row_inner][\/vc_tta_section][vc_tta_section i_icon_fontawesome=&#8221;fas fa-chalkboard-teacher&#8221; add_icon=&#8221;true&#8221; tab_id=&#8221;1617677691930-322690f0-d75c&#8221;][vc_row_inner][vc_column_inner][vc_column_text] Presencial Virtual Combinado (b-learning) Educaci\u00f3n m\u00f3vil (m-learning)[\/vc_column_text][\/vc_column_inner][\/vc_row_inner][\/vc_tta_section][\/vc_tta_tabs][\/vc_column][\/vc_row]<\/p>\n","protected":false},"author":4,"featured_media":0,"parent":37,"menu_order":0,"comment_status":"closed","ping_status":"closed","template":"","meta":{"episode_type":"","audio_file":"","podmotor_file_id":"","podmotor_episode_id":"","cover_image":"","cover_image_id":"","duration":"","filesize":"","filesize_raw":"","date_recorded":"","explicit":"","block":"","footnotes":""},"class_list":["post-3087","page","type-page","status-publish","hentry"],"yoast_head":"<!-- This site is optimized with the Yoast SEO plugin v26.3 - https:\/\/yoast.com\/wordpress\/plugins\/seo\/ -->\n<title>dise\u00f1o programas a la medida -<\/title>\n<meta name=\"robots\" content=\"index, follow, max-snippet:-1, max-image-preview:large, max-video-preview:-1\" \/>\n<link rel=\"canonical\" href=\"https:\/\/ascofame.org.co\/web\/desarrollo-profesional\/oferta-educativa\/diseno-programas-a-la-medida\/\" \/>\n<meta property=\"og:locale\" content=\"es_ES\" \/>\n<meta property=\"og:type\" content=\"article\" \/>\n<meta property=\"og:title\" content=\"dise\u00f1o programas a la medida -\" \/>\n<meta property=\"og:description\" content=\"[vc_row][vc_column][vc_column_text]Las acciones formativas de educaci\u00f3n continuada de ASCOFAME pueden ser ajustadas y dise\u00f1adas a los requerimientos formativos de su facultad, asociaci\u00f3n e instituci\u00f3n.[\/vc_column_text][vc_tta_tabs][vc_tta_section i_icon_fontawesome=&#8221;fas fa-book-reader&#8221; add_icon=&#8221;true&#8221; tab_id=&#8221;1617677545626-e154541f-474a&#8221;][vc_row_inner][vc_column_inner][vc_column_text] Educaci\u00f3n m\u00e9dica Calidad Evaluaci\u00f3n Cualificaci\u00f3n docente en salud Tecnolog\u00edas educativas Investigaci\u00f3n[\/vc_column_text][\/vc_column_inner][\/vc_row_inner][\/vc_tta_section][vc_tta_section i_icon_fontawesome=&#8221;fas fa-laptop-code&#8221; add_icon=&#8221;true&#8221; tab_id=&#8221;1617677545661-be0714ac-b842&#8243;][vc_row_inner][vc_column_inner][vc_column_text] Cursos Talleres Diplomados Conversatorios Simposios Congresos Foros[\/vc_column_text][\/vc_column_inner][\/vc_row_inner][\/vc_tta_section][vc_tta_section i_icon_fontawesome=&#8221;fas fa-chalkboard-teacher&#8221; add_icon=&#8221;true&#8221; tab_id=&#8221;1617677691930-322690f0-d75c&#8221;][vc_row_inner][vc_column_inner][vc_column_text] Presencial Virtual Combinado (b-learning) Educaci\u00f3n m\u00f3vil (m-learning)[\/vc_column_text][\/vc_column_inner][\/vc_row_inner][\/vc_tta_section][\/vc_tta_tabs][\/vc_column][\/vc_row]\" \/>\n<meta property=\"og:url\" content=\"https:\/\/ascofame.org.co\/web\/desarrollo-profesional\/oferta-educativa\/diseno-programas-a-la-medida\/\" \/>\n<meta property=\"article:modified_time\" content=\"2021-04-08T03:51:35+00:00\" \/>\n<meta property=\"og:image\" content=\"https:\/\/beta.ascofame.org.co\/wp-content\/uploads\/2021\/03\/punto2.png\" \/>\n<meta name=\"twitter:card\" content=\"summary_large_image\" \/>\n<meta name=\"twitter:label1\" content=\"Tiempo de lectura\" \/>\n\t<meta name=\"twitter:data1\" content=\"1 minuto\" \/>\n<script type=\"application\/ld+json\" class=\"yoast-schema-graph\">{\"@context\":\"https:\/\/schema.org\",\"@graph\":[{\"@type\":\"WebPage\",\"@id\":\"https:\/\/ascofame.org.co\/web\/desarrollo-profesional\/oferta-educativa\/diseno-programas-a-la-medida\/\",\"url\":\"https:\/\/ascofame.org.co\/web\/desarrollo-profesional\/oferta-educativa\/diseno-programas-a-la-medida\/\",\"name\":\"dise\u00f1o programas a la medida -\",\"isPartOf\":{\"@id\":\"https:\/\/ascofame.org.co\/web\/#website\"},\"primaryImageOfPage\":{\"@id\":\"https:\/\/ascofame.org.co\/web\/desarrollo-profesional\/oferta-educativa\/diseno-programas-a-la-medida\/#primaryimage\"},\"image\":{\"@id\":\"https:\/\/ascofame.org.co\/web\/desarrollo-profesional\/oferta-educativa\/diseno-programas-a-la-medida\/#primaryimage\"},\"thumbnailUrl\":\"https:\/\/beta.ascofame.org.co\/wp-content\/uploads\/2021\/03\/punto2.png\",\"datePublished\":\"2021-04-06T02:49:01+00:00\",\"dateModified\":\"2021-04-08T03:51:35+00:00\",\"breadcrumb\":{\"@id\":\"https:\/\/ascofame.org.co\/web\/desarrollo-profesional\/oferta-educativa\/diseno-programas-a-la-medida\/#breadcrumb\"},\"inLanguage\":\"es\",\"potentialAction\":[{\"@type\":\"ReadAction\",\"target\":[\"https:\/\/ascofame.org.co\/web\/desarrollo-profesional\/oferta-educativa\/diseno-programas-a-la-medida\/\"]}]},{\"@type\":\"ImageObject\",\"inLanguage\":\"es\",\"@id\":\"https:\/\/ascofame.org.co\/web\/desarrollo-profesional\/oferta-educativa\/diseno-programas-a-la-medida\/#primaryimage\",\"url\":\"https:\/\/beta.ascofame.org.co\/wp-content\/uploads\/2021\/03\/punto2.png\",\"contentUrl\":\"https:\/\/beta.ascofame.org.co\/wp-content\/uploads\/2021\/03\/punto2.png\"},{\"@type\":\"BreadcrumbList\",\"@id\":\"https:\/\/ascofame.org.co\/web\/desarrollo-profesional\/oferta-educativa\/diseno-programas-a-la-medida\/#breadcrumb\",\"itemListElement\":[{\"@type\":\"ListItem\",\"position\":1,\"name\":\"Portada\",\"item\":\"https:\/\/ascofame.org.co\/web\/\"},{\"@type\":\"ListItem\",\"position\":2,\"name\":\"Desarrollo Profesional\",\"item\":\"https:\/\/ascofame.org.co\/web\/desarrollo-profesional\/\"},{\"@type\":\"ListItem\",\"position\":3,\"name\":\"Oferta Educativa\",\"item\":\"https:\/\/ascofame.org.co\/web\/desarrollo-profesional\/oferta-educativa\/\"},{\"@type\":\"ListItem\",\"position\":4,\"name\":\"dise\u00f1o programas a la medida\"}]},{\"@type\":\"WebSite\",\"@id\":\"https:\/\/ascofame.org.co\/web\/#website\",\"url\":\"https:\/\/ascofame.org.co\/web\/\",\"name\":\"Ascofame\",\"description\":\"\",\"potentialAction\":[{\"@type\":\"SearchAction\",\"target\":{\"@type\":\"EntryPoint\",\"urlTemplate\":\"https:\/\/ascofame.org.co\/web\/?s={search_term_string}\"},\"query-input\":{\"@type\":\"PropertyValueSpecification\",\"valueRequired\":true,\"valueName\":\"search_term_string\"}}],\"inLanguage\":\"es\"}]}<\/script>\n<!-- \/ Yoast SEO plugin. -->","yoast_head_json":{"title":"dise\u00f1o programas a la medida -","robots":{"index":"index","follow":"follow","max-snippet":"max-snippet:-1","max-image-preview":"max-image-preview:large","max-video-preview":"max-video-preview:-1"},"canonical":"https:\/\/ascofame.org.co\/web\/desarrollo-profesional\/oferta-educativa\/diseno-programas-a-la-medida\/","og_locale":"es_ES","og_type":"article","og_title":"dise\u00f1o programas a la medida -","og_description":"[vc_row][vc_column][vc_column_text]Las acciones formativas de educaci\u00f3n continuada de ASCOFAME pueden ser ajustadas y dise\u00f1adas a los requerimientos formativos de su facultad, asociaci\u00f3n e instituci\u00f3n.[\/vc_column_text][vc_tta_tabs][vc_tta_section i_icon_fontawesome=&#8221;fas fa-book-reader&#8221; add_icon=&#8221;true&#8221; tab_id=&#8221;1617677545626-e154541f-474a&#8221;][vc_row_inner][vc_column_inner][vc_column_text] Educaci\u00f3n m\u00e9dica Calidad Evaluaci\u00f3n Cualificaci\u00f3n docente en salud Tecnolog\u00edas educativas Investigaci\u00f3n[\/vc_column_text][\/vc_column_inner][\/vc_row_inner][\/vc_tta_section][vc_tta_section i_icon_fontawesome=&#8221;fas fa-laptop-code&#8221; add_icon=&#8221;true&#8221; tab_id=&#8221;1617677545661-be0714ac-b842&#8243;][vc_row_inner][vc_column_inner][vc_column_text] Cursos Talleres Diplomados Conversatorios Simposios Congresos Foros[\/vc_column_text][\/vc_column_inner][\/vc_row_inner][\/vc_tta_section][vc_tta_section i_icon_fontawesome=&#8221;fas fa-chalkboard-teacher&#8221; add_icon=&#8221;true&#8221; tab_id=&#8221;1617677691930-322690f0-d75c&#8221;][vc_row_inner][vc_column_inner][vc_column_text] Presencial Virtual Combinado (b-learning) Educaci\u00f3n m\u00f3vil (m-learning)[\/vc_column_text][\/vc_column_inner][\/vc_row_inner][\/vc_tta_section][\/vc_tta_tabs][\/vc_column][\/vc_row]","og_url":"https:\/\/ascofame.org.co\/web\/desarrollo-profesional\/oferta-educativa\/diseno-programas-a-la-medida\/","article_modified_time":"2021-04-08T03:51:35+00:00","og_image":[{"url":"https:\/\/beta.ascofame.org.co\/wp-content\/uploads\/2021\/03\/punto2.png","type":"","width":"","height":""}],"twitter_card":"summary_large_image","twitter_misc":{"Tiempo de lectura":"1 minuto"},"schema":{"@context":"https:\/\/schema.org","@graph":[{"@type":"WebPage","@id":"https:\/\/ascofame.org.co\/web\/desarrollo-profesional\/oferta-educativa\/diseno-programas-a-la-medida\/","url":"https:\/\/ascofame.org.co\/web\/desarrollo-profesional\/oferta-educativa\/diseno-programas-a-la-medida\/","name":"dise\u00f1o programas a la medida -","isPartOf":{"@id":"https:\/\/ascofame.org.co\/web\/#website"},"primaryImageOfPage":{"@id":"https:\/\/ascofame.org.co\/web\/desarrollo-profesional\/oferta-educativa\/diseno-programas-a-la-medida\/#primaryimage"},"image":{"@id":"https:\/\/ascofame.org.co\/web\/desarrollo-profesional\/oferta-educativa\/diseno-programas-a-la-medida\/#primaryimage"},"thumbnailUrl":"https:\/\/beta.ascofame.org.co\/wp-content\/uploads\/2021\/03\/punto2.png","datePublished":"2021-04-06T02:49:01+00:00","dateModified":"2021-04-08T03:51:35+00:00","breadcrumb":{"@id":"https:\/\/ascofame.org.co\/web\/desarrollo-profesional\/oferta-educativa\/diseno-programas-a-la-medida\/#breadcrumb"},"inLanguage":"es","potentialAction":[{"@type":"ReadAction","target":["https:\/\/ascofame.org.co\/web\/desarrollo-profesional\/oferta-educativa\/diseno-programas-a-la-medida\/"]}]},{"@type":"ImageObject","inLanguage":"es","@id":"https:\/\/ascofame.org.co\/web\/desarrollo-profesional\/oferta-educativa\/diseno-programas-a-la-medida\/#primaryimage","url":"https:\/\/beta.ascofame.org.co\/wp-content\/uploads\/2021\/03\/punto2.png","contentUrl":"https:\/\/beta.ascofame.org.co\/wp-content\/uploads\/2021\/03\/punto2.png"},{"@type":"BreadcrumbList","@id":"https:\/\/ascofame.org.co\/web\/desarrollo-profesional\/oferta-educativa\/diseno-programas-a-la-medida\/#breadcrumb","itemListElement":[{"@type":"ListItem","position":1,"name":"Portada","item":"https:\/\/ascofame.org.co\/web\/"},{"@type":"ListItem","position":2,"name":"Desarrollo Profesional","item":"https:\/\/ascofame.org.co\/web\/desarrollo-profesional\/"},{"@type":"ListItem","position":3,"name":"Oferta Educativa","item":"https:\/\/ascofame.org.co\/web\/desarrollo-profesional\/oferta-educativa\/"},{"@type":"ListItem","position":4,"name":"dise\u00f1o programas a la medida"}]},{"@type":"WebSite","@id":"https:\/\/ascofame.org.co\/web\/#website","url":"https:\/\/ascofame.org.co\/web\/","name":"Ascofame","description":"","potentialAction":[{"@type":"SearchAction","target":{"@type":"EntryPoint","urlTemplate":"https:\/\/ascofame.org.co\/web\/?s={search_term_string}"},"query-input":{"@type":"PropertyValueSpecification","valueRequired":true,"valueName":"search_term_string"}}],"inLanguage":"es"}]}},"_links":{"self":[{"href":"https:\/\/ascofame.org.co\/web\/wp-json\/wp\/v2\/pages\/3087","targetHints":{"allow":["GET"]}}],"collection":[{"href":"https:\/\/ascofame.org.co\/web\/wp-json\/wp\/v2\/pages"}],"about":[{"href":"https:\/\/ascofame.org.co\/web\/wp-json\/wp\/v2\/types\/page"}],"author":[{"embeddable":true,"href":"https:\/\/ascofame.org.co\/web\/wp-json\/wp\/v2\/users\/4"}],"replies":[{"embeddable":true,"href":"https:\/\/ascofame.org.co\/web\/wp-json\/wp\/v2\/comments?post=3087"}],"version-history":[{"count":10,"href":"https:\/\/ascofame.org.co\/web\/wp-json\/wp\/v2\/pages\/3087\/revisions"}],"predecessor-version":[{"id":3116,"href":"https:\/\/ascofame.org.co\/web\/wp-json\/wp\/v2\/pages\/3087\/revisions\/3116"}],"up":[{"embeddable":true,"href":"https:\/\/ascofame.org.co\/web\/wp-json\/wp\/v2\/pages\/37"}],"wp:attachment":[{"href":"https:\/\/ascofame.org.co\/web\/wp-json\/wp\/v2\/media?parent=3087"}],"curies":[{"name":"wp","href":"https:\/\/api.w.org\/{rel}","templated":true}]}}