{"id":27,"date":"2021-01-21T20:34:23","date_gmt":"2021-01-21T20:34:23","guid":{"rendered":"https:\/\/beta.ascofame.org.co\/?page_id=27"},"modified":"2021-06-10T04:02:04","modified_gmt":"2021-06-10T04:02:04","slug":"gestion-curricular","status":"publish","type":"page","link":"https:\/\/ascofame.org.co\/web\/lineas-de-accion\/gestion-curricular\/","title":{"rendered":"Gesti\u00f3n Curricular"},"content":{"rendered":"<div class=\"nolwrap\"><p>[vc_row][vc_column][vc_column_text]<\/p>\n<h4><strong>Gesti\u00f3n Curricular<\/strong><\/h4>\n<p>Desarrollo de competencias de educaci\u00f3n m\u00e9dica en los docentes y directivos de las facultades de medicina y servicios de acompa\u00f1amiento para la gesti\u00f3n curricular.<\/p>\n<h4><\/h4>\n<h4><\/h4>\n<h4><\/h4>\n<p>[\/vc_column_text][\/vc_column][\/vc_row][vc_row][vc_column width=&#8221;1\/2&#8243;][vc_column_text]<\/p>\n<p style=\"padding-left: 40px;\"><img loading=\"lazy\" decoding=\"async\" class=\"alignnone wp-image-2256 \" src=\"https:\/\/beta.ascofame.org.co\/wp-content\/uploads\/2021\/03\/vineta.png\" alt=\"\" width=\"18\" height=\"18\" \/>\u00a0 Educaci\u00f3n m\u00e9dica (modular).<\/p>\n<p style=\"padding-left: 40px;\"><img loading=\"lazy\" decoding=\"async\" class=\"alignnone wp-image-2256 \" src=\"https:\/\/beta.ascofame.org.co\/wp-content\/uploads\/2021\/03\/vineta.png\" alt=\"\" width=\"18\" height=\"18\" \/>\u00a0 Educaci\u00f3n m\u00e9dica con \u00e9nfasis en educaci\u00f3n en la pr\u00e1ctica cl\u00ednica.<\/p>\n<p style=\"padding-left: 40px;\"><img loading=\"lazy\" decoding=\"async\" class=\"alignnone wp-image-2256 \" src=\"https:\/\/beta.ascofame.org.co\/wp-content\/uploads\/2021\/03\/vineta.png\" alt=\"\" width=\"18\" height=\"18\" \/>\u00a0 Desarrollo de diplomados virtuales y presenciales a la medida.<\/p>\n<p style=\"padding-left: 40px;\"><img loading=\"lazy\" decoding=\"async\" class=\"alignnone wp-image-2256 \" src=\"https:\/\/beta.ascofame.org.co\/wp-content\/uploads\/2021\/03\/vineta.png\" alt=\"\" width=\"18\" height=\"18\" \/>\u00a0 Tecnolog\u00edas educativas para el aprendizaje y el conocimiento.<\/p>\n<p style=\"padding-left: 40px;\"><img loading=\"lazy\" decoding=\"async\" class=\"alignnone wp-image-2256 \" src=\"https:\/\/beta.ascofame.org.co\/wp-content\/uploads\/2021\/03\/vineta.png\" alt=\"\" width=\"18\" height=\"18\" \/>\u00a0 Gesti\u00f3n de aulas virtuales y creaci\u00f3n de materiales educativos en salud.<\/p>\n<p style=\"padding-left: 40px;\"><img loading=\"lazy\" decoding=\"async\" class=\"alignnone wp-image-2256 \" src=\"https:\/\/beta.ascofame.org.co\/wp-content\/uploads\/2021\/03\/vineta.png\" alt=\"\" width=\"18\" height=\"18\" \/>\u00a0 Curso de actualizaci\u00f3n en b\u00fasqueda y recuperaci\u00f3n de informaci\u00f3n cient\u00ed\u00adfica en salud.<\/p>\n<p style=\"padding-left: 40px;\"><img loading=\"lazy\" decoding=\"async\" class=\"alignnone wp-image-2256 \" src=\"https:\/\/beta.ascofame.org.co\/wp-content\/uploads\/2021\/03\/vineta.png\" alt=\"\" width=\"18\" height=\"18\" \/>\u00a0 Evaluaci\u00f3n para el aprendizaje.<\/p>\n<p style=\"padding-left: 40px;\"><img loading=\"lazy\" decoding=\"async\" class=\"alignnone wp-image-2256 \" src=\"https:\/\/beta.ascofame.org.co\/wp-content\/uploads\/2021\/03\/vineta.png\" alt=\"\" width=\"18\" height=\"18\" \/>\u00a0 Desarrollo de cursos virtuales y presenciales a la medida.<\/p>\n<p>[\/vc_column_text][\/vc_column][vc_column width=&#8221;1\/2&#8243;][vc_column_text]<\/p>\n<p style=\"padding-left: 40px;\"><img loading=\"lazy\" decoding=\"async\" class=\"alignnone wp-image-2256 \" src=\"https:\/\/beta.ascofame.org.co\/wp-content\/uploads\/2021\/03\/vineta.png\" alt=\"\" width=\"18\" height=\"18\" \/>\u00a0 Aprendizaje Basado en Problemas (ABP).<\/p>\n<p style=\"padding-left: 40px;\"><img loading=\"lazy\" decoding=\"async\" class=\"alignnone wp-image-2256 \" src=\"https:\/\/beta.ascofame.org.co\/wp-content\/uploads\/2021\/03\/vineta.png\" alt=\"\" width=\"18\" height=\"18\" \/>\u00a0 Did\u00e1ctica en laboratorios de simulaci\u00f3n.<\/p>\n<p style=\"padding-left: 40px;\"><img loading=\"lazy\" decoding=\"async\" class=\"alignnone wp-image-2256 \" src=\"https:\/\/beta.ascofame.org.co\/wp-content\/uploads\/2021\/03\/vineta.png\" alt=\"\" width=\"18\" height=\"18\" \/>\u00a0 Microense\u00f1anza.<\/p>\n<p style=\"padding-left: 40px;\"><img loading=\"lazy\" decoding=\"async\" class=\"alignnone wp-image-2256 \" src=\"https:\/\/beta.ascofame.org.co\/wp-content\/uploads\/2021\/03\/vineta.png\" alt=\"\" width=\"18\" height=\"18\" \/>\u00a0 Competencias en educaci\u00f3n en ciencias de la salud.<\/p>\n<p style=\"padding-left: 40px;\"><img loading=\"lazy\" decoding=\"async\" class=\"alignnone wp-image-2256 \" src=\"https:\/\/beta.ascofame.org.co\/wp-content\/uploads\/2021\/03\/vineta.png\" alt=\"\" width=\"18\" height=\"18\" \/>\u00a0 Desarrollo, aplicaci\u00f3n y an\u00e1lisis de pruebas de selecci\u00f3n m\u00faltiple para evaluar el aprendizaje de los estudiantes.<\/p>\n<p style=\"padding-left: 40px;\"><img loading=\"lazy\" decoding=\"async\" class=\"alignnone wp-image-2256 \" src=\"https:\/\/beta.ascofame.org.co\/wp-content\/uploads\/2021\/03\/vineta.png\" alt=\"\" width=\"18\" height=\"18\" \/>\u00a0 Dise\u00f1o y gesti\u00f3n curricular.<\/p>\n<p style=\"padding-left: 40px;\"><img loading=\"lazy\" decoding=\"async\" class=\"alignnone wp-image-2256 \" src=\"https:\/\/beta.ascofame.org.co\/wp-content\/uploads\/2021\/03\/vineta.png\" alt=\"\" width=\"18\" height=\"18\" \/>\u00a0 Ingreso para pregrado y posgrado.<\/p>\n<p style=\"padding-left: 40px;\"><img loading=\"lazy\" decoding=\"async\" class=\"alignnone wp-image-2256 \" src=\"https:\/\/beta.ascofame.org.co\/wp-content\/uploads\/2021\/03\/vineta.png\" alt=\"\" width=\"18\" height=\"18\" \/>\u00a0 Pruebas complementarias, ex\u00e1menes y entrevistas estructuradas para ingreso a residencias cl\u00ednicas.<\/p>\n<p>[\/vc_column_text][\/vc_column][\/vc_row]<\/p>\n<\/div>","protected":false},"excerpt":{"rendered":"<p>[vc_row][vc_column][vc_column_text] Gesti\u00f3n Curricular Desarrollo de competencias de educaci\u00f3n m\u00e9dica en los docentes y directivos de las facultades de medicina y servicios de acompa\u00f1amiento para la gesti\u00f3n curricular. [\/vc_column_text][\/vc_column][\/vc_row][vc_row][vc_column width=&#8221;1\/2&#8243;][vc_column_text] \u00a0 Educaci\u00f3n m\u00e9dica (modular). \u00a0 Educaci\u00f3n m\u00e9dica con \u00e9nfasis en educaci\u00f3n en la pr\u00e1ctica cl\u00ednica. \u00a0 Desarrollo de diplomados virtuales y presenciales a la medida. \u00a0 Tecnolog\u00edas educativas para el aprendizaje y el conocimiento. \u00a0 Gesti\u00f3n [&hellip;]<\/p>\n","protected":false},"author":1,"featured_media":0,"parent":23,"menu_order":0,"comment_status":"closed","ping_status":"closed","template":"","meta":{"episode_type":"","audio_file":"","podmotor_file_id":"","podmotor_episode_id":"","cover_image":"","cover_image_id":"","duration":"","filesize":"","filesize_raw":"","date_recorded":"","explicit":"","block":"","footnotes":""},"class_list":["post-27","page","type-page","status-publish","hentry"],"yoast_head":"<!-- This site is optimized with the Yoast SEO plugin v26.3 - https:\/\/yoast.com\/wordpress\/plugins\/seo\/ -->\n<title>Gesti\u00f3n Curricular -<\/title>\n<meta name=\"robots\" content=\"index, follow, max-snippet:-1, max-image-preview:large, max-video-preview:-1\" \/>\n<link rel=\"canonical\" href=\"https:\/\/ascofame.org.co\/web\/lineas-de-accion\/gestion-curricular\/\" \/>\n<meta property=\"og:locale\" content=\"es_ES\" \/>\n<meta property=\"og:type\" content=\"article\" \/>\n<meta property=\"og:title\" content=\"Gesti\u00f3n Curricular -\" \/>\n<meta property=\"og:description\" content=\"[vc_row][vc_column][vc_column_text] Gesti\u00f3n Curricular Desarrollo de competencias de educaci\u00f3n m\u00e9dica en los docentes y directivos de las facultades de medicina y servicios de acompa\u00f1amiento para la gesti\u00f3n curricular. [\/vc_column_text][\/vc_column][\/vc_row][vc_row][vc_column width=&#8221;1\/2&#8243;][vc_column_text] \u00a0 Educaci\u00f3n m\u00e9dica (modular). \u00a0 Educaci\u00f3n m\u00e9dica con \u00e9nfasis en educaci\u00f3n en la pr\u00e1ctica cl\u00ednica. \u00a0 Desarrollo de diplomados virtuales y presenciales a la medida. \u00a0 Tecnolog\u00edas educativas para el aprendizaje y el conocimiento. \u00a0 Gesti\u00f3n [&hellip;]\" \/>\n<meta property=\"og:url\" content=\"https:\/\/ascofame.org.co\/web\/lineas-de-accion\/gestion-curricular\/\" \/>\n<meta property=\"article:modified_time\" content=\"2021-06-10T04:02:04+00:00\" \/>\n<meta property=\"og:image\" content=\"https:\/\/beta.ascofame.org.co\/wp-content\/uploads\/2021\/03\/vineta.png\" \/>\n<meta name=\"twitter:card\" content=\"summary_large_image\" \/>\n<meta name=\"twitter:label1\" content=\"Tiempo de lectura\" \/>\n\t<meta name=\"twitter:data1\" content=\"1 minuto\" \/>\n<script type=\"application\/ld+json\" class=\"yoast-schema-graph\">{\"@context\":\"https:\/\/schema.org\",\"@graph\":[{\"@type\":\"WebPage\",\"@id\":\"https:\/\/ascofame.org.co\/web\/lineas-de-accion\/gestion-curricular\/\",\"url\":\"https:\/\/ascofame.org.co\/web\/lineas-de-accion\/gestion-curricular\/\",\"name\":\"Gesti\u00f3n Curricular -\",\"isPartOf\":{\"@id\":\"https:\/\/ascofame.org.co\/web\/#website\"},\"primaryImageOfPage\":{\"@id\":\"https:\/\/ascofame.org.co\/web\/lineas-de-accion\/gestion-curricular\/#primaryimage\"},\"image\":{\"@id\":\"https:\/\/ascofame.org.co\/web\/lineas-de-accion\/gestion-curricular\/#primaryimage\"},\"thumbnailUrl\":\"https:\/\/beta.ascofame.org.co\/wp-content\/uploads\/2021\/03\/vineta.png\",\"datePublished\":\"2021-01-21T20:34:23+00:00\",\"dateModified\":\"2021-06-10T04:02:04+00:00\",\"breadcrumb\":{\"@id\":\"https:\/\/ascofame.org.co\/web\/lineas-de-accion\/gestion-curricular\/#breadcrumb\"},\"inLanguage\":\"es\",\"potentialAction\":[{\"@type\":\"ReadAction\",\"target\":[\"https:\/\/ascofame.org.co\/web\/lineas-de-accion\/gestion-curricular\/\"]}]},{\"@type\":\"ImageObject\",\"inLanguage\":\"es\",\"@id\":\"https:\/\/ascofame.org.co\/web\/lineas-de-accion\/gestion-curricular\/#primaryimage\",\"url\":\"https:\/\/beta.ascofame.org.co\/wp-content\/uploads\/2021\/03\/vineta.png\",\"contentUrl\":\"https:\/\/beta.ascofame.org.co\/wp-content\/uploads\/2021\/03\/vineta.png\"},{\"@type\":\"BreadcrumbList\",\"@id\":\"https:\/\/ascofame.org.co\/web\/lineas-de-accion\/gestion-curricular\/#breadcrumb\",\"itemListElement\":[{\"@type\":\"ListItem\",\"position\":1,\"name\":\"Portada\",\"item\":\"https:\/\/ascofame.org.co\/web\/\"},{\"@type\":\"ListItem\",\"position\":2,\"name\":\"L\u00edneas de acci\u00f3n\",\"item\":\"https:\/\/ascofame.org.co\/web\/lineas-de-accion\/\"},{\"@type\":\"ListItem\",\"position\":3,\"name\":\"Gesti\u00f3n Curricular\"}]},{\"@type\":\"WebSite\",\"@id\":\"https:\/\/ascofame.org.co\/web\/#website\",\"url\":\"https:\/\/ascofame.org.co\/web\/\",\"name\":\"Ascofame\",\"description\":\"\",\"potentialAction\":[{\"@type\":\"SearchAction\",\"target\":{\"@type\":\"EntryPoint\",\"urlTemplate\":\"https:\/\/ascofame.org.co\/web\/?s={search_term_string}\"},\"query-input\":{\"@type\":\"PropertyValueSpecification\",\"valueRequired\":true,\"valueName\":\"search_term_string\"}}],\"inLanguage\":\"es\"}]}<\/script>\n<!-- \/ Yoast SEO plugin. -->","yoast_head_json":{"title":"Gesti\u00f3n Curricular -","robots":{"index":"index","follow":"follow","max-snippet":"max-snippet:-1","max-image-preview":"max-image-preview:large","max-video-preview":"max-video-preview:-1"},"canonical":"https:\/\/ascofame.org.co\/web\/lineas-de-accion\/gestion-curricular\/","og_locale":"es_ES","og_type":"article","og_title":"Gesti\u00f3n Curricular -","og_description":"[vc_row][vc_column][vc_column_text] Gesti\u00f3n Curricular Desarrollo de competencias de educaci\u00f3n m\u00e9dica en los docentes y directivos de las facultades de medicina y servicios de acompa\u00f1amiento para la gesti\u00f3n curricular. [\/vc_column_text][\/vc_column][\/vc_row][vc_row][vc_column width=&#8221;1\/2&#8243;][vc_column_text] \u00a0 Educaci\u00f3n m\u00e9dica (modular). \u00a0 Educaci\u00f3n m\u00e9dica con \u00e9nfasis en educaci\u00f3n en la pr\u00e1ctica cl\u00ednica. \u00a0 Desarrollo de diplomados virtuales y presenciales a la medida. \u00a0 Tecnolog\u00edas educativas para el aprendizaje y el conocimiento. \u00a0 Gesti\u00f3n [&hellip;]","og_url":"https:\/\/ascofame.org.co\/web\/lineas-de-accion\/gestion-curricular\/","article_modified_time":"2021-06-10T04:02:04+00:00","og_image":[{"url":"https:\/\/beta.ascofame.org.co\/wp-content\/uploads\/2021\/03\/vineta.png","type":"","width":"","height":""}],"twitter_card":"summary_large_image","twitter_misc":{"Tiempo de lectura":"1 minuto"},"schema":{"@context":"https:\/\/schema.org","@graph":[{"@type":"WebPage","@id":"https:\/\/ascofame.org.co\/web\/lineas-de-accion\/gestion-curricular\/","url":"https:\/\/ascofame.org.co\/web\/lineas-de-accion\/gestion-curricular\/","name":"Gesti\u00f3n Curricular -","isPartOf":{"@id":"https:\/\/ascofame.org.co\/web\/#website"},"primaryImageOfPage":{"@id":"https:\/\/ascofame.org.co\/web\/lineas-de-accion\/gestion-curricular\/#primaryimage"},"image":{"@id":"https:\/\/ascofame.org.co\/web\/lineas-de-accion\/gestion-curricular\/#primaryimage"},"thumbnailUrl":"https:\/\/beta.ascofame.org.co\/wp-content\/uploads\/2021\/03\/vineta.png","datePublished":"2021-01-21T20:34:23+00:00","dateModified":"2021-06-10T04:02:04+00:00","breadcrumb":{"@id":"https:\/\/ascofame.org.co\/web\/lineas-de-accion\/gestion-curricular\/#breadcrumb"},"inLanguage":"es","potentialAction":[{"@type":"ReadAction","target":["https:\/\/ascofame.org.co\/web\/lineas-de-accion\/gestion-curricular\/"]}]},{"@type":"ImageObject","inLanguage":"es","@id":"https:\/\/ascofame.org.co\/web\/lineas-de-accion\/gestion-curricular\/#primaryimage","url":"https:\/\/beta.ascofame.org.co\/wp-content\/uploads\/2021\/03\/vineta.png","contentUrl":"https:\/\/beta.ascofame.org.co\/wp-content\/uploads\/2021\/03\/vineta.png"},{"@type":"BreadcrumbList","@id":"https:\/\/ascofame.org.co\/web\/lineas-de-accion\/gestion-curricular\/#breadcrumb","itemListElement":[{"@type":"ListItem","position":1,"name":"Portada","item":"https:\/\/ascofame.org.co\/web\/"},{"@type":"ListItem","position":2,"name":"L\u00edneas de acci\u00f3n","item":"https:\/\/ascofame.org.co\/web\/lineas-de-accion\/"},{"@type":"ListItem","position":3,"name":"Gesti\u00f3n Curricular"}]},{"@type":"WebSite","@id":"https:\/\/ascofame.org.co\/web\/#website","url":"https:\/\/ascofame.org.co\/web\/","name":"Ascofame","description":"","potentialAction":[{"@type":"SearchAction","target":{"@type":"EntryPoint","urlTemplate":"https:\/\/ascofame.org.co\/web\/?s={search_term_string}"},"query-input":{"@type":"PropertyValueSpecification","valueRequired":true,"valueName":"search_term_string"}}],"inLanguage":"es"}]}},"_links":{"self":[{"href":"https:\/\/ascofame.org.co\/web\/wp-json\/wp\/v2\/pages\/27","targetHints":{"allow":["GET"]}}],"collection":[{"href":"https:\/\/ascofame.org.co\/web\/wp-json\/wp\/v2\/pages"}],"about":[{"href":"https:\/\/ascofame.org.co\/web\/wp-json\/wp\/v2\/types\/page"}],"author":[{"embeddable":true,"href":"https:\/\/ascofame.org.co\/web\/wp-json\/wp\/v2\/users\/1"}],"replies":[{"embeddable":true,"href":"https:\/\/ascofame.org.co\/web\/wp-json\/wp\/v2\/comments?post=27"}],"version-history":[{"count":10,"href":"https:\/\/ascofame.org.co\/web\/wp-json\/wp\/v2\/pages\/27\/revisions"}],"predecessor-version":[{"id":4166,"href":"https:\/\/ascofame.org.co\/web\/wp-json\/wp\/v2\/pages\/27\/revisions\/4166"}],"up":[{"embeddable":true,"href":"https:\/\/ascofame.org.co\/web\/wp-json\/wp\/v2\/pages\/23"}],"wp:attachment":[{"href":"https:\/\/ascofame.org.co\/web\/wp-json\/wp\/v2\/media?parent=27"}],"curies":[{"name":"wp","href":"https:\/\/api.w.org\/{rel}","templated":true}]}}