{"id":2584,"date":"2021-03-23T17:42:39","date_gmt":"2021-03-23T17:42:39","guid":{"rendered":"https:\/\/beta.ascofame.org.co\/?page_id=2584"},"modified":"2021-06-01T19:51:42","modified_gmt":"2021-06-01T19:51:42","slug":"taller-en-construccion-de-casos-clinicos-para-el-aprendizaje-con-enfoque-integral","status":"publish","type":"page","link":"https:\/\/ascofame.org.co\/web\/desarrollo-profesional\/oferta-educativa\/taller-en-construccion-de-casos-clinicos-para-el-aprendizaje-con-enfoque-integral\/","title":{"rendered":"Taller en Construcci\u00f3n de Casos Cl\u00ednicos para el Aprendizaje con Enfoque Integral"},"content":{"rendered":"<div class=\"nolwrap\"><p>[vc_row css=&#8221;.vc_custom_1618175180360{background-color: #f19d38 !important;}&#8221;][vc_column width=&#8221;1\/2&#8243; css=&#8221;.vc_custom_1622240381169{padding-bottom: 20px !important;background-color: #e5e5e5 !important;}&#8221;][vc_column_text]<\/p>\n<h2><\/h2>\n<p style=\"padding-left: 40px;\"><img loading=\"lazy\" decoding=\"async\" class=\"alignnone wp-image-3110 \" src=\"\/wp-content\/uploads\/2021\/04\/reloj-300x300.png\" alt=\"\" width=\"19\" height=\"19\" srcset=\"https:\/\/ascofame.org.co\/web\/wp-content\/uploads\/2021\/04\/reloj-300x300.png 300w, https:\/\/ascofame.org.co\/web\/wp-content\/uploads\/2021\/04\/reloj-150x150.png 150w, https:\/\/ascofame.org.co\/web\/wp-content\/uploads\/2021\/04\/reloj-100x100.png 100w, https:\/\/ascofame.org.co\/web\/wp-content\/uploads\/2021\/04\/reloj.png 512w\" sizes=\"auto, (max-width: 19px) 100vw, 19px\" \/>\u00a0 <strong><span style=\"color: #ff6600;\">10 <\/span><\/strong>horas &#8211; <strong><span style=\"color: #ff6600;\">3<\/span><\/strong> m\u00f3dulos<\/p>\n<p style=\"padding-left: 40px;\"><img loading=\"lazy\" decoding=\"async\" class=\"alignnone wp-image-3108 \" src=\"\/wp-content\/uploads\/2021\/04\/creditos-1.png\" alt=\"\" width=\"23\" height=\"23\" \/>\u00a0 <strong><span style=\"color: #ff6600;\">xx<\/span><\/strong> cr\u00e9ditos de EduconASCOFAME (Programa de Desarrollo Profesional Permanente)<\/p>\n<p>[\/vc_column_text][\/vc_column][vc_column width=&#8221;1\/2&#8243; css=&#8221;.vc_custom_1622240374622{padding-bottom: 20px !important;background-color: #e5e5e5 !important;}&#8221;][vc_column_text]<\/p>\n<h2><\/h2>\n<p><img loading=\"lazy\" decoding=\"async\" class=\"alignnone wp-image-3113\" src=\"\/wp-content\/uploads\/2021\/04\/inversion.png\" alt=\"\" width=\"20\" height=\"20\" \/>\u00a0\u00a0<strong>COP $+IVA<\/strong><\/p>\n<p><img loading=\"lazy\" decoding=\"async\" class=\"alignnone wp-image-3112\" src=\"\/wp-content\/uploads\/2021\/04\/descuento.png\" alt=\"\" width=\"20\" height=\"20\" \/>\u00a0 Pol\u00edticas de descuento:<\/p>\n<p><span style=\"color: #ff6600;\"><strong>5%<\/strong><\/span> para grupos mayores de doce personas.[\/vc_column_text][\/vc_column][\/vc_row][vc_row css=&#8221;.vc_custom_1622240573300{padding-top: 10px !important;padding-bottom: 20px !important;}&#8221;][vc_column][vc_column_text]<\/p>\n<h4><\/h4>\n<h4><span style=\"color: #ff9900;\"><strong>Presentaci\u00f3n Curso<\/strong><\/span><\/h4>\n<p>El de casos, corresponde a un m\u00e9todo de ense\u00f1anza a trav\u00e9s del cual se logra el aprendizaje con base en experiencias de la vida real y \u00e9sta constituye su mayor ventaja.<\/p>\n<p>La estructura de este m\u00e9todo ha sido sustentada a trav\u00e9s del tiempo por diferentes autores; quienes destacan las ventajas relacionadas con la comprensi\u00f3n, por parte del estudiante, de informaci\u00f3n te\u00f3rica a partir y en relaci\u00f3n al an\u00e1lisis de una situaci\u00f3n pr\u00e1ctica, por otro lado, las sesiones de trabajo se configuran en un ambiente estimulante, din\u00e1mico y activo, en el que las discusiones y el debate giran alrededor de puntos de vista y posturas diferentes y dis\u00edmiles, favoreciendo la generaci\u00f3n de un ambiente respetuoso y tranquilo de intercambio de ideas, que desestimula las hostilidades personales.<\/p>\n<p>La discusi\u00f3n basada en casos como experiencia de aprendizaje brinda al estudiante la comprensi\u00f3n de una situaci\u00f3n espec\u00edfica, favorece el an\u00e1lisis desde una perspectiva global como particular. Adem\u00e1s, sensibiliza al estudiante para la b\u00fasqueda de la relaci\u00f3n entre estructura-funcionesprocesos y desenlaces y le permite analizar y comprender una circunstancia desde una multidimensionalidad y multidisciplinariedad, con el objetivo de desarrollar voluntad, l\u00f3gica y firmeza para la toma de decisiones.[\/vc_column_text][\/vc_column][\/vc_row][vc_row css=&#8221;.vc_custom_1622240408286{padding-bottom: 20px !important;background-color: #e5e5e5 !important;}&#8221;][vc_column][vc_column_text]<\/p>\n<h4><\/h4>\n<h4><span style=\"color: #ff9900;\"><strong>Metodolog\u00eda<\/strong><\/span><\/h4>\n<p>Modalidad: Presencial asistida por tecnolog\u00eda<\/p>\n<p>Intensidad horaria: 10 horas (6 horas intruccionales y 4 de auto trabajo)<\/p>\n<p>Dise\u00f1ado para grupos de m\u00e1ximo 12 participantes, la conformaci\u00f3n de cada grupo debe ser multidisciplinar.[\/vc_column_text][\/vc_column][\/vc_row][vc_row css=&#8221;.vc_custom_1622240422715{padding-bottom: 20px !important;}&#8221;][vc_column][vc_column_text]<\/p>\n<h4><\/h4>\n<h4><span style=\"color: #ff9900;\"><strong>Estructura<\/strong><\/span><\/h4>\n<p>M\u00f3dulo I. Conceptos Generales<br \/>\nM\u00f3dulo II. Caracter\u00edsticas de la t\u00e9cnica de casos<br \/>\nM\u00f3dulo III. Evaluaci\u00f3n de casos para el aprendizaje[\/vc_column_text][\/vc_column][\/vc_row][vc_row css=&#8221;.vc_custom_1622240437056{padding-bottom: 20px !important;background-color: #e5e5e5 !important;}&#8221;][vc_column][vc_column_text]<\/p>\n<h4><\/h4>\n<h4><span style=\"color: #ff9900;\"><strong>Certificaci\u00f3n<\/strong><\/span><\/h4>\n<p>Para la generaci\u00f3n del certificado es requisito asistir al 80% de las actividades y diligenciar la encuesta de satisfacci\u00f3n.<\/p>\n<p>Este taller cuenta con xx cr\u00e9ditos de EduConASCOFAME (Programa de Desarrollo Profesional Permanente).[\/vc_column_text][\/vc_column][\/vc_row][vc_row css=&#8221;.vc_custom_1622240449351{padding-bottom: 20px !important;}&#8221;][vc_column][vc_column_text]<\/p>\n<h4><\/h4>\n<h4><span style=\"color: #ff9900;\"><strong>Docentes\/Facilitadores<\/strong><\/span><\/h4>\n<p>[\/vc_column_text][vc_row_inner][vc_column_inner width=&#8221;1\/2&#8243;][vc_column_text]<\/p>\n<p style=\"text-align: center;\">\r\n\t<div class=\"paoc-image-popup\">\r\n\t\t<a class=\"paoc-popup-click paoc-popup-cust-3269 paoc-popup-image paoc-popup-image\" href=\"javascript:void(0);\"><img decoding=\"async\" class=\"popupaoc-img\" src=\"https:\/\/beta.ascofame.org.co\/wp-content\/uploads\/2021\/02\/Nataly_Arenas_Asscofame-200x200-1.png\" alt=\"Nataly Arenas\" \/><\/a>\r\n\r\n\t\t\t<\/div>\n<p style=\"text-align: center;\"><strong>Nataly Arenas<\/strong><\/p>\n<p>[\/vc_column_text][\/vc_column_inner][vc_column_inner width=&#8221;1\/2&#8243;][vc_column_text]<\/p>\n<p style=\"text-align: center;\">\r\n\t<div class=\"paoc-image-popup\">\r\n\t\t<a class=\"paoc-popup-click paoc-popup-cust-3271 paoc-popup-image paoc-popup-image\" href=\"javascript:void(0);\"><img decoding=\"async\" class=\"popupaoc-img\" src=\"https:\/\/beta.ascofame.org.co\/wp-content\/uploads\/2021\/02\/Angelo-Laverde-200x200-1.png\" alt=\"\" \/><\/a>\r\n\r\n\t\t\t<\/div>\n<p style=\"text-align: center;\"><strong>Angelo Laverde<\/strong><\/p>\n<p>[\/vc_column_text][\/vc_column_inner][\/vc_row_inner][\/vc_column][\/vc_row][vc_row css=&#8221;.vc_custom_1618175223216{background-color: #e5e5e5 !important;}&#8221;][vc_column css=&#8221;.vc_custom_1622240463417{padding-top: 20px !important;}&#8221;][vc_column_text]<\/p>\n<h4><\/h4>\n<h4><span style=\"color: #ff9900;\"><strong>M\u00e1s informaci\u00f3n<\/strong><\/span><\/h4>\n<p>[\/vc_column_text][vc_row_inner css=&#8221;.vc_custom_1622240534228{padding-bottom: 20px !important;}&#8221;][vc_column_inner width=&#8221;1\/2&#8243;][vc_column_text css=&#8221;.vc_custom_1622240470902{padding-bottom: 10px !important;}&#8221;]<\/p>\n<h4><\/h4>\n<h4><\/h4>\n<p style=\"padding-left: 10px;\"><img loading=\"lazy\" decoding=\"async\" class=\"alignnone wp-image-2457\" src=\"\/wp-content\/uploads\/2021\/03\/icono_cotizar-300x300.jpeg\" alt=\"\" width=\"23\" height=\"23\" srcset=\"https:\/\/ascofame.org.co\/web\/wp-content\/uploads\/2021\/03\/icono_cotizar-300x300.jpeg 300w, https:\/\/ascofame.org.co\/web\/wp-content\/uploads\/2021\/03\/icono_cotizar-150x150.jpeg 150w, https:\/\/ascofame.org.co\/web\/wp-content\/uploads\/2021\/03\/icono_cotizar-100x100.jpeg 100w, https:\/\/ascofame.org.co\/web\/wp-content\/uploads\/2021\/03\/icono_cotizar.jpeg 512w\" sizes=\"auto, (max-width: 23px) 100vw, 23px\" \/> \u00a0 <a href=\"\/cotizacion-educon\/\" target=\"_blank\" rel=\"noopener\"><strong><span style=\"color: #ff6600;\">Cotiza<\/span><\/strong><\/a> el programa<\/p>\n<p>[\/vc_column_text][vc_column_text]<\/p>\n<p style=\"padding-left: 10px;\"><img loading=\"lazy\" decoding=\"async\" class=\"alignnone wp-image-2458\" src=\"\/wp-content\/uploads\/2021\/03\/icono_syllabus-300x300.jpeg\" alt=\"\" width=\"23\" height=\"23\" srcset=\"https:\/\/ascofame.org.co\/web\/wp-content\/uploads\/2021\/03\/icono_syllabus-300x300.jpeg 300w, https:\/\/ascofame.org.co\/web\/wp-content\/uploads\/2021\/03\/icono_syllabus-150x150.jpeg 150w, https:\/\/ascofame.org.co\/web\/wp-content\/uploads\/2021\/03\/icono_syllabus-100x100.jpeg 100w, https:\/\/ascofame.org.co\/web\/wp-content\/uploads\/2021\/03\/icono_syllabus.jpeg 512w\" sizes=\"auto, (max-width: 23px) 100vw, 23px\" \/>\u00a0 \u00a0Descarga el <a href=\"https:\/\/ascofame.org.co\/web\/wp-content\/uploads\/2021\/03\/3.-Taller-Construcci%C3%B3n-de-Casos_compressed.pdf\" target=\"_blank\" rel=\"noopener\"><strong><span style=\"color: #ff6600;\">Syllabus<\/span><\/strong><\/a><\/p>\n<p>[\/vc_column_text][\/vc_column_inner][vc_column_inner width=&#8221;1\/2&#8243;][vc_column_text]<\/p>\n<h4><\/h4>\n<p style=\"padding-left: 10px;\"><img loading=\"lazy\" decoding=\"async\" class=\"alignnone wp-image-2460\" src=\"\/wp-content\/uploads\/2021\/03\/icono-correo-300x300.jpeg\" alt=\"\" width=\"26\" height=\"26\" srcset=\"https:\/\/ascofame.org.co\/web\/wp-content\/uploads\/2021\/03\/icono-correo-300x300.jpeg 300w, https:\/\/ascofame.org.co\/web\/wp-content\/uploads\/2021\/03\/icono-correo-150x150.jpeg 150w, https:\/\/ascofame.org.co\/web\/wp-content\/uploads\/2021\/03\/icono-correo-100x100.jpeg 100w, https:\/\/ascofame.org.co\/web\/wp-content\/uploads\/2021\/03\/icono-correo.jpeg 512w\" sizes=\"auto, (max-width: 26px) 100vw, 26px\" \/>\u00a0 \u00a0<strong><span style=\"color: #ff6600;\">Cont\u00e1ctanos <\/span><\/strong>&#8211; info@ascofame.org.co<\/p>\n<p style=\"padding-left: 10px;\">(57) 1 7425380\u00a0 &#8211;\u00a0 (57) 314 4447318<\/p>\n<p>[\/vc_column_text][\/vc_column_inner][\/vc_row_inner][\/vc_column][\/vc_row]<\/p>\n<\/div>","protected":false},"excerpt":{"rendered":"<p>[vc_row css=&#8221;.vc_custom_1618175180360{background-color: #f19d38 !important;}&#8221;][vc_column width=&#8221;1\/2&#8243; css=&#8221;.vc_custom_1622240381169{padding-bottom: 20px !important;background-color: #e5e5e5 !important;}&#8221;][vc_column_text] \u00a0 10 horas &#8211; 3 m\u00f3dulos \u00a0 xx cr\u00e9ditos de EduconASCOFAME (Programa de Desarrollo Profesional Permanente) [\/vc_column_text][\/vc_column][vc_column width=&#8221;1\/2&#8243; css=&#8221;.vc_custom_1622240374622{padding-bottom: 20px !important;background-color: #e5e5e5 !important;}&#8221;][vc_column_text] \u00a0\u00a0COP $+IVA \u00a0 Pol\u00edticas de descuento: 5% para grupos mayores de doce personas.[\/vc_column_text][\/vc_column][\/vc_row][vc_row css=&#8221;.vc_custom_1622240573300{padding-top: 10px !important;padding-bottom: 20px !important;}&#8221;][vc_column][vc_column_text] Presentaci\u00f3n Curso El de casos, corresponde a un m\u00e9todo de ense\u00f1anza a trav\u00e9s del [&hellip;]<\/p>\n","protected":false},"author":5,"featured_media":0,"parent":37,"menu_order":0,"comment_status":"closed","ping_status":"closed","template":"","meta":{"episode_type":"","audio_file":"","podmotor_file_id":"","podmotor_episode_id":"","cover_image":"","cover_image_id":"","duration":"","filesize":"","filesize_raw":"","date_recorded":"","explicit":"","block":"","footnotes":""},"class_list":["post-2584","page","type-page","status-publish","hentry"],"yoast_head":"<!-- This site is optimized with the Yoast SEO plugin v26.3 - https:\/\/yoast.com\/wordpress\/plugins\/seo\/ -->\n<title>Taller en Construcci\u00f3n de Casos Cl\u00ednicos para el Aprendizaje con Enfoque Integral -<\/title>\n<meta name=\"robots\" content=\"index, follow, max-snippet:-1, max-image-preview:large, max-video-preview:-1\" \/>\n<link rel=\"canonical\" href=\"https:\/\/ascofame.org.co\/web\/desarrollo-profesional\/oferta-educativa\/taller-en-construccion-de-casos-clinicos-para-el-aprendizaje-con-enfoque-integral\/\" \/>\n<meta property=\"og:locale\" content=\"es_ES\" \/>\n<meta property=\"og:type\" content=\"article\" \/>\n<meta property=\"og:title\" content=\"Taller en Construcci\u00f3n de Casos Cl\u00ednicos para el Aprendizaje con Enfoque Integral -\" \/>\n<meta property=\"og:description\" content=\"[vc_row css=&#8221;.vc_custom_1618175180360{background-color: #f19d38 !important;}&#8221;][vc_column width=&#8221;1\/2&#8243; css=&#8221;.vc_custom_1622240381169{padding-bottom: 20px !important;background-color: #e5e5e5 !important;}&#8221;][vc_column_text] \u00a0 10 horas &#8211; 3 m\u00f3dulos \u00a0 xx cr\u00e9ditos de EduconASCOFAME (Programa de Desarrollo Profesional Permanente) [\/vc_column_text][\/vc_column][vc_column width=&#8221;1\/2&#8243; css=&#8221;.vc_custom_1622240374622{padding-bottom: 20px !important;background-color: #e5e5e5 !important;}&#8221;][vc_column_text] \u00a0\u00a0COP $+IVA \u00a0 Pol\u00edticas de descuento: 5% para grupos mayores de doce personas.[\/vc_column_text][\/vc_column][\/vc_row][vc_row css=&#8221;.vc_custom_1622240573300{padding-top: 10px !important;padding-bottom: 20px !important;}&#8221;][vc_column][vc_column_text] Presentaci\u00f3n Curso El de casos, corresponde a un m\u00e9todo de ense\u00f1anza a trav\u00e9s del [&hellip;]\" \/>\n<meta property=\"og:url\" content=\"https:\/\/ascofame.org.co\/web\/desarrollo-profesional\/oferta-educativa\/taller-en-construccion-de-casos-clinicos-para-el-aprendizaje-con-enfoque-integral\/\" \/>\n<meta property=\"article:modified_time\" content=\"2021-06-01T19:51:42+00:00\" \/>\n<meta name=\"twitter:card\" content=\"summary_large_image\" \/>\n<meta name=\"twitter:label1\" content=\"Tiempo de lectura\" \/>\n\t<meta name=\"twitter:data1\" content=\"3 minutos\" \/>\n<script type=\"application\/ld+json\" class=\"yoast-schema-graph\">{\"@context\":\"https:\/\/schema.org\",\"@graph\":[{\"@type\":\"WebPage\",\"@id\":\"https:\/\/ascofame.org.co\/web\/desarrollo-profesional\/oferta-educativa\/taller-en-construccion-de-casos-clinicos-para-el-aprendizaje-con-enfoque-integral\/\",\"url\":\"https:\/\/ascofame.org.co\/web\/desarrollo-profesional\/oferta-educativa\/taller-en-construccion-de-casos-clinicos-para-el-aprendizaje-con-enfoque-integral\/\",\"name\":\"Taller en Construcci\u00f3n de Casos Cl\u00ednicos para el Aprendizaje con Enfoque Integral -\",\"isPartOf\":{\"@id\":\"https:\/\/ascofame.org.co\/web\/#website\"},\"datePublished\":\"2021-03-23T17:42:39+00:00\",\"dateModified\":\"2021-06-01T19:51:42+00:00\",\"breadcrumb\":{\"@id\":\"https:\/\/ascofame.org.co\/web\/desarrollo-profesional\/oferta-educativa\/taller-en-construccion-de-casos-clinicos-para-el-aprendizaje-con-enfoque-integral\/#breadcrumb\"},\"inLanguage\":\"es\",\"potentialAction\":[{\"@type\":\"ReadAction\",\"target\":[\"https:\/\/ascofame.org.co\/web\/desarrollo-profesional\/oferta-educativa\/taller-en-construccion-de-casos-clinicos-para-el-aprendizaje-con-enfoque-integral\/\"]}]},{\"@type\":\"BreadcrumbList\",\"@id\":\"https:\/\/ascofame.org.co\/web\/desarrollo-profesional\/oferta-educativa\/taller-en-construccion-de-casos-clinicos-para-el-aprendizaje-con-enfoque-integral\/#breadcrumb\",\"itemListElement\":[{\"@type\":\"ListItem\",\"position\":1,\"name\":\"Portada\",\"item\":\"https:\/\/ascofame.org.co\/web\/\"},{\"@type\":\"ListItem\",\"position\":2,\"name\":\"Desarrollo Profesional\",\"item\":\"https:\/\/ascofame.org.co\/web\/desarrollo-profesional\/\"},{\"@type\":\"ListItem\",\"position\":3,\"name\":\"Oferta Educativa\",\"item\":\"https:\/\/ascofame.org.co\/web\/desarrollo-profesional\/oferta-educativa\/\"},{\"@type\":\"ListItem\",\"position\":4,\"name\":\"Taller en Construcci\u00f3n de Casos Cl\u00ednicos para el Aprendizaje con Enfoque Integral\"}]},{\"@type\":\"WebSite\",\"@id\":\"https:\/\/ascofame.org.co\/web\/#website\",\"url\":\"https:\/\/ascofame.org.co\/web\/\",\"name\":\"Ascofame\",\"description\":\"\",\"potentialAction\":[{\"@type\":\"SearchAction\",\"target\":{\"@type\":\"EntryPoint\",\"urlTemplate\":\"https:\/\/ascofame.org.co\/web\/?s={search_term_string}\"},\"query-input\":{\"@type\":\"PropertyValueSpecification\",\"valueRequired\":true,\"valueName\":\"search_term_string\"}}],\"inLanguage\":\"es\"}]}<\/script>\n<!-- \/ Yoast SEO plugin. -->","yoast_head_json":{"title":"Taller en Construcci\u00f3n de Casos Cl\u00ednicos para el Aprendizaje con Enfoque Integral -","robots":{"index":"index","follow":"follow","max-snippet":"max-snippet:-1","max-image-preview":"max-image-preview:large","max-video-preview":"max-video-preview:-1"},"canonical":"https:\/\/ascofame.org.co\/web\/desarrollo-profesional\/oferta-educativa\/taller-en-construccion-de-casos-clinicos-para-el-aprendizaje-con-enfoque-integral\/","og_locale":"es_ES","og_type":"article","og_title":"Taller en Construcci\u00f3n de Casos Cl\u00ednicos para el Aprendizaje con Enfoque Integral -","og_description":"[vc_row css=&#8221;.vc_custom_1618175180360{background-color: #f19d38 !important;}&#8221;][vc_column width=&#8221;1\/2&#8243; css=&#8221;.vc_custom_1622240381169{padding-bottom: 20px !important;background-color: #e5e5e5 !important;}&#8221;][vc_column_text] \u00a0 10 horas &#8211; 3 m\u00f3dulos \u00a0 xx cr\u00e9ditos de EduconASCOFAME (Programa de Desarrollo Profesional Permanente) [\/vc_column_text][\/vc_column][vc_column width=&#8221;1\/2&#8243; css=&#8221;.vc_custom_1622240374622{padding-bottom: 20px !important;background-color: #e5e5e5 !important;}&#8221;][vc_column_text] \u00a0\u00a0COP $+IVA \u00a0 Pol\u00edticas de descuento: 5% para grupos mayores de doce personas.[\/vc_column_text][\/vc_column][\/vc_row][vc_row css=&#8221;.vc_custom_1622240573300{padding-top: 10px !important;padding-bottom: 20px !important;}&#8221;][vc_column][vc_column_text] Presentaci\u00f3n Curso El de casos, corresponde a un m\u00e9todo de ense\u00f1anza a trav\u00e9s del [&hellip;]","og_url":"https:\/\/ascofame.org.co\/web\/desarrollo-profesional\/oferta-educativa\/taller-en-construccion-de-casos-clinicos-para-el-aprendizaje-con-enfoque-integral\/","article_modified_time":"2021-06-01T19:51:42+00:00","twitter_card":"summary_large_image","twitter_misc":{"Tiempo de lectura":"3 minutos"},"schema":{"@context":"https:\/\/schema.org","@graph":[{"@type":"WebPage","@id":"https:\/\/ascofame.org.co\/web\/desarrollo-profesional\/oferta-educativa\/taller-en-construccion-de-casos-clinicos-para-el-aprendizaje-con-enfoque-integral\/","url":"https:\/\/ascofame.org.co\/web\/desarrollo-profesional\/oferta-educativa\/taller-en-construccion-de-casos-clinicos-para-el-aprendizaje-con-enfoque-integral\/","name":"Taller en Construcci\u00f3n de Casos Cl\u00ednicos para el Aprendizaje con Enfoque Integral -","isPartOf":{"@id":"https:\/\/ascofame.org.co\/web\/#website"},"datePublished":"2021-03-23T17:42:39+00:00","dateModified":"2021-06-01T19:51:42+00:00","breadcrumb":{"@id":"https:\/\/ascofame.org.co\/web\/desarrollo-profesional\/oferta-educativa\/taller-en-construccion-de-casos-clinicos-para-el-aprendizaje-con-enfoque-integral\/#breadcrumb"},"inLanguage":"es","potentialAction":[{"@type":"ReadAction","target":["https:\/\/ascofame.org.co\/web\/desarrollo-profesional\/oferta-educativa\/taller-en-construccion-de-casos-clinicos-para-el-aprendizaje-con-enfoque-integral\/"]}]},{"@type":"BreadcrumbList","@id":"https:\/\/ascofame.org.co\/web\/desarrollo-profesional\/oferta-educativa\/taller-en-construccion-de-casos-clinicos-para-el-aprendizaje-con-enfoque-integral\/#breadcrumb","itemListElement":[{"@type":"ListItem","position":1,"name":"Portada","item":"https:\/\/ascofame.org.co\/web\/"},{"@type":"ListItem","position":2,"name":"Desarrollo Profesional","item":"https:\/\/ascofame.org.co\/web\/desarrollo-profesional\/"},{"@type":"ListItem","position":3,"name":"Oferta Educativa","item":"https:\/\/ascofame.org.co\/web\/desarrollo-profesional\/oferta-educativa\/"},{"@type":"ListItem","position":4,"name":"Taller en Construcci\u00f3n de Casos Cl\u00ednicos para el Aprendizaje con Enfoque Integral"}]},{"@type":"WebSite","@id":"https:\/\/ascofame.org.co\/web\/#website","url":"https:\/\/ascofame.org.co\/web\/","name":"Ascofame","description":"","potentialAction":[{"@type":"SearchAction","target":{"@type":"EntryPoint","urlTemplate":"https:\/\/ascofame.org.co\/web\/?s={search_term_string}"},"query-input":{"@type":"PropertyValueSpecification","valueRequired":true,"valueName":"search_term_string"}}],"inLanguage":"es"}]}},"_links":{"self":[{"href":"https:\/\/ascofame.org.co\/web\/wp-json\/wp\/v2\/pages\/2584","targetHints":{"allow":["GET"]}}],"collection":[{"href":"https:\/\/ascofame.org.co\/web\/wp-json\/wp\/v2\/pages"}],"about":[{"href":"https:\/\/ascofame.org.co\/web\/wp-json\/wp\/v2\/types\/page"}],"author":[{"embeddable":true,"href":"https:\/\/ascofame.org.co\/web\/wp-json\/wp\/v2\/users\/5"}],"replies":[{"embeddable":true,"href":"https:\/\/ascofame.org.co\/web\/wp-json\/wp\/v2\/comments?post=2584"}],"version-history":[{"count":15,"href":"https:\/\/ascofame.org.co\/web\/wp-json\/wp\/v2\/pages\/2584\/revisions"}],"predecessor-version":[{"id":4081,"href":"https:\/\/ascofame.org.co\/web\/wp-json\/wp\/v2\/pages\/2584\/revisions\/4081"}],"up":[{"embeddable":true,"href":"https:\/\/ascofame.org.co\/web\/wp-json\/wp\/v2\/pages\/37"}],"wp:attachment":[{"href":"https:\/\/ascofame.org.co\/web\/wp-json\/wp\/v2\/media?parent=2584"}],"curies":[{"name":"wp","href":"https:\/\/api.w.org\/{rel}","templated":true}]}}