{"id":2581,"date":"2021-03-23T17:40:46","date_gmt":"2021-03-23T17:40:46","guid":{"rendered":"https:\/\/beta.ascofame.org.co\/?page_id=2581"},"modified":"2021-06-01T19:50:45","modified_gmt":"2021-06-01T19:50:45","slug":"curso-taller-en-tecnologias-para-el-aprendizaje-y-el-conocimiento","status":"publish","type":"page","link":"https:\/\/ascofame.org.co\/web\/desarrollo-profesional\/oferta-educativa\/curso-taller-en-tecnologias-para-el-aprendizaje-y-el-conocimiento\/","title":{"rendered":"Curso \u2013 Taller en Tecnolog\u00edas para el Aprendizaje y el Conocimiento"},"content":{"rendered":"<div class=\"nolwrap\"><p>[vc_row css=&#8221;.vc_custom_1618106815793{background-color: #f19d38 !important;}&#8221;][vc_column width=&#8221;1\/2&#8243; css=&#8221;.vc_custom_1622240142499{padding-bottom: 20px !important;background-color: #e5e5e5 !important;}&#8221;][vc_column_text]<\/p>\n<h2><\/h2>\n<p style=\"padding-left: 40px;\"><img loading=\"lazy\" decoding=\"async\" class=\"alignnone wp-image-3110 \" src=\"\/wp-content\/uploads\/2021\/04\/reloj-300x300.png\" alt=\"\" width=\"19\" height=\"19\" srcset=\"https:\/\/ascofame.org.co\/web\/wp-content\/uploads\/2021\/04\/reloj-300x300.png 300w, https:\/\/ascofame.org.co\/web\/wp-content\/uploads\/2021\/04\/reloj-150x150.png 150w, https:\/\/ascofame.org.co\/web\/wp-content\/uploads\/2021\/04\/reloj-100x100.png 100w, https:\/\/ascofame.org.co\/web\/wp-content\/uploads\/2021\/04\/reloj.png 512w\" sizes=\"auto, (max-width: 19px) 100vw, 19px\" \/>\u00a0 <strong><span style=\"color: #ff6600;\">20 <\/span><\/strong>horas &#8211; <strong><span style=\"color: #ff6600;\">4<\/span><\/strong> m\u00f3dulos<\/p>\n<p style=\"padding-left: 40px;\"><img loading=\"lazy\" decoding=\"async\" class=\"alignnone wp-image-3108 \" src=\"\/wp-content\/uploads\/2021\/04\/creditos-1.png\" alt=\"\" width=\"23\" height=\"23\" \/>\u00a0 <strong><span style=\"color: #ff6600;\">24<\/span><\/strong> cr\u00e9ditos de EduconASCOFAME (Programa de Desarrollo Profesional Permanente)<\/p>\n<p>[\/vc_column_text][\/vc_column][vc_column width=&#8221;1\/2&#8243; css=&#8221;.vc_custom_1622240136025{padding-bottom: 20px !important;background-color: #e5e5e5 !important;}&#8221;][vc_column_text]<\/p>\n<h2><\/h2>\n<p><img loading=\"lazy\" decoding=\"async\" class=\"alignnone wp-image-3113\" src=\"\/wp-content\/uploads\/2021\/04\/inversion.png\" alt=\"\" width=\"20\" height=\"20\" \/>\u00a0\u00a0<strong>COP $+IVA<\/strong><\/p>\n<p><img loading=\"lazy\" decoding=\"async\" class=\"alignnone wp-image-3112\" src=\"\/wp-content\/uploads\/2021\/04\/descuento.png\" alt=\"\" width=\"20\" height=\"20\" \/>\u00a0 Pol\u00edticas de descuento:<\/p>\n<p><span style=\"color: #ff6600;\"><strong>5%<\/strong><\/span> para grupos mayores de doce personas.[\/vc_column_text][\/vc_column][\/vc_row][vc_row css=&#8221;.vc_custom_1622240161760{padding-bottom: 20px !important;}&#8221;][vc_column][vc_column_text]<\/p>\n<h4><\/h4>\n<h4><span style=\"color: #ff9900;\"><strong>Presentaci\u00f3n Curso<\/strong><\/span><\/h4>\n<p>El estudio de las Tecnolog\u00eda Educativas y su papel en la educaci\u00f3n m\u00e9dica se le relaciona inapropiadamente, en un nivel superficial, s\u00f3lo con el uso de medios (internet, aplicaciones m\u00f3viles, diapositivas, videos interactivos, simulador, videoconferencias, paciente virtual, redes telem\u00e1ticas, etc.) y como una mera prescripci\u00f3n metodol\u00f3gica para transmitir informaci\u00f3n.<\/p>\n<p>Si se considera a la Tecnolog\u00eda Educativa s\u00f3lo bajo este enfoque basado en las Tecnolog\u00edas de Informaci\u00f3n y Comunicaci\u00f3n (TIC) &#8211; tradicionalmente definidas como todos aquellos recursos, herramientas y programas que se utilizan para procesar, administrar y compartir la informaci\u00f3n mediante diversos soportes-, nos enfrentamos a una visi\u00f3n determinista del aprendizaje, es decir, su \u00e9nfasis est\u00e1 en saber qu\u00e9 est\u00edmulos externos se deben presentar al estudiante para obtener un conocimiento, habilidad o conducta a priori establecida en los objetivos de aprendizaje. Lo que desde un enfoque constructivista es incompatible, ya que las TIC, desde su concepci\u00f3n instrumental, no ponen al estudiante como el centro generador de su propio aprendizaje.<\/p>\n<p>En cambio, las Tecnolog\u00edas para el Aprendizaje y el Conocimiento (TAC) enfatizan la ense\u00f1anza de los procesos que generan la adquisici\u00f3n de conocimientos, m\u00e1s que la trasmisi\u00f3n de informaci\u00f3n. Las TAC buscan, desde una aproximaci\u00f3n epistemol\u00f3gica, el proceso de ense\u00f1anza-aprendizaje que basan su posici\u00f3n en los procesos cognitivos del estudiante. La tecnolog\u00eda educativa en medicina es el resultado de las aplicaciones de diferentes concepciones y teor\u00edas educativas para la resoluci\u00f3n de un amplio espectro de problemas y situaciones referidos a la ense\u00f1anza y el aprendizaje en salud.[\/vc_column_text][\/vc_column][\/vc_row][vc_row css=&#8221;.vc_custom_1622240176696{padding-bottom: 20px !important;background-color: #e5e5e5 !important;}&#8221;][vc_column][vc_column_text]<\/p>\n<h4><\/h4>\n<h4><span style=\"color: #ff9900;\"><strong>Metodolog\u00eda<\/strong><\/span><\/h4>\n<p>Se propone un proceso de acompa\u00f1amiento en el levantamiento de datos iniciales de la ecolog\u00eda TIC de la facultad, y mediante una metodolog\u00eda de proceso, basada en el enfoque de \u201caprender haciendo\u201d los participates podr\u00e1n ir desarrollando materiales que aporten a su asignatura, o el dise\u00f1o conjunto de un OVA o curso virtual con las herramientas disponibles.<\/p>\n<p>Dise\u00f1ado para grupos de 12- 15 participantes.<\/p>\n<p>\u25aa MODALIDAD: Presencial asistido por tecnolog\u00eda<\/p>\n<p>\u25aa INTENSIDAD HORARIA: 20 horas (12 horas material educativo \/ video clases y 8 horas de trabajo aut\u00f3nomo del docente)[\/vc_column_text][\/vc_column][\/vc_row][vc_row css=&#8221;.vc_custom_1622240192208{padding-bottom: 20px !important;}&#8221;][vc_column][vc_column_text]<\/p>\n<h4><\/h4>\n<h4><span style=\"color: #ff9900;\"><strong>Estructura<\/strong><\/span><\/h4>\n<p>M\u00f3dulo I. C\u00f3mo se aprende y se ense\u00f1a con TAC<br \/>\nM\u00f3dulo II. Planificando la ense\u00f1anza basada en TAC<br \/>\nModulo III. Implementaci\u00f3n de Proyectos de e-Learning<br \/>\nM\u00f3dulo IV. Desarrollo de OVA[\/vc_column_text][\/vc_column][\/vc_row][vc_row css=&#8221;.vc_custom_1622240207933{padding-bottom: 20px !important;background-color: #e5e5e5 !important;}&#8221;][vc_column][vc_column_text]<\/p>\n<h4><span style=\"color: #ff9900;\"><strong>Certificaci\u00f3n<\/strong><\/span><\/h4>\n<p>Para la generaci\u00f3n del certificado es requisito aprobar 80% de las actividades evaluadas y diligenciar la encuesta de satisfacci\u00f3n. Este curso cuenta con 24 cr\u00e9ditos de EduConASCOFAME (Programa de Desarrollo Profesional Permanente)[\/vc_column_text][\/vc_column][\/vc_row][vc_row css=&#8221;.vc_custom_1622240240113{padding-bottom: 20px !important;}&#8221;][vc_column][vc_column_text css=&#8221;.vc_custom_1622240224154{padding-bottom: 20px !important;}&#8221;]<\/p>\n<h4><\/h4>\n<h4><span style=\"color: #ff9900;\"><strong>Docentes facilitadores<\/strong><\/span><\/h4>\n<p>Contamos con una red de docentes expertos en Educaci\u00f3n M\u00e9dica como formaci\u00f3n transversal, que se encuentran involucrados adem\u00e1s en su diario vivir con procesos de virtualziaci\u00f3n y uso de tecnolog\u00edas educativas, lo que les permite una visi\u00f3n real de la Educaci\u00f3n M\u00e9dica adem\u00e1s de gozar de un componente investigativo riguroso.[\/vc_column_text][vc_row_inner][vc_column_inner width=&#8221;1\/2&#8243;][vc_column_text]<\/p>\n<p style=\"text-align: center;\">\r\n\t<div class=\"paoc-image-popup\">\r\n\t\t<a class=\"paoc-popup-click paoc-popup-cust-3271 paoc-popup-image paoc-popup-image\" href=\"javascript:void(0);\"><img decoding=\"async\" class=\"popupaoc-img\" src=\"https:\/\/beta.ascofame.org.co\/wp-content\/uploads\/2021\/02\/Angelo-Laverde-200x200-1.png\" alt=\"\" \/><\/a>\r\n\r\n\t\t\t<\/div>\n<p style=\"text-align: center;\"><strong>Angelo Laverde<\/strong><\/p>\n<p>[\/vc_column_text][\/vc_column_inner][vc_column_inner width=&#8221;1\/2&#8243;][vc_column_text]<\/p>\n<p style=\"text-align: center;\">\r\n\t<div class=\"paoc-image-popup\">\r\n\t\t<a class=\"paoc-popup-click paoc-popup-cust-1976 paoc-popup-image paoc-popup-image\" href=\"javascript:void(0);\"><img decoding=\"async\" class=\"popupaoc-img\" src=\"https:\/\/beta.ascofame.org.co\/wp-content\/uploads\/2021\/01\/Experto.png\" alt=\"\" \/><\/a>\r\n\r\n\t\t\t<\/div>\n<p style=\"text-align: center;\"><strong>Wilmar Fernando Cort\u00e9s G.<\/strong><\/p>\n<p>[\/vc_column_text][\/vc_column_inner][\/vc_row_inner][vc_row_inner][vc_column_inner width=&#8221;1\/2&#8243;][vc_column_text]<\/p>\n<p style=\"text-align: center;\">\r\n\t<div class=\"paoc-image-popup\">\r\n\t\t<a class=\"paoc-popup-click paoc-popup-cust-3612 paoc-popup-image paoc-popup-image\" href=\"javascript:void(0);\"><img decoding=\"async\" class=\"popupaoc-img\" src=\"https:\/\/beta.ascofame.org.co\/wp-content\/uploads\/2021\/01\/Experto.png\" alt=\"\" \/><\/a>\r\n\r\n\t\t\t<\/div>\n<p style=\"text-align: center;\"><strong>Flor Alba Fajardo Ramirez<\/strong><\/p>\n<p>[\/vc_column_text][\/vc_column_inner][vc_column_inner width=&#8221;1\/2&#8243;][\/vc_column_inner][\/vc_row_inner][\/vc_column][\/vc_row][vc_row css=&#8221;.vc_custom_1618106882336{background-color: #e5e5e5 !important;}&#8221;][vc_column css=&#8221;.vc_custom_1622240325918{padding-top: 20px !important;}&#8221;][vc_column_text]<\/p>\n<h4><\/h4>\n<h4><span style=\"color: #ff9900;\"><strong>M\u00e1s informaci\u00f3n<\/strong><\/span><\/h4>\n<p>[\/vc_column_text][vc_row_inner css=&#8221;.vc_custom_1622240278556{padding-bottom: 20px !important;}&#8221;][vc_column_inner width=&#8221;1\/2&#8243;][vc_column_text css=&#8221;.vc_custom_1622240247850{padding-bottom: 10px !important;}&#8221;]<\/p>\n<h4><\/h4>\n<h4><\/h4>\n<p style=\"padding-left: 10px;\"><img loading=\"lazy\" decoding=\"async\" class=\"alignnone wp-image-2457\" src=\"\/wp-content\/uploads\/2021\/03\/icono_cotizar-300x300.jpeg\" alt=\"\" width=\"23\" height=\"23\" srcset=\"https:\/\/ascofame.org.co\/web\/wp-content\/uploads\/2021\/03\/icono_cotizar-300x300.jpeg 300w, https:\/\/ascofame.org.co\/web\/wp-content\/uploads\/2021\/03\/icono_cotizar-150x150.jpeg 150w, https:\/\/ascofame.org.co\/web\/wp-content\/uploads\/2021\/03\/icono_cotizar-100x100.jpeg 100w, https:\/\/ascofame.org.co\/web\/wp-content\/uploads\/2021\/03\/icono_cotizar.jpeg 512w\" sizes=\"auto, (max-width: 23px) 100vw, 23px\" \/> \u00a0 <a href=\"\/cotizacion-educon\/\" target=\"_blank\" rel=\"noopener\"><strong><span style=\"color: #ff6600;\">Cotiza<\/span><\/strong><\/a> el programa<\/p>\n<p>[\/vc_column_text][vc_column_text]<\/p>\n<p style=\"padding-left: 10px;\"><img loading=\"lazy\" decoding=\"async\" class=\"alignnone wp-image-2458\" src=\"\/wp-content\/uploads\/2021\/03\/icono_syllabus-300x300.jpeg\" alt=\"\" width=\"23\" height=\"23\" srcset=\"https:\/\/ascofame.org.co\/web\/wp-content\/uploads\/2021\/03\/icono_syllabus-300x300.jpeg 300w, https:\/\/ascofame.org.co\/web\/wp-content\/uploads\/2021\/03\/icono_syllabus-150x150.jpeg 150w, https:\/\/ascofame.org.co\/web\/wp-content\/uploads\/2021\/03\/icono_syllabus-100x100.jpeg 100w, https:\/\/ascofame.org.co\/web\/wp-content\/uploads\/2021\/03\/icono_syllabus.jpeg 512w\" sizes=\"auto, (max-width: 23px) 100vw, 23px\" \/>\u00a0 \u00a0Descarga el <a href=\"https:\/\/beta.ascofame.org.co\/wp-content\/uploads\/2021\/03\/8.-Curso-Tecnologias-Para-el-Aprendizaje-y-el-Conocimiento_compressed.pdf\" target=\"_blank\" rel=\"noopener\"><strong><span style=\"color: #ff6600;\">Syllabus<\/span><\/strong><\/a><\/p>\n<p>[\/vc_column_text][\/vc_column_inner][vc_column_inner width=&#8221;1\/2&#8243;][vc_column_text]<\/p>\n<h4><\/h4>\n<p style=\"padding-left: 10px;\"><img loading=\"lazy\" decoding=\"async\" class=\"alignnone wp-image-2460\" src=\"\/wp-content\/uploads\/2021\/03\/icono-correo-300x300.jpeg\" alt=\"\" width=\"26\" height=\"26\" srcset=\"https:\/\/ascofame.org.co\/web\/wp-content\/uploads\/2021\/03\/icono-correo-300x300.jpeg 300w, https:\/\/ascofame.org.co\/web\/wp-content\/uploads\/2021\/03\/icono-correo-150x150.jpeg 150w, https:\/\/ascofame.org.co\/web\/wp-content\/uploads\/2021\/03\/icono-correo-100x100.jpeg 100w, https:\/\/ascofame.org.co\/web\/wp-content\/uploads\/2021\/03\/icono-correo.jpeg 512w\" sizes=\"auto, (max-width: 26px) 100vw, 26px\" \/>\u00a0 \u00a0<strong><span style=\"color: #ff6600;\">Cont\u00e1ctanos <\/span><\/strong>&#8211; info@ascofame.org.co<\/p>\n<p style=\"padding-left: 10px;\">(57) 1 7425380\u00a0 &#8211;\u00a0 (57) 314 4447318<\/p>\n<p>[\/vc_column_text][\/vc_column_inner][\/vc_row_inner][\/vc_column][\/vc_row]<\/p>\n<\/div>","protected":false},"excerpt":{"rendered":"<p>[vc_row css=&#8221;.vc_custom_1618106815793{background-color: #f19d38 !important;}&#8221;][vc_column width=&#8221;1\/2&#8243; css=&#8221;.vc_custom_1622240142499{padding-bottom: 20px !important;background-color: #e5e5e5 !important;}&#8221;][vc_column_text] \u00a0 20 horas &#8211; 4 m\u00f3dulos \u00a0 24 cr\u00e9ditos de EduconASCOFAME (Programa de Desarrollo Profesional Permanente) [\/vc_column_text][\/vc_column][vc_column width=&#8221;1\/2&#8243; css=&#8221;.vc_custom_1622240136025{padding-bottom: 20px !important;background-color: #e5e5e5 !important;}&#8221;][vc_column_text] \u00a0\u00a0COP $+IVA \u00a0 Pol\u00edticas de descuento: 5% para grupos mayores de doce personas.[\/vc_column_text][\/vc_column][\/vc_row][vc_row css=&#8221;.vc_custom_1622240161760{padding-bottom: 20px !important;}&#8221;][vc_column][vc_column_text] Presentaci\u00f3n Curso El estudio de las Tecnolog\u00eda Educativas y su papel en la educaci\u00f3n m\u00e9dica se [&hellip;]<\/p>\n","protected":false},"author":5,"featured_media":0,"parent":37,"menu_order":0,"comment_status":"closed","ping_status":"closed","template":"","meta":{"episode_type":"","audio_file":"","podmotor_file_id":"","podmotor_episode_id":"","cover_image":"","cover_image_id":"","duration":"","filesize":"","filesize_raw":"","date_recorded":"","explicit":"","block":"","footnotes":""},"class_list":["post-2581","page","type-page","status-publish","hentry"],"yoast_head":"<!-- This site is optimized with the Yoast SEO plugin v26.3 - https:\/\/yoast.com\/wordpress\/plugins\/seo\/ -->\n<title>Curso \u2013 Taller en Tecnolog\u00edas para el Aprendizaje y el Conocimiento -<\/title>\n<meta name=\"robots\" content=\"index, follow, max-snippet:-1, max-image-preview:large, max-video-preview:-1\" \/>\n<link rel=\"canonical\" href=\"https:\/\/ascofame.org.co\/web\/desarrollo-profesional\/oferta-educativa\/curso-taller-en-tecnologias-para-el-aprendizaje-y-el-conocimiento\/\" \/>\n<meta property=\"og:locale\" content=\"es_ES\" \/>\n<meta property=\"og:type\" content=\"article\" \/>\n<meta property=\"og:title\" content=\"Curso \u2013 Taller en Tecnolog\u00edas para el Aprendizaje y el Conocimiento -\" \/>\n<meta property=\"og:description\" content=\"[vc_row css=&#8221;.vc_custom_1618106815793{background-color: #f19d38 !important;}&#8221;][vc_column width=&#8221;1\/2&#8243; css=&#8221;.vc_custom_1622240142499{padding-bottom: 20px !important;background-color: #e5e5e5 !important;}&#8221;][vc_column_text] \u00a0 20 horas &#8211; 4 m\u00f3dulos \u00a0 24 cr\u00e9ditos de EduconASCOFAME (Programa de Desarrollo Profesional Permanente) [\/vc_column_text][\/vc_column][vc_column width=&#8221;1\/2&#8243; css=&#8221;.vc_custom_1622240136025{padding-bottom: 20px !important;background-color: #e5e5e5 !important;}&#8221;][vc_column_text] \u00a0\u00a0COP $+IVA \u00a0 Pol\u00edticas de descuento: 5% para grupos mayores de doce personas.[\/vc_column_text][\/vc_column][\/vc_row][vc_row css=&#8221;.vc_custom_1622240161760{padding-bottom: 20px !important;}&#8221;][vc_column][vc_column_text] Presentaci\u00f3n Curso El estudio de las Tecnolog\u00eda Educativas y su papel en la educaci\u00f3n m\u00e9dica se [&hellip;]\" \/>\n<meta property=\"og:url\" content=\"https:\/\/ascofame.org.co\/web\/desarrollo-profesional\/oferta-educativa\/curso-taller-en-tecnologias-para-el-aprendizaje-y-el-conocimiento\/\" \/>\n<meta property=\"article:modified_time\" content=\"2021-06-01T19:50:45+00:00\" \/>\n<meta name=\"twitter:card\" content=\"summary_large_image\" \/>\n<meta name=\"twitter:label1\" content=\"Tiempo de lectura\" \/>\n\t<meta name=\"twitter:data1\" content=\"4 minutos\" \/>\n<script type=\"application\/ld+json\" class=\"yoast-schema-graph\">{\"@context\":\"https:\/\/schema.org\",\"@graph\":[{\"@type\":\"WebPage\",\"@id\":\"https:\/\/ascofame.org.co\/web\/desarrollo-profesional\/oferta-educativa\/curso-taller-en-tecnologias-para-el-aprendizaje-y-el-conocimiento\/\",\"url\":\"https:\/\/ascofame.org.co\/web\/desarrollo-profesional\/oferta-educativa\/curso-taller-en-tecnologias-para-el-aprendizaje-y-el-conocimiento\/\",\"name\":\"Curso \u2013 Taller en Tecnolog\u00edas para el Aprendizaje y el Conocimiento -\",\"isPartOf\":{\"@id\":\"https:\/\/ascofame.org.co\/web\/#website\"},\"datePublished\":\"2021-03-23T17:40:46+00:00\",\"dateModified\":\"2021-06-01T19:50:45+00:00\",\"breadcrumb\":{\"@id\":\"https:\/\/ascofame.org.co\/web\/desarrollo-profesional\/oferta-educativa\/curso-taller-en-tecnologias-para-el-aprendizaje-y-el-conocimiento\/#breadcrumb\"},\"inLanguage\":\"es\",\"potentialAction\":[{\"@type\":\"ReadAction\",\"target\":[\"https:\/\/ascofame.org.co\/web\/desarrollo-profesional\/oferta-educativa\/curso-taller-en-tecnologias-para-el-aprendizaje-y-el-conocimiento\/\"]}]},{\"@type\":\"BreadcrumbList\",\"@id\":\"https:\/\/ascofame.org.co\/web\/desarrollo-profesional\/oferta-educativa\/curso-taller-en-tecnologias-para-el-aprendizaje-y-el-conocimiento\/#breadcrumb\",\"itemListElement\":[{\"@type\":\"ListItem\",\"position\":1,\"name\":\"Portada\",\"item\":\"https:\/\/ascofame.org.co\/web\/\"},{\"@type\":\"ListItem\",\"position\":2,\"name\":\"Desarrollo Profesional\",\"item\":\"https:\/\/ascofame.org.co\/web\/desarrollo-profesional\/\"},{\"@type\":\"ListItem\",\"position\":3,\"name\":\"Oferta Educativa\",\"item\":\"https:\/\/ascofame.org.co\/web\/desarrollo-profesional\/oferta-educativa\/\"},{\"@type\":\"ListItem\",\"position\":4,\"name\":\"Curso \u2013 Taller en Tecnolog\u00edas para el Aprendizaje y el Conocimiento\"}]},{\"@type\":\"WebSite\",\"@id\":\"https:\/\/ascofame.org.co\/web\/#website\",\"url\":\"https:\/\/ascofame.org.co\/web\/\",\"name\":\"Ascofame\",\"description\":\"\",\"potentialAction\":[{\"@type\":\"SearchAction\",\"target\":{\"@type\":\"EntryPoint\",\"urlTemplate\":\"https:\/\/ascofame.org.co\/web\/?s={search_term_string}\"},\"query-input\":{\"@type\":\"PropertyValueSpecification\",\"valueRequired\":true,\"valueName\":\"search_term_string\"}}],\"inLanguage\":\"es\"}]}<\/script>\n<!-- \/ Yoast SEO plugin. -->","yoast_head_json":{"title":"Curso \u2013 Taller en Tecnolog\u00edas para el Aprendizaje y el Conocimiento -","robots":{"index":"index","follow":"follow","max-snippet":"max-snippet:-1","max-image-preview":"max-image-preview:large","max-video-preview":"max-video-preview:-1"},"canonical":"https:\/\/ascofame.org.co\/web\/desarrollo-profesional\/oferta-educativa\/curso-taller-en-tecnologias-para-el-aprendizaje-y-el-conocimiento\/","og_locale":"es_ES","og_type":"article","og_title":"Curso \u2013 Taller en Tecnolog\u00edas para el Aprendizaje y el Conocimiento -","og_description":"[vc_row css=&#8221;.vc_custom_1618106815793{background-color: #f19d38 !important;}&#8221;][vc_column width=&#8221;1\/2&#8243; css=&#8221;.vc_custom_1622240142499{padding-bottom: 20px !important;background-color: #e5e5e5 !important;}&#8221;][vc_column_text] \u00a0 20 horas &#8211; 4 m\u00f3dulos \u00a0 24 cr\u00e9ditos de EduconASCOFAME (Programa de Desarrollo Profesional Permanente) [\/vc_column_text][\/vc_column][vc_column width=&#8221;1\/2&#8243; css=&#8221;.vc_custom_1622240136025{padding-bottom: 20px !important;background-color: #e5e5e5 !important;}&#8221;][vc_column_text] \u00a0\u00a0COP $+IVA \u00a0 Pol\u00edticas de descuento: 5% para grupos mayores de doce personas.[\/vc_column_text][\/vc_column][\/vc_row][vc_row css=&#8221;.vc_custom_1622240161760{padding-bottom: 20px !important;}&#8221;][vc_column][vc_column_text] Presentaci\u00f3n Curso El estudio de las Tecnolog\u00eda Educativas y su papel en la educaci\u00f3n m\u00e9dica se [&hellip;]","og_url":"https:\/\/ascofame.org.co\/web\/desarrollo-profesional\/oferta-educativa\/curso-taller-en-tecnologias-para-el-aprendizaje-y-el-conocimiento\/","article_modified_time":"2021-06-01T19:50:45+00:00","twitter_card":"summary_large_image","twitter_misc":{"Tiempo de lectura":"4 minutos"},"schema":{"@context":"https:\/\/schema.org","@graph":[{"@type":"WebPage","@id":"https:\/\/ascofame.org.co\/web\/desarrollo-profesional\/oferta-educativa\/curso-taller-en-tecnologias-para-el-aprendizaje-y-el-conocimiento\/","url":"https:\/\/ascofame.org.co\/web\/desarrollo-profesional\/oferta-educativa\/curso-taller-en-tecnologias-para-el-aprendizaje-y-el-conocimiento\/","name":"Curso \u2013 Taller en Tecnolog\u00edas para el Aprendizaje y el Conocimiento -","isPartOf":{"@id":"https:\/\/ascofame.org.co\/web\/#website"},"datePublished":"2021-03-23T17:40:46+00:00","dateModified":"2021-06-01T19:50:45+00:00","breadcrumb":{"@id":"https:\/\/ascofame.org.co\/web\/desarrollo-profesional\/oferta-educativa\/curso-taller-en-tecnologias-para-el-aprendizaje-y-el-conocimiento\/#breadcrumb"},"inLanguage":"es","potentialAction":[{"@type":"ReadAction","target":["https:\/\/ascofame.org.co\/web\/desarrollo-profesional\/oferta-educativa\/curso-taller-en-tecnologias-para-el-aprendizaje-y-el-conocimiento\/"]}]},{"@type":"BreadcrumbList","@id":"https:\/\/ascofame.org.co\/web\/desarrollo-profesional\/oferta-educativa\/curso-taller-en-tecnologias-para-el-aprendizaje-y-el-conocimiento\/#breadcrumb","itemListElement":[{"@type":"ListItem","position":1,"name":"Portada","item":"https:\/\/ascofame.org.co\/web\/"},{"@type":"ListItem","position":2,"name":"Desarrollo Profesional","item":"https:\/\/ascofame.org.co\/web\/desarrollo-profesional\/"},{"@type":"ListItem","position":3,"name":"Oferta Educativa","item":"https:\/\/ascofame.org.co\/web\/desarrollo-profesional\/oferta-educativa\/"},{"@type":"ListItem","position":4,"name":"Curso \u2013 Taller en Tecnolog\u00edas para el Aprendizaje y el Conocimiento"}]},{"@type":"WebSite","@id":"https:\/\/ascofame.org.co\/web\/#website","url":"https:\/\/ascofame.org.co\/web\/","name":"Ascofame","description":"","potentialAction":[{"@type":"SearchAction","target":{"@type":"EntryPoint","urlTemplate":"https:\/\/ascofame.org.co\/web\/?s={search_term_string}"},"query-input":{"@type":"PropertyValueSpecification","valueRequired":true,"valueName":"search_term_string"}}],"inLanguage":"es"}]}},"_links":{"self":[{"href":"https:\/\/ascofame.org.co\/web\/wp-json\/wp\/v2\/pages\/2581","targetHints":{"allow":["GET"]}}],"collection":[{"href":"https:\/\/ascofame.org.co\/web\/wp-json\/wp\/v2\/pages"}],"about":[{"href":"https:\/\/ascofame.org.co\/web\/wp-json\/wp\/v2\/types\/page"}],"author":[{"embeddable":true,"href":"https:\/\/ascofame.org.co\/web\/wp-json\/wp\/v2\/users\/5"}],"replies":[{"embeddable":true,"href":"https:\/\/ascofame.org.co\/web\/wp-json\/wp\/v2\/comments?post=2581"}],"version-history":[{"count":18,"href":"https:\/\/ascofame.org.co\/web\/wp-json\/wp\/v2\/pages\/2581\/revisions"}],"predecessor-version":[{"id":4080,"href":"https:\/\/ascofame.org.co\/web\/wp-json\/wp\/v2\/pages\/2581\/revisions\/4080"}],"up":[{"embeddable":true,"href":"https:\/\/ascofame.org.co\/web\/wp-json\/wp\/v2\/pages\/37"}],"wp:attachment":[{"href":"https:\/\/ascofame.org.co\/web\/wp-json\/wp\/v2\/media?parent=2581"}],"curies":[{"name":"wp","href":"https:\/\/api.w.org\/{rel}","templated":true}]}}