{"id":2576,"date":"2021-03-23T17:35:57","date_gmt":"2021-03-23T17:35:57","guid":{"rendered":"https:\/\/beta.ascofame.org.co\/?page_id=2576"},"modified":"2021-06-01T19:48:30","modified_gmt":"2021-06-01T19:48:30","slug":"curso-taller-en-construccion-de-examen-con-preguntas-de-seleccion-multiple-en-salud","status":"publish","type":"page","link":"https:\/\/ascofame.org.co\/web\/desarrollo-profesional\/oferta-educativa\/curso-taller-en-construccion-de-examen-con-preguntas-de-seleccion-multiple-en-salud\/","title":{"rendered":"Curso \u2013 Taller en Construcci\u00f3n de Ex\u00e1men con Preguntas de Selecci\u00f3n M\u00faltiple en Salud"},"content":{"rendered":"<div class=\"nolwrap\"><p>[vc_row css=&#8221;.vc_custom_1618023079190{background-color: #f19d38 !important;}&#8221;][vc_column width=&#8221;1\/2&#8243; css=&#8221;.vc_custom_1622239184450{padding-bottom: 20px !important;background-color: #e5e5e5 !important;}&#8221;][vc_column_text]<\/p>\n<h2><\/h2>\n<p style=\"padding-left: 40px;\"><img loading=\"lazy\" decoding=\"async\" class=\"alignnone wp-image-3110 \" src=\"\/wp-content\/uploads\/2021\/04\/reloj-300x300.png\" alt=\"\" width=\"19\" height=\"19\" srcset=\"https:\/\/ascofame.org.co\/web\/wp-content\/uploads\/2021\/04\/reloj-300x300.png 300w, https:\/\/ascofame.org.co\/web\/wp-content\/uploads\/2021\/04\/reloj-150x150.png 150w, https:\/\/ascofame.org.co\/web\/wp-content\/uploads\/2021\/04\/reloj-100x100.png 100w, https:\/\/ascofame.org.co\/web\/wp-content\/uploads\/2021\/04\/reloj.png 512w\" sizes=\"auto, (max-width: 19px) 100vw, 19px\" \/>\u00a0 <strong><span style=\"color: #ff6600;\">12 <\/span><\/strong>horas &#8211; <strong><span style=\"color: #ff6600;\">3<\/span><\/strong> m\u00f3dulos<\/p>\n<p style=\"padding-left: 40px;\"><img loading=\"lazy\" decoding=\"async\" class=\"alignnone wp-image-3108 \" src=\"\/wp-content\/uploads\/2021\/04\/creditos-1.png\" alt=\"\" width=\"23\" height=\"23\" \/>\u00a0 <strong><span style=\"color: #ff6600;\">24<\/span><\/strong> cr\u00e9ditos EduConASCOFAME (Programa de Desarrollo Profesional Permanente).<\/p>\n<p>[\/vc_column_text][\/vc_column][vc_column width=&#8221;1\/2&#8243; css=&#8221;.vc_custom_1622239178148{padding-bottom: 20px !important;background-color: #e5e5e5 !important;}&#8221;][vc_column_text]<\/p>\n<h2><\/h2>\n<p><img loading=\"lazy\" decoding=\"async\" class=\"alignnone wp-image-3113\" src=\"\/wp-content\/uploads\/2021\/04\/inversion.png\" alt=\"\" width=\"20\" height=\"20\" \/>\u00a0\u00a0<strong>COP $ +IVA<\/strong><\/p>\n<p><img loading=\"lazy\" decoding=\"async\" class=\"alignnone wp-image-3112\" src=\"\/wp-content\/uploads\/2021\/04\/descuento.png\" alt=\"\" width=\"20\" height=\"20\" \/>\u00a0 Pol\u00edticas de descuento:<\/p>\n<p><span style=\"color: #ff6600;\"><strong>5%<\/strong><\/span> para grupos mayores de doce personas.[\/vc_column_text][\/vc_column][\/vc_row][vc_row][vc_column css=&#8221;.vc_custom_1622239197616{padding-bottom: 20px !important;}&#8221;][vc_column_text]<\/p>\n<h2><\/h2>\n<h4><span style=\"color: #ff9900;\"><strong>Presentaci\u00f3n Curso<\/strong><\/span><\/h4>\n<p>Existen diversos m\u00e9todos de evaluaci\u00f3n, entre los m\u00e1s frecuentemente utilizados se pueden mencionar los ex\u00e1menes con reactivos de opci\u00f3n m\u00faltiple. Los ex\u00e1menes de preguntas de respuesta m\u00faltiple (PRM) son uno de los instrumentos de tipo escrito m\u00e1s utilizados en la evaluaci\u00f3n en Educaci\u00f3n M\u00e9dica. Con respecto a su validez, son adecuados para medir un espectro amplio del conocimiento y se pueden usar con seguridad para determinar los componentes relacionados con los conocimientos y hasta cierto punto, la capacidad de aplicarlos, siempre y cuando se formulen adecuadamente. Hoy en d\u00eda debemos tener la capacidad de evaluar de una forma integral y pr\u00e1ctica elementos que lleven al estudiante a procesos complejos en el pensamiento, m\u00e1s all\u00e1 de lo memor\u00edstico, aspectos en los cuales enfatizar\u00e1 este curso.<\/p>\n<p>&nbsp;<\/p>\n<h4><span style=\"color: #ff9900;\"><strong>Objetivo<\/strong><\/span><\/h4>\n<p>Brindar elementos pr\u00e1cticos en las t\u00e9cnicas actuales de elaboraci\u00f3n de preguntas de opci\u00f3n m\u00faltiple con \u00fanica respuesta en un contexto claro para cada saber disciplinar.[\/vc_column_text][\/vc_column][\/vc_row][vc_row css=&#8221;.vc_custom_1618023148628{background-color: #e5e5e5 !important;}&#8221;][vc_column css=&#8221;.vc_custom_1622239208841{padding-bottom: 20px !important;}&#8221;][vc_column_text]<\/p>\n<h2><\/h2>\n<h4><span style=\"color: #ff9900;\"><strong>Metodolog\u00eda<\/strong><\/span><\/h4>\n<p>Taller participativo: Conferencias con reflexiones individuales de los participantes y trabajos de grupo. Desempe\u00f1os personalizados de aprendizaje, cada participante desarrollar\u00e1 sus propios ex\u00e1menes como constructor y validar\u00e1 desde el punto de vista metodol\u00f3gico los ex\u00e1menes. Talleres de planeaci\u00f3n de las preguntas de evaluaci\u00f3n m\u00e1s frecuentes en peque\u00f1os grupos, ejercicios de validaci\u00f3n acad\u00e9mica entre los participantes y metodol\u00f3gica con el docente.<\/p>\n<p>Dise\u00f1ado para grupos de hasta 12 personas.<\/p>\n<p>\u25aa MODALIDAD: Presencialidad asistido por tecnolog\u00eda<\/p>\n<p>\u25aa INTENSIDAD HORARIA: 12 horas (8 horas sincr\u00f3nicas y 4 horas de trabajo aut\u00f3nomo)[\/vc_column_text][\/vc_column][\/vc_row][vc_row][vc_column css=&#8221;.vc_custom_1622239219284{padding-bottom: 20px !important;}&#8221;][vc_column_text]<\/p>\n<h2><\/h2>\n<h4><span style=\"color: #ff9900;\"><strong>Estructura del curso<\/strong><\/span><\/h4>\n<p>M\u00f3dulo 1. Introducci\u00f3n a la evaluaci\u00f3n.<br \/>\nM\u00f3dulo 2. Elaboraci\u00f3n de Preguntas de opci\u00f3n m\u00faltiple con \u00fanica respuesta<br \/>\nM\u00f3dulo 3. Validando y mejorando[\/vc_column_text][\/vc_column][\/vc_row][vc_row css=&#8221;.vc_custom_1618025199489{background-color: #e5e5e5 !important;}&#8221;][vc_column css=&#8221;.vc_custom_1622239235528{padding-bottom: 20px !important;}&#8221;][vc_column_text]<\/p>\n<h2><\/h2>\n<h4><span style=\"color: #ff9900;\"><strong>Certificaci\u00f3n<\/strong><\/span><\/h4>\n<p>Para poder aprobar y certificar el curso, los participantes deben aprobar el 80% de los desempe\u00f1os de aprendizaje propuestos y tener una nota igual o superior a 4.0 en las pruebas de conocimiento. Este curso cuenta con 24 cr\u00e9ditos de EduConASCOFAME (Programa de Desarrollo Profesional Permanente).[\/vc_column_text][\/vc_column][\/vc_row][vc_row css=&#8221;.vc_custom_1622239257596{padding-bottom: 20px !important;background-color: #ffffff !important;}&#8221;][vc_column][vc_column_text]<\/p>\n<h2><\/h2>\n<h4><span style=\"color: #ff9900;\"><strong>A<\/strong><\/span><span style=\"color: #ff9900;\"><strong>utores, contenidistas y docentes invitados<\/strong><\/span><\/h4>\n<p>[\/vc_column_text][vc_row_inner][vc_column_inner width=&#8221;1\/2&#8243;][vc_column_text]<\/p>\n<p style=\"text-align: center;\">\r\n\t<div class=\"paoc-image-popup\">\r\n\t\t<a class=\"paoc-popup-click paoc-popup-cust-3269 paoc-popup-image paoc-popup-image\" href=\"javascript:void(0);\"><img decoding=\"async\" class=\"popupaoc-img\" src=\"https:\/\/beta.ascofame.org.co\/wp-content\/uploads\/2021\/02\/Nataly_Arenas_Asscofame-200x200-1.png\" alt=\"Nataly Arenas\" \/><\/a>\r\n\r\n\t\t\t<\/div>\n<p>[\/vc_column_text][vc_column_text]<\/p>\n<p style=\"text-align: center;\"><strong>Nataly Arenas<\/strong><\/p>\n<p>[\/vc_column_text][\/vc_column_inner][vc_column_inner width=&#8221;1\/2&#8243;][vc_column_text]<\/p>\n<p style=\"text-align: center;\">\r\n\t<div class=\"paoc-image-popup\">\r\n\t\t<a class=\"paoc-popup-click paoc-popup-cust-3271 paoc-popup-image paoc-popup-image\" href=\"javascript:void(0);\"><img decoding=\"async\" class=\"popupaoc-img\" src=\"https:\/\/beta.ascofame.org.co\/wp-content\/uploads\/2021\/02\/Angelo-Laverde-200x200-1.png\" alt=\"\" \/><\/a>\r\n\r\n\t\t\t<\/div>\n<p>[\/vc_column_text][vc_column_text]<\/p>\n<p style=\"text-align: center;\"><strong>Angelo Laverde<\/strong><\/p>\n<p>[\/vc_column_text][\/vc_column_inner][\/vc_row_inner][\/vc_column][\/vc_row][vc_row css=&#8221;.vc_custom_1618025199489{background-color: #e5e5e5 !important;}&#8221;][vc_column][vc_column_text]<\/p>\n<h2><\/h2>\n<h4><span style=\"color: #ff9900;\"><strong>M\u00e1s informaci\u00f3n<\/strong><\/span><\/h4>\n<p>[\/vc_column_text][vc_row_inner css=&#8221;.vc_custom_1622239299475{padding-bottom: 20px !important;}&#8221;][vc_column_inner width=&#8221;1\/2&#8243;][vc_column_text css=&#8221;.vc_custom_1622239267418{padding-bottom: 10px !important;}&#8221;]<\/p>\n<h4><\/h4>\n<h4><\/h4>\n<p style=\"padding-left: 10px;\"><img loading=\"lazy\" decoding=\"async\" class=\"alignnone wp-image-2457\" src=\"\/wp-content\/uploads\/2021\/03\/icono_cotizar-300x300.jpeg\" alt=\"\" width=\"23\" height=\"23\" srcset=\"https:\/\/ascofame.org.co\/web\/wp-content\/uploads\/2021\/03\/icono_cotizar-300x300.jpeg 300w, https:\/\/ascofame.org.co\/web\/wp-content\/uploads\/2021\/03\/icono_cotizar-150x150.jpeg 150w, https:\/\/ascofame.org.co\/web\/wp-content\/uploads\/2021\/03\/icono_cotizar-100x100.jpeg 100w, https:\/\/ascofame.org.co\/web\/wp-content\/uploads\/2021\/03\/icono_cotizar.jpeg 512w\" sizes=\"auto, (max-width: 23px) 100vw, 23px\" \/> \u00a0 <a href=\"\/cotizacion-educon\/\" target=\"_blank\" rel=\"noopener\"><strong><span style=\"color: #ff6600;\">Cotiza<\/span><\/strong><\/a> el programa<\/p>\n<p>[\/vc_column_text][vc_column_text]<\/p>\n<p style=\"padding-left: 10px;\"><img loading=\"lazy\" decoding=\"async\" class=\"alignnone wp-image-2458\" src=\"\/wp-content\/uploads\/2021\/03\/icono_syllabus-300x300.jpeg\" alt=\"\" width=\"23\" height=\"23\" srcset=\"https:\/\/ascofame.org.co\/web\/wp-content\/uploads\/2021\/03\/icono_syllabus-300x300.jpeg 300w, https:\/\/ascofame.org.co\/web\/wp-content\/uploads\/2021\/03\/icono_syllabus-150x150.jpeg 150w, https:\/\/ascofame.org.co\/web\/wp-content\/uploads\/2021\/03\/icono_syllabus-100x100.jpeg 100w, https:\/\/ascofame.org.co\/web\/wp-content\/uploads\/2021\/03\/icono_syllabus.jpeg 512w\" sizes=\"auto, (max-width: 23px) 100vw, 23px\" \/>\u00a0 \u00a0Descarga el <a href=\"https:\/\/beta.ascofame.org.co\/wp-content\/uploads\/2021\/03\/2.-Curso-taller-evaluacion-con-enfasis-en-MCQ_compressed.pdf\" target=\"_blank\" rel=\"noopener\"><strong><span style=\"color: #ff6600;\">Syllabus<\/span><\/strong><\/a><\/p>\n<p>[\/vc_column_text][\/vc_column_inner][vc_column_inner width=&#8221;1\/2&#8243;][vc_column_text]<\/p>\n<h4><\/h4>\n<p style=\"padding-left: 10px;\"><img loading=\"lazy\" decoding=\"async\" class=\"alignnone wp-image-2460\" src=\"\/wp-content\/uploads\/2021\/03\/icono-correo-300x300.jpeg\" alt=\"\" width=\"26\" height=\"26\" srcset=\"https:\/\/ascofame.org.co\/web\/wp-content\/uploads\/2021\/03\/icono-correo-300x300.jpeg 300w, https:\/\/ascofame.org.co\/web\/wp-content\/uploads\/2021\/03\/icono-correo-150x150.jpeg 150w, https:\/\/ascofame.org.co\/web\/wp-content\/uploads\/2021\/03\/icono-correo-100x100.jpeg 100w, https:\/\/ascofame.org.co\/web\/wp-content\/uploads\/2021\/03\/icono-correo.jpeg 512w\" sizes=\"auto, (max-width: 26px) 100vw, 26px\" \/>\u00a0 \u00a0<strong><span style=\"color: #ff6600;\">Cont\u00e1ctanos <\/span><\/strong>&#8211; info@ascofame.org.co<\/p>\n<p style=\"padding-left: 10px;\">(57) 1 7425380\u00a0 &#8211;\u00a0 (57) 314 4447318<\/p>\n<p>[\/vc_column_text][\/vc_column_inner][\/vc_row_inner][\/vc_column][\/vc_row]<\/p>\n<\/div>","protected":false},"excerpt":{"rendered":"<p>[vc_row css=&#8221;.vc_custom_1618023079190{background-color: #f19d38 !important;}&#8221;][vc_column width=&#8221;1\/2&#8243; css=&#8221;.vc_custom_1622239184450{padding-bottom: 20px !important;background-color: #e5e5e5 !important;}&#8221;][vc_column_text] \u00a0 12 horas &#8211; 3 m\u00f3dulos \u00a0 24 cr\u00e9ditos EduConASCOFAME (Programa de Desarrollo Profesional Permanente). [\/vc_column_text][\/vc_column][vc_column width=&#8221;1\/2&#8243; css=&#8221;.vc_custom_1622239178148{padding-bottom: 20px !important;background-color: #e5e5e5 !important;}&#8221;][vc_column_text] \u00a0\u00a0COP $ +IVA \u00a0 Pol\u00edticas de descuento: 5% para grupos mayores de doce personas.[\/vc_column_text][\/vc_column][\/vc_row][vc_row][vc_column css=&#8221;.vc_custom_1622239197616{padding-bottom: 20px !important;}&#8221;][vc_column_text] Presentaci\u00f3n Curso Existen diversos m\u00e9todos de evaluaci\u00f3n, entre los m\u00e1s frecuentemente utilizados se pueden mencionar los [&hellip;]<\/p>\n","protected":false},"author":5,"featured_media":0,"parent":37,"menu_order":0,"comment_status":"closed","ping_status":"closed","template":"","meta":{"episode_type":"","audio_file":"","podmotor_file_id":"","podmotor_episode_id":"","cover_image":"","cover_image_id":"","duration":"","filesize":"","filesize_raw":"","date_recorded":"","explicit":"","block":"","footnotes":""},"class_list":["post-2576","page","type-page","status-publish","hentry"],"yoast_head":"<!-- This site is optimized with the Yoast SEO plugin v26.3 - https:\/\/yoast.com\/wordpress\/plugins\/seo\/ -->\n<title>Curso \u2013 Taller en Construcci\u00f3n de Ex\u00e1men con Preguntas de Selecci\u00f3n M\u00faltiple en Salud -<\/title>\n<meta name=\"robots\" content=\"index, follow, max-snippet:-1, max-image-preview:large, max-video-preview:-1\" \/>\n<link rel=\"canonical\" href=\"https:\/\/ascofame.org.co\/web\/desarrollo-profesional\/oferta-educativa\/curso-taller-en-construccion-de-examen-con-preguntas-de-seleccion-multiple-en-salud\/\" \/>\n<meta property=\"og:locale\" content=\"es_ES\" \/>\n<meta property=\"og:type\" content=\"article\" \/>\n<meta property=\"og:title\" content=\"Curso \u2013 Taller en Construcci\u00f3n de Ex\u00e1men con Preguntas de Selecci\u00f3n M\u00faltiple en Salud -\" \/>\n<meta property=\"og:description\" content=\"[vc_row css=&#8221;.vc_custom_1618023079190{background-color: #f19d38 !important;}&#8221;][vc_column width=&#8221;1\/2&#8243; css=&#8221;.vc_custom_1622239184450{padding-bottom: 20px !important;background-color: #e5e5e5 !important;}&#8221;][vc_column_text] \u00a0 12 horas &#8211; 3 m\u00f3dulos \u00a0 24 cr\u00e9ditos EduConASCOFAME (Programa de Desarrollo Profesional Permanente). [\/vc_column_text][\/vc_column][vc_column width=&#8221;1\/2&#8243; css=&#8221;.vc_custom_1622239178148{padding-bottom: 20px !important;background-color: #e5e5e5 !important;}&#8221;][vc_column_text] \u00a0\u00a0COP $ +IVA \u00a0 Pol\u00edticas de descuento: 5% para grupos mayores de doce personas.[\/vc_column_text][\/vc_column][\/vc_row][vc_row][vc_column css=&#8221;.vc_custom_1622239197616{padding-bottom: 20px !important;}&#8221;][vc_column_text] Presentaci\u00f3n Curso Existen diversos m\u00e9todos de evaluaci\u00f3n, entre los m\u00e1s frecuentemente utilizados se pueden mencionar los [&hellip;]\" \/>\n<meta property=\"og:url\" content=\"https:\/\/ascofame.org.co\/web\/desarrollo-profesional\/oferta-educativa\/curso-taller-en-construccion-de-examen-con-preguntas-de-seleccion-multiple-en-salud\/\" \/>\n<meta property=\"article:modified_time\" content=\"2021-06-01T19:48:30+00:00\" \/>\n<meta name=\"twitter:card\" content=\"summary_large_image\" \/>\n<meta name=\"twitter:label1\" content=\"Tiempo de lectura\" \/>\n\t<meta name=\"twitter:data1\" content=\"3 minutos\" \/>\n<script type=\"application\/ld+json\" class=\"yoast-schema-graph\">{\"@context\":\"https:\/\/schema.org\",\"@graph\":[{\"@type\":\"WebPage\",\"@id\":\"https:\/\/ascofame.org.co\/web\/desarrollo-profesional\/oferta-educativa\/curso-taller-en-construccion-de-examen-con-preguntas-de-seleccion-multiple-en-salud\/\",\"url\":\"https:\/\/ascofame.org.co\/web\/desarrollo-profesional\/oferta-educativa\/curso-taller-en-construccion-de-examen-con-preguntas-de-seleccion-multiple-en-salud\/\",\"name\":\"Curso \u2013 Taller en Construcci\u00f3n de Ex\u00e1men con Preguntas de Selecci\u00f3n M\u00faltiple en Salud -\",\"isPartOf\":{\"@id\":\"https:\/\/ascofame.org.co\/web\/#website\"},\"datePublished\":\"2021-03-23T17:35:57+00:00\",\"dateModified\":\"2021-06-01T19:48:30+00:00\",\"breadcrumb\":{\"@id\":\"https:\/\/ascofame.org.co\/web\/desarrollo-profesional\/oferta-educativa\/curso-taller-en-construccion-de-examen-con-preguntas-de-seleccion-multiple-en-salud\/#breadcrumb\"},\"inLanguage\":\"es\",\"potentialAction\":[{\"@type\":\"ReadAction\",\"target\":[\"https:\/\/ascofame.org.co\/web\/desarrollo-profesional\/oferta-educativa\/curso-taller-en-construccion-de-examen-con-preguntas-de-seleccion-multiple-en-salud\/\"]}]},{\"@type\":\"BreadcrumbList\",\"@id\":\"https:\/\/ascofame.org.co\/web\/desarrollo-profesional\/oferta-educativa\/curso-taller-en-construccion-de-examen-con-preguntas-de-seleccion-multiple-en-salud\/#breadcrumb\",\"itemListElement\":[{\"@type\":\"ListItem\",\"position\":1,\"name\":\"Portada\",\"item\":\"https:\/\/ascofame.org.co\/web\/\"},{\"@type\":\"ListItem\",\"position\":2,\"name\":\"Desarrollo Profesional\",\"item\":\"https:\/\/ascofame.org.co\/web\/desarrollo-profesional\/\"},{\"@type\":\"ListItem\",\"position\":3,\"name\":\"Oferta Educativa\",\"item\":\"https:\/\/ascofame.org.co\/web\/desarrollo-profesional\/oferta-educativa\/\"},{\"@type\":\"ListItem\",\"position\":4,\"name\":\"Curso \u2013 Taller en Construcci\u00f3n de Ex\u00e1men con Preguntas de Selecci\u00f3n M\u00faltiple en Salud\"}]},{\"@type\":\"WebSite\",\"@id\":\"https:\/\/ascofame.org.co\/web\/#website\",\"url\":\"https:\/\/ascofame.org.co\/web\/\",\"name\":\"Ascofame\",\"description\":\"\",\"potentialAction\":[{\"@type\":\"SearchAction\",\"target\":{\"@type\":\"EntryPoint\",\"urlTemplate\":\"https:\/\/ascofame.org.co\/web\/?s={search_term_string}\"},\"query-input\":{\"@type\":\"PropertyValueSpecification\",\"valueRequired\":true,\"valueName\":\"search_term_string\"}}],\"inLanguage\":\"es\"}]}<\/script>\n<!-- \/ Yoast SEO plugin. -->","yoast_head_json":{"title":"Curso \u2013 Taller en Construcci\u00f3n de Ex\u00e1men con Preguntas de Selecci\u00f3n M\u00faltiple en Salud -","robots":{"index":"index","follow":"follow","max-snippet":"max-snippet:-1","max-image-preview":"max-image-preview:large","max-video-preview":"max-video-preview:-1"},"canonical":"https:\/\/ascofame.org.co\/web\/desarrollo-profesional\/oferta-educativa\/curso-taller-en-construccion-de-examen-con-preguntas-de-seleccion-multiple-en-salud\/","og_locale":"es_ES","og_type":"article","og_title":"Curso \u2013 Taller en Construcci\u00f3n de Ex\u00e1men con Preguntas de Selecci\u00f3n M\u00faltiple en Salud -","og_description":"[vc_row css=&#8221;.vc_custom_1618023079190{background-color: #f19d38 !important;}&#8221;][vc_column width=&#8221;1\/2&#8243; css=&#8221;.vc_custom_1622239184450{padding-bottom: 20px !important;background-color: #e5e5e5 !important;}&#8221;][vc_column_text] \u00a0 12 horas &#8211; 3 m\u00f3dulos \u00a0 24 cr\u00e9ditos EduConASCOFAME (Programa de Desarrollo Profesional Permanente). [\/vc_column_text][\/vc_column][vc_column width=&#8221;1\/2&#8243; css=&#8221;.vc_custom_1622239178148{padding-bottom: 20px !important;background-color: #e5e5e5 !important;}&#8221;][vc_column_text] \u00a0\u00a0COP $ +IVA \u00a0 Pol\u00edticas de descuento: 5% para grupos mayores de doce personas.[\/vc_column_text][\/vc_column][\/vc_row][vc_row][vc_column css=&#8221;.vc_custom_1622239197616{padding-bottom: 20px !important;}&#8221;][vc_column_text] Presentaci\u00f3n Curso Existen diversos m\u00e9todos de evaluaci\u00f3n, entre los m\u00e1s frecuentemente utilizados se pueden mencionar los [&hellip;]","og_url":"https:\/\/ascofame.org.co\/web\/desarrollo-profesional\/oferta-educativa\/curso-taller-en-construccion-de-examen-con-preguntas-de-seleccion-multiple-en-salud\/","article_modified_time":"2021-06-01T19:48:30+00:00","twitter_card":"summary_large_image","twitter_misc":{"Tiempo de lectura":"3 minutos"},"schema":{"@context":"https:\/\/schema.org","@graph":[{"@type":"WebPage","@id":"https:\/\/ascofame.org.co\/web\/desarrollo-profesional\/oferta-educativa\/curso-taller-en-construccion-de-examen-con-preguntas-de-seleccion-multiple-en-salud\/","url":"https:\/\/ascofame.org.co\/web\/desarrollo-profesional\/oferta-educativa\/curso-taller-en-construccion-de-examen-con-preguntas-de-seleccion-multiple-en-salud\/","name":"Curso \u2013 Taller en Construcci\u00f3n de Ex\u00e1men con Preguntas de Selecci\u00f3n M\u00faltiple en Salud -","isPartOf":{"@id":"https:\/\/ascofame.org.co\/web\/#website"},"datePublished":"2021-03-23T17:35:57+00:00","dateModified":"2021-06-01T19:48:30+00:00","breadcrumb":{"@id":"https:\/\/ascofame.org.co\/web\/desarrollo-profesional\/oferta-educativa\/curso-taller-en-construccion-de-examen-con-preguntas-de-seleccion-multiple-en-salud\/#breadcrumb"},"inLanguage":"es","potentialAction":[{"@type":"ReadAction","target":["https:\/\/ascofame.org.co\/web\/desarrollo-profesional\/oferta-educativa\/curso-taller-en-construccion-de-examen-con-preguntas-de-seleccion-multiple-en-salud\/"]}]},{"@type":"BreadcrumbList","@id":"https:\/\/ascofame.org.co\/web\/desarrollo-profesional\/oferta-educativa\/curso-taller-en-construccion-de-examen-con-preguntas-de-seleccion-multiple-en-salud\/#breadcrumb","itemListElement":[{"@type":"ListItem","position":1,"name":"Portada","item":"https:\/\/ascofame.org.co\/web\/"},{"@type":"ListItem","position":2,"name":"Desarrollo Profesional","item":"https:\/\/ascofame.org.co\/web\/desarrollo-profesional\/"},{"@type":"ListItem","position":3,"name":"Oferta Educativa","item":"https:\/\/ascofame.org.co\/web\/desarrollo-profesional\/oferta-educativa\/"},{"@type":"ListItem","position":4,"name":"Curso \u2013 Taller en Construcci\u00f3n de Ex\u00e1men con Preguntas de Selecci\u00f3n M\u00faltiple en Salud"}]},{"@type":"WebSite","@id":"https:\/\/ascofame.org.co\/web\/#website","url":"https:\/\/ascofame.org.co\/web\/","name":"Ascofame","description":"","potentialAction":[{"@type":"SearchAction","target":{"@type":"EntryPoint","urlTemplate":"https:\/\/ascofame.org.co\/web\/?s={search_term_string}"},"query-input":{"@type":"PropertyValueSpecification","valueRequired":true,"valueName":"search_term_string"}}],"inLanguage":"es"}]}},"_links":{"self":[{"href":"https:\/\/ascofame.org.co\/web\/wp-json\/wp\/v2\/pages\/2576","targetHints":{"allow":["GET"]}}],"collection":[{"href":"https:\/\/ascofame.org.co\/web\/wp-json\/wp\/v2\/pages"}],"about":[{"href":"https:\/\/ascofame.org.co\/web\/wp-json\/wp\/v2\/types\/page"}],"author":[{"embeddable":true,"href":"https:\/\/ascofame.org.co\/web\/wp-json\/wp\/v2\/users\/5"}],"replies":[{"embeddable":true,"href":"https:\/\/ascofame.org.co\/web\/wp-json\/wp\/v2\/comments?post=2576"}],"version-history":[{"count":19,"href":"https:\/\/ascofame.org.co\/web\/wp-json\/wp\/v2\/pages\/2576\/revisions"}],"predecessor-version":[{"id":4078,"href":"https:\/\/ascofame.org.co\/web\/wp-json\/wp\/v2\/pages\/2576\/revisions\/4078"}],"up":[{"embeddable":true,"href":"https:\/\/ascofame.org.co\/web\/wp-json\/wp\/v2\/pages\/37"}],"wp:attachment":[{"href":"https:\/\/ascofame.org.co\/web\/wp-json\/wp\/v2\/media?parent=2576"}],"curies":[{"name":"wp","href":"https:\/\/api.w.org\/{rel}","templated":true}]}}