{"id":2574,"date":"2021-03-23T17:33:49","date_gmt":"2021-03-23T17:33:49","guid":{"rendered":"https:\/\/beta.ascofame.org.co\/?page_id=2574"},"modified":"2021-06-01T19:46:45","modified_gmt":"2021-06-01T19:46:45","slug":"curso-de-evaluacion-para-los-aprendizajes-en-ciencias-de-la-salud","status":"publish","type":"page","link":"https:\/\/ascofame.org.co\/web\/desarrollo-profesional\/oferta-educativa\/curso-de-evaluacion-para-los-aprendizajes-en-ciencias-de-la-salud\/","title":{"rendered":"Curso de Evaluaci\u00f3n para los Aprendizajes en Ciencias de la Salud"},"content":{"rendered":"<div class=\"nolwrap\"><p>[vc_row css=&#8221;.vc_custom_1617854424342{background-color: #f19d38 !important;}&#8221;][vc_column width=&#8221;1\/2&#8243; css=&#8221;.vc_custom_1622238808715{padding-bottom: 20px !important;background-color: #e5e5e5 !important;}&#8221;][vc_column_text]<\/p>\n<h2><\/h2>\n<p style=\"padding-left: 40px;\"><img loading=\"lazy\" decoding=\"async\" class=\"alignnone wp-image-3110 \" src=\"\/wp-content\/uploads\/2021\/04\/reloj-300x300.png\" alt=\"\" width=\"19\" height=\"19\" srcset=\"https:\/\/ascofame.org.co\/web\/wp-content\/uploads\/2021\/04\/reloj-300x300.png 300w, https:\/\/ascofame.org.co\/web\/wp-content\/uploads\/2021\/04\/reloj-150x150.png 150w, https:\/\/ascofame.org.co\/web\/wp-content\/uploads\/2021\/04\/reloj-100x100.png 100w, https:\/\/ascofame.org.co\/web\/wp-content\/uploads\/2021\/04\/reloj.png 512w\" sizes=\"auto, (max-width: 19px) 100vw, 19px\" \/>\u00a0 <strong><span style=\"color: #ff6600;\">30 <\/span><\/strong>horas &#8211; <strong><span style=\"color: #ff6600;\">4<\/span><\/strong> m\u00f3dulos<\/p>\n<p style=\"padding-left: 40px;\"><img loading=\"lazy\" decoding=\"async\" class=\"alignnone wp-image-3108 \" src=\"\/wp-content\/uploads\/2021\/04\/creditos-1.png\" alt=\"\" width=\"23\" height=\"23\" \/>\u00a0 <strong><span style=\"color: #ff6600;\">60<\/span><\/strong>\u00a0cr\u00e9ditos de educaci\u00f3n continua tipo B del Programa de Desarrollo Profesional Permanente de Ascofame.<\/p>\n<p style=\"padding-left: 40px;\"><img loading=\"lazy\" decoding=\"async\" class=\"alignnone wp-image-3106\" src=\"\/wp-content\/uploads\/2021\/04\/proyectos.png\" alt=\"\" width=\"23\" height=\"23\" \/>\u00a0 Aprendizaje Basado en Proyectos<\/p>\n<p>[\/vc_column_text][\/vc_column][vc_column width=&#8221;1\/2&#8243; css=&#8221;.vc_custom_1622238802625{padding-bottom: 20px !important;background-color: #e5e5e5 !important;}&#8221;][vc_column_text]<\/p>\n<h2><\/h2>\n<p><img loading=\"lazy\" decoding=\"async\" class=\"alignnone wp-image-3113\" src=\"\/wp-content\/uploads\/2021\/04\/inversion.png\" alt=\"\" width=\"20\" height=\"20\" \/>\u00a0\u00a0<strong>COP $ +IVA<\/strong><\/p>\n<p><img loading=\"lazy\" decoding=\"async\" class=\"alignnone wp-image-3112\" src=\"\/wp-content\/uploads\/2021\/04\/descuento.png\" alt=\"\" width=\"20\" height=\"20\" \/>\u00a0 Pol\u00edticas de descuento:<\/p>\n<p><span style=\"color: #ff6600;\"><strong>10%<\/strong><\/span> para docentes e investigadores de Facultades<br \/>\nMiembro de ASCOFAME.<br \/>\n<span style=\"color: #ff6600;\"><strong>5%<\/strong><\/span> para grupos mayores de doce personas.[\/vc_column_text][\/vc_column][\/vc_row][vc_row][vc_column css=&#8221;.vc_custom_1622238821879{padding-bottom: 20px !important;}&#8221;][vc_column_text]<\/p>\n<h2><\/h2>\n<h4><span style=\"color: #ff9900;\"><strong>Presentaci\u00f3n Curso<\/strong><\/span><\/h4>\n<p>La evaluaci\u00f3n educativa en salud es uno de los ejes rectores del proceso ense\u00f1anza\u2013aprendizaje. En el desarrollo de la evaluaci\u00f3n en un entorno de aprendizaje presencial, virtual o mixto, en ocasiones, no son v\u00e1lidos buena parte de los medios, t\u00e9cnicas e instrumentos que tradicionalmente se utilizan; estos deben ser redise\u00f1ados o creados exnovo. Debemos pasar de la evaluaci\u00f3n punitiva a la evaluaci\u00f3n para el aprendizaje.<\/p>\n<p>Pero, \u00bfc\u00f3mo evaluar el aprendizaje de los estudiantes de medicina en lo particular, y de los estudiantes de las ciencias de la salud, en general?, ese es precisamente la respuesta que queremos desarrollar en este curso.<\/p>\n<p>Esta acci\u00f3n formativa de Ascofame es una apuesta decidida por introducir un nuevo modo de pensar y hacer la evaluaci\u00f3n de los aprendizajes en los \u00e1mbitos acad\u00e9mico y cl\u00ednico.[\/vc_column_text][\/vc_column][\/vc_row][vc_row css=&#8221;.vc_custom_1617854606169{background-color: #e5e5e5 !important;}&#8221;][vc_column css=&#8221;.vc_custom_1622238832803{padding-bottom: 20px !important;}&#8221;][vc_column_text]<\/p>\n<h2><\/h2>\n<h4><span style=\"color: #ff9900;\"><strong>Metodolog\u00eda<\/strong><\/span><\/h4>\n<p>Este curso virtual utiliza, primordialmente, la metodolog\u00eda de Aprendizaje Basada en Proyectos, que le permitir\u00e1 a los participantes adquirir los conocimientos y competencias mediante la elaboraci\u00f3n de proyectos personalizados que den respuesta a un problema de inter\u00e9s del participante.<\/p>\n<p>En este curso, los participantes se convierten en protagonistas de su propio aprendizaje y desarrollan, desde su autonom\u00eda y responsabilidad, productos de aprendizaje que incluyen los procesos de planificar, estructurar y elaborar un producto de aprendizaje para resolver la cuesti\u00f3n planteada.<\/p>\n<p><img loading=\"lazy\" decoding=\"async\" class=\"alignnone wp-image-2256\" src=\"\/wp-content\/uploads\/2021\/03\/vineta.png\" alt=\"\" width=\"16\" height=\"16\" \/> Modalidad 100% virtual<\/p>\n<p><img loading=\"lazy\" decoding=\"async\" class=\"alignnone wp-image-2256\" src=\"\/wp-content\/uploads\/2021\/03\/vineta.png\" alt=\"\" width=\"16\" height=\"16\" \/>\u00a0Intensidad: 30 horas (22 horas acad\u00e9micas y 8 horas de trabajo aut\u00f3nomo del participante)<\/p>\n<p><img loading=\"lazy\" decoding=\"async\" class=\"alignnone wp-image-2256\" src=\"\/wp-content\/uploads\/2021\/03\/vineta.png\" alt=\"\" width=\"16\" height=\"16\" \/>\u00a0Tutor experto disponible para discutir problem\u00e1ticas conceptuales y metodol\u00f3gicas, propias de la educaci\u00f3n m\u00e9dica<\/p>\n<p><img loading=\"lazy\" decoding=\"async\" class=\"alignnone wp-image-2256\" src=\"\/wp-content\/uploads\/2021\/03\/vineta.png\" alt=\"\" width=\"16\" height=\"16\" \/>\u00a0Tutor facilitador que acompa\u00f1ar\u00e1 el proceso de ense\u00f1anza-aprendizaje del curso<\/p>\n<p><img loading=\"lazy\" decoding=\"async\" class=\"alignnone wp-image-2256\" src=\"\/wp-content\/uploads\/2021\/03\/vineta.png\" alt=\"\" width=\"16\" height=\"16\" \/>\u00a0Asesor de servicio al estudiante: servicio 24 horas, 7 d\u00edas a la semana para resolver dudas, ajustes de cronograma, servicio y soporte t\u00e9cnico<\/p>\n<p><img loading=\"lazy\" decoding=\"async\" class=\"alignnone wp-image-2256\" src=\"\/wp-content\/uploads\/2021\/03\/vineta.png\" alt=\"\" width=\"16\" height=\"16\" \/>\u00a0Duraci\u00f3n: 30 horas, 4 m\u00f3dulos. El estudiante podr\u00e1 ir a su propio ritmo de aprendizaje.<\/p>\n<p><img loading=\"lazy\" decoding=\"async\" class=\"alignnone wp-image-2256\" src=\"\/wp-content\/uploads\/2021\/03\/vineta.png\" alt=\"\" width=\"16\" height=\"16\" \/>\u00a0Evaluaci\u00f3n: Pre-evaluaciones, actividades y desempe\u00f1os de aprendizaje calificables (foros, tareas, juegos de aprendizaje, retos), examen de conocimientos y proyecto educativo.<\/p>\n<p><img loading=\"lazy\" decoding=\"async\" class=\"alignnone wp-image-2256\" src=\"\/wp-content\/uploads\/2021\/03\/vineta.png\" alt=\"\" width=\"16\" height=\"16\" \/>\u00a0Cr\u00e9ditos acad\u00e9micos: Este curso otorga 60 cr\u00e9ditos de educaci\u00f3n continua tipo B del Programa de Desarrollo Profesional Permanente de Ascofame.[\/vc_column_text][\/vc_column][\/vc_row][vc_row][vc_column css=&#8221;.vc_custom_1622238862213{padding-bottom: 20px !important;}&#8221;][vc_column_text]<\/p>\n<h2><\/h2>\n<h4><span style=\"color: #ff9900;\"><strong>Estructura acad\u00e9mica del Curso<\/strong><\/span><\/h4>\n<p><strong>M\u00f3dulo 0: <\/strong>Introducci\u00f3n<\/p>\n<p><strong>M\u00f3dulo 1:\u00a0 <\/strong>Conceptos b\u00e1sicos de la evaluaci\u00f3n<\/p>\n<p><strong>M\u00f3dulo 2:\u00a0 <\/strong>Evaluaci\u00f3n del aprendizaje<\/p>\n<p><strong>M\u00f3dulo 3:\u00a0 <\/strong>Los procedimientos y t\u00e9cnicas de evaluaci\u00f3n[\/vc_column_text][\/vc_column][\/vc_row][vc_row css=&#8221;.vc_custom_1618890489706{background-color: #e5e5e5 !important;}&#8221;][vc_column css=&#8221;.vc_custom_1622238874641{padding-bottom: 20px !important;}&#8221;][vc_column_text]<\/p>\n<h2><\/h2>\n<h4><span style=\"color: #ff9900;\"><strong>Al finalizar el Curso usted estar\u00e1 en capacidad de:<\/strong><\/span><\/h4>\n<p><img loading=\"lazy\" decoding=\"async\" class=\"alignnone wp-image-2256\" src=\"\/wp-content\/uploads\/2021\/03\/vineta.png\" alt=\"\" width=\"16\" height=\"16\" \/> Ampliar la visi\u00f3n de la evaluaci\u00f3n con elementos que contribuyen a empoderar los procesos de aprendizaje.<\/p>\n<p><strong><img loading=\"lazy\" decoding=\"async\" class=\"alignnone wp-image-2256\" src=\"\/wp-content\/uploads\/2021\/03\/vineta.png\" alt=\"\" width=\"16\" height=\"16\" \/> <\/strong>Conocer los conceptos, t\u00e9cnicas y medios para la evaluaci\u00f3n diagn\u00f3stica, formativa y sumativa.<\/p>\n<p><img loading=\"lazy\" decoding=\"async\" class=\"alignnone wp-image-2256\" src=\"\/wp-content\/uploads\/2021\/03\/vineta.png\" alt=\"\" width=\"16\" height=\"16\" \/> Mejorar las habilidades de los docentes en la construcci\u00f3n de instrumentos de evaluaci\u00f3n de los aprendizajes.<\/p>\n<p><img loading=\"lazy\" decoding=\"async\" class=\"alignnone wp-image-2256\" src=\"\/wp-content\/uploads\/2021\/03\/vineta.png\" alt=\"\" width=\"16\" height=\"16\" \/> Reflexionar sobre el propio quehacer evaluativo.<\/p>\n<p>[\/vc_column_text][\/vc_column][\/vc_row][vc_row][vc_column][vc_column_text]<\/p>\n<h2><\/h2>\n<h4><span style=\"color: #ff9900;\"><strong>Autores, contenidistas y docentes invitados<\/strong><\/span><\/h4>\n<p>[\/vc_column_text][vc_row_inner][vc_column_inner width=&#8221;1\/2&#8243;][vc_column_text]<\/p>\n<p style=\"text-align: center;\">\r\n\t<div class=\"paoc-image-popup\">\r\n\t\t<a class=\"paoc-popup-click paoc-popup-cust-3263 paoc-popup-image paoc-popup-image\" href=\"javascript:void(0);\"><img decoding=\"async\" class=\"popupaoc-img\" src=\"https:\/\/beta.ascofame.org.co\/wp-content\/uploads\/2021\/01\/Dr.-Gustavo_quintero-200x200-1.png\" alt=\"\" \/><\/a>\r\n\r\n\t\t\t<\/div>\n<p style=\"text-align: center;\"><strong>Gustavo Quintero<\/strong><\/p>\n<p>[\/vc_column_text][\/vc_column_inner][vc_column_inner width=&#8221;1\/2&#8243;][vc_column_text]<\/p>\n<p style=\"text-align: center;\">\r\n\t<div class=\"paoc-image-popup\">\r\n\t\t<a class=\"paoc-popup-click paoc-popup-cust-3148 paoc-popup-image paoc-popup-image\" href=\"javascript:void(0);\"><img decoding=\"async\" class=\"popupaoc-img\" src=\"https:\/\/beta.ascofame.org.co\/wp-content\/uploads\/2021\/01\/Experto.png\" alt=\"\" \/><\/a>\r\n\r\n\t\t\t<\/div>\n<p style=\"text-align: center;\"><strong>Adalberto Amaya<\/strong><\/p>\n<p>[\/vc_column_text][\/vc_column_inner][\/vc_row_inner][vc_separator][vc_row_inner][vc_column_inner width=&#8221;1\/2&#8243;][vc_column_text]<\/p>\n<p style=\"text-align: center;\">\r\n\t<div class=\"paoc-image-popup\">\r\n\t\t<a class=\"paoc-popup-click paoc-popup-cust-3269 paoc-popup-image paoc-popup-image\" href=\"javascript:void(0);\"><img decoding=\"async\" class=\"popupaoc-img\" src=\"https:\/\/beta.ascofame.org.co\/wp-content\/uploads\/2021\/02\/Nataly_Arenas_Asscofame-200x200-1.png\" alt=\"Nataly Arenas\" \/><\/a>\r\n\r\n\t\t\t<\/div>\n<p style=\"text-align: center;\"><strong>Nataly Arenas<\/strong><\/p>\n<p>[\/vc_column_text][\/vc_column_inner][vc_column_inner width=&#8221;1\/2&#8243;][vc_column_text]<\/p>\n<p style=\"text-align: center;\">\r\n\t<div class=\"paoc-image-popup\">\r\n\t\t<a class=\"paoc-popup-click paoc-popup-cust-3271 paoc-popup-image paoc-popup-image\" href=\"javascript:void(0);\"><img decoding=\"async\" class=\"popupaoc-img\" src=\"https:\/\/beta.ascofame.org.co\/wp-content\/uploads\/2021\/02\/Angelo-Laverde-200x200-1.png\" alt=\"\" \/><\/a>\r\n\r\n\t\t\t<\/div>\n<p style=\"text-align: center;\"><strong>Angelo Laverde<\/strong><\/p>\n<p>[\/vc_column_text][\/vc_column_inner][\/vc_row_inner][\/vc_column][\/vc_row][vc_row css=&#8221;.vc_custom_1618890489706{background-color: #e5e5e5 !important;}&#8221;][vc_column][vc_column_text]<\/p>\n<h2><\/h2>\n<h4><span style=\"color: #ff9900;\"><strong>M\u00e1s informaci\u00f3n<\/strong><\/span><\/h4>\n<p>[\/vc_column_text][vc_row_inner css=&#8221;.vc_custom_1622238892111{padding-bottom: 20px !important;}&#8221;][vc_column_inner width=&#8221;1\/2&#8243;][vc_column_text css=&#8221;.vc_custom_1622239001410{padding-bottom: 10px !important;}&#8221;]<\/p>\n<h4><\/h4>\n<h4><\/h4>\n<p style=\"padding-left: 10px;\"><img loading=\"lazy\" decoding=\"async\" class=\"alignnone wp-image-2457\" src=\"\/wp-content\/uploads\/2021\/03\/icono_cotizar-300x300.jpeg\" alt=\"\" width=\"23\" height=\"23\" srcset=\"https:\/\/ascofame.org.co\/web\/wp-content\/uploads\/2021\/03\/icono_cotizar-300x300.jpeg 300w, https:\/\/ascofame.org.co\/web\/wp-content\/uploads\/2021\/03\/icono_cotizar-150x150.jpeg 150w, https:\/\/ascofame.org.co\/web\/wp-content\/uploads\/2021\/03\/icono_cotizar-100x100.jpeg 100w, https:\/\/ascofame.org.co\/web\/wp-content\/uploads\/2021\/03\/icono_cotizar.jpeg 512w\" sizes=\"auto, (max-width: 23px) 100vw, 23px\" \/> \u00a0 <a href=\"\/cotizacion-educon\/\" target=\"_blank\" rel=\"noopener\"><strong><span style=\"color: #ff6600;\">Cotiza<\/span><\/strong><\/a> el programa<\/p>\n<p>[\/vc_column_text][vc_column_text]<\/p>\n<p style=\"padding-left: 10px;\"><img loading=\"lazy\" decoding=\"async\" class=\"alignnone wp-image-2458\" src=\"\/wp-content\/uploads\/2021\/03\/icono_syllabus-300x300.jpeg\" alt=\"\" width=\"23\" height=\"23\" srcset=\"https:\/\/ascofame.org.co\/web\/wp-content\/uploads\/2021\/03\/icono_syllabus-300x300.jpeg 300w, https:\/\/ascofame.org.co\/web\/wp-content\/uploads\/2021\/03\/icono_syllabus-150x150.jpeg 150w, https:\/\/ascofame.org.co\/web\/wp-content\/uploads\/2021\/03\/icono_syllabus-100x100.jpeg 100w, https:\/\/ascofame.org.co\/web\/wp-content\/uploads\/2021\/03\/icono_syllabus.jpeg 512w\" sizes=\"auto, (max-width: 23px) 100vw, 23px\" \/>\u00a0 \u00a0Descarga el <a href=\"https:\/\/beta.ascofame.org.co\/wp-content\/uploads\/2021\/03\/1.-Curso-evaluacion-de-los-aprendizajes_compressed.pdf\" target=\"_blank\" rel=\"noopener\"><strong><span style=\"color: #ff6600;\">Syllabus<\/span><\/strong><\/a><\/p>\n<p>[\/vc_column_text][\/vc_column_inner][vc_column_inner width=&#8221;1\/2&#8243;][vc_column_text]<\/p>\n<h4><\/h4>\n<p style=\"padding-left: 10px;\"><img loading=\"lazy\" decoding=\"async\" class=\"alignnone wp-image-2460\" src=\"\/wp-content\/uploads\/2021\/03\/icono-correo-300x300.jpeg\" alt=\"\" width=\"26\" height=\"26\" srcset=\"https:\/\/ascofame.org.co\/web\/wp-content\/uploads\/2021\/03\/icono-correo-300x300.jpeg 300w, https:\/\/ascofame.org.co\/web\/wp-content\/uploads\/2021\/03\/icono-correo-150x150.jpeg 150w, https:\/\/ascofame.org.co\/web\/wp-content\/uploads\/2021\/03\/icono-correo-100x100.jpeg 100w, https:\/\/ascofame.org.co\/web\/wp-content\/uploads\/2021\/03\/icono-correo.jpeg 512w\" sizes=\"auto, (max-width: 26px) 100vw, 26px\" \/>\u00a0 \u00a0<strong><span style=\"color: #ff6600;\">Cont\u00e1ctanos <\/span><\/strong>&#8211; info@ascofame.org.co<\/p>\n<p style=\"padding-left: 10px;\">(57) 1 7425380\u00a0 &#8211;\u00a0 (57) 314 4447318<\/p>\n<p>[\/vc_column_text][\/vc_column_inner][\/vc_row_inner][\/vc_column][\/vc_row]<\/p>\n<\/div>","protected":false},"excerpt":{"rendered":"<p>[vc_row css=&#8221;.vc_custom_1617854424342{background-color: #f19d38 !important;}&#8221;][vc_column width=&#8221;1\/2&#8243; css=&#8221;.vc_custom_1622238808715{padding-bottom: 20px !important;background-color: #e5e5e5 !important;}&#8221;][vc_column_text] \u00a0 30 horas &#8211; 4 m\u00f3dulos \u00a0 60\u00a0cr\u00e9ditos de educaci\u00f3n continua tipo B del Programa de Desarrollo Profesional Permanente de Ascofame. \u00a0 Aprendizaje Basado en Proyectos [\/vc_column_text][\/vc_column][vc_column width=&#8221;1\/2&#8243; css=&#8221;.vc_custom_1622238802625{padding-bottom: 20px !important;background-color: #e5e5e5 !important;}&#8221;][vc_column_text] \u00a0\u00a0COP $ +IVA \u00a0 Pol\u00edticas de descuento: 10% para docentes e investigadores de Facultades Miembro de ASCOFAME. 5% para grupos mayores de [&hellip;]<\/p>\n","protected":false},"author":5,"featured_media":0,"parent":37,"menu_order":0,"comment_status":"closed","ping_status":"closed","template":"","meta":{"episode_type":"","audio_file":"","podmotor_file_id":"","podmotor_episode_id":"","cover_image":"","cover_image_id":"","duration":"","filesize":"","filesize_raw":"","date_recorded":"","explicit":"","block":"","footnotes":""},"class_list":["post-2574","page","type-page","status-publish","hentry"],"yoast_head":"<!-- This site is optimized with the Yoast SEO plugin v26.3 - https:\/\/yoast.com\/wordpress\/plugins\/seo\/ -->\n<title>Curso de Evaluaci\u00f3n para los Aprendizajes en Ciencias de la Salud -<\/title>\n<meta name=\"robots\" content=\"index, follow, max-snippet:-1, max-image-preview:large, max-video-preview:-1\" \/>\n<link rel=\"canonical\" href=\"https:\/\/ascofame.org.co\/web\/desarrollo-profesional\/oferta-educativa\/curso-de-evaluacion-para-los-aprendizajes-en-ciencias-de-la-salud\/\" \/>\n<meta property=\"og:locale\" content=\"es_ES\" \/>\n<meta property=\"og:type\" content=\"article\" \/>\n<meta property=\"og:title\" content=\"Curso de Evaluaci\u00f3n para los Aprendizajes en Ciencias de la Salud -\" \/>\n<meta property=\"og:description\" content=\"[vc_row css=&#8221;.vc_custom_1617854424342{background-color: #f19d38 !important;}&#8221;][vc_column width=&#8221;1\/2&#8243; css=&#8221;.vc_custom_1622238808715{padding-bottom: 20px !important;background-color: #e5e5e5 !important;}&#8221;][vc_column_text] \u00a0 30 horas &#8211; 4 m\u00f3dulos \u00a0 60\u00a0cr\u00e9ditos de educaci\u00f3n continua tipo B del Programa de Desarrollo Profesional Permanente de Ascofame. \u00a0 Aprendizaje Basado en Proyectos [\/vc_column_text][\/vc_column][vc_column width=&#8221;1\/2&#8243; css=&#8221;.vc_custom_1622238802625{padding-bottom: 20px !important;background-color: #e5e5e5 !important;}&#8221;][vc_column_text] \u00a0\u00a0COP $ +IVA \u00a0 Pol\u00edticas de descuento: 10% para docentes e investigadores de Facultades Miembro de ASCOFAME. 5% para grupos mayores de [&hellip;]\" \/>\n<meta property=\"og:url\" content=\"https:\/\/ascofame.org.co\/web\/desarrollo-profesional\/oferta-educativa\/curso-de-evaluacion-para-los-aprendizajes-en-ciencias-de-la-salud\/\" \/>\n<meta property=\"article:modified_time\" content=\"2021-06-01T19:46:45+00:00\" \/>\n<meta name=\"twitter:card\" content=\"summary_large_image\" \/>\n<meta name=\"twitter:label1\" content=\"Tiempo de lectura\" \/>\n\t<meta name=\"twitter:data1\" content=\"4 minutos\" \/>\n<script type=\"application\/ld+json\" class=\"yoast-schema-graph\">{\"@context\":\"https:\/\/schema.org\",\"@graph\":[{\"@type\":\"WebPage\",\"@id\":\"https:\/\/ascofame.org.co\/web\/desarrollo-profesional\/oferta-educativa\/curso-de-evaluacion-para-los-aprendizajes-en-ciencias-de-la-salud\/\",\"url\":\"https:\/\/ascofame.org.co\/web\/desarrollo-profesional\/oferta-educativa\/curso-de-evaluacion-para-los-aprendizajes-en-ciencias-de-la-salud\/\",\"name\":\"Curso de Evaluaci\u00f3n para los Aprendizajes en Ciencias de la Salud -\",\"isPartOf\":{\"@id\":\"https:\/\/ascofame.org.co\/web\/#website\"},\"datePublished\":\"2021-03-23T17:33:49+00:00\",\"dateModified\":\"2021-06-01T19:46:45+00:00\",\"breadcrumb\":{\"@id\":\"https:\/\/ascofame.org.co\/web\/desarrollo-profesional\/oferta-educativa\/curso-de-evaluacion-para-los-aprendizajes-en-ciencias-de-la-salud\/#breadcrumb\"},\"inLanguage\":\"es\",\"potentialAction\":[{\"@type\":\"ReadAction\",\"target\":[\"https:\/\/ascofame.org.co\/web\/desarrollo-profesional\/oferta-educativa\/curso-de-evaluacion-para-los-aprendizajes-en-ciencias-de-la-salud\/\"]}]},{\"@type\":\"BreadcrumbList\",\"@id\":\"https:\/\/ascofame.org.co\/web\/desarrollo-profesional\/oferta-educativa\/curso-de-evaluacion-para-los-aprendizajes-en-ciencias-de-la-salud\/#breadcrumb\",\"itemListElement\":[{\"@type\":\"ListItem\",\"position\":1,\"name\":\"Portada\",\"item\":\"https:\/\/ascofame.org.co\/web\/\"},{\"@type\":\"ListItem\",\"position\":2,\"name\":\"Desarrollo Profesional\",\"item\":\"https:\/\/ascofame.org.co\/web\/desarrollo-profesional\/\"},{\"@type\":\"ListItem\",\"position\":3,\"name\":\"Oferta Educativa\",\"item\":\"https:\/\/ascofame.org.co\/web\/desarrollo-profesional\/oferta-educativa\/\"},{\"@type\":\"ListItem\",\"position\":4,\"name\":\"Curso de Evaluaci\u00f3n para los Aprendizajes en Ciencias de la Salud\"}]},{\"@type\":\"WebSite\",\"@id\":\"https:\/\/ascofame.org.co\/web\/#website\",\"url\":\"https:\/\/ascofame.org.co\/web\/\",\"name\":\"Ascofame\",\"description\":\"\",\"potentialAction\":[{\"@type\":\"SearchAction\",\"target\":{\"@type\":\"EntryPoint\",\"urlTemplate\":\"https:\/\/ascofame.org.co\/web\/?s={search_term_string}\"},\"query-input\":{\"@type\":\"PropertyValueSpecification\",\"valueRequired\":true,\"valueName\":\"search_term_string\"}}],\"inLanguage\":\"es\"}]}<\/script>\n<!-- \/ Yoast SEO plugin. -->","yoast_head_json":{"title":"Curso de Evaluaci\u00f3n para los Aprendizajes en Ciencias de la Salud -","robots":{"index":"index","follow":"follow","max-snippet":"max-snippet:-1","max-image-preview":"max-image-preview:large","max-video-preview":"max-video-preview:-1"},"canonical":"https:\/\/ascofame.org.co\/web\/desarrollo-profesional\/oferta-educativa\/curso-de-evaluacion-para-los-aprendizajes-en-ciencias-de-la-salud\/","og_locale":"es_ES","og_type":"article","og_title":"Curso de Evaluaci\u00f3n para los Aprendizajes en Ciencias de la Salud -","og_description":"[vc_row css=&#8221;.vc_custom_1617854424342{background-color: #f19d38 !important;}&#8221;][vc_column width=&#8221;1\/2&#8243; css=&#8221;.vc_custom_1622238808715{padding-bottom: 20px !important;background-color: #e5e5e5 !important;}&#8221;][vc_column_text] \u00a0 30 horas &#8211; 4 m\u00f3dulos \u00a0 60\u00a0cr\u00e9ditos de educaci\u00f3n continua tipo B del Programa de Desarrollo Profesional Permanente de Ascofame. \u00a0 Aprendizaje Basado en Proyectos [\/vc_column_text][\/vc_column][vc_column width=&#8221;1\/2&#8243; css=&#8221;.vc_custom_1622238802625{padding-bottom: 20px !important;background-color: #e5e5e5 !important;}&#8221;][vc_column_text] \u00a0\u00a0COP $ +IVA \u00a0 Pol\u00edticas de descuento: 10% para docentes e investigadores de Facultades Miembro de ASCOFAME. 5% para grupos mayores de [&hellip;]","og_url":"https:\/\/ascofame.org.co\/web\/desarrollo-profesional\/oferta-educativa\/curso-de-evaluacion-para-los-aprendizajes-en-ciencias-de-la-salud\/","article_modified_time":"2021-06-01T19:46:45+00:00","twitter_card":"summary_large_image","twitter_misc":{"Tiempo de lectura":"4 minutos"},"schema":{"@context":"https:\/\/schema.org","@graph":[{"@type":"WebPage","@id":"https:\/\/ascofame.org.co\/web\/desarrollo-profesional\/oferta-educativa\/curso-de-evaluacion-para-los-aprendizajes-en-ciencias-de-la-salud\/","url":"https:\/\/ascofame.org.co\/web\/desarrollo-profesional\/oferta-educativa\/curso-de-evaluacion-para-los-aprendizajes-en-ciencias-de-la-salud\/","name":"Curso de Evaluaci\u00f3n para los Aprendizajes en Ciencias de la Salud -","isPartOf":{"@id":"https:\/\/ascofame.org.co\/web\/#website"},"datePublished":"2021-03-23T17:33:49+00:00","dateModified":"2021-06-01T19:46:45+00:00","breadcrumb":{"@id":"https:\/\/ascofame.org.co\/web\/desarrollo-profesional\/oferta-educativa\/curso-de-evaluacion-para-los-aprendizajes-en-ciencias-de-la-salud\/#breadcrumb"},"inLanguage":"es","potentialAction":[{"@type":"ReadAction","target":["https:\/\/ascofame.org.co\/web\/desarrollo-profesional\/oferta-educativa\/curso-de-evaluacion-para-los-aprendizajes-en-ciencias-de-la-salud\/"]}]},{"@type":"BreadcrumbList","@id":"https:\/\/ascofame.org.co\/web\/desarrollo-profesional\/oferta-educativa\/curso-de-evaluacion-para-los-aprendizajes-en-ciencias-de-la-salud\/#breadcrumb","itemListElement":[{"@type":"ListItem","position":1,"name":"Portada","item":"https:\/\/ascofame.org.co\/web\/"},{"@type":"ListItem","position":2,"name":"Desarrollo Profesional","item":"https:\/\/ascofame.org.co\/web\/desarrollo-profesional\/"},{"@type":"ListItem","position":3,"name":"Oferta Educativa","item":"https:\/\/ascofame.org.co\/web\/desarrollo-profesional\/oferta-educativa\/"},{"@type":"ListItem","position":4,"name":"Curso de Evaluaci\u00f3n para los Aprendizajes en Ciencias de la Salud"}]},{"@type":"WebSite","@id":"https:\/\/ascofame.org.co\/web\/#website","url":"https:\/\/ascofame.org.co\/web\/","name":"Ascofame","description":"","potentialAction":[{"@type":"SearchAction","target":{"@type":"EntryPoint","urlTemplate":"https:\/\/ascofame.org.co\/web\/?s={search_term_string}"},"query-input":{"@type":"PropertyValueSpecification","valueRequired":true,"valueName":"search_term_string"}}],"inLanguage":"es"}]}},"_links":{"self":[{"href":"https:\/\/ascofame.org.co\/web\/wp-json\/wp\/v2\/pages\/2574","targetHints":{"allow":["GET"]}}],"collection":[{"href":"https:\/\/ascofame.org.co\/web\/wp-json\/wp\/v2\/pages"}],"about":[{"href":"https:\/\/ascofame.org.co\/web\/wp-json\/wp\/v2\/types\/page"}],"author":[{"embeddable":true,"href":"https:\/\/ascofame.org.co\/web\/wp-json\/wp\/v2\/users\/5"}],"replies":[{"embeddable":true,"href":"https:\/\/ascofame.org.co\/web\/wp-json\/wp\/v2\/comments?post=2574"}],"version-history":[{"count":22,"href":"https:\/\/ascofame.org.co\/web\/wp-json\/wp\/v2\/pages\/2574\/revisions"}],"predecessor-version":[{"id":4076,"href":"https:\/\/ascofame.org.co\/web\/wp-json\/wp\/v2\/pages\/2574\/revisions\/4076"}],"up":[{"embeddable":true,"href":"https:\/\/ascofame.org.co\/web\/wp-json\/wp\/v2\/pages\/37"}],"wp:attachment":[{"href":"https:\/\/ascofame.org.co\/web\/wp-json\/wp\/v2\/media?parent=2574"}],"curies":[{"name":"wp","href":"https:\/\/api.w.org\/{rel}","templated":true}]}}