{"id":25,"date":"2021-01-21T20:33:41","date_gmt":"2021-01-21T20:33:41","guid":{"rendered":"https:\/\/beta.ascofame.org.co\/?page_id=25"},"modified":"2021-06-10T04:00:41","modified_gmt":"2021-06-10T04:00:41","slug":"desarrollo-profesional-continuo","status":"publish","type":"page","link":"https:\/\/ascofame.org.co\/web\/lineas-de-accion\/desarrollo-profesional-continuo\/","title":{"rendered":"Desarrollo Profesional Continuo"},"content":{"rendered":"<div class=\"nolwrap\"><p>[vc_row][vc_column][\/vc_column][\/vc_row][vc_row][vc_column width=&#8221;1\/2&#8243;][vc_single_image image=&#8221;2733&#8243; img_size=&#8221;full&#8221;][\/vc_column][vc_column width=&#8221;1\/2&#8243;][vc_column_text]<\/p>\n<h4><strong>Desarrollo Profesional Continuo<\/strong><\/h4>\n<p>Productos y servicios dise\u00f1ados para enlazar e\u00adficazmente la formaci\u00f3n con la pr\u00e1ctica m\u00e9dica. Nos enfocamos en apoyar el aprendizaje ininterrumpido a lo largo la vida de los m\u00e9dicos.<\/p>\n<p style=\"padding-left: 40px;\"><img loading=\"lazy\" decoding=\"async\" class=\"alignnone wp-image-2256 \" src=\"https:\/\/beta.ascofame.org.co\/wp-content\/uploads\/2021\/03\/vineta.png\" alt=\"\" width=\"18\" height=\"18\" \/>\u00a0 Hoja de vida acad\u00e9mica y registro voluntario de actividades de educaci\u00f3n continua.<\/p>\n<p style=\"padding-left: 40px;\"><img loading=\"lazy\" decoding=\"async\" class=\"alignnone wp-image-2256 \" src=\"https:\/\/beta.ascofame.org.co\/wp-content\/uploads\/2021\/03\/vineta.png\" alt=\"\" width=\"18\" height=\"18\" \/>\u00a0 Asignaci\u00f3n de cr\u00e9ditos a actividades de Desarrollo Profesional Permanente (DPP).<\/p>\n<p style=\"padding-left: 40px;\"><img loading=\"lazy\" decoding=\"async\" class=\"alignnone wp-image-2256 \" src=\"https:\/\/beta.ascofame.org.co\/wp-content\/uploads\/2021\/03\/vineta.png\" alt=\"\" width=\"18\" height=\"18\" \/>\u00a0 \u00a0Evaluaci\u00f3n de calidad para el mejoramiento de actividades de educaci\u00f3n continua y asignaci\u00f3n de cr\u00e9ditos de DPP.<\/p>\n<p style=\"padding-left: 40px;\"><img loading=\"lazy\" decoding=\"async\" class=\"alignnone wp-image-2256 \" src=\"https:\/\/beta.ascofame.org.co\/wp-content\/uploads\/2021\/03\/vineta.png\" alt=\"\" width=\"18\" height=\"18\" \/>\u00a0Desarrollo y oferta de cursos y diplomados de actualizaci\u00f3n m\u00e9dica asociados con nuestras 48 facultades miembro.<\/p>\n<p>[\/vc_column_text][\/vc_column][\/vc_row]<\/p>\n<\/div>","protected":false},"excerpt":{"rendered":"<p>[vc_row][vc_column][\/vc_column][\/vc_row][vc_row][vc_column width=&#8221;1\/2&#8243;][vc_single_image image=&#8221;2733&#8243; img_size=&#8221;full&#8221;][\/vc_column][vc_column width=&#8221;1\/2&#8243;][vc_column_text] Desarrollo Profesional Continuo Productos y servicios dise\u00f1ados para enlazar e\u00adficazmente la formaci\u00f3n con la pr\u00e1ctica m\u00e9dica. Nos enfocamos en apoyar el aprendizaje ininterrumpido a lo largo la vida de los m\u00e9dicos. \u00a0 Hoja de vida acad\u00e9mica y registro voluntario de actividades de educaci\u00f3n continua. \u00a0 Asignaci\u00f3n de cr\u00e9ditos a actividades de Desarrollo Profesional Permanente (DPP). \u00a0 \u00a0Evaluaci\u00f3n de calidad para [&hellip;]<\/p>\n","protected":false},"author":1,"featured_media":0,"parent":23,"menu_order":0,"comment_status":"closed","ping_status":"closed","template":"","meta":{"episode_type":"","audio_file":"","podmotor_file_id":"","podmotor_episode_id":"","cover_image":"","cover_image_id":"","duration":"","filesize":"","filesize_raw":"","date_recorded":"","explicit":"","block":"","footnotes":""},"class_list":["post-25","page","type-page","status-publish","hentry"],"yoast_head":"<!-- This site is optimized with the Yoast SEO plugin v26.3 - https:\/\/yoast.com\/wordpress\/plugins\/seo\/ -->\n<title>Desarrollo Profesional Continuo -<\/title>\n<meta name=\"robots\" content=\"index, follow, max-snippet:-1, max-image-preview:large, max-video-preview:-1\" \/>\n<link rel=\"canonical\" href=\"https:\/\/ascofame.org.co\/web\/lineas-de-accion\/desarrollo-profesional-continuo\/\" \/>\n<meta property=\"og:locale\" content=\"es_ES\" \/>\n<meta property=\"og:type\" content=\"article\" \/>\n<meta property=\"og:title\" content=\"Desarrollo Profesional Continuo -\" \/>\n<meta property=\"og:description\" content=\"[vc_row][vc_column][\/vc_column][\/vc_row][vc_row][vc_column width=&#8221;1\/2&#8243;][vc_single_image image=&#8221;2733&#8243; img_size=&#8221;full&#8221;][\/vc_column][vc_column width=&#8221;1\/2&#8243;][vc_column_text] Desarrollo Profesional Continuo Productos y servicios dise\u00f1ados para enlazar e\u00adficazmente la formaci\u00f3n con la pr\u00e1ctica m\u00e9dica. Nos enfocamos en apoyar el aprendizaje ininterrumpido a lo largo la vida de los m\u00e9dicos. \u00a0 Hoja de vida acad\u00e9mica y registro voluntario de actividades de educaci\u00f3n continua. \u00a0 Asignaci\u00f3n de cr\u00e9ditos a actividades de Desarrollo Profesional Permanente (DPP). \u00a0 \u00a0Evaluaci\u00f3n de calidad para [&hellip;]\" \/>\n<meta property=\"og:url\" content=\"https:\/\/ascofame.org.co\/web\/lineas-de-accion\/desarrollo-profesional-continuo\/\" \/>\n<meta property=\"article:modified_time\" content=\"2021-06-10T04:00:41+00:00\" \/>\n<meta property=\"og:image\" content=\"https:\/\/beta.ascofame.org.co\/wp-content\/uploads\/2021\/03\/vineta.png\" \/>\n<meta name=\"twitter:card\" content=\"summary_large_image\" \/>\n<meta name=\"twitter:label1\" content=\"Tiempo de lectura\" \/>\n\t<meta name=\"twitter:data1\" content=\"1 minuto\" \/>\n<script type=\"application\/ld+json\" class=\"yoast-schema-graph\">{\"@context\":\"https:\/\/schema.org\",\"@graph\":[{\"@type\":\"WebPage\",\"@id\":\"https:\/\/ascofame.org.co\/web\/lineas-de-accion\/desarrollo-profesional-continuo\/\",\"url\":\"https:\/\/ascofame.org.co\/web\/lineas-de-accion\/desarrollo-profesional-continuo\/\",\"name\":\"Desarrollo Profesional Continuo -\",\"isPartOf\":{\"@id\":\"https:\/\/ascofame.org.co\/web\/#website\"},\"primaryImageOfPage\":{\"@id\":\"https:\/\/ascofame.org.co\/web\/lineas-de-accion\/desarrollo-profesional-continuo\/#primaryimage\"},\"image\":{\"@id\":\"https:\/\/ascofame.org.co\/web\/lineas-de-accion\/desarrollo-profesional-continuo\/#primaryimage\"},\"thumbnailUrl\":\"https:\/\/beta.ascofame.org.co\/wp-content\/uploads\/2021\/03\/vineta.png\",\"datePublished\":\"2021-01-21T20:33:41+00:00\",\"dateModified\":\"2021-06-10T04:00:41+00:00\",\"breadcrumb\":{\"@id\":\"https:\/\/ascofame.org.co\/web\/lineas-de-accion\/desarrollo-profesional-continuo\/#breadcrumb\"},\"inLanguage\":\"es\",\"potentialAction\":[{\"@type\":\"ReadAction\",\"target\":[\"https:\/\/ascofame.org.co\/web\/lineas-de-accion\/desarrollo-profesional-continuo\/\"]}]},{\"@type\":\"ImageObject\",\"inLanguage\":\"es\",\"@id\":\"https:\/\/ascofame.org.co\/web\/lineas-de-accion\/desarrollo-profesional-continuo\/#primaryimage\",\"url\":\"https:\/\/beta.ascofame.org.co\/wp-content\/uploads\/2021\/03\/vineta.png\",\"contentUrl\":\"https:\/\/beta.ascofame.org.co\/wp-content\/uploads\/2021\/03\/vineta.png\"},{\"@type\":\"BreadcrumbList\",\"@id\":\"https:\/\/ascofame.org.co\/web\/lineas-de-accion\/desarrollo-profesional-continuo\/#breadcrumb\",\"itemListElement\":[{\"@type\":\"ListItem\",\"position\":1,\"name\":\"Portada\",\"item\":\"https:\/\/ascofame.org.co\/web\/\"},{\"@type\":\"ListItem\",\"position\":2,\"name\":\"L\u00edneas de acci\u00f3n\",\"item\":\"https:\/\/ascofame.org.co\/web\/lineas-de-accion\/\"},{\"@type\":\"ListItem\",\"position\":3,\"name\":\"Desarrollo Profesional Continuo\"}]},{\"@type\":\"WebSite\",\"@id\":\"https:\/\/ascofame.org.co\/web\/#website\",\"url\":\"https:\/\/ascofame.org.co\/web\/\",\"name\":\"Ascofame\",\"description\":\"\",\"potentialAction\":[{\"@type\":\"SearchAction\",\"target\":{\"@type\":\"EntryPoint\",\"urlTemplate\":\"https:\/\/ascofame.org.co\/web\/?s={search_term_string}\"},\"query-input\":{\"@type\":\"PropertyValueSpecification\",\"valueRequired\":true,\"valueName\":\"search_term_string\"}}],\"inLanguage\":\"es\"}]}<\/script>\n<!-- \/ Yoast SEO plugin. -->","yoast_head_json":{"title":"Desarrollo Profesional Continuo -","robots":{"index":"index","follow":"follow","max-snippet":"max-snippet:-1","max-image-preview":"max-image-preview:large","max-video-preview":"max-video-preview:-1"},"canonical":"https:\/\/ascofame.org.co\/web\/lineas-de-accion\/desarrollo-profesional-continuo\/","og_locale":"es_ES","og_type":"article","og_title":"Desarrollo Profesional Continuo -","og_description":"[vc_row][vc_column][\/vc_column][\/vc_row][vc_row][vc_column width=&#8221;1\/2&#8243;][vc_single_image image=&#8221;2733&#8243; img_size=&#8221;full&#8221;][\/vc_column][vc_column width=&#8221;1\/2&#8243;][vc_column_text] Desarrollo Profesional Continuo Productos y servicios dise\u00f1ados para enlazar e\u00adficazmente la formaci\u00f3n con la pr\u00e1ctica m\u00e9dica. Nos enfocamos en apoyar el aprendizaje ininterrumpido a lo largo la vida de los m\u00e9dicos. \u00a0 Hoja de vida acad\u00e9mica y registro voluntario de actividades de educaci\u00f3n continua. \u00a0 Asignaci\u00f3n de cr\u00e9ditos a actividades de Desarrollo Profesional Permanente (DPP). \u00a0 \u00a0Evaluaci\u00f3n de calidad para [&hellip;]","og_url":"https:\/\/ascofame.org.co\/web\/lineas-de-accion\/desarrollo-profesional-continuo\/","article_modified_time":"2021-06-10T04:00:41+00:00","og_image":[{"url":"https:\/\/beta.ascofame.org.co\/wp-content\/uploads\/2021\/03\/vineta.png","type":"","width":"","height":""}],"twitter_card":"summary_large_image","twitter_misc":{"Tiempo de lectura":"1 minuto"},"schema":{"@context":"https:\/\/schema.org","@graph":[{"@type":"WebPage","@id":"https:\/\/ascofame.org.co\/web\/lineas-de-accion\/desarrollo-profesional-continuo\/","url":"https:\/\/ascofame.org.co\/web\/lineas-de-accion\/desarrollo-profesional-continuo\/","name":"Desarrollo Profesional Continuo -","isPartOf":{"@id":"https:\/\/ascofame.org.co\/web\/#website"},"primaryImageOfPage":{"@id":"https:\/\/ascofame.org.co\/web\/lineas-de-accion\/desarrollo-profesional-continuo\/#primaryimage"},"image":{"@id":"https:\/\/ascofame.org.co\/web\/lineas-de-accion\/desarrollo-profesional-continuo\/#primaryimage"},"thumbnailUrl":"https:\/\/beta.ascofame.org.co\/wp-content\/uploads\/2021\/03\/vineta.png","datePublished":"2021-01-21T20:33:41+00:00","dateModified":"2021-06-10T04:00:41+00:00","breadcrumb":{"@id":"https:\/\/ascofame.org.co\/web\/lineas-de-accion\/desarrollo-profesional-continuo\/#breadcrumb"},"inLanguage":"es","potentialAction":[{"@type":"ReadAction","target":["https:\/\/ascofame.org.co\/web\/lineas-de-accion\/desarrollo-profesional-continuo\/"]}]},{"@type":"ImageObject","inLanguage":"es","@id":"https:\/\/ascofame.org.co\/web\/lineas-de-accion\/desarrollo-profesional-continuo\/#primaryimage","url":"https:\/\/beta.ascofame.org.co\/wp-content\/uploads\/2021\/03\/vineta.png","contentUrl":"https:\/\/beta.ascofame.org.co\/wp-content\/uploads\/2021\/03\/vineta.png"},{"@type":"BreadcrumbList","@id":"https:\/\/ascofame.org.co\/web\/lineas-de-accion\/desarrollo-profesional-continuo\/#breadcrumb","itemListElement":[{"@type":"ListItem","position":1,"name":"Portada","item":"https:\/\/ascofame.org.co\/web\/"},{"@type":"ListItem","position":2,"name":"L\u00edneas de acci\u00f3n","item":"https:\/\/ascofame.org.co\/web\/lineas-de-accion\/"},{"@type":"ListItem","position":3,"name":"Desarrollo Profesional Continuo"}]},{"@type":"WebSite","@id":"https:\/\/ascofame.org.co\/web\/#website","url":"https:\/\/ascofame.org.co\/web\/","name":"Ascofame","description":"","potentialAction":[{"@type":"SearchAction","target":{"@type":"EntryPoint","urlTemplate":"https:\/\/ascofame.org.co\/web\/?s={search_term_string}"},"query-input":{"@type":"PropertyValueSpecification","valueRequired":true,"valueName":"search_term_string"}}],"inLanguage":"es"}]}},"_links":{"self":[{"href":"https:\/\/ascofame.org.co\/web\/wp-json\/wp\/v2\/pages\/25","targetHints":{"allow":["GET"]}}],"collection":[{"href":"https:\/\/ascofame.org.co\/web\/wp-json\/wp\/v2\/pages"}],"about":[{"href":"https:\/\/ascofame.org.co\/web\/wp-json\/wp\/v2\/types\/page"}],"author":[{"embeddable":true,"href":"https:\/\/ascofame.org.co\/web\/wp-json\/wp\/v2\/users\/1"}],"replies":[{"embeddable":true,"href":"https:\/\/ascofame.org.co\/web\/wp-json\/wp\/v2\/comments?post=25"}],"version-history":[{"count":12,"href":"https:\/\/ascofame.org.co\/web\/wp-json\/wp\/v2\/pages\/25\/revisions"}],"predecessor-version":[{"id":4165,"href":"https:\/\/ascofame.org.co\/web\/wp-json\/wp\/v2\/pages\/25\/revisions\/4165"}],"up":[{"embeddable":true,"href":"https:\/\/ascofame.org.co\/web\/wp-json\/wp\/v2\/pages\/23"}],"wp:attachment":[{"href":"https:\/\/ascofame.org.co\/web\/wp-json\/wp\/v2\/media?parent=25"}],"curies":[{"name":"wp","href":"https:\/\/api.w.org\/{rel}","templated":true}]}}