{"id":21,"date":"2021-01-21T20:29:10","date_gmt":"2021-01-21T20:29:10","guid":{"rendered":"https:\/\/beta.ascofame.org.co\/?page_id=21"},"modified":"2021-06-09T02:22:51","modified_gmt":"2021-06-09T02:22:51","slug":"convenios","status":"publish","type":"page","link":"https:\/\/ascofame.org.co\/web\/quienes-somos\/convenios\/","title":{"rendered":"Convenios"},"content":{"rendered":"<div class=\"nolwrap\"><p>[vc_row][vc_column][vc_tta_tour][vc_tta_section title=&#8221;EBSCO&#8221; tab_id=&#8221;ebsco&#8221;][vc_column_text]<\/p>\n<h4 style=\"text-align: center;\"><strong>CONVENIO EBSCO &#8211; ASCOFAME<\/strong><br \/>\n<strong>Convenio Bases de Datos Bibliogr\u00e1ficas<\/strong><\/h4>\n<p>&nbsp;<\/p>\n<p>Desde 2007 Ascofame y EBSCO han venido trabajando conjuntamente para apoyar la formaci\u00f3n de los m\u00e9dicos en Colombia. En esta oportunidad, EBSCO desea otorgarle un plan de beneficios a las facultades. Este convenio ofrece ventajas y servicios complementarios en la adquisici\u00f3n y renovaci\u00f3n de las recursos bibliogr\u00e1ficos que fomentan la investigaci\u00f3n y aportan al crecimiento constante de las facultades miembro.[\/vc_column_text][vc_row_inner][vc_column_inner width=&#8221;1\/2&#8243;][vc_single_image image=&#8221;2236&#8243; img_size=&#8221;full&#8221; alignment=&#8221;center&#8221;][\/vc_column_inner][vc_column_inner width=&#8221;1\/2&#8243;][vc_column_text]El beneficio es para miembros de Ascofame y hospitales universitarios asociados[\/vc_column_text][\/vc_column_inner][\/vc_row_inner][vc_separator][vc_row_inner][vc_column_inner width=&#8221;1\/2&#8243;][vc_column_text]El valor de la suscripci\u00f3n\u00a0 es MENOR adquiriendolo con Ascofame y su pago en pesos. Recurso exento de IVA[\/vc_column_text][\/vc_column_inner][vc_column_inner width=&#8221;1\/2&#8243;][vc_single_image image=&#8221;2238&#8243; img_size=&#8221;full&#8221; alignment=&#8221;center&#8221;][\/vc_column_inner][\/vc_row_inner][vc_separator][vc_row_inner][vc_column_inner width=&#8221;1\/2&#8243;][vc_single_image image=&#8221;2239&#8243; img_size=&#8221;full&#8221; alignment=&#8221;center&#8221;][\/vc_column_inner][vc_column_inner width=&#8221;1\/2&#8243;][vc_column_text]ASCOFAME se encarga del proceso de facturaci\u00f3n y recaudo.[\/vc_column_text][\/vc_column_inner][\/vc_row_inner][vc_separator][vc_row_inner][vc_column_inner width=&#8221;1\/2&#8243;][vc_column_text]Canalizaci\u00f3n por parte de ASCOFAME de quejas, reclamos y oportunidades de mejora del servicio.[\/vc_column_text][\/vc_column_inner][vc_column_inner width=&#8221;1\/2&#8243;][vc_single_image image=&#8221;2241&#8243; img_size=&#8221;full&#8221; alignment=&#8221;center&#8221;][\/vc_column_inner][\/vc_row_inner][vc_separator][vc_row_inner][vc_column_inner width=&#8221;1\/2&#8243;][vc_single_image image=&#8221;2242&#8243; img_size=&#8221;full&#8221; alignment=&#8221;center&#8221;][\/vc_column_inner][vc_column_inner width=&#8221;1\/2&#8243;][vc_column_text]Cinco becas Curso \u201cToma de decisiones cl\u00ednicas y b\u00fasqueda de evidencia cient\u00edfica para docentes\u201d[\/vc_column_text][\/vc_column_inner][\/vc_row_inner][vc_separator][vc_row_inner][vc_column_inner width=&#8221;1\/2&#8243;][vc_column_text]10 suscripciones al sistema de Diseminaci\u00f3n Selectiva de Informaci\u00f3n en educaci\u00f3n m\u00e9dica.[\/vc_column_text][\/vc_column_inner][vc_column_inner width=&#8221;1\/2&#8243;][vc_single_image image=&#8221;2243&#8243; img_size=&#8221;full&#8221; alignment=&#8221;center&#8221;][\/vc_column_inner][\/vc_row_inner][vc_separator][vc_row_inner][vc_column_inner width=&#8221;1\/2&#8243;][vc_single_image image=&#8221;2244&#8243; img_size=&#8221;full&#8221; alignment=&#8221;center&#8221;][\/vc_column_inner][vc_column_inner width=&#8221;1\/2&#8243;][vc_column_text]La base de datos Dynamed otorga cr\u00e9ditos de educaci\u00f3n continuada avalados por Ascofame[\/vc_column_text][\/vc_column_inner][\/vc_row_inner][vc_separator][vc_row_inner][vc_column_inner width=&#8221;1\/2&#8243;][vc_column_text css=&#8221;.vc_custom_1616015126317{margin-top: 0px !important;border-top-width: 0px !important;padding-top: 0px !important;}&#8221;]<img loading=\"lazy\" decoding=\"async\" class=\"wp-image-2272 aligncenter\" src=\"https:\/\/beta.ascofame.org.co\/wp-content\/uploads\/2021\/03\/guideon-medicinalatina-1.png\" alt=\"\" width=\"170\" height=\"99\" \/>[\/vc_column_text][\/vc_column_inner][vc_column_inner width=&#8221;1\/2&#8243;][vc_single_image image=&#8221;2245&#8243; img_size=&#8221;full&#8221; alignment=&#8221;center&#8221;][\/vc_column_inner][\/vc_row_inner][vc_separator][vc_row_inner][vc_column_inner width=&#8221;1\/2&#8243;][vc_single_image image=&#8221;2246&#8243; img_size=&#8221;full&#8221; alignment=&#8221;center&#8221;][\/vc_column_inner][vc_column_inner width=&#8221;1\/2&#8243;][vc_column_text]Entrenamiento instruccional certificado sobre el uso de los recursos bibliogr\u00e1ficos por parte del proveedor.[\/vc_column_text][\/vc_column_inner][\/vc_row_inner][vc_separator][vc_column_text]<\/p>\n<h4 style=\"text-align: center;\"><strong>BASES DE DATOS DISPONIBLES<\/strong><\/h4>\n<p>[\/vc_column_text][vc_row_inner][vc_column_inner width=&#8221;1\/2&#8243;][vc_column_text]<\/p>\n<h4 style=\"text-align: center;\">Dynamed<br \/>\nMedlineComplete<br \/>\nGideon<br \/>\nMedicLatina<\/h4>\n<p>[\/vc_column_text][\/vc_column_inner][vc_column_inner width=&#8221;1\/2&#8243;][vc_column_text]<\/p>\n<h4 style=\"text-align: center;\">Nursing Reference Center Plus<br \/>\nCINAHL Complete<br \/>\neBook Clinical Collection<br \/>\nCochrane<\/h4>\n<p>[\/vc_column_text][\/vc_column_inner][\/vc_row_inner][vc_column_text]<\/p>\n<p style=\"text-align: center;\"><b>Para activar el convenio Base de Datos &#8211; ASCOFAME\u00a0 <\/b><b>Comun\u00edquese<br \/>\ncon\u00a0 Cesar A. Cort\u00e9s\u00a0 <\/b><b>ccortes@ascofame.org.co<br \/>\nPBX: 57-1 7425380 Cel. 314 4447318<\/b><\/p>\n<p>[\/vc_column_text][\/vc_tta_section][vc_tta_section title=&#8221;DOT.LIB&#8221; tab_id=&#8221;dotlib&#8221;][vc_column_text css=&#8221;.vc_custom_1622836035530{padding-bottom: 20px !important;}&#8221;]<\/p>\n<h4 style=\"text-align: center;\"><strong>CONVENIO <\/strong><strong>DOT.LIB &#8211; ASCOFAME<\/strong><br \/>\nLas mejores publicaciones y recursos de apoyo a<br \/>\nla investigaci\u00f3n y ense\u00f1anza en medicina y salud<\/h4>\n<p>[\/vc_column_text][vc_row_inner][vc_column_inner width=&#8221;1\/2&#8243;][vc_single_image image=&#8221;2729&#8243; img_size=&#8221;full&#8221; alignment=&#8221;center&#8221;][\/vc_column_inner][vc_column_inner width=&#8221;1\/2&#8243;][vc_column_text]Con la firma de este convenio, las partes unir\u00e1n esfuerzos para ofrecer, distribuir y capacitar, en las bases de datos y recursos acad\u00e9micos para el apoyo para la formaci\u00f3n de los m\u00e9dicos en Colombia y contribuir a un mejor desarrollo de las ciencias m\u00e9dicas, en especial a lo que se refiere a la actividad docente, de investigaci\u00f3n y profesional de las facultades de medicina.[\/vc_column_text][vc_btn title=&#8221;Conocer m\u00e1s&#8221; link=&#8221;url:https%3A%2F%2Fbeta.ascofame.org.co%2Fwp-content%2Fuploads%2F2021%2F03%2FConvenio_DotLibASCOFAME.pdf|target:_blank&#8221; css=&#8221;.vc_custom_1622836074422{padding-top: 10px !important;}&#8221;][\/vc_column_inner][\/vc_row_inner][vc_column_text css=&#8221;.vc_custom_1622836045893{padding-top: 20px !important;}&#8221;]<\/p>\n<p style=\"text-align: center;\"><strong>VALE LA PENA RESALTAR QUE TODAS LAS SUSCRIPCIONES A LAS PUBLICACIONES AQU\u00cd CITADAS SON LIBRES DE EMBARGO, ES DECIR, USTED TENDR\u00c1 ACCESO A LA INFORMACI\u00d3N M\u00c1S RECIENTE Y ACTUALIZADA POR ESTOS EDITORES.<\/strong><\/p>\n<p>[\/vc_column_text][\/vc_tta_section][vc_tta_section title=&#8221;UPTODATE&#8221; tab_id=&#8221;1623203983701-fe851365-074d&#8221;][vc_column_text]<\/p>\n<h4 style=\"text-align: center;\"><strong>Convenio\u00a0<span class=\"x_gmail-il\">UpToDate<\/span>\u00ae suscripci\u00f3n individual y\u00a0<span class=\"x_gmail-il\">ASCOFAME<\/span><\/strong><\/h4>\n<p>&nbsp;<\/p>\n<p>&nbsp;<\/p>\n<p>[\/vc_column_text][vc_row_inner][vc_column_inner width=&#8221;1\/2&#8243;][vc_single_image image=&#8221;4129&#8243; img_size=&#8221;large&#8221;][\/vc_column_inner][vc_column_inner width=&#8221;1\/2&#8243;][vc_column_text]<span class=\"x_gmail-il\">UpToDate<\/span>\u00a0reconoce que el mundo est\u00e1 pasando por tiempos de incertidumbre y su prioridad ha sido ayudar a los profesionales de la salud a cuidar de sus pacientes y de s\u00ed mismos.<\/p>\n<p>Su riguroso proceso editorial se utiliza para actualizar la informaci\u00f3n cl\u00ednica m\u00e1s reciente (incluyendo temas sobre COVID-19) y ofrecer recomendaciones de tratamiento confiables.<\/p>\n<p>Adem\u00e1s, \u00bfsab\u00eda que puede acceder a suscripciones personales de\u00a0<span class=\"x_gmail-il\">UpToDate<\/span>\u00a0y obtener un descuento de hasta 109 USD por ser miembro de\u00a0<span class=\"x_gmail-il\">ASCOFAME<\/span>?[\/vc_column_text][vc_btn title=&#8221;Conocer m\u00e1s&#8221; link=&#8221;url:https%3A%2F%2Flearn.uptodate.com%2Fascofame|target:_blank&#8221;][\/vc_column_inner][\/vc_row_inner][\/vc_tta_section][\/vc_tta_tour][\/vc_column][\/vc_row]<\/p>\n<\/div>","protected":false},"excerpt":{"rendered":"<p>[vc_row][vc_column][vc_tta_tour][vc_tta_section title=&#8221;EBSCO&#8221; tab_id=&#8221;ebsco&#8221;][vc_column_text] CONVENIO EBSCO &#8211; ASCOFAME Convenio Bases de Datos Bibliogr\u00e1ficas &nbsp; Desde 2007 Ascofame y EBSCO han venido trabajando conjuntamente para apoyar la formaci\u00f3n de los m\u00e9dicos en Colombia. En esta oportunidad, EBSCO desea otorgarle un plan de beneficios a las facultades. Este convenio ofrece ventajas y servicios complementarios en la adquisici\u00f3n y renovaci\u00f3n de las recursos bibliogr\u00e1ficos que fomentan la investigaci\u00f3n y [&hellip;]<\/p>\n","protected":false},"author":1,"featured_media":0,"parent":7,"menu_order":6,"comment_status":"closed","ping_status":"closed","template":"","meta":{"episode_type":"","audio_file":"","podmotor_file_id":"","podmotor_episode_id":"","cover_image":"","cover_image_id":"","duration":"","filesize":"","filesize_raw":"","date_recorded":"","explicit":"","block":"","footnotes":""},"class_list":["post-21","page","type-page","status-publish","hentry"],"yoast_head":"<!-- This site is optimized with the Yoast SEO plugin v26.3 - https:\/\/yoast.com\/wordpress\/plugins\/seo\/ -->\n<title>Convenios -<\/title>\n<meta name=\"robots\" content=\"index, follow, max-snippet:-1, max-image-preview:large, max-video-preview:-1\" \/>\n<link rel=\"canonical\" href=\"https:\/\/ascofame.org.co\/web\/quienes-somos\/convenios\/\" \/>\n<meta property=\"og:locale\" content=\"es_ES\" \/>\n<meta property=\"og:type\" content=\"article\" \/>\n<meta property=\"og:title\" content=\"Convenios -\" \/>\n<meta property=\"og:description\" content=\"[vc_row][vc_column][vc_tta_tour][vc_tta_section title=&#8221;EBSCO&#8221; tab_id=&#8221;ebsco&#8221;][vc_column_text] CONVENIO EBSCO &#8211; ASCOFAME Convenio Bases de Datos Bibliogr\u00e1ficas &nbsp; Desde 2007 Ascofame y EBSCO han venido trabajando conjuntamente para apoyar la formaci\u00f3n de los m\u00e9dicos en Colombia. En esta oportunidad, EBSCO desea otorgarle un plan de beneficios a las facultades. Este convenio ofrece ventajas y servicios complementarios en la adquisici\u00f3n y renovaci\u00f3n de las recursos bibliogr\u00e1ficos que fomentan la investigaci\u00f3n y [&hellip;]\" \/>\n<meta property=\"og:url\" content=\"https:\/\/ascofame.org.co\/web\/quienes-somos\/convenios\/\" \/>\n<meta property=\"article:modified_time\" content=\"2021-06-09T02:22:51+00:00\" \/>\n<meta property=\"og:image\" content=\"https:\/\/beta.ascofame.org.co\/wp-content\/uploads\/2021\/03\/guideon-medicinalatina-1.png\" \/>\n<meta name=\"twitter:card\" content=\"summary_large_image\" \/>\n<meta name=\"twitter:label1\" content=\"Tiempo de lectura\" \/>\n\t<meta name=\"twitter:data1\" content=\"5 minutos\" \/>\n<script type=\"application\/ld+json\" class=\"yoast-schema-graph\">{\"@context\":\"https:\/\/schema.org\",\"@graph\":[{\"@type\":\"WebPage\",\"@id\":\"https:\/\/ascofame.org.co\/web\/quienes-somos\/convenios\/\",\"url\":\"https:\/\/ascofame.org.co\/web\/quienes-somos\/convenios\/\",\"name\":\"Convenios -\",\"isPartOf\":{\"@id\":\"https:\/\/ascofame.org.co\/web\/#website\"},\"primaryImageOfPage\":{\"@id\":\"https:\/\/ascofame.org.co\/web\/quienes-somos\/convenios\/#primaryimage\"},\"image\":{\"@id\":\"https:\/\/ascofame.org.co\/web\/quienes-somos\/convenios\/#primaryimage\"},\"thumbnailUrl\":\"https:\/\/beta.ascofame.org.co\/wp-content\/uploads\/2021\/03\/guideon-medicinalatina-1.png\",\"datePublished\":\"2021-01-21T20:29:10+00:00\",\"dateModified\":\"2021-06-09T02:22:51+00:00\",\"breadcrumb\":{\"@id\":\"https:\/\/ascofame.org.co\/web\/quienes-somos\/convenios\/#breadcrumb\"},\"inLanguage\":\"es\",\"potentialAction\":[{\"@type\":\"ReadAction\",\"target\":[\"https:\/\/ascofame.org.co\/web\/quienes-somos\/convenios\/\"]}]},{\"@type\":\"ImageObject\",\"inLanguage\":\"es\",\"@id\":\"https:\/\/ascofame.org.co\/web\/quienes-somos\/convenios\/#primaryimage\",\"url\":\"https:\/\/beta.ascofame.org.co\/wp-content\/uploads\/2021\/03\/guideon-medicinalatina-1.png\",\"contentUrl\":\"https:\/\/beta.ascofame.org.co\/wp-content\/uploads\/2021\/03\/guideon-medicinalatina-1.png\"},{\"@type\":\"BreadcrumbList\",\"@id\":\"https:\/\/ascofame.org.co\/web\/quienes-somos\/convenios\/#breadcrumb\",\"itemListElement\":[{\"@type\":\"ListItem\",\"position\":1,\"name\":\"Portada\",\"item\":\"https:\/\/ascofame.org.co\/web\/\"},{\"@type\":\"ListItem\",\"position\":2,\"name\":\"Quienes somos\",\"item\":\"https:\/\/ascofame.org.co\/web\/quienes-somos\/\"},{\"@type\":\"ListItem\",\"position\":3,\"name\":\"Convenios\"}]},{\"@type\":\"WebSite\",\"@id\":\"https:\/\/ascofame.org.co\/web\/#website\",\"url\":\"https:\/\/ascofame.org.co\/web\/\",\"name\":\"Ascofame\",\"description\":\"\",\"potentialAction\":[{\"@type\":\"SearchAction\",\"target\":{\"@type\":\"EntryPoint\",\"urlTemplate\":\"https:\/\/ascofame.org.co\/web\/?s={search_term_string}\"},\"query-input\":{\"@type\":\"PropertyValueSpecification\",\"valueRequired\":true,\"valueName\":\"search_term_string\"}}],\"inLanguage\":\"es\"}]}<\/script>\n<!-- \/ Yoast SEO plugin. -->","yoast_head_json":{"title":"Convenios -","robots":{"index":"index","follow":"follow","max-snippet":"max-snippet:-1","max-image-preview":"max-image-preview:large","max-video-preview":"max-video-preview:-1"},"canonical":"https:\/\/ascofame.org.co\/web\/quienes-somos\/convenios\/","og_locale":"es_ES","og_type":"article","og_title":"Convenios -","og_description":"[vc_row][vc_column][vc_tta_tour][vc_tta_section title=&#8221;EBSCO&#8221; tab_id=&#8221;ebsco&#8221;][vc_column_text] CONVENIO EBSCO &#8211; ASCOFAME Convenio Bases de Datos Bibliogr\u00e1ficas &nbsp; Desde 2007 Ascofame y EBSCO han venido trabajando conjuntamente para apoyar la formaci\u00f3n de los m\u00e9dicos en Colombia. En esta oportunidad, EBSCO desea otorgarle un plan de beneficios a las facultades. Este convenio ofrece ventajas y servicios complementarios en la adquisici\u00f3n y renovaci\u00f3n de las recursos bibliogr\u00e1ficos que fomentan la investigaci\u00f3n y [&hellip;]","og_url":"https:\/\/ascofame.org.co\/web\/quienes-somos\/convenios\/","article_modified_time":"2021-06-09T02:22:51+00:00","og_image":[{"url":"https:\/\/beta.ascofame.org.co\/wp-content\/uploads\/2021\/03\/guideon-medicinalatina-1.png","type":"","width":"","height":""}],"twitter_card":"summary_large_image","twitter_misc":{"Tiempo de lectura":"5 minutos"},"schema":{"@context":"https:\/\/schema.org","@graph":[{"@type":"WebPage","@id":"https:\/\/ascofame.org.co\/web\/quienes-somos\/convenios\/","url":"https:\/\/ascofame.org.co\/web\/quienes-somos\/convenios\/","name":"Convenios -","isPartOf":{"@id":"https:\/\/ascofame.org.co\/web\/#website"},"primaryImageOfPage":{"@id":"https:\/\/ascofame.org.co\/web\/quienes-somos\/convenios\/#primaryimage"},"image":{"@id":"https:\/\/ascofame.org.co\/web\/quienes-somos\/convenios\/#primaryimage"},"thumbnailUrl":"https:\/\/beta.ascofame.org.co\/wp-content\/uploads\/2021\/03\/guideon-medicinalatina-1.png","datePublished":"2021-01-21T20:29:10+00:00","dateModified":"2021-06-09T02:22:51+00:00","breadcrumb":{"@id":"https:\/\/ascofame.org.co\/web\/quienes-somos\/convenios\/#breadcrumb"},"inLanguage":"es","potentialAction":[{"@type":"ReadAction","target":["https:\/\/ascofame.org.co\/web\/quienes-somos\/convenios\/"]}]},{"@type":"ImageObject","inLanguage":"es","@id":"https:\/\/ascofame.org.co\/web\/quienes-somos\/convenios\/#primaryimage","url":"https:\/\/beta.ascofame.org.co\/wp-content\/uploads\/2021\/03\/guideon-medicinalatina-1.png","contentUrl":"https:\/\/beta.ascofame.org.co\/wp-content\/uploads\/2021\/03\/guideon-medicinalatina-1.png"},{"@type":"BreadcrumbList","@id":"https:\/\/ascofame.org.co\/web\/quienes-somos\/convenios\/#breadcrumb","itemListElement":[{"@type":"ListItem","position":1,"name":"Portada","item":"https:\/\/ascofame.org.co\/web\/"},{"@type":"ListItem","position":2,"name":"Quienes somos","item":"https:\/\/ascofame.org.co\/web\/quienes-somos\/"},{"@type":"ListItem","position":3,"name":"Convenios"}]},{"@type":"WebSite","@id":"https:\/\/ascofame.org.co\/web\/#website","url":"https:\/\/ascofame.org.co\/web\/","name":"Ascofame","description":"","potentialAction":[{"@type":"SearchAction","target":{"@type":"EntryPoint","urlTemplate":"https:\/\/ascofame.org.co\/web\/?s={search_term_string}"},"query-input":{"@type":"PropertyValueSpecification","valueRequired":true,"valueName":"search_term_string"}}],"inLanguage":"es"}]}},"_links":{"self":[{"href":"https:\/\/ascofame.org.co\/web\/wp-json\/wp\/v2\/pages\/21","targetHints":{"allow":["GET"]}}],"collection":[{"href":"https:\/\/ascofame.org.co\/web\/wp-json\/wp\/v2\/pages"}],"about":[{"href":"https:\/\/ascofame.org.co\/web\/wp-json\/wp\/v2\/types\/page"}],"author":[{"embeddable":true,"href":"https:\/\/ascofame.org.co\/web\/wp-json\/wp\/v2\/users\/1"}],"replies":[{"embeddable":true,"href":"https:\/\/ascofame.org.co\/web\/wp-json\/wp\/v2\/comments?post=21"}],"version-history":[{"count":41,"href":"https:\/\/ascofame.org.co\/web\/wp-json\/wp\/v2\/pages\/21\/revisions"}],"predecessor-version":[{"id":4131,"href":"https:\/\/ascofame.org.co\/web\/wp-json\/wp\/v2\/pages\/21\/revisions\/4131"}],"up":[{"embeddable":true,"href":"https:\/\/ascofame.org.co\/web\/wp-json\/wp\/v2\/pages\/7"}],"wp:attachment":[{"href":"https:\/\/ascofame.org.co\/web\/wp-json\/wp\/v2\/media?parent=21"}],"curies":[{"name":"wp","href":"https:\/\/api.w.org\/{rel}","templated":true}]}}