{"id":1760,"date":"2021-03-04T14:53:50","date_gmt":"2021-03-04T14:53:50","guid":{"rendered":"https:\/\/beta.ascofame.org.co\/?page_id=1760"},"modified":"2021-04-15T20:51:33","modified_gmt":"2021-04-15T20:51:33","slug":"tratamiento-de-datos","status":"publish","type":"page","link":"https:\/\/ascofame.org.co\/web\/tratamiento-de-datos\/","title":{"rendered":"POL\u00cdTICA DE TRATAMIENTO DE DATOS, PRIVACIDAD Y CONDICIONES DE USO"},"content":{"rendered":"<div class=\"nolwrap\"><p><strong>Pol\u00edticas de Privacidad<\/strong><\/p>\n<p>Es inter\u00e9s de la ASOCIACI\u00d3N COLOMBIANA DE FACULTADES DE MEDICINA ASCOFAME la salvaguardia de la privacidad de la informaci\u00f3n personal del Usuario obtenida a trav\u00e9s del Sitio Web u otros medios an\u00e1logos o digitales, para lo cual se compromete a adoptar una pol\u00edtica de confidencialidad de acuerdo con lo que se establece a continuaci\u00f3n:<\/p>\n<p>El Usuario reconoce que el ingreso de informaci\u00f3n personal, lo realiza de manera voluntaria y ante la solicitud de requerimientos espec\u00edficos por ASCOFAME para realizar una inscripci\u00f3n, un tr\u00e1mite, presentar una queja o reclamo, o para acceder a los mecanismos interactivos, certificaciones, invitaciones, etc.<\/p>\n<p>El Usuario acepta que, a trav\u00e9s del registro en el Sitio Web, telef\u00f3nicamente en listas de asistencias de actividades presenciales, medio telef\u00f3nico o telem\u00e1tico ASCOFAME recoge datos personales, los cuales no se ceder\u00e1n a terceros sin su conocimiento ASCOFAME no ceder\u00e1 a terceros los datos personales de los usuarios, miembros, estudiantes, clientes proveedores, empleados que nos hayan suministrado voluntariamente mediante su consentimiento previo, expreso, informado y calificado sus datos personales, los cuales incluyen (nombres, apellidos, n\u00fameros de identificaci\u00f3n, direcciones f\u00edsicas o electr\u00f3nicas de correo, tel\u00e9fonos, cargo, entre otros).<\/p>\n<p>La recolecci\u00f3n y tratamiento automatizado de los datos personales, como consecuencia de la navegaci\u00f3n y\/o registro por el Sitio Web tiene como finalidades las detalladas a continuaci\u00f3n: (a) la adecuada gesti\u00f3n y administraci\u00f3n de los servicios ofrecidos en el Sitio Web, en los que el Usuario decida darse de alta, utilizar o contratar; (b) el estudio cuantitativo y cualitativo de las visitas y de la utilizaci\u00f3n de los servicios por parte de los usuarios; (c) el env\u00edo por medios tradicionales y electr\u00f3nicos de informaci\u00f3n relacionados con ASCOFAME y de cualquier otro proyecto, sus programas y sus entidades adscritas y vinculadas; (d) poder tramitar servicios de certificaci\u00f3n, recertificaci\u00f3n y otros servicios en linea.<\/p>\n<p>En caso en que usted no quiera seguir recibiendo este tipo de comunicaciones, por favor escribanos al correo electr\u00f3nico <a href=\"habeasdata@ascofame.org.co\">habeasdata@ascofame.org.co<\/a> solicitando su eliminaci\u00f3n de nuestra base de datos.<\/p>\n<p><strong>Derechos de los Usuarios en relaci\u00f3n a sus datos personales<\/strong><\/p>\n<p>En cumplimiento de lo dispuesto en la normativa aplicable se informa de la existencia de un fichero automatizado de datos personales. Al usuario se le reconocen los derechos de acceso, rectificaci\u00f3n, cancelaci\u00f3n y oposici\u00f3n al tratamiento de datos personales y podr\u00e1 ejercitarlos mediante un formulario de actualizaci\u00f3n de datos disponible en el sitio de ASCOFAME.<\/p>\n<p><strong>Publicidad<\/strong><\/p>\n<p>En cuanto a los avisos publicitarios, Ascofame no contiene ning\u00fan tipo de publicidad ni endosa organizaciones o producto alguno, a menos que se realice como parte de una alianza formal entre la Ascofame y otra(s) entidades. Todos nuestros banners, anuncios o noticias publicitan servicios o productos exclusivos de la Ascofame: biblioteca, eventos, congresos, libros, asesor\u00edas y dem\u00e1s servicios existentes o por existir.<\/p>\n<p><strong>Fuentes de financiaci\u00f3n<\/strong><\/p>\n<p>Ascofame, es una instituci\u00f3n privada, sin \u00e1nimo de lucro y cuyo objeto es velar y propender por la calidad de la educaci\u00f3n m\u00e9dica colombiana y su impacto en la salud en general. La Asociaci\u00f3n financia su operaci\u00f3n con las cuotas anuales de membresias, venta de proyectos educativos y asesor\u00edas para las facultades de medicina, y recaudos por venta de servicios de educaci\u00f3n continuada y registro de medicos y especialistas en el Programa de Desarrollo Profesional Permanente.<\/p>\n<p><strong>Uso de Cookies y del fichero de actividad.<\/strong><\/p>\n<p>La p\u00e1gina Web de ASCOFAME utiliza cookies. Las cookies utilizadas por la p\u00e1gina Web son ficheros enviados a un navegador por medio de un servidor web para registrar las actividades del usuario en la p\u00e1gina Web y permitirle una navegaci\u00f3n m\u00e1s fluida y personalizada. El usuario tiene la posibilidad de configurar su navegador para impedir la entrada de \u00e9stas, bloquearlas o, en su caso, eliminarlas. Para utilizar esta p\u00e1gina Web, no resulta necesario que el usuario permita la descarga o instalaci\u00f3n de cookies. De igual manera, los servidores de la p\u00e1gina Web detectan de manera autom\u00e1tica la direcci\u00f3n IP y el nombre de la red utilizados por el usuario. Toda esta informaci\u00f3n es registrada temporalmente en un fichero de actividad del servidor que permite el posterior procesamiento de los datos con el fin de obtener mediciones estad\u00edsticas que permitan conocer el n\u00famero de impresiones de p\u00e1ginas, y el n\u00famero de visitas realizadas a la p\u00e1gina Web, entre otras mediciones.<\/p>\n<p>Adem\u00e1s de sistemas propios de monitorizaci\u00f3n de la p\u00e1gina Web, \u00e9sta utiliza herramientas estad\u00edsticas externas como Google Analytics, un servicio anal\u00edtico de web prestado por Google, Inc para ayudar a la p\u00e1gina Web a analizar el uso que hacen los usuarios de p\u00e1gina Web. La informaci\u00f3n que genera la cookie acerca del uso de la p\u00e1gina Web por parte del usuario (incluyendo su direcci\u00f3n IP) ser\u00e1 directamente transmitida y archivada por Google en los servidores de Estados Unidos. Google usar\u00e1 esta informaci\u00f3n por cuenta de dicha empresa con el prop\u00f3sito de seguir la pista del uso que hace el usuario de la p\u00e1gina Web, recopilando informes de la actividad de la p\u00e1gina Web y prestando otros servicios relacionados con la actividad de la p\u00e1gina Web y el uso de Internet. Google podr\u00e1 transmitir dicha informaci\u00f3n a terceros cuando as\u00ed se lo requiera la legislaci\u00f3n, o cuando dichos terceros procesen la informaci\u00f3n por cuenta de Google. Google no asociar\u00e1 la direcci\u00f3n del usuario IP con ning\u00fan otro dato del que disponga Google. El usuario puede rechazar el tratamiento de los datos o la informaci\u00f3n rechazando el uso de cookies mediante la selecci\u00f3n de la configuraci\u00f3n apropiada de su navegador, sin embargo, debe saber que si lo hace puede ser que no pueda usar la plena funcionalidad de la p\u00e1gina Web. Al utilizar la p\u00e1gina Web el usuario consiente el tratamiento de informaci\u00f3n por Google, acerca del usuario, en la forma y para los fines arriba indicados.<\/p>\n<p><strong>\u00bfC\u00f3mo puedo desactivar o eliminar las cookies?<\/strong><\/p>\n<p>Puede restringir, bloquear o borrar las cookies de este sitio Web en cualquier momento, modificando la configuraci\u00f3n del navegador conforme a las pautas indicadas. Puesto que la configuraci\u00f3n de cada navegador es diferente y sometida a cambios y versiones es conveniente seguir las instrucciones sobre cookies que ofrecen los principales navegadores de internet:<\/p>\n<p>Internet Explorer: Herramientas -&gt; Opciones de Internet -&gt; Privacidad -&gt; Configuraci\u00f3n. Para m\u00e1s informaci\u00f3n, puede consultar el soporte de Microsoft o la Ayuda del navegador.<br \/>\nFirefox: Herramientas -&gt; Opciones -&gt; Privacidad -&gt; Historial -&gt; Configuraci\u00f3n Personalizada. Para m\u00e1s informaci\u00f3n, puede consultar el soporte de Mozilla o la Ayuda del navegador.<br \/>\nChrome: Configuraci\u00f3n -&gt; Mostrar opciones avanzadas -&gt; Privacidad -&gt; Configuraci\u00f3n de contenido. Para m\u00e1s informaci\u00f3n, puede consultar el soporte de Google o la Ayuda del navegador.<br \/>\nSafari: Preferencias -&gt; Seguridad. Para m\u00e1s informaci\u00f3n, puede consultar el soporte de Apple o la Ayuda del navegador.<\/p>\n<p><strong>Cesi\u00f3n de datos personales de los usuarios a terceros<\/strong><\/p>\n<p>ASCOFAME no ceder\u00e1 a terceros los datos personales de los usuarios que se recogen a trav\u00e9s de la p\u00e1gina Web sin su consentimiento expreso. Sin perjuicio de lo anterior, el usuario consiente en que se cedan sus datos personales cuando as\u00ed sea requerido por las autoridades administrativas competentes o por mandato judicial.<\/p>\n<p>El Usuario tambi\u00e9n comprende que los datos por \u00e9l consignados har\u00e1n parte de un archivo y\/o base de datos que podr\u00e1 ser usado por ASCOFAME para efectos de surtir determinado proceso. El Usuario podr\u00e1 modificar o actualizar la informaci\u00f3n suministrada en cualquier momento. Debido a que ninguna transmisi\u00f3n por Internet es absolutamente segura ni puede garantizarse dicho extremo, el Usuario asume el hipot\u00e9tico riesgo que ello implica, el cual acepta y conoce.<\/p>\n<p>ASCOFAME no se responsabiliza por cualquier consecuencia derivada del ingreso indebido de terceros a la base de datos y\/o por alguna falla t\u00e9cnica en el funcionamiento y\/o conservaci\u00f3n de datos en el sistema en cualquiera de los men\u00fas de su p\u00e1gina web.<\/p>\n<p>ASCOFAME ha adoptado los niveles de seguridad de protecci\u00f3n de los datos personales legalmente requeridos, instalando las medidas t\u00e9cnicas y organizativas necesarias para evitar la p\u00e9rdida, mal uso, alteraci\u00f3n, acceso no autorizado y robo de los datos facilitados.<\/p>\n<p><strong>Contenido en salud en el portal<\/strong><\/p>\n<p>Ascofame contiene art\u00edculos sobre cuestiones m\u00e9dicas y de educaci\u00f3n en salud. Contamos con un proceso editorial confiable que permite la revisi\u00f3n por partes de la informaci\u00f3n con docentes e investigadores miembros de Ascofame. Aunque la informaci\u00f3n pueda ser correcta o fiable y su contenido estar bien documentado, es posible que lo que se describa no corresponda con una situaci\u00f3n de salud espec\u00edfica.<\/p>\n<p>La informaci\u00f3n m\u00e9dica y terap\u00e9utica que ofrece www.ascofame.org.co no puede sustituir el consejo de un m\u00e9dico u otro profesional de la salud.<\/p>\n<p><strong>Modificaciones a las condiciones de uso<\/strong><\/p>\n<p>ASCOFAME podr\u00e1 modificar las Pol\u00edticas de Privacidad aqu\u00ed contenidos, a su libre elecci\u00f3n y en cualquier momento y los mismos estar\u00e1n vigentes una vez hayan publicado en la p\u00e1gina Web. El Usuario se compromete a revisar peri\u00f3dicamente esta secci\u00f3n para estar informado de tales modificaciones y cada nuevo acceso del usuario a la p\u00e1gina ser\u00e1 considerado una aceptaci\u00f3n t\u00e1cita de las nuevas condiciones.<\/p>\n<p style=\"text-align: right;\"><span style=\"color: #3366ff;\"><em>Estas Pol\u00edticas de Privacidad fueron actualizadas por \u00faltima vez el 20 de enero de 2017.<\/em><\/span><\/p>\n<\/div>","protected":false},"excerpt":{"rendered":"<p>Pol\u00edticas de Privacidad Es inter\u00e9s de la ASOCIACI\u00d3N COLOMBIANA DE FACULTADES DE MEDICINA ASCOFAME la salvaguardia de la privacidad de la informaci\u00f3n personal del Usuario obtenida a trav\u00e9s del Sitio Web u otros medios an\u00e1logos o digitales, para lo cual se compromete a adoptar una pol\u00edtica de confidencialidad de acuerdo con lo que se establece a continuaci\u00f3n: El Usuario reconoce que el ingreso de informaci\u00f3n [&hellip;]<\/p>\n","protected":false},"author":1,"featured_media":0,"parent":0,"menu_order":0,"comment_status":"closed","ping_status":"closed","template":"","meta":{"episode_type":"","audio_file":"","podmotor_file_id":"","podmotor_episode_id":"","cover_image":"","cover_image_id":"","duration":"","filesize":"","filesize_raw":"","date_recorded":"","explicit":"","block":"","footnotes":""},"class_list":["post-1760","page","type-page","status-publish","hentry"],"yoast_head":"<!-- This site is optimized with the Yoast SEO plugin v26.3 - https:\/\/yoast.com\/wordpress\/plugins\/seo\/ -->\n<title>POL\u00cdTICA DE TRATAMIENTO DE DATOS, PRIVACIDAD Y CONDICIONES DE USO -<\/title>\n<meta name=\"robots\" content=\"index, follow, max-snippet:-1, max-image-preview:large, max-video-preview:-1\" \/>\n<link rel=\"canonical\" href=\"https:\/\/ascofame.org.co\/web\/tratamiento-de-datos\/\" \/>\n<meta property=\"og:locale\" content=\"es_ES\" \/>\n<meta property=\"og:type\" content=\"article\" \/>\n<meta property=\"og:title\" content=\"POL\u00cdTICA DE TRATAMIENTO DE DATOS, PRIVACIDAD Y CONDICIONES DE USO -\" \/>\n<meta property=\"og:description\" content=\"Pol\u00edticas de Privacidad Es inter\u00e9s de la ASOCIACI\u00d3N COLOMBIANA DE FACULTADES DE MEDICINA ASCOFAME la salvaguardia de la privacidad de la informaci\u00f3n personal del Usuario obtenida a trav\u00e9s del Sitio Web u otros medios an\u00e1logos o digitales, para lo cual se compromete a adoptar una pol\u00edtica de confidencialidad de acuerdo con lo que se establece a continuaci\u00f3n: El Usuario reconoce que el ingreso de informaci\u00f3n [&hellip;]\" \/>\n<meta property=\"og:url\" content=\"https:\/\/ascofame.org.co\/web\/tratamiento-de-datos\/\" \/>\n<meta property=\"article:modified_time\" content=\"2021-04-15T20:51:33+00:00\" \/>\n<meta name=\"twitter:card\" content=\"summary_large_image\" \/>\n<meta name=\"twitter:label1\" content=\"Tiempo de lectura\" \/>\n\t<meta name=\"twitter:data1\" content=\"8 minutos\" \/>\n<script type=\"application\/ld+json\" class=\"yoast-schema-graph\">{\"@context\":\"https:\/\/schema.org\",\"@graph\":[{\"@type\":\"WebPage\",\"@id\":\"https:\/\/ascofame.org.co\/web\/tratamiento-de-datos\/\",\"url\":\"https:\/\/ascofame.org.co\/web\/tratamiento-de-datos\/\",\"name\":\"POL\u00cdTICA DE TRATAMIENTO DE DATOS, PRIVACIDAD Y CONDICIONES DE USO -\",\"isPartOf\":{\"@id\":\"https:\/\/ascofame.org.co\/web\/#website\"},\"datePublished\":\"2021-03-04T14:53:50+00:00\",\"dateModified\":\"2021-04-15T20:51:33+00:00\",\"breadcrumb\":{\"@id\":\"https:\/\/ascofame.org.co\/web\/tratamiento-de-datos\/#breadcrumb\"},\"inLanguage\":\"es\",\"potentialAction\":[{\"@type\":\"ReadAction\",\"target\":[\"https:\/\/ascofame.org.co\/web\/tratamiento-de-datos\/\"]}]},{\"@type\":\"BreadcrumbList\",\"@id\":\"https:\/\/ascofame.org.co\/web\/tratamiento-de-datos\/#breadcrumb\",\"itemListElement\":[{\"@type\":\"ListItem\",\"position\":1,\"name\":\"Portada\",\"item\":\"https:\/\/ascofame.org.co\/web\/\"},{\"@type\":\"ListItem\",\"position\":2,\"name\":\"POL\u00cdTICA DE TRATAMIENTO DE DATOS, PRIVACIDAD Y CONDICIONES DE USO\"}]},{\"@type\":\"WebSite\",\"@id\":\"https:\/\/ascofame.org.co\/web\/#website\",\"url\":\"https:\/\/ascofame.org.co\/web\/\",\"name\":\"Ascofame\",\"description\":\"\",\"potentialAction\":[{\"@type\":\"SearchAction\",\"target\":{\"@type\":\"EntryPoint\",\"urlTemplate\":\"https:\/\/ascofame.org.co\/web\/?s={search_term_string}\"},\"query-input\":{\"@type\":\"PropertyValueSpecification\",\"valueRequired\":true,\"valueName\":\"search_term_string\"}}],\"inLanguage\":\"es\"}]}<\/script>\n<!-- \/ Yoast SEO plugin. -->","yoast_head_json":{"title":"POL\u00cdTICA DE TRATAMIENTO DE DATOS, PRIVACIDAD Y CONDICIONES DE USO -","robots":{"index":"index","follow":"follow","max-snippet":"max-snippet:-1","max-image-preview":"max-image-preview:large","max-video-preview":"max-video-preview:-1"},"canonical":"https:\/\/ascofame.org.co\/web\/tratamiento-de-datos\/","og_locale":"es_ES","og_type":"article","og_title":"POL\u00cdTICA DE TRATAMIENTO DE DATOS, PRIVACIDAD Y CONDICIONES DE USO -","og_description":"Pol\u00edticas de Privacidad Es inter\u00e9s de la ASOCIACI\u00d3N COLOMBIANA DE FACULTADES DE MEDICINA ASCOFAME la salvaguardia de la privacidad de la informaci\u00f3n personal del Usuario obtenida a trav\u00e9s del Sitio Web u otros medios an\u00e1logos o digitales, para lo cual se compromete a adoptar una pol\u00edtica de confidencialidad de acuerdo con lo que se establece a continuaci\u00f3n: El Usuario reconoce que el ingreso de informaci\u00f3n [&hellip;]","og_url":"https:\/\/ascofame.org.co\/web\/tratamiento-de-datos\/","article_modified_time":"2021-04-15T20:51:33+00:00","twitter_card":"summary_large_image","twitter_misc":{"Tiempo de lectura":"8 minutos"},"schema":{"@context":"https:\/\/schema.org","@graph":[{"@type":"WebPage","@id":"https:\/\/ascofame.org.co\/web\/tratamiento-de-datos\/","url":"https:\/\/ascofame.org.co\/web\/tratamiento-de-datos\/","name":"POL\u00cdTICA DE TRATAMIENTO DE DATOS, PRIVACIDAD Y CONDICIONES DE USO -","isPartOf":{"@id":"https:\/\/ascofame.org.co\/web\/#website"},"datePublished":"2021-03-04T14:53:50+00:00","dateModified":"2021-04-15T20:51:33+00:00","breadcrumb":{"@id":"https:\/\/ascofame.org.co\/web\/tratamiento-de-datos\/#breadcrumb"},"inLanguage":"es","potentialAction":[{"@type":"ReadAction","target":["https:\/\/ascofame.org.co\/web\/tratamiento-de-datos\/"]}]},{"@type":"BreadcrumbList","@id":"https:\/\/ascofame.org.co\/web\/tratamiento-de-datos\/#breadcrumb","itemListElement":[{"@type":"ListItem","position":1,"name":"Portada","item":"https:\/\/ascofame.org.co\/web\/"},{"@type":"ListItem","position":2,"name":"POL\u00cdTICA DE TRATAMIENTO DE DATOS, PRIVACIDAD Y CONDICIONES DE USO"}]},{"@type":"WebSite","@id":"https:\/\/ascofame.org.co\/web\/#website","url":"https:\/\/ascofame.org.co\/web\/","name":"Ascofame","description":"","potentialAction":[{"@type":"SearchAction","target":{"@type":"EntryPoint","urlTemplate":"https:\/\/ascofame.org.co\/web\/?s={search_term_string}"},"query-input":{"@type":"PropertyValueSpecification","valueRequired":true,"valueName":"search_term_string"}}],"inLanguage":"es"}]}},"_links":{"self":[{"href":"https:\/\/ascofame.org.co\/web\/wp-json\/wp\/v2\/pages\/1760","targetHints":{"allow":["GET"]}}],"collection":[{"href":"https:\/\/ascofame.org.co\/web\/wp-json\/wp\/v2\/pages"}],"about":[{"href":"https:\/\/ascofame.org.co\/web\/wp-json\/wp\/v2\/types\/page"}],"author":[{"embeddable":true,"href":"https:\/\/ascofame.org.co\/web\/wp-json\/wp\/v2\/users\/1"}],"replies":[{"embeddable":true,"href":"https:\/\/ascofame.org.co\/web\/wp-json\/wp\/v2\/comments?post=1760"}],"version-history":[{"count":2,"href":"https:\/\/ascofame.org.co\/web\/wp-json\/wp\/v2\/pages\/1760\/revisions"}],"predecessor-version":[{"id":1762,"href":"https:\/\/ascofame.org.co\/web\/wp-json\/wp\/v2\/pages\/1760\/revisions\/1762"}],"wp:attachment":[{"href":"https:\/\/ascofame.org.co\/web\/wp-json\/wp\/v2\/media?parent=1760"}],"curies":[{"name":"wp","href":"https:\/\/api.w.org\/{rel}","templated":true}]}}