{"id":1115,"date":"2021-02-05T13:45:16","date_gmt":"2021-02-05T13:45:16","guid":{"rendered":"https:\/\/beta.ascofame.org.co\/?page_id=1115"},"modified":"2024-07-28T21:33:16","modified_gmt":"2024-07-29T02:33:16","slug":"nuestro-equipo","status":"publish","type":"page","link":"https:\/\/ascofame.org.co\/web\/quienes-somos\/nuestro-equipo\/","title":{"rendered":"Nuestro equipo"},"content":{"rendered":"<div class=\"nolwrap\"><p>[vc_row][vc_column][vc_tta_tour][vc_tta_section title=&#8221;Equipo ejecutivo&#8221; tab_id=&#8221;equipo-ejecutivo&#8221;][vc_column_text]<\/p>\n<h4 style=\"text-align: center;\">Equipo Ejecutivo<\/h4>\n<p>[\/vc_column_text][vc_row_inner][vc_column_inner width=&#8221;1\/2&#8243;][vc_column_text]<\/p>\n<p style=\"text-align: center;\"><strong>\r\n\t<div class=\"paoc-image-popup\">\r\n\t\t<a class=\"paoc-popup-click paoc-popup-cust-1227 paoc-popup-image paoc-popup-image\" href=\"javascript:void(0);\"><img decoding=\"async\" class=\"popupaoc-img\" src=\"https:\/\/beta.ascofame.org.co\/wp-content\/uploads\/2021\/01\/Luis_Carlos_Ortiz-200x200-1.png\" alt=\"Luis Carlos Ortiz\" \/><\/a>\r\n\r\n\t\t\t<\/div>\r\n\r\n<\/strong><\/p>\n<p style=\"text-align: center;\"><strong>LUIS CARLOS ORTIZ MONSALVE<\/strong><br \/>\nDirector Ejecutivo<br \/>\nlortiz@ascofame.org.co<\/p>\n<p>[\/vc_column_text][\/vc_column_inner][vc_column_inner width=&#8221;1\/2&#8243;][vc_column_text]<\/p>\n<p style=\"text-align: center;\"><strong>\r\n\t<div class=\"paoc-image-popup\">\r\n\t\t<a class=\"paoc-popup-click paoc-popup-cust-5552 paoc-popup-image paoc-popup-image\" href=\"javascript:void(0);\"><img decoding=\"async\" class=\"popupaoc-img\" src=\"https:\/\/beta.ascofame.org.co\/wp-content\/uploads\/2024\/03\/Marcela-rincon.png\" alt=\"\" \/><\/a>\r\n\r\n\t\t\t<\/div>\r\n\r\n<\/strong><\/p>\n<p style=\"text-align: center;\"><strong>MARCELA RINC\u00d3N SALAZAR<\/strong><br \/>\nDirectora Evaluaci\u00f3n y Tecnolog\u00edas Educativas (E)<br \/>\nmrincon@ascofame.org.co<\/p>\n<p>[\/vc_column_text][\/vc_column_inner][\/vc_row_inner][vc_row_inner][vc_column_inner width=&#8221;1\/2&#8243;][vc_column_text]<\/p>\n<p style=\"text-align: center;\"><strong>\r\n\t<div class=\"paoc-image-popup\">\r\n\t\t<a class=\"paoc-popup-click paoc-popup-cust-1240 paoc-popup-image paoc-popup-image\" href=\"javascript:void(0);\"><img decoding=\"async\" class=\"popupaoc-img\" src=\"https:\/\/ascofame.org.co\/web\/wp-content\/uploads\/2021\/02\/Miguel-Garcia-Cancino-150x150.png\" alt=\"\" \/><\/a>\r\n\r\n\t\t\t<\/div>\r\n\r\n<\/strong><\/p>\n<p style=\"text-align: center;\"><strong>MIGUEL GARC\u00cdA CANCINO<\/strong><br \/>\nDirector Administrativo y Financiero<br \/>\nmgarcia@ascofame.org.co<\/p>\n<p>[\/vc_column_text][\/vc_column_inner][vc_column_inner width=&#8221;1\/2&#8243;][vc_column_text]<\/p>\n<p style=\"text-align: center;\"><strong>\r\n\t<div class=\"paoc-image-popup\">\r\n\t\t<a class=\"paoc-popup-click paoc-popup-cust-5552 paoc-popup-image paoc-popup-image\" href=\"javascript:void(0);\"><img decoding=\"async\" class=\"popupaoc-img\" src=\"https:\/\/beta.ascofame.org.co\/wp-content\/uploads\/2024\/03\/Marcela-rincon.png\" alt=\"\" \/><\/a>\r\n\r\n\t\t\t<\/div>\r\n\r\n<\/strong><\/p>\n<p style=\"text-align: center;\"><strong>MARCELA RINC\u00d3N SALAZAR<br \/>\n<\/strong>Directora de educaci\u00f3n e investigaci\u00f3n<br \/>\nmrincon@ascofame.org.co<\/p>\n<p>[\/vc_column_text][\/vc_column_inner][\/vc_row_inner][vc_row_inner][vc_column_inner width=&#8221;1\/2&#8243;][vc_column_text]<\/p>\n<p style=\"text-align: center;\"><strong>\r\n\t<div class=\"paoc-image-popup\">\r\n\t\t<a class=\"paoc-popup-click paoc-popup-cust-2016 paoc-popup-image paoc-popup-image\" href=\"javascript:void(0);\"><img decoding=\"async\" class=\"popupaoc-img\" src=\"https:\/\/ascofame.org.co\/web\/wp-content\/uploads\/2024\/03\/Juan-Carlos-Luque-150x150.png\" alt=\"\" \/><\/a>\r\n\r\n\t\t\t<\/div>\r\n\r\n<\/strong><\/p>\n<p style=\"text-align: center;\"><strong>Wilmar Fernando Cort\u00e9s Guerrero<br \/>\n<\/strong>Gestor de Desarrollos Tecnol\u00f3gicos<br \/>\nwfcortes@ascofame.org.co<\/p>\n<p>[\/vc_column_text][\/vc_column_inner][vc_column_inner width=&#8221;1\/2&#8243;][vc_column_text]<\/p>\n<p style=\"text-align: center;\"><strong>\r\n\t<div class=\"paoc-image-popup\">\r\n\t\t<a class=\"paoc-popup-click paoc-popup-cust-2016 paoc-popup-image paoc-popup-image\" href=\"javascript:void(0);\"><img decoding=\"async\" class=\"popupaoc-img\" src=\"https:\/\/ascofame.org.co\/web\/wp-content\/uploads\/2024\/03\/Juan-Carlos-Luque-150x150.png\" alt=\"\" \/><\/a>\r\n\r\n\t\t\t<\/div>\r\n\r\n<\/strong><\/p>\n<p style=\"text-align: center;\"><strong>MILENA AGUILAR GONZALEZ<br \/>\n<\/strong>Asistente administrativa<\/p>\n<p>[\/vc_column_text][\/vc_column_inner][\/vc_row_inner][vc_row_inner][vc_column_inner width=&#8221;1\/2&#8243;][vc_column_text]<\/p>\n<p style=\"text-align: center;\"><strong>\r\n\t<div class=\"paoc-image-popup\">\r\n\t\t<a class=\"paoc-popup-click paoc-popup-cust-1251 paoc-popup-image paoc-popup-image\" href=\"javascript:void(0);\"><img decoding=\"async\" class=\"popupaoc-img\" src=\"https:\/\/beta.ascofame.org.co\/wp-content\/uploads\/2021\/01\/Fanny_Arenas-200x200-1.png\" alt=\"Fanny Arenas\" \/><\/a>\r\n\r\n\t\t\t<\/div>\r\n\r\n<\/strong><\/p>\n<p style=\"text-align: center;\"><strong>FANNY ARENAS<br \/>\n<\/strong>Servicios Generales<\/p>\n<p>[\/vc_column_text][\/vc_column_inner][vc_column_inner width=&#8221;1\/2&#8243;][\/vc_column_inner][\/vc_row_inner][\/vc_tta_section][vc_tta_section title=&#8221;Colaboradores&#8221; tab_id=&#8221;red-de-expertos&#8221;][vc_column_text]<\/p>\n<h3 style=\"text-align: center;\">Red de Expertos y apoyo<\/h3>\n<p>[\/vc_column_text][vc_column_text]Ascofame cuenta con una red de profesionales altamente cualificados que son convocados regularmente para colaborar en la ejecuci\u00f3n de proyectos especiales. Los perfiles presentados aqu\u00ed son colaboradores contratados para servicios espec\u00edficos y con contratos de prestaci\u00f3n de servicios a termino fijo (por la duraci\u00f3n de los proyectos), y aunque no son empleados permanentes de la Asociaci\u00f3n, brindan un apoyo continuo en diversas iniciativas. Es importante destacar que no mantienen una vinculaci\u00f3n laboral formal con Ascofame, pero su contribuci\u00f3n es invaluable para nuestras operaciones:[\/vc_column_text][vc_empty_space height=&#8221;38px&#8221;][vc_row_inner][vc_column_inner width=&#8221;1\/4&#8243;][vc_column_text]<\/p>\n<p style=\"text-align: center;\"><strong>\r\n\t<div class=\"paoc-image-popup\">\r\n\t\t<a class=\"paoc-popup-click paoc-popup-cust-2016 paoc-popup-image paoc-popup-image\" href=\"javascript:void(0);\"><img decoding=\"async\" class=\"popupaoc-img\" src=\"https:\/\/ascofame.org.co\/web\/wp-content\/uploads\/2024\/03\/Juan-Carlos-Luque-150x150.png\" alt=\"\" \/><\/a>\r\n\r\n\t\t\t<\/div>\r\n\r\n<\/strong><\/p>\n<p style=\"text-align: center;\"><strong>Wilmar Fernando Cort\u00e9s Guerrero<br \/>\n<\/strong>Ingeniero y desarrollador IT<\/p>\n<p>[\/vc_column_text][\/vc_column_inner][vc_column_inner width=&#8221;1\/4&#8243;][vc_column_text]<\/p>\n<p style=\"text-align: center;\"><strong>\r\n\t<div class=\"paoc-image-popup\">\r\n\t\t<a class=\"paoc-popup-click paoc-popup-cust-2016 paoc-popup-image paoc-popup-image\" href=\"javascript:void(0);\"><img decoding=\"async\" class=\"popupaoc-img\" src=\"https:\/\/ascofame.org.co\/web\/wp-content\/uploads\/2024\/03\/Juan-Carlos-Luque-150x150.png\" alt=\"\" \/><\/a>\r\n\r\n\t\t\t<\/div>\r\n\r\n<\/strong><\/p>\n<p style=\"text-align: center;\"><strong>Jorge Esteven Bernal<br \/>\n<\/strong>Contabilidad<\/p>\n<p>[\/vc_column_text][\/vc_column_inner][vc_column_inner width=&#8221;1\/4&#8243;][vc_column_text]<\/p>\n<p style=\"text-align: center;\"><strong>\r\n\t<div class=\"paoc-image-popup\">\r\n\t\t<a class=\"paoc-popup-click paoc-popup-cust-2016 paoc-popup-image paoc-popup-image\" href=\"javascript:void(0);\"><img decoding=\"async\" class=\"popupaoc-img\" src=\"https:\/\/ascofame.org.co\/web\/wp-content\/uploads\/2024\/03\/Juan-Carlos-Luque-150x150.png\" alt=\"\" \/><\/a>\r\n\r\n\t\t\t<\/div>\r\n\r\n<\/strong><\/p>\n<p style=\"text-align: center;\"><strong>Jhon Arbelaez Parra<br \/>\n<\/strong>Catalogador Biblioteca Especializada<\/p>\n<p>[\/vc_column_text][\/vc_column_inner][vc_column_inner width=&#8221;1\/4&#8243;][vc_column_text]<\/p>\n<p style=\"text-align: center;\"><strong>\r\n\t<div class=\"paoc-image-popup\">\r\n\t\t<a class=\"paoc-popup-click paoc-popup-cust-2016 paoc-popup-image paoc-popup-image\" href=\"javascript:void(0);\"><img decoding=\"async\" class=\"popupaoc-img\" src=\"https:\/\/ascofame.org.co\/web\/wp-content\/uploads\/2024\/03\/Juan-Carlos-Luque-150x150.png\" alt=\"\" \/><\/a>\r\n\r\n\t\t\t<\/div>\r\n\r\n<\/strong><\/p>\n<p style=\"text-align: center;\"><strong>Jairo Gonzalez<br \/>\n<\/strong>Dise\u00f1o Gr\u00e1fico<\/p>\n<p>[\/vc_column_text][\/vc_column_inner][\/vc_row_inner][vc_row_inner][vc_column_inner width=&#8221;1\/4&#8243;][vc_column_text]<\/p>\n<p style=\"text-align: center;\"><strong>\r\n\t<div class=\"paoc-image-popup\">\r\n\t\t<a class=\"paoc-popup-click paoc-popup-cust-2016 paoc-popup-image paoc-popup-image\" href=\"javascript:void(0);\"><img decoding=\"async\" class=\"popupaoc-img\" src=\"https:\/\/ascofame.org.co\/web\/wp-content\/uploads\/2024\/03\/Juan-Carlos-Luque-150x150.png\" alt=\"\" \/><\/a>\r\n\r\n\t\t\t<\/div>\r\n\r\n<\/strong><\/p>\n<p style=\"text-align: center;\"><strong>Jose Galeano<br \/>\n<\/strong>Ingeniero y desarrollador IT<\/p>\n<p>[\/vc_column_text][\/vc_column_inner][\/vc_row_inner][\/vc_tta_section][\/vc_tta_tour][\/vc_column][\/vc_row]<\/p>\n<\/div>","protected":false},"excerpt":{"rendered":"<p>[vc_row][vc_column][vc_tta_tour][vc_tta_section title=&#8221;Equipo ejecutivo&#8221; tab_id=&#8221;equipo-ejecutivo&#8221;][vc_column_text] Equipo Ejecutivo [\/vc_column_text][vc_row_inner][vc_column_inner width=&#8221;1\/2&#8243;][vc_column_text] LUIS CARLOS ORTIZ MONSALVE Director Ejecutivo lortiz@ascofame.org.co [\/vc_column_text][\/vc_column_inner][vc_column_inner width=&#8221;1\/2&#8243;][vc_column_text] MARCELA RINC\u00d3N SALAZAR Directora Evaluaci\u00f3n y Tecnolog\u00edas Educativas (E) mrincon@ascofame.org.co [\/vc_column_text][\/vc_column_inner][\/vc_row_inner][vc_row_inner][vc_column_inner width=&#8221;1\/2&#8243;][vc_column_text] MIGUEL GARC\u00cdA CANCINO Director Administrativo y Financiero mgarcia@ascofame.org.co [\/vc_column_text][\/vc_column_inner][vc_column_inner width=&#8221;1\/2&#8243;][vc_column_text] MARCELA RINC\u00d3N SALAZAR Directora de educaci\u00f3n e investigaci\u00f3n mrincon@ascofame.org.co [\/vc_column_text][\/vc_column_inner][\/vc_row_inner][vc_row_inner][vc_column_inner width=&#8221;1\/2&#8243;][vc_column_text] Wilmar Fernando Cort\u00e9s Guerrero Gestor de Desarrollos Tecnol\u00f3gicos wfcortes@ascofame.org.co [\/vc_column_text][\/vc_column_inner][vc_column_inner width=&#8221;1\/2&#8243;][vc_column_text] MILENA AGUILAR GONZALEZ Asistente [&hellip;]<\/p>\n","protected":false},"author":1,"featured_media":0,"parent":7,"menu_order":3,"comment_status":"closed","ping_status":"closed","template":"","meta":{"episode_type":"","audio_file":"","podmotor_file_id":"","podmotor_episode_id":"","cover_image":"","cover_image_id":"","duration":"","filesize":"","filesize_raw":"","date_recorded":"","explicit":"","block":"","footnotes":""},"class_list":["post-1115","page","type-page","status-publish","hentry"],"yoast_head":"<!-- This site is optimized with the Yoast SEO plugin v26.3 - https:\/\/yoast.com\/wordpress\/plugins\/seo\/ -->\n<title>Nuestro equipo -<\/title>\n<meta name=\"robots\" content=\"index, follow, max-snippet:-1, max-image-preview:large, max-video-preview:-1\" \/>\n<link rel=\"canonical\" href=\"https:\/\/ascofame.org.co\/web\/quienes-somos\/nuestro-equipo\/\" \/>\n<meta property=\"og:locale\" content=\"es_ES\" \/>\n<meta property=\"og:type\" content=\"article\" \/>\n<meta property=\"og:title\" content=\"Nuestro equipo -\" \/>\n<meta property=\"og:description\" content=\"[vc_row][vc_column][vc_tta_tour][vc_tta_section title=&#8221;Equipo ejecutivo&#8221; tab_id=&#8221;equipo-ejecutivo&#8221;][vc_column_text] Equipo Ejecutivo [\/vc_column_text][vc_row_inner][vc_column_inner width=&#8221;1\/2&#8243;][vc_column_text] LUIS CARLOS ORTIZ MONSALVE Director Ejecutivo lortiz@ascofame.org.co [\/vc_column_text][\/vc_column_inner][vc_column_inner width=&#8221;1\/2&#8243;][vc_column_text] MARCELA RINC\u00d3N SALAZAR Directora Evaluaci\u00f3n y Tecnolog\u00edas Educativas (E) mrincon@ascofame.org.co [\/vc_column_text][\/vc_column_inner][\/vc_row_inner][vc_row_inner][vc_column_inner width=&#8221;1\/2&#8243;][vc_column_text] MIGUEL GARC\u00cdA CANCINO Director Administrativo y Financiero mgarcia@ascofame.org.co [\/vc_column_text][\/vc_column_inner][vc_column_inner width=&#8221;1\/2&#8243;][vc_column_text] MARCELA RINC\u00d3N SALAZAR Directora de educaci\u00f3n e investigaci\u00f3n mrincon@ascofame.org.co [\/vc_column_text][\/vc_column_inner][\/vc_row_inner][vc_row_inner][vc_column_inner width=&#8221;1\/2&#8243;][vc_column_text] Wilmar Fernando Cort\u00e9s Guerrero Gestor de Desarrollos Tecnol\u00f3gicos wfcortes@ascofame.org.co [\/vc_column_text][\/vc_column_inner][vc_column_inner width=&#8221;1\/2&#8243;][vc_column_text] MILENA AGUILAR GONZALEZ Asistente [&hellip;]\" \/>\n<meta property=\"og:url\" content=\"https:\/\/ascofame.org.co\/web\/quienes-somos\/nuestro-equipo\/\" \/>\n<meta property=\"article:modified_time\" content=\"2024-07-29T02:33:16+00:00\" \/>\n<meta name=\"twitter:card\" content=\"summary_large_image\" \/>\n<meta name=\"twitter:label1\" content=\"Tiempo de lectura\" \/>\n\t<meta name=\"twitter:data1\" content=\"2 minutos\" \/>\n<script type=\"application\/ld+json\" class=\"yoast-schema-graph\">{\"@context\":\"https:\/\/schema.org\",\"@graph\":[{\"@type\":\"WebPage\",\"@id\":\"https:\/\/ascofame.org.co\/web\/quienes-somos\/nuestro-equipo\/\",\"url\":\"https:\/\/ascofame.org.co\/web\/quienes-somos\/nuestro-equipo\/\",\"name\":\"Nuestro equipo -\",\"isPartOf\":{\"@id\":\"https:\/\/ascofame.org.co\/web\/#website\"},\"datePublished\":\"2021-02-05T13:45:16+00:00\",\"dateModified\":\"2024-07-29T02:33:16+00:00\",\"breadcrumb\":{\"@id\":\"https:\/\/ascofame.org.co\/web\/quienes-somos\/nuestro-equipo\/#breadcrumb\"},\"inLanguage\":\"es\",\"potentialAction\":[{\"@type\":\"ReadAction\",\"target\":[\"https:\/\/ascofame.org.co\/web\/quienes-somos\/nuestro-equipo\/\"]}]},{\"@type\":\"BreadcrumbList\",\"@id\":\"https:\/\/ascofame.org.co\/web\/quienes-somos\/nuestro-equipo\/#breadcrumb\",\"itemListElement\":[{\"@type\":\"ListItem\",\"position\":1,\"name\":\"Portada\",\"item\":\"https:\/\/ascofame.org.co\/web\/\"},{\"@type\":\"ListItem\",\"position\":2,\"name\":\"Quienes somos\",\"item\":\"https:\/\/ascofame.org.co\/web\/quienes-somos\/\"},{\"@type\":\"ListItem\",\"position\":3,\"name\":\"Nuestro equipo\"}]},{\"@type\":\"WebSite\",\"@id\":\"https:\/\/ascofame.org.co\/web\/#website\",\"url\":\"https:\/\/ascofame.org.co\/web\/\",\"name\":\"Ascofame\",\"description\":\"\",\"potentialAction\":[{\"@type\":\"SearchAction\",\"target\":{\"@type\":\"EntryPoint\",\"urlTemplate\":\"https:\/\/ascofame.org.co\/web\/?s={search_term_string}\"},\"query-input\":{\"@type\":\"PropertyValueSpecification\",\"valueRequired\":true,\"valueName\":\"search_term_string\"}}],\"inLanguage\":\"es\"}]}<\/script>\n<!-- \/ Yoast SEO plugin. -->","yoast_head_json":{"title":"Nuestro equipo -","robots":{"index":"index","follow":"follow","max-snippet":"max-snippet:-1","max-image-preview":"max-image-preview:large","max-video-preview":"max-video-preview:-1"},"canonical":"https:\/\/ascofame.org.co\/web\/quienes-somos\/nuestro-equipo\/","og_locale":"es_ES","og_type":"article","og_title":"Nuestro equipo -","og_description":"[vc_row][vc_column][vc_tta_tour][vc_tta_section title=&#8221;Equipo ejecutivo&#8221; tab_id=&#8221;equipo-ejecutivo&#8221;][vc_column_text] Equipo Ejecutivo [\/vc_column_text][vc_row_inner][vc_column_inner width=&#8221;1\/2&#8243;][vc_column_text] LUIS CARLOS ORTIZ MONSALVE Director Ejecutivo lortiz@ascofame.org.co [\/vc_column_text][\/vc_column_inner][vc_column_inner width=&#8221;1\/2&#8243;][vc_column_text] MARCELA RINC\u00d3N SALAZAR Directora Evaluaci\u00f3n y Tecnolog\u00edas Educativas (E) mrincon@ascofame.org.co [\/vc_column_text][\/vc_column_inner][\/vc_row_inner][vc_row_inner][vc_column_inner width=&#8221;1\/2&#8243;][vc_column_text] MIGUEL GARC\u00cdA CANCINO Director Administrativo y Financiero mgarcia@ascofame.org.co [\/vc_column_text][\/vc_column_inner][vc_column_inner width=&#8221;1\/2&#8243;][vc_column_text] MARCELA RINC\u00d3N SALAZAR Directora de educaci\u00f3n e investigaci\u00f3n mrincon@ascofame.org.co [\/vc_column_text][\/vc_column_inner][\/vc_row_inner][vc_row_inner][vc_column_inner width=&#8221;1\/2&#8243;][vc_column_text] Wilmar Fernando Cort\u00e9s Guerrero Gestor de Desarrollos Tecnol\u00f3gicos wfcortes@ascofame.org.co [\/vc_column_text][\/vc_column_inner][vc_column_inner width=&#8221;1\/2&#8243;][vc_column_text] MILENA AGUILAR GONZALEZ Asistente [&hellip;]","og_url":"https:\/\/ascofame.org.co\/web\/quienes-somos\/nuestro-equipo\/","article_modified_time":"2024-07-29T02:33:16+00:00","twitter_card":"summary_large_image","twitter_misc":{"Tiempo de lectura":"2 minutos"},"schema":{"@context":"https:\/\/schema.org","@graph":[{"@type":"WebPage","@id":"https:\/\/ascofame.org.co\/web\/quienes-somos\/nuestro-equipo\/","url":"https:\/\/ascofame.org.co\/web\/quienes-somos\/nuestro-equipo\/","name":"Nuestro equipo -","isPartOf":{"@id":"https:\/\/ascofame.org.co\/web\/#website"},"datePublished":"2021-02-05T13:45:16+00:00","dateModified":"2024-07-29T02:33:16+00:00","breadcrumb":{"@id":"https:\/\/ascofame.org.co\/web\/quienes-somos\/nuestro-equipo\/#breadcrumb"},"inLanguage":"es","potentialAction":[{"@type":"ReadAction","target":["https:\/\/ascofame.org.co\/web\/quienes-somos\/nuestro-equipo\/"]}]},{"@type":"BreadcrumbList","@id":"https:\/\/ascofame.org.co\/web\/quienes-somos\/nuestro-equipo\/#breadcrumb","itemListElement":[{"@type":"ListItem","position":1,"name":"Portada","item":"https:\/\/ascofame.org.co\/web\/"},{"@type":"ListItem","position":2,"name":"Quienes somos","item":"https:\/\/ascofame.org.co\/web\/quienes-somos\/"},{"@type":"ListItem","position":3,"name":"Nuestro equipo"}]},{"@type":"WebSite","@id":"https:\/\/ascofame.org.co\/web\/#website","url":"https:\/\/ascofame.org.co\/web\/","name":"Ascofame","description":"","potentialAction":[{"@type":"SearchAction","target":{"@type":"EntryPoint","urlTemplate":"https:\/\/ascofame.org.co\/web\/?s={search_term_string}"},"query-input":{"@type":"PropertyValueSpecification","valueRequired":true,"valueName":"search_term_string"}}],"inLanguage":"es"}]}},"_links":{"self":[{"href":"https:\/\/ascofame.org.co\/web\/wp-json\/wp\/v2\/pages\/1115","targetHints":{"allow":["GET"]}}],"collection":[{"href":"https:\/\/ascofame.org.co\/web\/wp-json\/wp\/v2\/pages"}],"about":[{"href":"https:\/\/ascofame.org.co\/web\/wp-json\/wp\/v2\/types\/page"}],"author":[{"embeddable":true,"href":"https:\/\/ascofame.org.co\/web\/wp-json\/wp\/v2\/users\/1"}],"replies":[{"embeddable":true,"href":"https:\/\/ascofame.org.co\/web\/wp-json\/wp\/v2\/comments?post=1115"}],"version-history":[{"count":58,"href":"https:\/\/ascofame.org.co\/web\/wp-json\/wp\/v2\/pages\/1115\/revisions"}],"predecessor-version":[{"id":6213,"href":"https:\/\/ascofame.org.co\/web\/wp-json\/wp\/v2\/pages\/1115\/revisions\/6213"}],"up":[{"embeddable":true,"href":"https:\/\/ascofame.org.co\/web\/wp-json\/wp\/v2\/pages\/7"}],"wp:attachment":[{"href":"https:\/\/ascofame.org.co\/web\/wp-json\/wp\/v2\/media?parent=1115"}],"curies":[{"name":"wp","href":"https:\/\/api.w.org\/{rel}","templated":true}]}}